{"id":6894,"date":"2025-03-20T19:39:28","date_gmt":"2025-03-20T17:39:28","guid":{"rendered":"https:\/\/keluvo.com\/fi\/product\/puffy-markkerit\/"},"modified":"2025-03-21T13:42:17","modified_gmt":"2025-03-21T11:42:17","slug":"puffy-markkerit","status":"publish","type":"product","link":"https:\/\/keluvo.com\/fi\/product\/puffy-markkerit\/","title":{"rendered":"Puffy markkerit"},"content":{"rendered":"<h2 style=\"text-align: center;\" data-start=\"54\" data-end=\"86\">Her\u00e4t\u00e4 taiteesi eloon 3D:n\u00e4<\/h2>\n<p style=\"text-align: center;\" data-start=\"88\" data-end=\"283\">Koe kolmiulotteisen taiteen taika Puffy-tusseilla! Piirr\u00e4 haluamasi kuvio, anna sen kuivua ja l\u00e4mmit\u00e4 sit\u00e4 hetki hiustenkuivaajalla tai mikroaaltouunissa. Katso, kuinka teoksesi kohoaa esiin ja saa ainutlaatuisen kolmiulotteisen muodon.<\/p>\n<p data-start=\"88\" data-end=\"283\"><img decoding=\"async\" class=\"alignnone size-medium wp-image-12707 aligncenter\" src=\"https:\/\/keluvo.com\/template\/wp-content\/uploads\/sites\/5\/2025\/03\/puffypensgif-ezgif.com-gif-to-webp-converter.webp\" alt=\"\" \/><\/p>\n<h2 style=\"text-align: center;\" data-start=\"285\" data-end=\"333\">Eloisat neonv\u00e4rit silmiinpist\u00e4v\u00e4\u00e4n tyyliin<\/h2>\n<p style=\"text-align: center;\" data-start=\"335\" data-end=\"492\">Pakkaus sis\u00e4lt\u00e4\u00e4 kuusi kirkasta neonv\u00e4ri\u00e4, joilla saat luomuksesi erottumaan. Ohuet k\u00e4rjet sopivat t\u00e4ydellisesti tarkkoihin viivoihin ja yksityiskohtiin \u2013 olipa kyse sitten n\u00e4ytt\u00e4vist\u00e4 julisteista tai herkill\u00e4 koristeilla viimeistellyist\u00e4 onnittelukorteista.<\/p>\n<p data-start=\"335\" data-end=\"492\"><img decoding=\"async\" class=\"alignnone size-medium wp-image-12699 aligncenter\" src=\"https:\/\/keluvo.com\/template\/wp-content\/uploads\/sites\/5\/2025\/03\/main-image-1.jpeg\" alt=\"\" \/><\/p>\n<h2 style=\"text-align: center;\" data-start=\"494\" data-end=\"532\">Turvallinen, myrkyt\u00f6n ja helposti puhdistettava<\/h2>\n<p style=\"text-align: center;\" data-start=\"534\" data-end=\"777\">Tussit on suunniteltu turvallisuus edell\u00e4 \u2013 ne ovat t\u00e4ysin myrkytt\u00f6mi\u00e4 ja sopivat v\u00e4hint\u00e4\u00e4n 3-vuotiaille taiteilijoille. Tuliko vahingossa j\u00e4lki\u00e4 iholle, vaatteisiin tai seiniin? Ei huolta! Muste l\u00e4htee helposti pois pelk\u00e4ll\u00e4 vedell\u00e4, joten siivoaminen k\u00e4y vaivatta.<\/p>\n<h2 style=\"text-align: center;\" data-start=\"779\" data-end=\"819\">Monipuoliset ty\u00f6kalut erilaisiin projekteihin<\/h2>\n<p style=\"text-align: center;\" data-start=\"821\" data-end=\"986\">Olipa kyseess\u00e4 leikekirja, persoonallinen juliste tai itsetehty tervehdyskortti, n\u00e4m\u00e4 tussit hoitavat hommansa. Ne toimivat monenlaisilla pinnoilla \u2013 paperilla, metallilla, keramiikalla, puulla, kumilla, lasilla, muovilla ja kivell\u00e4 \u2013 tehden niist\u00e4 monipuolisen lis\u00e4n mihin tahansa taideprojektiin.<\/p>\n<p data-start=\"821\" data-end=\"986\"><img decoding=\"async\" class=\"size-medium wp-image-12700 aligncenter\" src=\"https:\/\/keluvo.com\/template\/wp-content\/uploads\/sites\/5\/2025\/03\/image-2-4.jpeg\" alt=\"\" \/><\/p>\n<h2 style=\"text-align: center;\" data-start=\"988\" data-end=\"1009\">Pakkauksen Sis\u00e4lt\u00f6:<\/h2>\n<ul data-start=\"1011\" data-end=\"1098\">\n<li style=\"text-align: center;\" data-start=\"1011\" data-end=\"1098\">6 Puffy-tussia lajitelmav\u00e4reiss\u00e4 (neon)<\/li>\n<\/ul>\n<p><img decoding=\"async\" class=\"size-medium wp-image-12701 aligncenter\" src=\"https:\/\/keluvo.com\/template\/wp-content\/uploads\/sites\/5\/2025\/03\/main-image-7.jpeg\" alt=\"\" \/><\/p>\n","protected":false},"excerpt":{"rendered":"<p>Her\u00e4t\u00e4 taiteesi eloon 3D:n\u00e4 Koe kolmiulotteisen taiteen taika Puffy-tusseilla! Piirr\u00e4 haluamasi kuvio, anna sen kuivua ja l\u00e4mmit\u00e4 sit\u00e4 hetki hiustenkuivaajalla [&hellip;]<\/p>\n","protected":false},"featured_media":6890,"comment_status":"open","ping_status":"closed","template":"","meta":{"site-sidebar-layout":"default","site-content-layout":"","ast-site-content-layout":"default","site-content-style":"default","site-sidebar-style":"default","ast-global-header-display":"","ast-banner-title-visibility":"","ast-main-header-display":"","ast-hfb-above-header-display":"","ast-hfb-below-header-display":"","ast-hfb-mobile-header-display":"","site-post-title":"","ast-breadcrumbs-content":"","ast-featured-img":"","footer-sml-layout":"","theme-transparent-header-meta":"default","adv-header-id-meta":"","stick-header-meta":"","header-above-stick-meta":"","header-main-stick-meta":"","header-below-stick-meta":"","astra-migrate-meta-layouts":"set","ast-page-background-enabled":"default","ast-page-background-meta":{"desktop":{"background-color":"var(--ast-global-color-4)","background-image":"","background-repeat":"repeat","background-position":"center center","background-size":"auto","background-attachment":"scroll","background-type":"","background-media":"","overlay-type":"","overlay-color":"","overlay-opacity":"","overlay-gradient":""},"tablet":{"background-color":"","background-image":"","background-repeat":"repeat","background-position":"center center","background-size":"auto","background-attachment":"scroll","background-type":"","background-media":"","overlay-type":"","overlay-color":"","overlay-opacity":"","overlay-gradient":""},"mobile":{"background-color":"","background-image":"","background-repeat":"repeat","background-position":"center center","background-size":"auto","background-attachment":"scroll","background-type":"","background-media":"","overlay-type":"","overlay-color":"","overlay-opacity":"","overlay-gradient":""}},"ast-content-background-meta":{"desktop":{"background-color":"var(--ast-global-color-5)","background-image":"","background-repeat":"repeat","background-position":"center center","background-size":"auto","background-attachment":"scroll","background-type":"","background-media":"","overlay-type":"","overlay-color":"","overlay-opacity":"","overlay-gradient":""},"tablet":{"background-color":"var(--ast-global-color-5)","background-image":"","background-repeat":"repeat","background-position":"center center","background-size":"auto","background-attachment":"scroll","background-type":"","background-media":"","overlay-type":"","overlay-color":"","overlay-opacity":"","overlay-gradient":""},"mobile":{"background-color":"var(--ast-global-color-5)","background-image":"","background-repeat":"repeat","background-position":"center center","background-size":"auto","background-attachment":"scroll","background-type":"","background-media":"","overlay-type":"","overlay-color":"","overlay-opacity":"","overlay-gradient":""}}},"product_brand":[],"product_cat":[990],"product_tag":[],"class_list":{"0":"post-6894","1":"product","2":"type-product","3":"status-publish","4":"has-post-thumbnail","6":"product_cat-toys-childrens-and-baby-products","7":"desktop-align-left","8":"tablet-align-left","9":"mobile-align-left","11":"first","12":"instock","13":"shipping-taxable","14":"purchasable","15":"product-type-simple"},"_links":{"self":[{"href":"https:\/\/keluvo.com\/fi\/wp-json\/wp\/v2\/product\/6894","targetHints":{"allow":["GET"]}}],"collection":[{"href":"https:\/\/keluvo.com\/fi\/wp-json\/wp\/v2\/product"}],"about":[{"href":"https:\/\/keluvo.com\/fi\/wp-json\/wp\/v2\/types\/product"}],"replies":[{"embeddable":true,"href":"https:\/\/keluvo.com\/fi\/wp-json\/wp\/v2\/comments?post=6894"}],"wp:featuredmedia":[{"embeddable":true,"href":"https:\/\/keluvo.com\/fi\/wp-json\/wp\/v2\/media\/6890"}],"wp:attachment":[{"href":"https:\/\/keluvo.com\/fi\/wp-json\/wp\/v2\/media?parent=6894"}],"wp:term":[{"taxonomy":"product_brand","embeddable":true,"href":"https:\/\/keluvo.com\/fi\/wp-json\/wp\/v2\/product_brand?post=6894"},{"taxonomy":"product_cat","embeddable":true,"href":"https:\/\/keluvo.com\/fi\/wp-json\/wp\/v2\/product_cat?post=6894"},{"taxonomy":"product_tag","embeddable":true,"href":"https:\/\/keluvo.com\/fi\/wp-json\/wp\/v2\/product_tag?post=6894"}],"curies":[{"name":"wp","href":"https:\/\/api.w.org\/{rel}","templated":true}]}}