{"id":6873,"date":"2025-03-17T18:25:50","date_gmt":"2025-03-17T16:25:50","guid":{"rendered":"https:\/\/keluvo.com\/fi\/product\/lemmikkielainten-hoito-leikkuri-2\/"},"modified":"2025-03-19T11:01:15","modified_gmt":"2025-03-19T09:01:15","slug":"lemmikkielainten-hoito-leikkuri-2","status":"publish","type":"product","link":"https:\/\/keluvo.com\/fi\/product\/lemmikkielainten-hoito-leikkuri-2\/","title":{"rendered":"Lemmikkiel\u00e4inten hoito leikkuri"},"content":{"rendered":"<h2 data-start=\"68\" data-end=\"113\"><\/h2>\n<h2 style=\"text-align: center;\" data-start=\"68\" data-end=\"113\">Helppok\u00e4ytt\u00f6inen \u2013 ei tarvita kokemusta<\/h2>\n<p>Trimmeriss\u00e4 on sis\u00e4\u00e4nrakennettu ladattava akku, joka tarjoaa joustavuutta ja k\u00e4ytt\u00f6mukavuutta. Nauti langattoman trimmaamisen vapaudesta tai k\u00e4yt\u00e4 laitetta latauksen aikana ilman huolta sen pys\u00e4htymisest\u00e4 kesken hoitosession. T\u00e4yteen ladattuna trimmeri toimii yht\u00e4jaksoisesti 60\u201390 minuuttia, mik\u00e4 riitt\u00e4\u00e4 my\u00f6s perusteellisiin hoitorutiineihin.<\/p>\n<p style=\"text-align: center;\" data-start=\"115\" data-end=\"234\"><img decoding=\"async\" class=\"alignnone size-medium wp-image-12501\" src=\"https:\/\/keluvo.com\/template\/wp-content\/uploads\/sites\/5\/2025\/03\/finaltrimmergif-ezgif.com-video-to-gif-converter.gif\" alt=\"\" \/>\u200b<\/p>\n<h2 style=\"text-align: center;\" data-start=\"236\" data-end=\"279\">Ter\u00e4v\u00e4t ja turvalliset ter\u00e4t hell\u00e4varaiseen trimmaukseen<\/h2>\n<p style=\"text-align: center;\" data-start=\"281\" data-end=\"400\">Trimmeriss\u00e4 on p\u00e4ivitetty ruostumattomasta ter\u00e4ksest\u00e4 valmistettu kiinte\u00e4 ter\u00e4 sek\u00e4 keraaminen liikkuva ter\u00e4, jotka takaavat tarkan ja tehokkaan leikkuun. Titaanipinnoitettu kiinte\u00e4 ter\u00e4 on suunniteltu hell\u00e4varaiseksi lemmikin iholle, mik\u00e4 minimoi \u00e4rsytyksen ja varmistaa turvallisen hoitokokemuksen.<\/p>\n<p style=\"text-align: center;\" data-start=\"281\" data-end=\"400\"><img decoding=\"async\" class=\"alignnone size-medium wp-image-12500\" src=\"https:\/\/keluvo.com\/template\/wp-content\/uploads\/sites\/5\/2025\/03\/dog-grooming-trimmer-10.webp\" alt=\"\" \/>\u200b<\/p>\n<h2 style=\"text-align: center;\" data-start=\"402\" data-end=\"451\">Ladattava akku \u2013 ei kaapeleita<\/h2>\n<p style=\"text-align: center;\" data-start=\"453\" data-end=\"610\">Trimmeriss\u00e4 on sis\u00e4\u00e4nrakennettu ladattava akku, joka tarjoaa joustavuutta ja k\u00e4ytt\u00f6mukavuutta. Nauti langattoman trimmaamisen vapaudesta tai k\u00e4yt\u00e4 laitetta latauksen aikana ilman huolta sen pys\u00e4htymisest\u00e4 kesken hoitosession. T\u00e4yteen ladattuna trimmeri toimii yht\u00e4jaksoisesti 60\u201390 minuuttia, mik\u00e4 riitt\u00e4\u00e4 my\u00f6s perusteellisiin hoitorutiineihin.<\/p>\n<p style=\"text-align: center;\" data-start=\"453\" data-end=\"610\"><img decoding=\"async\" class=\"alignnone size-medium wp-image-12502\" src=\"https:\/\/keluvo.com\/template\/wp-content\/uploads\/sites\/5\/2025\/03\/dog-grooming-trimmer-0.webp\" alt=\"\" \/>\u200b<\/p>\n<h2 style=\"text-align: center;\" data-start=\"612\" data-end=\"666\">Hiljainen moottori \u2013 ei s\u00e4ik\u00e4yt\u00e4 lemmikki\u00e4si<\/h2>\n<p style=\"text-align: center;\" data-start=\"668\" data-end=\"793\">Matalan t\u00e4rin\u00e4n ja eritt\u00e4in hiljaisen rakenteen ansiosta trimmerin melutaso on vain noin 50 dB. T\u00e4m\u00e4 auttaa lemmikki\u00e4si pysym\u00e4\u00e4n rauhallisena hoidon aikana, v\u00e4hent\u00e4\u00e4 pelkoa ja tekee trimmaamisesta miellytt\u00e4v\u00e4mm\u00e4n kokemuksen teille molemmille.\u200b<\/p>\n<h2 style=\"text-align: center;\" data-start=\"795\" data-end=\"846\">Mukautettava ja monipuolinen<\/h2>\n<p style=\"text-align: center;\" data-start=\"848\" data-end=\"973\">Trimmeri sis\u00e4lt\u00e4\u00e4 kuusi suojakampaa (3mm, 6mm, 9mm, 12mm, 15mm, 18mm) sek\u00e4 s\u00e4\u00e4dett\u00e4v\u00e4n leikkuukamman, joiden avulla voit valita juuri haluamasi pituuden. Irrotettavat ohjauskammat mahdollistavat nopeat ja helpot vaihdot, mik\u00e4 takaa t\u00e4ydellisen lopputuloksen joka kerta.\u200b<\/p>\n<h2 style=\"text-align: center;\">T\u00e4ydellinen hoitopakkaus kaikkiin tarpeisiin<\/h2>\n<p><img decoding=\"async\" class=\"alignnone size-medium wp-image-12262\" src=\"https:\/\/keluvo.com\/template\/wp-content\/uploads\/sites\/5\/2025\/03\/S5630dfaba9a243a6b64d472aaf41dce7w.jpeg\" alt=\"\" \/><\/p>\n<p style=\"text-align: left;\"><strong>Pakkaus sis\u00e4lt\u00e4\u00e4:\u200b<\/strong><\/p>\n<ul>\n<li style=\"text-align: left;\">1 x Ladattava akku\u200b<\/li>\n<li style=\"text-align: left;\">1 x Puhdistusharja trimmerille<\/li>\n<li style=\"text-align: left;\">4 x Monik\u00e4ytt\u00f6iset leikkuup\u00e4\u00e4t<\/li>\n<li style=\"text-align: left;\">1 x K\u00e4ytt\u00f6opas\u200b<\/li>\n<li style=\"text-align: left;\">1 x Kampa\u200b<\/li>\n<\/ul>\n<p data-start=\"1640\" data-end=\"1659\"><strong data-start=\"1640\" data-end=\"1659\">Tekniset Tiedot:<\/strong><\/p>\n<ul data-start=\"1661\" data-end=\"2371\">\n<li data-start=\"1661\" data-end=\"1748\">\n<p data-start=\"1663\" data-end=\"1748\"><span class=\"relative -mx-px my-[-0.2rem] rounded px-px py-[0.2rem]\">Moottorin k\u00e4ytt\u00f6j\u00e4nnite: 3V<\/span>\u200b<\/p>\n<\/li>\n<li data-start=\"1750\" data-end=\"1837\">\n<p data-start=\"1752\" data-end=\"1837\"><span class=\"relative -mx-px my-[-0.2rem] rounded px-px py-[0.2rem]\">Tulo: 100V-240V 50\/60Hz<\/span>\u200b<\/p>\n<\/li>\n<li data-start=\"1839\" data-end=\"1926\">\n<p data-start=\"1841\" data-end=\"1926\"><span class=\"relative -mx-px my-[-0.2rem] rounded px-px py-[0.2rem]\">L\u00e4ht\u00f6: AC 3V 1000mA<\/span>\u200b<\/p>\n<\/li>\n<li data-start=\"1928\" data-end=\"2015\">\n<p data-start=\"1930\" data-end=\"2015\"><span class=\"relative -mx-px my-[-0.2rem] rounded px-px py-[0.2rem]\">Latausaika: 4-6 tuntia<\/span>\u200b<\/p>\n<\/li>\n<li data-start=\"2017\" data-end=\"2104\">\n<p data-start=\"2019\" data-end=\"2104\"><span class=\"relative -mx-px my-[-0.2rem] rounded px-px py-[0.2rem]\">K\u00e4ytt\u00f6aika: 60-90 minuuttia&lt;\/<\/span><\/p>\n<\/li>\n<\/ul>\n","protected":false},"excerpt":{"rendered":"<p>Helppok\u00e4ytt\u00f6inen \u2013 ei tarvita kokemusta Trimmeriss\u00e4 on sis\u00e4\u00e4nrakennettu ladattava akku, joka tarjoaa joustavuutta ja k\u00e4ytt\u00f6mukavuutta. Nauti langattoman trimmaamisen vapaudesta tai [&hellip;]<\/p>\n","protected":false},"featured_media":6869,"comment_status":"open","ping_status":"closed","template":"","meta":{"site-sidebar-layout":"default","site-content-layout":"","ast-site-content-layout":"default","site-content-style":"default","site-sidebar-style":"default","ast-global-header-display":"","ast-banner-title-visibility":"","ast-main-header-display":"","ast-hfb-above-header-display":"","ast-hfb-below-header-display":"","ast-hfb-mobile-header-display":"","site-post-title":"","ast-breadcrumbs-content":"","ast-featured-img":"","footer-sml-layout":"","theme-transparent-header-meta":"default","adv-header-id-meta":"","stick-header-meta":"","header-above-stick-meta":"","header-main-stick-meta":"","header-below-stick-meta":"","astra-migrate-meta-layouts":"set","ast-page-background-enabled":"default","ast-page-background-meta":{"desktop":{"background-color":"var(--ast-global-color-4)","background-image":"","background-repeat":"repeat","background-position":"center center","background-size":"auto","background-attachment":"scroll","background-type":"","background-media":"","overlay-type":"","overlay-color":"","overlay-opacity":"","overlay-gradient":""},"tablet":{"background-color":"","background-image":"","background-repeat":"repeat","background-position":"center center","background-size":"auto","background-attachment":"scroll","background-type":"","background-media":"","overlay-type":"","overlay-color":"","overlay-opacity":"","overlay-gradient":""},"mobile":{"background-color":"","background-image":"","background-repeat":"repeat","background-position":"center center","background-size":"auto","background-attachment":"scroll","background-type":"","background-media":"","overlay-type":"","overlay-color":"","overlay-opacity":"","overlay-gradient":""}},"ast-content-background-meta":{"desktop":{"background-color":"var(--ast-global-color-5)","background-image":"","background-repeat":"repeat","background-position":"center center","background-size":"auto","background-attachment":"scroll","background-type":"","background-media":"","overlay-type":"","overlay-color":"","overlay-opacity":"","overlay-gradient":""},"tablet":{"background-color":"var(--ast-global-color-5)","background-image":"","background-repeat":"repeat","background-position":"center center","background-size":"auto","background-attachment":"scroll","background-type":"","background-media":"","overlay-type":"","overlay-color":"","overlay-opacity":"","overlay-gradient":""},"mobile":{"background-color":"var(--ast-global-color-5)","background-image":"","background-repeat":"repeat","background-position":"center center","background-size":"auto","background-attachment":"scroll","background-type":"","background-media":"","overlay-type":"","overlay-color":"","overlay-opacity":"","overlay-gradient":""}}},"product_brand":[],"product_cat":[997],"product_tag":[],"class_list":{"0":"post-6873","1":"product","2":"type-product","3":"status-publish","4":"has-post-thumbnail","6":"product_cat-pets-products","7":"desktop-align-left","8":"tablet-align-left","9":"mobile-align-left","11":"first","12":"instock","13":"shipping-taxable","14":"purchasable","15":"product-type-simple"},"_links":{"self":[{"href":"https:\/\/keluvo.com\/fi\/wp-json\/wp\/v2\/product\/6873","targetHints":{"allow":["GET"]}}],"collection":[{"href":"https:\/\/keluvo.com\/fi\/wp-json\/wp\/v2\/product"}],"about":[{"href":"https:\/\/keluvo.com\/fi\/wp-json\/wp\/v2\/types\/product"}],"replies":[{"embeddable":true,"href":"https:\/\/keluvo.com\/fi\/wp-json\/wp\/v2\/comments?post=6873"}],"wp:featuredmedia":[{"embeddable":true,"href":"https:\/\/keluvo.com\/fi\/wp-json\/wp\/v2\/media\/6869"}],"wp:attachment":[{"href":"https:\/\/keluvo.com\/fi\/wp-json\/wp\/v2\/media?parent=6873"}],"wp:term":[{"taxonomy":"product_brand","embeddable":true,"href":"https:\/\/keluvo.com\/fi\/wp-json\/wp\/v2\/product_brand?post=6873"},{"taxonomy":"product_cat","embeddable":true,"href":"https:\/\/keluvo.com\/fi\/wp-json\/wp\/v2\/product_cat?post=6873"},{"taxonomy":"product_tag","embeddable":true,"href":"https:\/\/keluvo.com\/fi\/wp-json\/wp\/v2\/product_tag?post=6873"}],"curies":[{"name":"wp","href":"https:\/\/api.w.org\/{rel}","templated":true}]}}