{"id":6832,"date":"2025-03-15T14:36:33","date_gmt":"2025-03-15T12:36:33","guid":{"rendered":"https:\/\/keluvo.com\/fi\/product\/silentbark\/"},"modified":"2025-03-16T10:57:54","modified_gmt":"2025-03-16T08:57:54","slug":"silentbark","status":"publish","type":"product","link":"https:\/\/keluvo.com\/fi\/product\/silentbark\/","title":{"rendered":"SilentBark\u2122"},"content":{"rendered":"<h2 style=\"text-align: center;\">Uusi tapa hillit\u00e4 koiran haukkumista<\/h2>\n<p style=\"text-align: center;\">SilentBark\u2122 on pieni, huomaamaton laite, joka auttaa v\u00e4hent\u00e4m\u00e4\u00e4n koiran liiallista haukkumista lempe\u00e4ll\u00e4 tavalla. Sen k\u00e4ytt\u00f6 ei vaadi koiran kantamaa laitetta, joten se pysyy t\u00e4ysin mukavana. Kun koirasi haukkuu liikaa, SilentBark\u2122 tuottaa erityisen ultra\u00e4\u00e4nen, joka auttaa sit\u00e4 rauhoittumaan.<\/p>\n<p style=\"text-align: center;\"><img decoding=\"async\" class=\"alignnone size-medium wp-image-12330\" src=\"https:\/\/keluvo.com\/template\/wp-content\/uploads\/sites\/5\/2024\/11\/ezgif-42ab5212e48801.webp\" alt=\"\" \/><\/p>\n<h2 style=\"text-align: center;\">Turvallinen ja hell\u00e4varainen<\/h2>\n<p style=\"text-align: center;\">SilentBark\u2122-laitteemme auttaa lopettamaan liiallisen haukkumisen satuttamatta tai stressaamatta koiraasi. Toisin kuin shokkipannat, jotka voivat olla ep\u00e4miellytt\u00e4vi\u00e4 ja kivuliaita, ultra\u00e4\u00e4ni haukunvalvontalaitteiden ei tarvitse koskea koiraasi. Korkeataajuinen \u00e4\u00e4ni on tehty lopettamaan haukkuminen ja saamaan koirasi haukkumaan v\u00e4hemm\u00e4n.<\/p>\n<p><img decoding=\"async\" class=\"size-medium wp-image-12331 aligncenter\" src=\"https:\/\/keluvo.com\/template\/wp-content\/uploads\/sites\/5\/2024\/11\/image_2025-03-15_115432291.png\" alt=\"\" \/><\/p>\n<h2 style=\"text-align: center;\">N\u00e4in se toimii<\/h2>\n<p style=\"text-align: center;\"><strong>Tunnistaa haukkumisen<\/strong> \u2013 SilentBark\u2122 aktivoituu, kun koirasi haukkuu l\u00e4hettyvill\u00e4.<\/p>\n<p style=\"text-align: center;\"><strong>L\u00e4hett\u00e4\u00e4 ultra\u00e4\u00e4nen<\/strong> \u2013 Laite tuottaa \u00e4\u00e4nen, jonka vain koirat voivat kuulla.<\/p>\n<p style=\"text-align: center;\"><strong>Koirasi oppii<\/strong> \u2013 Se yhdist\u00e4\u00e4 haukkumisen \u00e4\u00e4neen ja alkaa v\u00e4hitellen haukkua v\u00e4hemm\u00e4n.<\/p>\n<p style=\"text-align: center;\"><strong>Toimii automaattisesti<\/strong> \u2013 SilentBark\u2122 aktivoituu vain tarpeen mukaan, eik\u00e4 h\u00e4iritse turhaan.<\/p>\n<p style=\"text-align: center;\"><strong>Kannettava <\/strong>\u2013 Pienen kokonsa ansiosta voit ottaa sen mukaasi minne tahansa<\/p>\n<p><img decoding=\"async\" class=\"size-medium wp-image-12340 aligncenter\" src=\"https:\/\/keluvo.com\/template\/wp-content\/uploads\/sites\/5\/2024\/11\/Seb7656ae98d643378ecd3ea98061a11az-1.png\" alt=\"\" \/><\/p>\n","protected":false},"excerpt":{"rendered":"<p>Uusi tapa hillit\u00e4 koiran haukkumista SilentBark\u2122 on pieni, huomaamaton laite, joka auttaa v\u00e4hent\u00e4m\u00e4\u00e4n koiran liiallista haukkumista lempe\u00e4ll\u00e4 tavalla. Sen k\u00e4ytt\u00f6 [&hellip;]<\/p>\n","protected":false},"featured_media":6828,"comment_status":"open","ping_status":"closed","template":"","meta":{"site-sidebar-layout":"default","site-content-layout":"","ast-site-content-layout":"default","site-content-style":"default","site-sidebar-style":"default","ast-global-header-display":"","ast-banner-title-visibility":"","ast-main-header-display":"","ast-hfb-above-header-display":"","ast-hfb-below-header-display":"","ast-hfb-mobile-header-display":"","site-post-title":"","ast-breadcrumbs-content":"","ast-featured-img":"","footer-sml-layout":"","theme-transparent-header-meta":"default","adv-header-id-meta":"","stick-header-meta":"","header-above-stick-meta":"","header-main-stick-meta":"","header-below-stick-meta":"","astra-migrate-meta-layouts":"set","ast-page-background-enabled":"default","ast-page-background-meta":{"desktop":{"background-color":"var(--ast-global-color-4)","background-image":"","background-repeat":"repeat","background-position":"center center","background-size":"auto","background-attachment":"scroll","background-type":"","background-media":"","overlay-type":"","overlay-color":"","overlay-opacity":"","overlay-gradient":""},"tablet":{"background-color":"","background-image":"","background-repeat":"repeat","background-position":"center center","background-size":"auto","background-attachment":"scroll","background-type":"","background-media":"","overlay-type":"","overlay-color":"","overlay-opacity":"","overlay-gradient":""},"mobile":{"background-color":"","background-image":"","background-repeat":"repeat","background-position":"center center","background-size":"auto","background-attachment":"scroll","background-type":"","background-media":"","overlay-type":"","overlay-color":"","overlay-opacity":"","overlay-gradient":""}},"ast-content-background-meta":{"desktop":{"background-color":"var(--ast-global-color-5)","background-image":"","background-repeat":"repeat","background-position":"center center","background-size":"auto","background-attachment":"scroll","background-type":"","background-media":"","overlay-type":"","overlay-color":"","overlay-opacity":"","overlay-gradient":""},"tablet":{"background-color":"var(--ast-global-color-5)","background-image":"","background-repeat":"repeat","background-position":"center center","background-size":"auto","background-attachment":"scroll","background-type":"","background-media":"","overlay-type":"","overlay-color":"","overlay-opacity":"","overlay-gradient":""},"mobile":{"background-color":"var(--ast-global-color-5)","background-image":"","background-repeat":"repeat","background-position":"center center","background-size":"auto","background-attachment":"scroll","background-type":"","background-media":"","overlay-type":"","overlay-color":"","overlay-opacity":"","overlay-gradient":""}}},"product_brand":[],"product_cat":[997],"product_tag":[],"class_list":{"0":"post-6832","1":"product","2":"type-product","3":"status-publish","4":"has-post-thumbnail","6":"product_cat-pets-products","7":"desktop-align-left","8":"tablet-align-left","9":"mobile-align-left","11":"first","12":"instock","13":"shipping-taxable","14":"purchasable","15":"product-type-simple"},"_links":{"self":[{"href":"https:\/\/keluvo.com\/fi\/wp-json\/wp\/v2\/product\/6832","targetHints":{"allow":["GET"]}}],"collection":[{"href":"https:\/\/keluvo.com\/fi\/wp-json\/wp\/v2\/product"}],"about":[{"href":"https:\/\/keluvo.com\/fi\/wp-json\/wp\/v2\/types\/product"}],"replies":[{"embeddable":true,"href":"https:\/\/keluvo.com\/fi\/wp-json\/wp\/v2\/comments?post=6832"}],"wp:featuredmedia":[{"embeddable":true,"href":"https:\/\/keluvo.com\/fi\/wp-json\/wp\/v2\/media\/6828"}],"wp:attachment":[{"href":"https:\/\/keluvo.com\/fi\/wp-json\/wp\/v2\/media?parent=6832"}],"wp:term":[{"taxonomy":"product_brand","embeddable":true,"href":"https:\/\/keluvo.com\/fi\/wp-json\/wp\/v2\/product_brand?post=6832"},{"taxonomy":"product_cat","embeddable":true,"href":"https:\/\/keluvo.com\/fi\/wp-json\/wp\/v2\/product_cat?post=6832"},{"taxonomy":"product_tag","embeddable":true,"href":"https:\/\/keluvo.com\/fi\/wp-json\/wp\/v2\/product_tag?post=6832"}],"curies":[{"name":"wp","href":"https:\/\/api.w.org\/{rel}","templated":true}]}}