{"id":6735,"date":"2025-03-13T19:16:10","date_gmt":"2025-03-13T17:16:10","guid":{"rendered":"https:\/\/keluvo.com\/fi\/product\/lemmikkielainten-hoito-leikkuri\/"},"modified":"2025-03-17T18:17:52","modified_gmt":"2025-03-17T16:17:52","slug":"lemmikkielainten-hoito-leikkuri","status":"publish","type":"product","link":"https:\/\/keluvo.com\/fi\/product\/lemmikkielainten-hoito-leikkuri\/","title":{"rendered":"Lemmikkiel\u00e4inten hoito leikkuri"},"content":{"rendered":"<h2 style=\"text-align: center\" data-start=\"0\" data-end=\"35\"><strong>Tehokas Ja Tarkka Leikkaus<\/strong><\/h2>\n<p style=\"text-align: center\" data-start=\"36\" data-end=\"276\">Lemmikkiel\u00e4inten hoitoleikkurissa on vahva moottori, jonka 8200 kierrosta minuutissa takaa nopean ja tasaisen leikkauksen. Se leikkaa helposti paksun ja pitk\u00e4n turkin l\u00e4pi ilman vet\u00e4mist\u00e4 tai nykimist\u00e4. T\u00e4m\u00e4 tekee lemmikkisi hoitamisesta nopeaa ja mukavaa.<\/p>\n<p style=\"text-align: center\" data-start=\"36\" data-end=\"276\"><img decoding=\"async\" class=\"alignnone size-medium wp-image-12258\" src=\"https:\/\/keluvo.com\/template\/wp-content\/uploads\/sites\/5\/2025\/03\/901b151d-87ae-4c8a-b697-6af6f07bfa42.webp\" alt=\"\" \/><\/p>\n<h2 style=\"text-align: center\" data-start=\"278\" data-end=\"305\"><strong>Ter\u00e4v\u00e4t Ja Turvalliset Ter\u00e4t<\/strong><\/h2>\n<p style=\"text-align: center\" data-start=\"306\" data-end=\"547\">Lemmikkiel\u00e4inten hoitoleikkurissa on keraaminen ter\u00e4, joka pysyy ter\u00e4v\u00e4n\u00e4 pitk\u00e4\u00e4n. Titaanipinnoitettu kiinte\u00e4 ter\u00e4 on hell\u00e4varainen iholle, mik\u00e4 v\u00e4hent\u00e4\u00e4 \u00e4rsytysriski\u00e4. T\u00e4m\u00e4 takaa turvallisen ja tehokkaan trimmauskokemuksen kaikille lemmikeille.<\/p>\n<p data-start=\"306\" data-end=\"547\"><img decoding=\"async\" class=\"alignnone size-medium wp-image-12254 aligncenter\" src=\"https:\/\/keluvo.com\/template\/wp-content\/uploads\/sites\/5\/2025\/03\/1c0129d7-9992-4e06-8f3e-334c48fbda0a.webp\" alt=\"\" \/><\/p>\n","protected":false},"excerpt":{"rendered":"<p>Tehokas Ja Tarkka Leikkaus Lemmikkiel\u00e4inten hoitoleikkurissa on vahva moottori, jonka 8200 kierrosta minuutissa takaa nopean ja tasaisen leikkauksen. Se leikkaa [&hellip;]<\/p>\n","protected":false},"featured_media":6731,"comment_status":"open","ping_status":"closed","template":"","meta":{"site-sidebar-layout":"default","site-content-layout":"","ast-site-content-layout":"default","site-content-style":"default","site-sidebar-style":"default","ast-global-header-display":"","ast-banner-title-visibility":"","ast-main-header-display":"","ast-hfb-above-header-display":"","ast-hfb-below-header-display":"","ast-hfb-mobile-header-display":"","site-post-title":"","ast-breadcrumbs-content":"","ast-featured-img":"","footer-sml-layout":"","theme-transparent-header-meta":"default","adv-header-id-meta":"","stick-header-meta":"","header-above-stick-meta":"","header-main-stick-meta":"","header-below-stick-meta":"","astra-migrate-meta-layouts":"set","ast-page-background-enabled":"default","ast-page-background-meta":{"desktop":{"background-color":"var(--ast-global-color-4)","background-image":"","background-repeat":"repeat","background-position":"center center","background-size":"auto","background-attachment":"scroll","background-type":"","background-media":"","overlay-type":"","overlay-color":"","overlay-opacity":"","overlay-gradient":""},"tablet":{"background-color":"","background-image":"","background-repeat":"repeat","background-position":"center center","background-size":"auto","background-attachment":"scroll","background-type":"","background-media":"","overlay-type":"","overlay-color":"","overlay-opacity":"","overlay-gradient":""},"mobile":{"background-color":"","background-image":"","background-repeat":"repeat","background-position":"center center","background-size":"auto","background-attachment":"scroll","background-type":"","background-media":"","overlay-type":"","overlay-color":"","overlay-opacity":"","overlay-gradient":""}},"ast-content-background-meta":{"desktop":{"background-color":"var(--ast-global-color-5)","background-image":"","background-repeat":"repeat","background-position":"center center","background-size":"auto","background-attachment":"scroll","background-type":"","background-media":"","overlay-type":"","overlay-color":"","overlay-opacity":"","overlay-gradient":""},"tablet":{"background-color":"var(--ast-global-color-5)","background-image":"","background-repeat":"repeat","background-position":"center center","background-size":"auto","background-attachment":"scroll","background-type":"","background-media":"","overlay-type":"","overlay-color":"","overlay-opacity":"","overlay-gradient":""},"mobile":{"background-color":"var(--ast-global-color-5)","background-image":"","background-repeat":"repeat","background-position":"center center","background-size":"auto","background-attachment":"scroll","background-type":"","background-media":"","overlay-type":"","overlay-color":"","overlay-opacity":"","overlay-gradient":""}}},"product_brand":[],"product_cat":[997],"product_tag":[],"class_list":{"0":"post-6735","1":"product","2":"type-product","3":"status-publish","4":"has-post-thumbnail","6":"product_cat-pets-products","7":"desktop-align-left","8":"tablet-align-left","9":"mobile-align-left","11":"first","12":"instock","13":"shipping-taxable","14":"purchasable","15":"product-type-simple"},"_links":{"self":[{"href":"https:\/\/keluvo.com\/fi\/wp-json\/wp\/v2\/product\/6735","targetHints":{"allow":["GET"]}}],"collection":[{"href":"https:\/\/keluvo.com\/fi\/wp-json\/wp\/v2\/product"}],"about":[{"href":"https:\/\/keluvo.com\/fi\/wp-json\/wp\/v2\/types\/product"}],"replies":[{"embeddable":true,"href":"https:\/\/keluvo.com\/fi\/wp-json\/wp\/v2\/comments?post=6735"}],"wp:featuredmedia":[{"embeddable":true,"href":"https:\/\/keluvo.com\/fi\/wp-json\/wp\/v2\/media\/6731"}],"wp:attachment":[{"href":"https:\/\/keluvo.com\/fi\/wp-json\/wp\/v2\/media?parent=6735"}],"wp:term":[{"taxonomy":"product_brand","embeddable":true,"href":"https:\/\/keluvo.com\/fi\/wp-json\/wp\/v2\/product_brand?post=6735"},{"taxonomy":"product_cat","embeddable":true,"href":"https:\/\/keluvo.com\/fi\/wp-json\/wp\/v2\/product_cat?post=6735"},{"taxonomy":"product_tag","embeddable":true,"href":"https:\/\/keluvo.com\/fi\/wp-json\/wp\/v2\/product_tag?post=6735"}],"curies":[{"name":"wp","href":"https:\/\/api.w.org\/{rel}","templated":true}]}}