{"id":6649,"date":"2025-03-13T19:07:14","date_gmt":"2025-03-13T17:07:14","guid":{"rendered":"https:\/\/keluvo.com\/fi\/product\/led-koiran-kaulapanta\/"},"modified":"2025-03-13T19:08:41","modified_gmt":"2025-03-13T17:08:41","slug":"led-koiran-kaulapanta","status":"publish","type":"product","link":"https:\/\/keluvo.com\/fi\/product\/led-koiran-kaulapanta\/","title":{"rendered":"LED koiran kaulapanta"},"content":{"rendered":"<h2 style=\"text-align: center\"><strong>Parannettu Y\u00f6aikainen Turvallisuus<\/strong><\/h2>\n<p style=\"text-align: center\">LED-koirapanta varmistaa, ett\u00e4 lemmikkisi pysyy n\u00e4kyviss\u00e4 y\u00f6llisill\u00e4 k\u00e4velyill\u00e4 tai h\u00e4m\u00e4r\u00e4ss\u00e4. Kirkkaiden LED-valojen ansiosta sinun ja muiden on helppo havaita koirasi ja pit\u00e4\u00e4 se turvassa mahdollisilta vaaroilta.<\/p>\n<p><img decoding=\"async\" class=\"alignnone size-medium wp-image-7683 aligncenter\" src=\"https:\/\/keluvo.com\/template\/wp-content\/uploads\/sites\/5\/2025\/01\/S0f440a6815c44bbf8bc0ac730ef7c9f7Z.jpg_960x960q75.jpg_.webp\" alt=\"\" \/><\/p>\n<h2 style=\"text-align: center\"><strong>Kest\u00e4v\u00e4 Ja Vedenpit\u00e4v\u00e4 Muotoilu<\/strong><\/h2>\n<p style=\"text-align: center\">Kest\u00e4vist\u00e4 materiaaleista valmistettu LED-koirapanta on vedenpit\u00e4v\u00e4 ja sopii erilaisiin s\u00e4\u00e4olosuhteisiin. Satoi sitten vett\u00e4 tai lemmikkisi on aktiivinen, t\u00e4m\u00e4 panta on suunniteltu kest\u00e4m\u00e4\u00e4n ja pit\u00e4m\u00e4\u00e4n koirasi turvassa.<\/p>\n<p><img decoding=\"async\" class=\"alignnone size-medium wp-image-7675 aligncenter\" src=\"https:\/\/keluvo.com\/template\/wp-content\/uploads\/sites\/5\/2025\/01\/00aee9d2-4bff-4ae6-9051-adfa8c237592.webp\" alt=\"\" \/><\/p>\n","protected":false},"excerpt":{"rendered":"<p>Parannettu Y\u00f6aikainen Turvallisuus LED-koirapanta varmistaa, ett\u00e4 lemmikkisi pysyy n\u00e4kyviss\u00e4 y\u00f6llisill\u00e4 k\u00e4velyill\u00e4 tai h\u00e4m\u00e4r\u00e4ss\u00e4. Kirkkaiden LED-valojen ansiosta sinun ja muiden on [&hellip;]<\/p>\n","protected":false},"featured_media":6645,"comment_status":"open","ping_status":"closed","template":"","meta":{"site-sidebar-layout":"default","site-content-layout":"","ast-site-content-layout":"default","site-content-style":"default","site-sidebar-style":"default","ast-global-header-display":"","ast-banner-title-visibility":"","ast-main-header-display":"","ast-hfb-above-header-display":"","ast-hfb-below-header-display":"","ast-hfb-mobile-header-display":"","site-post-title":"","ast-breadcrumbs-content":"","ast-featured-img":"","footer-sml-layout":"","theme-transparent-header-meta":"default","adv-header-id-meta":"","stick-header-meta":"","header-above-stick-meta":"","header-main-stick-meta":"","header-below-stick-meta":"","astra-migrate-meta-layouts":"set","ast-page-background-enabled":"default","ast-page-background-meta":{"desktop":{"background-color":"var(--ast-global-color-4)","background-image":"","background-repeat":"repeat","background-position":"center center","background-size":"auto","background-attachment":"scroll","background-type":"","background-media":"","overlay-type":"","overlay-color":"","overlay-opacity":"","overlay-gradient":""},"tablet":{"background-color":"","background-image":"","background-repeat":"repeat","background-position":"center center","background-size":"auto","background-attachment":"scroll","background-type":"","background-media":"","overlay-type":"","overlay-color":"","overlay-opacity":"","overlay-gradient":""},"mobile":{"background-color":"","background-image":"","background-repeat":"repeat","background-position":"center center","background-size":"auto","background-attachment":"scroll","background-type":"","background-media":"","overlay-type":"","overlay-color":"","overlay-opacity":"","overlay-gradient":""}},"ast-content-background-meta":{"desktop":{"background-color":"var(--ast-global-color-5)","background-image":"","background-repeat":"repeat","background-position":"center center","background-size":"auto","background-attachment":"scroll","background-type":"","background-media":"","overlay-type":"","overlay-color":"","overlay-opacity":"","overlay-gradient":""},"tablet":{"background-color":"var(--ast-global-color-5)","background-image":"","background-repeat":"repeat","background-position":"center center","background-size":"auto","background-attachment":"scroll","background-type":"","background-media":"","overlay-type":"","overlay-color":"","overlay-opacity":"","overlay-gradient":""},"mobile":{"background-color":"var(--ast-global-color-5)","background-image":"","background-repeat":"repeat","background-position":"center center","background-size":"auto","background-attachment":"scroll","background-type":"","background-media":"","overlay-type":"","overlay-color":"","overlay-opacity":"","overlay-gradient":""}}},"product_brand":[],"product_cat":[997],"product_tag":[],"class_list":{"0":"post-6649","1":"product","2":"type-product","3":"status-publish","4":"has-post-thumbnail","6":"product_cat-pets-products","7":"pa_2xep1g5c-l","8":"pa_2xep1g5c-m","9":"pa_2xep1g5c-s","10":"pa_2xep1g5c-xl","11":"pa_elcga2nw-musta","12":"pa_elcga2nw-oranssi","13":"pa_elcga2nw-punainen","14":"pa_elcga2nw-rose","15":"pa_elcga2nw-sininen","16":"pa_elcga2nw-vihrea","17":"desktop-align-left","18":"tablet-align-left","19":"mobile-align-left","21":"first","22":"instock","23":"shipping-taxable","24":"purchasable","25":"product-type-variable"},"_links":{"self":[{"href":"https:\/\/keluvo.com\/fi\/wp-json\/wp\/v2\/product\/6649","targetHints":{"allow":["GET"]}}],"collection":[{"href":"https:\/\/keluvo.com\/fi\/wp-json\/wp\/v2\/product"}],"about":[{"href":"https:\/\/keluvo.com\/fi\/wp-json\/wp\/v2\/types\/product"}],"replies":[{"embeddable":true,"href":"https:\/\/keluvo.com\/fi\/wp-json\/wp\/v2\/comments?post=6649"}],"wp:featuredmedia":[{"embeddable":true,"href":"https:\/\/keluvo.com\/fi\/wp-json\/wp\/v2\/media\/6645"}],"wp:attachment":[{"href":"https:\/\/keluvo.com\/fi\/wp-json\/wp\/v2\/media?parent=6649"}],"wp:term":[{"taxonomy":"product_brand","embeddable":true,"href":"https:\/\/keluvo.com\/fi\/wp-json\/wp\/v2\/product_brand?post=6649"},{"taxonomy":"product_cat","embeddable":true,"href":"https:\/\/keluvo.com\/fi\/wp-json\/wp\/v2\/product_cat?post=6649"},{"taxonomy":"product_tag","embeddable":true,"href":"https:\/\/keluvo.com\/fi\/wp-json\/wp\/v2\/product_tag?post=6649"}],"curies":[{"name":"wp","href":"https:\/\/api.w.org\/{rel}","templated":true}]}}