{"id":6612,"date":"2025-03-13T13:56:19","date_gmt":"2025-03-13T11:56:19","guid":{"rendered":"https:\/\/keluvo.com\/fi\/product\/laakelaatikko-2\/"},"modified":"2025-09-13T13:26:31","modified_gmt":"2025-09-13T10:26:31","slug":"laakelaatikko-2","status":"publish","type":"product","link":"https:\/\/keluvo.com\/fi\/product\/laakelaatikko-2\/","title":{"rendered":"L\u00e4\u00e4kelaatikko"},"content":{"rendered":"<h2 style=\"text-align: center\">Helppo P\u00e4\u00e4sy L\u00e4\u00e4kkeisiin Aina Kun Tarvitset Niit\u00e4<\/h2>\n<p style=\"text-align: center\">Hyv\u00e4sti sekavat l\u00e4\u00e4kekaapit! T\u00e4m\u00e4 \u00e4lyk\u00e4s s\u00e4ilytyslaatikko pit\u00e4\u00e4 kaikki l\u00e4\u00e4kkeesi ja tarvikkeesi siististi j\u00e4rjestyksess\u00e4, jotta tied\u00e4t aina, mist\u00e4 ne l\u00f6ytyv\u00e4t. Se on suunniteltu porrastetulla, laajennettavalla asettelulla, ja se avautuu useisiin p\u00e4\u00e4llekk\u00e4isiin lokeroihin, joiden avulla voit s\u00e4ilytt\u00e4\u00e4 suuren m\u00e4\u00e4r\u00e4n l\u00e4\u00e4kkeit\u00e4 pit\u00e4en kaiken selv\u00e4sti n\u00e4kyvill\u00e4 ja helposti saatavilla.<\/p>\n<h2 style=\"text-align: center\"><img decoding=\"async\" class=\"size-medium wp-image-12296 aligncenter\" src=\"https:\/\/keluvo.com\/template\/wp-content\/uploads\/sites\/5\/2024\/11\/qY4lmFDyDouACKj8rMvB.jpg\" alt=\"\" \/><\/h2>\n<h2 style=\"text-align: center\">Ota Pillerit Mukaan Minne Tahansa Irrotettavalla Pilleripidikkeell\u00e4<\/h2>\n<p style=\"text-align: center\">Tarvitsetko nopean ja k\u00e4tev\u00e4n tavan kuljettaa p\u00e4ivitt\u00e4isi\u00e4 l\u00e4\u00e4kkeit\u00e4si? Sis\u00e4\u00e4nrakennettu kiertonuppi toimii irrotettavana pillerikotelona, joka on tarpeeksi pieni sujautettavaksi taskuun tai laukkuun. Olitpa sitten t\u00f6iss\u00e4, matkalla tai liikkeell\u00e4, t\u00e4rke\u00e4t pillerisi ovat aina helposti saatavilla.<\/p>\n<p style=\"text-align: center\"><img decoding=\"async\" class=\"alignnone size-medium wp-image-4111\" src=\"https:\/\/keluvo.com\/no\/wp-content\/uploads\/sites\/10\/2024\/10\/2-combined.webp\" alt=\"\" \/><\/p>\n<h2 style=\"text-align: center\">T\u00e4ydellinen Matkalle \u2013 Kevyt Ja Tilaa S\u00e4\u00e4st\u00e4v\u00e4<\/h2>\n<p style=\"text-align: center\">Olitpa l\u00e4hd\u00f6ss\u00e4 lyhyelle tai pitk\u00e4lle matkalle, t\u00e4m\u00e4 l\u00e4\u00e4kekotelo on suunniteltu matkustusmukavuutta varten. Sen kompaktin ja kevyen rakenteen ansiosta se mahtuu helposti matkalaukkuusi, ja kest\u00e4v\u00e4 kahva takaa, ett\u00e4 voit kantaa sit\u00e4 vaivattomasti. Pysy valmiina, minne ikin\u00e4 menetkin!<\/p>\n<p style=\"text-align: center\"><img decoding=\"async\" class=\"alignnone size-medium wp-image-4110\" src=\"https:\/\/keluvo.com\/no\/wp-content\/uploads\/sites\/10\/2024\/10\/0002.webp\" alt=\"\" \/><\/p>\n","protected":false},"excerpt":{"rendered":"<p>Helppo P\u00e4\u00e4sy L\u00e4\u00e4kkeisiin Aina Kun Tarvitset Niit\u00e4 Hyv\u00e4sti sekavat l\u00e4\u00e4kekaapit! T\u00e4m\u00e4 \u00e4lyk\u00e4s s\u00e4ilytyslaatikko pit\u00e4\u00e4 kaikki l\u00e4\u00e4kkeesi ja tarvikkeesi siististi j\u00e4rjestyksess\u00e4, [&hellip;]<\/p>\n","protected":false},"featured_media":6608,"comment_status":"open","ping_status":"closed","template":"","meta":{"site-sidebar-layout":"default","site-content-layout":"","ast-site-content-layout":"default","site-content-style":"default","site-sidebar-style":"default","ast-global-header-display":"","ast-banner-title-visibility":"","ast-main-header-display":"","ast-hfb-above-header-display":"","ast-hfb-below-header-display":"","ast-hfb-mobile-header-display":"","site-post-title":"","ast-breadcrumbs-content":"","ast-featured-img":"","footer-sml-layout":"","theme-transparent-header-meta":"default","adv-header-id-meta":"","stick-header-meta":"","header-above-stick-meta":"","header-main-stick-meta":"","header-below-stick-meta":"","astra-migrate-meta-layouts":"set","ast-page-background-enabled":"default","ast-page-background-meta":{"desktop":{"background-color":"var(--ast-global-color-4)","background-image":"","background-repeat":"repeat","background-position":"center center","background-size":"auto","background-attachment":"scroll","background-type":"","background-media":"","overlay-type":"","overlay-color":"","overlay-opacity":"","overlay-gradient":""},"tablet":{"background-color":"","background-image":"","background-repeat":"repeat","background-position":"center center","background-size":"auto","background-attachment":"scroll","background-type":"","background-media":"","overlay-type":"","overlay-color":"","overlay-opacity":"","overlay-gradient":""},"mobile":{"background-color":"","background-image":"","background-repeat":"repeat","background-position":"center center","background-size":"auto","background-attachment":"scroll","background-type":"","background-media":"","overlay-type":"","overlay-color":"","overlay-opacity":"","overlay-gradient":""}},"ast-content-background-meta":{"desktop":{"background-color":"var(--ast-global-color-5)","background-image":"","background-repeat":"repeat","background-position":"center center","background-size":"auto","background-attachment":"scroll","background-type":"","background-media":"","overlay-type":"","overlay-color":"","overlay-opacity":"","overlay-gradient":""},"tablet":{"background-color":"var(--ast-global-color-5)","background-image":"","background-repeat":"repeat","background-position":"center center","background-size":"auto","background-attachment":"scroll","background-type":"","background-media":"","overlay-type":"","overlay-color":"","overlay-opacity":"","overlay-gradient":""},"mobile":{"background-color":"var(--ast-global-color-5)","background-image":"","background-repeat":"repeat","background-position":"center center","background-size":"auto","background-attachment":"scroll","background-type":"","background-media":"","overlay-type":"","overlay-color":"","overlay-opacity":"","overlay-gradient":""}}},"product_brand":[],"product_cat":[991],"product_tag":[],"class_list":{"0":"post-6612","1":"product","2":"type-product","3":"status-publish","4":"has-post-thumbnail","6":"product_cat-health-care-supplies","7":"pa_ggpbwnaw-pieni","8":"pa_ggpbwnaw-suuri","9":"pa_s2thnfko-punainen","10":"pa_s2thnfko-valkoinen","11":"pa_s2thnfko-vihrea","12":"desktop-align-left","13":"tablet-align-left","14":"mobile-align-left","16":"first","17":"instock","18":"shipping-taxable","19":"purchasable","20":"product-type-variable","21":"has-default-attributes"},"_links":{"self":[{"href":"https:\/\/keluvo.com\/fi\/wp-json\/wp\/v2\/product\/6612","targetHints":{"allow":["GET"]}}],"collection":[{"href":"https:\/\/keluvo.com\/fi\/wp-json\/wp\/v2\/product"}],"about":[{"href":"https:\/\/keluvo.com\/fi\/wp-json\/wp\/v2\/types\/product"}],"replies":[{"embeddable":true,"href":"https:\/\/keluvo.com\/fi\/wp-json\/wp\/v2\/comments?post=6612"}],"wp:featuredmedia":[{"embeddable":true,"href":"https:\/\/keluvo.com\/fi\/wp-json\/wp\/v2\/media\/6608"}],"wp:attachment":[{"href":"https:\/\/keluvo.com\/fi\/wp-json\/wp\/v2\/media?parent=6612"}],"wp:term":[{"taxonomy":"product_brand","embeddable":true,"href":"https:\/\/keluvo.com\/fi\/wp-json\/wp\/v2\/product_brand?post=6612"},{"taxonomy":"product_cat","embeddable":true,"href":"https:\/\/keluvo.com\/fi\/wp-json\/wp\/v2\/product_cat?post=6612"},{"taxonomy":"product_tag","embeddable":true,"href":"https:\/\/keluvo.com\/fi\/wp-json\/wp\/v2\/product_tag?post=6612"}],"curies":[{"name":"wp","href":"https:\/\/api.w.org\/{rel}","templated":true}]}}