{"id":6596,"date":"2025-03-13T10:58:18","date_gmt":"2025-03-13T08:58:18","guid":{"rendered":"https:\/\/keluvo.com\/fi\/product\/magneticsupport-polvituki\/"},"modified":"2025-09-13T13:28:22","modified_gmt":"2025-09-13T10:28:22","slug":"magneticsupport-polvituki","status":"publish","type":"product","link":"https:\/\/keluvo.com\/fi\/product\/magneticsupport-polvituki\/","title":{"rendered":"MagneticSupport\u2122 polvituki"},"content":{"rendered":"<h2 style=\"text-align: center;\"><strong>Lievit\u00e4 polvikipua magneettiterapian avulla<\/strong><\/h2>\n<p style=\"text-align: center;\">Lievit\u00e4 kipua ja tue liikkuvuuttasi magneettiterapian avulla MagneticSupport\u2122-polvituki on suunniteltu tarjoamaan luonnollista kivunlievityst\u00e4 ja parantamaan liikkuvuutta 10 voimakkaan magneetin avulla, joista jokainen on 580 gaussia vahva. N\u00e4m\u00e4 magneetit luovat terapeuttisen magneettikent\u00e4n, joka edist\u00e4\u00e4 verenkiertoa, v\u00e4hent\u00e4\u00e4 tulehdusta ja lievitt\u00e4\u00e4 polvinivelen ep\u00e4mukavuutta.<\/p>\n<p style=\"text-align: center;\">\ud83d\udd39 V\u00e4hent\u00e4\u00e4 kipua \u2013 Magneettiterapiaa on k\u00e4ytetty jo vuosia nivel- ja lihaskipujen lievitt\u00e4miseen.<br \/>\n\ud83d\udd39Parantaa verenkiertoa \u2013 Tehostunut verenkierto auttaa kuljettamaan happea ja ravintoaineita vaurioituneelle alueelle, edist\u00e4en n\u00e4in luonnollista paranemista.<\/p>\n<p style=\"text-align: center;\">\ud83d\udd39 Lis\u00e4\u00e4 liikkuvuutta \u2013 V\u00e4hemm\u00e4n kipua ja j\u00e4ykkyytt\u00e4 tarkoittaa enemm\u00e4n vapautta liikkua ja itseluottamusta arjen askareisiin.<\/p>\n<p style=\"text-align: center;\">MagneticSupport\u2122-polvituki sopii erinomaisesti niveltulehduksesta, j\u00e4ykist\u00e4 nivelist\u00e4, urheiluvammoista tai yleisest\u00e4 polvikivusta k\u00e4rsiville.<\/p>\n<p><img decoding=\"async\" class=\"size-medium wp-image-12285 aligncenter\" src=\"https:\/\/keluvo.com\/template\/wp-content\/uploads\/sites\/5\/2024\/12\/O1CN01NmBI2j1awVARqbqDE_2486123394-0-cib.png\" alt=\"\" \/><\/p>\n<p>&nbsp;<\/p>\n<h2 style=\"text-align: center;\"><strong>Helppo ja miellytt\u00e4v\u00e4 k\u00e4ytt\u00e4\u00e4<\/strong><\/h2>\n<p style=\"text-align: center;\">MagneticSupport\u2122-polvituki on suunniteltu tarjoamaan maksimaalista mukavuutta ja helppok\u00e4ytt\u00f6isyytt\u00e4. Sen s\u00e4\u00e4dett\u00e4v\u00e4 istuvuus ja yleiskoko takaavat t\u00e4ydellisen mukautuvuuden polveesi, tarjoten optimaalista tukea ilman, ett\u00e4 se rajoittaa liikkumista.<\/p>\n<p style=\"text-align: center;\">\u2705 Helppo k\u00e4ytt\u00e4\u00e4 \u2013 Pujota jalkaan kuin hiha \u2013 ei hankalia hihnoja tai solkia.<br \/>\n\u2705 Sopii molemmille polville \u2013 Voidaan k\u00e4ytt\u00e4\u00e4 sek\u00e4 vasemmassa ett\u00e4 oikeassa polvessa.<br \/>\n\u2705 Huomaamaton ja kevyt \u2013 Ohuen ja hengitt\u00e4v\u00e4n muotoilun ansiosta voit k\u00e4ytt\u00e4\u00e4 sit\u00e4 huomaamattomasti vaatteiden alla, my\u00f6s liikkuessasi.<\/p>\n<p style=\"text-align: center;\">\u2705 Vedenkest\u00e4v\u00e4 ja kest\u00e4v\u00e4 \u2013 Laadukkaat materiaalit takaavat pitk\u00e4aikaisen kest\u00e4vyyden ja mukavuuden kaikissa tilanteissa.<\/p>\n<p style=\"text-align: center;\">Olitpa sitten treenaamassa, liikkeell\u00e4 p\u00e4iv\u00e4n askareissa tai lep\u00e4\u00e4m\u00e4ss\u00e4 kotona, t\u00e4m\u00e4 polvituki tarjoaa luotettavaa kivunlievityst\u00e4 aina, kun sit\u00e4 tarvitset.<\/p>\n<p><img decoding=\"async\" class=\"size-medium wp-image-12286 aligncenter\" src=\"https:\/\/keluvo.com\/template\/wp-content\/uploads\/sites\/5\/2024\/12\/WhatsApp-Image-2025-03-12-at-13.29.02_11449eb3.jpg\" alt=\"\" \/><\/p>\n","protected":false},"excerpt":{"rendered":"<p>Lievit\u00e4 polvikipua magneettiterapian avulla Lievit\u00e4 kipua ja tue liikkuvuuttasi magneettiterapian avulla MagneticSupport\u2122-polvituki on suunniteltu tarjoamaan luonnollista kivunlievityst\u00e4 ja parantamaan liikkuvuutta [&hellip;]<\/p>\n","protected":false},"featured_media":6592,"comment_status":"open","ping_status":"closed","template":"","meta":{"site-sidebar-layout":"default","site-content-layout":"","ast-site-content-layout":"default","site-content-style":"default","site-sidebar-style":"default","ast-global-header-display":"","ast-banner-title-visibility":"","ast-main-header-display":"","ast-hfb-above-header-display":"","ast-hfb-below-header-display":"","ast-hfb-mobile-header-display":"","site-post-title":"","ast-breadcrumbs-content":"","ast-featured-img":"","footer-sml-layout":"","theme-transparent-header-meta":"default","adv-header-id-meta":"","stick-header-meta":"","header-above-stick-meta":"","header-main-stick-meta":"","header-below-stick-meta":"","astra-migrate-meta-layouts":"set","ast-page-background-enabled":"default","ast-page-background-meta":{"desktop":{"background-color":"var(--ast-global-color-4)","background-image":"","background-repeat":"repeat","background-position":"center center","background-size":"auto","background-attachment":"scroll","background-type":"","background-media":"","overlay-type":"","overlay-color":"","overlay-opacity":"","overlay-gradient":""},"tablet":{"background-color":"","background-image":"","background-repeat":"repeat","background-position":"center center","background-size":"auto","background-attachment":"scroll","background-type":"","background-media":"","overlay-type":"","overlay-color":"","overlay-opacity":"","overlay-gradient":""},"mobile":{"background-color":"","background-image":"","background-repeat":"repeat","background-position":"center center","background-size":"auto","background-attachment":"scroll","background-type":"","background-media":"","overlay-type":"","overlay-color":"","overlay-opacity":"","overlay-gradient":""}},"ast-content-background-meta":{"desktop":{"background-color":"var(--ast-global-color-5)","background-image":"","background-repeat":"repeat","background-position":"center center","background-size":"auto","background-attachment":"scroll","background-type":"","background-media":"","overlay-type":"","overlay-color":"","overlay-opacity":"","overlay-gradient":""},"tablet":{"background-color":"var(--ast-global-color-5)","background-image":"","background-repeat":"repeat","background-position":"center center","background-size":"auto","background-attachment":"scroll","background-type":"","background-media":"","overlay-type":"","overlay-color":"","overlay-opacity":"","overlay-gradient":""},"mobile":{"background-color":"var(--ast-global-color-5)","background-image":"","background-repeat":"repeat","background-position":"center center","background-size":"auto","background-attachment":"scroll","background-type":"","background-media":"","overlay-type":"","overlay-color":"","overlay-opacity":"","overlay-gradient":""}}},"product_brand":[],"product_cat":[991],"product_tag":[],"class_list":{"0":"post-6596","1":"product","2":"type-product","3":"status-publish","4":"has-post-thumbnail","6":"product_cat-health-care-supplies","7":"pa_zdbkp3ck-jalat","8":"pa_zdbkp3ck-kasi","9":"pa_zdbkp3ck-polvi","10":"desktop-align-left","11":"tablet-align-left","12":"mobile-align-left","14":"first","15":"instock","16":"shipping-taxable","17":"purchasable","18":"product-type-variable"},"_links":{"self":[{"href":"https:\/\/keluvo.com\/fi\/wp-json\/wp\/v2\/product\/6596","targetHints":{"allow":["GET"]}}],"collection":[{"href":"https:\/\/keluvo.com\/fi\/wp-json\/wp\/v2\/product"}],"about":[{"href":"https:\/\/keluvo.com\/fi\/wp-json\/wp\/v2\/types\/product"}],"replies":[{"embeddable":true,"href":"https:\/\/keluvo.com\/fi\/wp-json\/wp\/v2\/comments?post=6596"}],"wp:featuredmedia":[{"embeddable":true,"href":"https:\/\/keluvo.com\/fi\/wp-json\/wp\/v2\/media\/6592"}],"wp:attachment":[{"href":"https:\/\/keluvo.com\/fi\/wp-json\/wp\/v2\/media?parent=6596"}],"wp:term":[{"taxonomy":"product_brand","embeddable":true,"href":"https:\/\/keluvo.com\/fi\/wp-json\/wp\/v2\/product_brand?post=6596"},{"taxonomy":"product_cat","embeddable":true,"href":"https:\/\/keluvo.com\/fi\/wp-json\/wp\/v2\/product_cat?post=6596"},{"taxonomy":"product_tag","embeddable":true,"href":"https:\/\/keluvo.com\/fi\/wp-json\/wp\/v2\/product_tag?post=6596"}],"curies":[{"name":"wp","href":"https:\/\/api.w.org\/{rel}","templated":true}]}}