{"id":6541,"date":"2025-03-12T17:55:32","date_gmt":"2025-03-12T15:55:32","guid":{"rendered":"https:\/\/keluvo.com\/fi\/product\/karaokelaite\/"},"modified":"2025-03-12T17:55:48","modified_gmt":"2025-03-12T15:55:48","slug":"karaokelaite","status":"publish","type":"product","link":"https:\/\/keluvo.com\/fi\/product\/karaokelaite\/","title":{"rendered":"Karaokelaite"},"content":{"rendered":"<h2 style=\"text-align: center\"><strong>Laadukas \u00c4\u00e4nentoisto<\/strong><\/h2>\n<p style=\"text-align: center\">Kannettava K12-bluetooth-karaokelaite tuottaa ammattimaisen KTV-tasoisen \u00e4\u00e4nen edistyksellisell\u00e4 kohinanvaimennuksella ja MP3-\u00e4\u00e4nen dekoodaustekniikalla. Se on varustettu 4-ytimisell\u00e4 AR-sirulla, joka tarjoaa kristallinkirkasta laulua, poistaa v\u00e4\u00e4ristym\u00e4t ja parantaa \u00e4\u00e4nen selkeytt\u00e4, jotta laulukokemus olisi mukaansatempaava.<\/p>\n<p style=\"text-align: center\"><img decoding=\"async\" class=\"alignnone size-medium wp-image-8556\" src=\"https:\/\/keluvo.com\/template\/wp-content\/uploads\/sites\/5\/2025\/01\/S14f27eb9c5bb4a6d9d9b3d904d586d8be.jpeg\" alt=\"\" \/><\/p>\n<h2 style=\"text-align: center\"><strong>Dynaaminen RGB-Tunnelmavalaistus<\/strong><\/h2>\n<p style=\"text-align: center\">Nostata karaoke-istuntojasi 5 s\u00e4\u00e4dett\u00e4v\u00e4ll\u00e4 LED-valotehosteella, jotka synkronoituvat musiikin kanssa. V\u00e4rik\u00e4s valaistus luo hauskan ja eloisan ilmapiirin, olipa kyseess\u00e4 sitten juhlat tai kodikas perhetapahtuma. Valoja voi helposti s\u00e4\u00e4t\u00e4\u00e4 tai sammuttaa halutessaan.<\/p>\n<p><img decoding=\"async\" class=\"alignnone size-medium wp-image-8552 aligncenter\" src=\"https:\/\/keluvo.com\/template\/wp-content\/uploads\/sites\/5\/2025\/01\/S1de8bf56c1e24eb4bd5d00208c3e4753Q.jpg_960x960q75.jpg_.jpeg\" alt=\"\" \/><\/p>\n","protected":false},"excerpt":{"rendered":"<p>Laadukas \u00c4\u00e4nentoisto Kannettava K12-bluetooth-karaokelaite tuottaa ammattimaisen KTV-tasoisen \u00e4\u00e4nen edistyksellisell\u00e4 kohinanvaimennuksella ja MP3-\u00e4\u00e4nen dekoodaustekniikalla. Se on varustettu 4-ytimisell\u00e4 AR-sirulla, joka tarjoaa [&hellip;]<\/p>\n","protected":false},"featured_media":6537,"comment_status":"open","ping_status":"closed","template":"","meta":{"site-sidebar-layout":"default","site-content-layout":"","ast-site-content-layout":"default","site-content-style":"default","site-sidebar-style":"default","ast-global-header-display":"","ast-banner-title-visibility":"","ast-main-header-display":"","ast-hfb-above-header-display":"","ast-hfb-below-header-display":"","ast-hfb-mobile-header-display":"","site-post-title":"","ast-breadcrumbs-content":"","ast-featured-img":"","footer-sml-layout":"","theme-transparent-header-meta":"default","adv-header-id-meta":"","stick-header-meta":"","header-above-stick-meta":"","header-main-stick-meta":"","header-below-stick-meta":"","astra-migrate-meta-layouts":"set","ast-page-background-enabled":"default","ast-page-background-meta":{"desktop":{"background-color":"var(--ast-global-color-4)","background-image":"","background-repeat":"repeat","background-position":"center center","background-size":"auto","background-attachment":"scroll","background-type":"","background-media":"","overlay-type":"","overlay-color":"","overlay-opacity":"","overlay-gradient":""},"tablet":{"background-color":"","background-image":"","background-repeat":"repeat","background-position":"center center","background-size":"auto","background-attachment":"scroll","background-type":"","background-media":"","overlay-type":"","overlay-color":"","overlay-opacity":"","overlay-gradient":""},"mobile":{"background-color":"","background-image":"","background-repeat":"repeat","background-position":"center center","background-size":"auto","background-attachment":"scroll","background-type":"","background-media":"","overlay-type":"","overlay-color":"","overlay-opacity":"","overlay-gradient":""}},"ast-content-background-meta":{"desktop":{"background-color":"var(--ast-global-color-5)","background-image":"","background-repeat":"repeat","background-position":"center center","background-size":"auto","background-attachment":"scroll","background-type":"","background-media":"","overlay-type":"","overlay-color":"","overlay-opacity":"","overlay-gradient":""},"tablet":{"background-color":"var(--ast-global-color-5)","background-image":"","background-repeat":"repeat","background-position":"center center","background-size":"auto","background-attachment":"scroll","background-type":"","background-media":"","overlay-type":"","overlay-color":"","overlay-opacity":"","overlay-gradient":""},"mobile":{"background-color":"var(--ast-global-color-5)","background-image":"","background-repeat":"repeat","background-position":"center center","background-size":"auto","background-attachment":"scroll","background-type":"","background-media":"","overlay-type":"","overlay-color":"","overlay-opacity":"","overlay-gradient":""}}},"product_brand":[],"product_cat":[998],"product_tag":[],"class_list":{"0":"post-6541","1":"product","2":"type-product","3":"status-publish","4":"has-post-thumbnail","6":"product_cat-automotive-products","7":"pa_m4o3i3r9-sininen","8":"pa_m4o3i3r9-vaaleanpunainen","9":"pa_m4o3i3r9-valkoinen","10":"desktop-align-left","11":"tablet-align-left","12":"mobile-align-left","14":"first","15":"instock","16":"shipping-taxable","17":"purchasable","18":"product-type-variable"},"_links":{"self":[{"href":"https:\/\/keluvo.com\/fi\/wp-json\/wp\/v2\/product\/6541","targetHints":{"allow":["GET"]}}],"collection":[{"href":"https:\/\/keluvo.com\/fi\/wp-json\/wp\/v2\/product"}],"about":[{"href":"https:\/\/keluvo.com\/fi\/wp-json\/wp\/v2\/types\/product"}],"replies":[{"embeddable":true,"href":"https:\/\/keluvo.com\/fi\/wp-json\/wp\/v2\/comments?post=6541"}],"wp:featuredmedia":[{"embeddable":true,"href":"https:\/\/keluvo.com\/fi\/wp-json\/wp\/v2\/media\/6537"}],"wp:attachment":[{"href":"https:\/\/keluvo.com\/fi\/wp-json\/wp\/v2\/media?parent=6541"}],"wp:term":[{"taxonomy":"product_brand","embeddable":true,"href":"https:\/\/keluvo.com\/fi\/wp-json\/wp\/v2\/product_brand?post=6541"},{"taxonomy":"product_cat","embeddable":true,"href":"https:\/\/keluvo.com\/fi\/wp-json\/wp\/v2\/product_cat?post=6541"},{"taxonomy":"product_tag","embeddable":true,"href":"https:\/\/keluvo.com\/fi\/wp-json\/wp\/v2\/product_tag?post=6541"}],"curies":[{"name":"wp","href":"https:\/\/api.w.org\/{rel}","templated":true}]}}