{"id":6421,"date":"2025-03-11T20:50:35","date_gmt":"2025-03-11T18:50:35","guid":{"rendered":"https:\/\/keluvo.com\/fi\/product\/vauva-kelluu\/"},"modified":"2025-03-11T20:50:46","modified_gmt":"2025-03-11T18:50:46","slug":"vauva-kelluu","status":"publish","type":"product","link":"https:\/\/keluvo.com\/fi\/product\/vauva-kelluu\/","title":{"rendered":"Vauva kelluu"},"content":{"rendered":"<h2 style=\"text-align: center\" data-start=\"226\" data-end=\"263\"><strong>Pehme\u00e4 Ja Ihoyst\u00e4v\u00e4llinen Materiaali<\/strong><\/h2>\n<p style=\"text-align: center\" data-start=\"264\" data-end=\"468\">Valmistettu ensiluokkaisesta PU- ja TPU-kankaasta, vauvan kelluke on pehme\u00e4, hengitt\u00e4v\u00e4 ja hell\u00e4varainen vauvasi iholle. Materiaali kuivuu nopeasti ja kest\u00e4\u00e4 bakteereja, joten se pysyy puhtaana ja mukavana jokaisella uintikerralla.<\/p>\n<p data-start=\"264\" data-end=\"468\"><img decoding=\"async\" class=\"alignnone size-medium wp-image-12078 aligncenter\" src=\"https:\/\/keluvo.com\/template\/wp-content\/uploads\/sites\/5\/2025\/03\/Sefd7ed40af564e6f9ffeb2a46446dee7n.jpg_960x960q75.jpg_.jpeg\" alt=\"\" \/><\/p>\n<h2 style=\"text-align: center\" data-start=\"470\" data-end=\"501\"><strong>Turvallinen Ja S\u00e4\u00e4dett\u00e4v\u00e4 Istuvuus<\/strong><\/h2>\n<p style=\"text-align: center\" data-start=\"502\" data-end=\"723\" data-is-last-node=\"\" data-is-only-node=\"\">Vauvauimassa on p\u00e4ivitetty turvasolki, jossa on viisi tukipistett\u00e4, jotta vauva pysyy tasapainossa. S\u00e4\u00e4dett\u00e4v\u00e4t hihnat takaavat tiukan ja turvallisen istuvuuden, jolloin vauvasi voi liikkua vapaasti ja pysy\u00e4 turvallisesti vedess\u00e4.<\/p>\n<p data-start=\"502\" data-end=\"723\" data-is-last-node=\"\" data-is-only-node=\"\"><img decoding=\"async\" class=\"alignnone size-medium wp-image-12080 aligncenter\" src=\"https:\/\/keluvo.com\/template\/wp-content\/uploads\/sites\/5\/2025\/03\/Sfa4b6390e56041188f90804eaf3bdae2J.jpeg\" alt=\"\" \/><\/p>\n","protected":false},"excerpt":{"rendered":"<p>Pehme\u00e4 Ja Ihoyst\u00e4v\u00e4llinen Materiaali Valmistettu ensiluokkaisesta PU- ja TPU-kankaasta, vauvan kelluke on pehme\u00e4, hengitt\u00e4v\u00e4 ja hell\u00e4varainen vauvasi iholle. Materiaali kuivuu [&hellip;]<\/p>\n","protected":false},"featured_media":6417,"comment_status":"open","ping_status":"closed","template":"","meta":{"site-sidebar-layout":"default","site-content-layout":"","ast-site-content-layout":"default","site-content-style":"default","site-sidebar-style":"default","ast-global-header-display":"","ast-banner-title-visibility":"","ast-main-header-display":"","ast-hfb-above-header-display":"","ast-hfb-below-header-display":"","ast-hfb-mobile-header-display":"","site-post-title":"","ast-breadcrumbs-content":"","ast-featured-img":"","footer-sml-layout":"","theme-transparent-header-meta":"default","adv-header-id-meta":"","stick-header-meta":"","header-above-stick-meta":"","header-main-stick-meta":"","header-below-stick-meta":"","astra-migrate-meta-layouts":"set","ast-page-background-enabled":"default","ast-page-background-meta":{"desktop":{"background-color":"var(--ast-global-color-4)","background-image":"","background-repeat":"repeat","background-position":"center center","background-size":"auto","background-attachment":"scroll","background-type":"","background-media":"","overlay-type":"","overlay-color":"","overlay-opacity":"","overlay-gradient":""},"tablet":{"background-color":"","background-image":"","background-repeat":"repeat","background-position":"center center","background-size":"auto","background-attachment":"scroll","background-type":"","background-media":"","overlay-type":"","overlay-color":"","overlay-opacity":"","overlay-gradient":""},"mobile":{"background-color":"","background-image":"","background-repeat":"repeat","background-position":"center center","background-size":"auto","background-attachment":"scroll","background-type":"","background-media":"","overlay-type":"","overlay-color":"","overlay-opacity":"","overlay-gradient":""}},"ast-content-background-meta":{"desktop":{"background-color":"var(--ast-global-color-5)","background-image":"","background-repeat":"repeat","background-position":"center center","background-size":"auto","background-attachment":"scroll","background-type":"","background-media":"","overlay-type":"","overlay-color":"","overlay-opacity":"","overlay-gradient":""},"tablet":{"background-color":"var(--ast-global-color-5)","background-image":"","background-repeat":"repeat","background-position":"center center","background-size":"auto","background-attachment":"scroll","background-type":"","background-media":"","overlay-type":"","overlay-color":"","overlay-opacity":"","overlay-gradient":""},"mobile":{"background-color":"var(--ast-global-color-5)","background-image":"","background-repeat":"repeat","background-position":"center center","background-size":"auto","background-attachment":"scroll","background-type":"","background-media":"","overlay-type":"","overlay-color":"","overlay-opacity":"","overlay-gradient":""}}},"product_brand":[],"product_cat":[990],"product_tag":[],"class_list":{"0":"post-6421","1":"product","2":"type-product","3":"status-publish","4":"has-post-thumbnail","6":"product_cat-toys-childrens-and-baby-products","7":"pa_27bwzdeb-sininen","8":"pa_27bwzdeb-vaaleanpunainen","9":"pa_27bwzdeb-vihrea","10":"desktop-align-left","11":"tablet-align-left","12":"mobile-align-left","14":"first","15":"instock","16":"shipping-taxable","17":"purchasable","18":"product-type-variable"},"_links":{"self":[{"href":"https:\/\/keluvo.com\/fi\/wp-json\/wp\/v2\/product\/6421","targetHints":{"allow":["GET"]}}],"collection":[{"href":"https:\/\/keluvo.com\/fi\/wp-json\/wp\/v2\/product"}],"about":[{"href":"https:\/\/keluvo.com\/fi\/wp-json\/wp\/v2\/types\/product"}],"replies":[{"embeddable":true,"href":"https:\/\/keluvo.com\/fi\/wp-json\/wp\/v2\/comments?post=6421"}],"wp:featuredmedia":[{"embeddable":true,"href":"https:\/\/keluvo.com\/fi\/wp-json\/wp\/v2\/media\/6417"}],"wp:attachment":[{"href":"https:\/\/keluvo.com\/fi\/wp-json\/wp\/v2\/media?parent=6421"}],"wp:term":[{"taxonomy":"product_brand","embeddable":true,"href":"https:\/\/keluvo.com\/fi\/wp-json\/wp\/v2\/product_brand?post=6421"},{"taxonomy":"product_cat","embeddable":true,"href":"https:\/\/keluvo.com\/fi\/wp-json\/wp\/v2\/product_cat?post=6421"},{"taxonomy":"product_tag","embeddable":true,"href":"https:\/\/keluvo.com\/fi\/wp-json\/wp\/v2\/product_tag?post=6421"}],"curies":[{"name":"wp","href":"https:\/\/api.w.org\/{rel}","templated":true}]}}