{"id":6403,"date":"2025-03-11T20:47:26","date_gmt":"2025-03-11T18:47:26","guid":{"rendered":"https:\/\/keluvo.com\/fi\/product\/vesipallo\/"},"modified":"2025-03-11T20:47:38","modified_gmt":"2025-03-11T18:47:38","slug":"vesipallo","status":"publish","type":"product","link":"https:\/\/keluvo.com\/fi\/product\/vesipallo\/","title":{"rendered":"Vesipallo"},"content":{"rendered":"<h2 style=\"text-align: center\" data-start=\"0\" data-end=\"25\"><strong>Hauskaa Vesileikkeihin<\/strong><\/h2>\n<p style=\"text-align: center\" data-start=\"26\" data-end=\"200\">Vesipallo sopii t\u00e4ydellisesti vesitaisteluihin ja allaspeleihin. Se t\u00e4yttyy vedell\u00e4 nopeasti ja r\u00e4j\u00e4ht\u00e4\u00e4 t\u00f6rm\u00e4yksess\u00e4 j\u00e4nnitt\u00e4v\u00e4\u00e4 leikki\u00e4 varten. Sopii loistavasti kes\u00e4hupailuun yst\u00e4vien ja perheen kanssa.<\/p>\n<p data-start=\"26\" data-end=\"200\"><img decoding=\"async\" class=\"alignnone size-medium wp-image-12066 aligncenter\" src=\"https:\/\/keluvo.com\/template\/wp-content\/uploads\/sites\/5\/2025\/03\/H24d6e2f642ab4a73831f4642e32cf339p.jpeg\" alt=\"\" \/><\/p>\n<h2 style=\"text-align: center\" data-start=\"202\" data-end=\"227\"><strong>Kirkkaat Ja V\u00e4rikk\u00e4\u00e4t<\/strong><\/h2>\n<p style=\"text-align: center\" data-start=\"228\" data-end=\"406\">N\u00e4m\u00e4 ilmapallot ovat sekoitus kirkkaita v\u00e4rej\u00e4, mik\u00e4 tekee peleist\u00e4 hauskempia. V\u00e4rit erottuvat vedess\u00e4, joten ne on helppo n\u00e4hd\u00e4. Ne lis\u00e4\u00e4v\u00e4t j\u00e4nnityst\u00e4 mihin tahansa juhlaan tai ulkoilmatapahtumaan.<\/p>\n<p data-start=\"228\" data-end=\"406\"><img decoding=\"async\" class=\"alignnone size-medium wp-image-12068 aligncenter\" src=\"https:\/\/keluvo.com\/template\/wp-content\/uploads\/sites\/5\/2025\/03\/H268cb002928742d697b348f42487b683Y.jpeg\" alt=\"\" \/><\/p>\n","protected":false},"excerpt":{"rendered":"<p>Hauskaa Vesileikkeihin Vesipallo sopii t\u00e4ydellisesti vesitaisteluihin ja allaspeleihin. Se t\u00e4yttyy vedell\u00e4 nopeasti ja r\u00e4j\u00e4ht\u00e4\u00e4 t\u00f6rm\u00e4yksess\u00e4 j\u00e4nnitt\u00e4v\u00e4\u00e4 leikki\u00e4 varten. Sopii loistavasti [&hellip;]<\/p>\n","protected":false},"featured_media":6399,"comment_status":"open","ping_status":"closed","template":"","meta":{"site-sidebar-layout":"default","site-content-layout":"","ast-site-content-layout":"default","site-content-style":"default","site-sidebar-style":"default","ast-global-header-display":"","ast-banner-title-visibility":"","ast-main-header-display":"","ast-hfb-above-header-display":"","ast-hfb-below-header-display":"","ast-hfb-mobile-header-display":"","site-post-title":"","ast-breadcrumbs-content":"","ast-featured-img":"","footer-sml-layout":"","theme-transparent-header-meta":"default","adv-header-id-meta":"","stick-header-meta":"","header-above-stick-meta":"","header-main-stick-meta":"","header-below-stick-meta":"","astra-migrate-meta-layouts":"set","ast-page-background-enabled":"default","ast-page-background-meta":{"desktop":{"background-color":"var(--ast-global-color-4)","background-image":"","background-repeat":"repeat","background-position":"center center","background-size":"auto","background-attachment":"scroll","background-type":"","background-media":"","overlay-type":"","overlay-color":"","overlay-opacity":"","overlay-gradient":""},"tablet":{"background-color":"","background-image":"","background-repeat":"repeat","background-position":"center center","background-size":"auto","background-attachment":"scroll","background-type":"","background-media":"","overlay-type":"","overlay-color":"","overlay-opacity":"","overlay-gradient":""},"mobile":{"background-color":"","background-image":"","background-repeat":"repeat","background-position":"center center","background-size":"auto","background-attachment":"scroll","background-type":"","background-media":"","overlay-type":"","overlay-color":"","overlay-opacity":"","overlay-gradient":""}},"ast-content-background-meta":{"desktop":{"background-color":"var(--ast-global-color-5)","background-image":"","background-repeat":"repeat","background-position":"center center","background-size":"auto","background-attachment":"scroll","background-type":"","background-media":"","overlay-type":"","overlay-color":"","overlay-opacity":"","overlay-gradient":""},"tablet":{"background-color":"var(--ast-global-color-5)","background-image":"","background-repeat":"repeat","background-position":"center center","background-size":"auto","background-attachment":"scroll","background-type":"","background-media":"","overlay-type":"","overlay-color":"","overlay-opacity":"","overlay-gradient":""},"mobile":{"background-color":"var(--ast-global-color-5)","background-image":"","background-repeat":"repeat","background-position":"center center","background-size":"auto","background-attachment":"scroll","background-type":"","background-media":"","overlay-type":"","overlay-color":"","overlay-opacity":"","overlay-gradient":""}}},"product_brand":[],"product_cat":[990],"product_tag":[],"class_list":{"0":"post-6403","1":"product","2":"type-product","3":"status-publish","4":"has-post-thumbnail","6":"product_cat-toys-childrens-and-baby-products","7":"pa_ansq0l4u-100kpl","8":"pa_ansq0l4u-40kpl","9":"desktop-align-left","10":"tablet-align-left","11":"mobile-align-left","13":"first","14":"instock","15":"shipping-taxable","16":"purchasable","17":"product-type-variable"},"_links":{"self":[{"href":"https:\/\/keluvo.com\/fi\/wp-json\/wp\/v2\/product\/6403","targetHints":{"allow":["GET"]}}],"collection":[{"href":"https:\/\/keluvo.com\/fi\/wp-json\/wp\/v2\/product"}],"about":[{"href":"https:\/\/keluvo.com\/fi\/wp-json\/wp\/v2\/types\/product"}],"replies":[{"embeddable":true,"href":"https:\/\/keluvo.com\/fi\/wp-json\/wp\/v2\/comments?post=6403"}],"wp:featuredmedia":[{"embeddable":true,"href":"https:\/\/keluvo.com\/fi\/wp-json\/wp\/v2\/media\/6399"}],"wp:attachment":[{"href":"https:\/\/keluvo.com\/fi\/wp-json\/wp\/v2\/media?parent=6403"}],"wp:term":[{"taxonomy":"product_brand","embeddable":true,"href":"https:\/\/keluvo.com\/fi\/wp-json\/wp\/v2\/product_brand?post=6403"},{"taxonomy":"product_cat","embeddable":true,"href":"https:\/\/keluvo.com\/fi\/wp-json\/wp\/v2\/product_cat?post=6403"},{"taxonomy":"product_tag","embeddable":true,"href":"https:\/\/keluvo.com\/fi\/wp-json\/wp\/v2\/product_tag?post=6403"}],"curies":[{"name":"wp","href":"https:\/\/api.w.org\/{rel}","templated":true}]}}