{"id":6370,"date":"2025-03-10T16:08:45","date_gmt":"2025-03-10T14:08:45","guid":{"rendered":"https:\/\/keluvo.com\/fi\/product\/hengenpelastava-ranneke\/"},"modified":"2025-10-13T11:21:46","modified_gmt":"2025-10-13T08:21:46","slug":"hengenpelastava-ranneke","status":"publish","type":"product","link":"https:\/\/keluvo.com\/fi\/product\/hengenpelastava-ranneke\/","title":{"rendered":"Hengenpelastava ranneke"},"content":{"rendered":"<h2 style=\"text-align: center;\"><strong>Ranneke, joka voi pelastaa henkesi<\/strong><\/h2>\n<p style=\"text-align: center;\">Terveysh\u00e4t\u00e4tilanteet voivat tapahtua miss\u00e4 ja milloin tahansa. Olipa kyseess\u00e4 onnettomuus, \u00e4killinen sairaskohtaus tai tajuttomuus, jokainen sekunti on arvokas. Hengenpelastava ranneke varmistaa, ett\u00e4 ensiapuhenkil\u00f6st\u00f6, hoitajat ja jopa sivulliset tunnistavat terveydentilasi v\u00e4litt\u00f6m\u00e4sti, jolloin he voivat antaa oikean hoidon viipym\u00e4tt\u00e4. Selke\u00e4sti kaiverretut terveystiedot auttavat varmistamaan, ett\u00e4 saat tarvitsemaasi apua juuri silloin, kun sill\u00e4 on eniten merkityst\u00e4.<\/p>\n<p><img fetchpriority=\"high\" decoding=\"async\" width=\"768\" height=\"768\" class=\"size-medium wp-image-6669 aligncenter\" src=\"https:\/\/keluvo.com\/fi\/wp-content\/uploads\/sites\/11\/2025\/03\/finland-3.webp\" alt=\"\" srcset=\"https:\/\/keluvo.com\/fi\/wp-content\/uploads\/sites\/11\/2025\/03\/finland-3.webp 768w, https:\/\/keluvo.com\/fi\/wp-content\/uploads\/sites\/11\/2025\/03\/finland-3-300x300.webp 300w, https:\/\/keluvo.com\/fi\/wp-content\/uploads\/sites\/11\/2025\/03\/finland-3-150x150.webp 150w, https:\/\/keluvo.com\/fi\/wp-content\/uploads\/sites\/11\/2025\/03\/finland-3-600x600.webp 600w, https:\/\/keluvo.com\/fi\/wp-content\/uploads\/sites\/11\/2025\/03\/finland-3-100x100.webp 100w, https:\/\/keluvo.com\/fi\/wp-content\/uploads\/sites\/11\/2025\/03\/finland-3-50x50.webp 50w\" sizes=\"(max-width: 768px) 100vw, 768px\" \/><\/p>\n<h2><\/h2>\n<h2 style=\"text-align: center;\"><strong>Ensiluokkainen laatu ja mukavuus<\/strong><\/h2>\n<p style=\"text-align: center;\">Hengenpelastusranneke on suunniteltu kest\u00e4m\u00e4\u00e4n ja tuntumaan mukavalta koko p\u00e4iv\u00e4n. Se on valmistettu korkealaatuisesta aidosta nahasta ja ruostumattomasta ter\u00e4ksest\u00e4, mik\u00e4 tekee siit\u00e4 sek\u00e4 tyylikk\u00e4\u00e4n ett\u00e4 kevyen, samalla kun se kest\u00e4\u00e4 p\u00e4ivitt\u00e4ist\u00e4 k\u00e4ytt\u00f6\u00e4. S\u00e4\u00e4dett\u00e4v\u00e4 hihna takaa t\u00e4ydellisen istuvuuden, joten voit k\u00e4ytt\u00e4\u00e4 sit\u00e4 huoletta miss\u00e4 tahansa \u2013 t\u00f6iss\u00e4, matkoilla tai urheillessa. T\u00e4m\u00e4 ranneke pysyy tukevasti ranteessasi ja on aina valmiina v\u00e4litt\u00e4m\u00e4\u00e4n elint\u00e4rke\u00e4t terveystietosi.<\/p>\n<p><img decoding=\"async\" class=\"size-medium wp-image-12029 aligncenter\" src=\"https:\/\/keluvo.com\/template\/wp-content\/uploads\/sites\/5\/2024\/11\/desc2Bracelet.webp\" alt=\"\" \/><\/p>\n<h2><\/h2>\n<h2 style=\"text-align: center;\" align=\"center\"><span lang=\"FI\">Mukautettu kaiverrus eri sairauksiin<\/span><\/h2>\n<p style=\"text-align: center;\">Tarjoamme yksil\u00f6llisen kaiverruksen eri sairauksille ja terveydentiloille, jotta rannekkeesi vastaa juuri sinun tarpeitasi. Jos sinulla on harvinainen tai erityinen sairaus, voimme kaivertaa sen selke\u00e4sti n\u00e4kyviin. Pysy turvassa, varaudu ennakkoon ja anna hengenpelastavan rannekkeesi puhua puolestasi silloin, kun et itse pysty.<\/p>\n<p><img decoding=\"async\" class=\"size-medium wp-image-12030 aligncenter\" src=\"https:\/\/keluvo.com\/template\/wp-content\/uploads\/sites\/5\/2024\/11\/WhatsApp-Image-2025-03-10-at-15.20.28_b8a0b041.jpg\" alt=\"\" \/><\/p>\n","protected":false},"excerpt":{"rendered":"<p>Ranneke, joka voi pelastaa henkesi Terveysh\u00e4t\u00e4tilanteet voivat tapahtua miss\u00e4 ja milloin tahansa. Olipa kyseess\u00e4 onnettomuus, \u00e4killinen sairaskohtaus tai tajuttomuus, jokainen [&hellip;]<\/p>\n","protected":false},"featured_media":6706,"comment_status":"open","ping_status":"closed","template":"","meta":{"site-sidebar-layout":"default","site-content-layout":"","ast-site-content-layout":"default","site-content-style":"default","site-sidebar-style":"default","ast-global-header-display":"","ast-banner-title-visibility":"","ast-main-header-display":"","ast-hfb-above-header-display":"","ast-hfb-below-header-display":"","ast-hfb-mobile-header-display":"","site-post-title":"","ast-breadcrumbs-content":"","ast-featured-img":"","footer-sml-layout":"","theme-transparent-header-meta":"default","adv-header-id-meta":"","stick-header-meta":"","header-above-stick-meta":"","header-main-stick-meta":"","header-below-stick-meta":"","astra-migrate-meta-layouts":"set","ast-page-background-enabled":"default","ast-page-background-meta":{"desktop":{"background-color":"var(--ast-global-color-4)","background-image":"","background-repeat":"repeat","background-position":"center center","background-size":"auto","background-attachment":"scroll","background-type":"","background-media":"","overlay-type":"","overlay-color":"","overlay-opacity":"","overlay-gradient":""},"tablet":{"background-color":"","background-image":"","background-repeat":"repeat","background-position":"center center","background-size":"auto","background-attachment":"scroll","background-type":"","background-media":"","overlay-type":"","overlay-color":"","overlay-opacity":"","overlay-gradient":""},"mobile":{"background-color":"","background-image":"","background-repeat":"repeat","background-position":"center center","background-size":"auto","background-attachment":"scroll","background-type":"","background-media":"","overlay-type":"","overlay-color":"","overlay-opacity":"","overlay-gradient":""}},"ast-content-background-meta":{"desktop":{"background-color":"var(--ast-global-color-5)","background-image":"","background-repeat":"repeat","background-position":"center center","background-size":"auto","background-attachment":"scroll","background-type":"","background-media":"","overlay-type":"","overlay-color":"","overlay-opacity":"","overlay-gradient":""},"tablet":{"background-color":"var(--ast-global-color-5)","background-image":"","background-repeat":"repeat","background-position":"center center","background-size":"auto","background-attachment":"scroll","background-type":"","background-media":"","overlay-type":"","overlay-color":"","overlay-opacity":"","overlay-gradient":""},"mobile":{"background-color":"var(--ast-global-color-5)","background-image":"","background-repeat":"repeat","background-position":"center center","background-size":"auto","background-attachment":"scroll","background-type":"","background-media":"","overlay-type":"","overlay-color":"","overlay-opacity":"","overlay-gradient":""}}},"product_brand":[],"product_cat":[993],"product_tag":[],"class_list":{"0":"post-6370","1":"product","2":"type-product","3":"status-publish","4":"has-post-thumbnail","6":"product_cat-footwear-accessories","7":"pa_wxb3j283-allergia","8":"pa_wxb3j283-alzheimerin-tauti","9":"pa_wxb3j283-copd","10":"pa_wxb3j283-epilepsia","11":"pa_wxb3j283-keuhkosairaus","12":"pa_wxb3j283-korkea-verenpaine","13":"pa_wxb3j283-sydansairaus","14":"pa_wxb3j283-tahdistin","15":"pa_wxb3j283-tyypin-1-diabetes","16":"pa_wxb3j283-tyypin-2-diabetes","17":"desktop-align-left","18":"tablet-align-left","19":"mobile-align-left","21":"first","22":"instock","23":"sale","24":"shipping-taxable","25":"purchasable","26":"product-type-variable"},"_links":{"self":[{"href":"https:\/\/keluvo.com\/fi\/wp-json\/wp\/v2\/product\/6370","targetHints":{"allow":["GET"]}}],"collection":[{"href":"https:\/\/keluvo.com\/fi\/wp-json\/wp\/v2\/product"}],"about":[{"href":"https:\/\/keluvo.com\/fi\/wp-json\/wp\/v2\/types\/product"}],"replies":[{"embeddable":true,"href":"https:\/\/keluvo.com\/fi\/wp-json\/wp\/v2\/comments?post=6370"}],"wp:featuredmedia":[{"embeddable":true,"href":"https:\/\/keluvo.com\/fi\/wp-json\/wp\/v2\/media\/6706"}],"wp:attachment":[{"href":"https:\/\/keluvo.com\/fi\/wp-json\/wp\/v2\/media?parent=6370"}],"wp:term":[{"taxonomy":"product_brand","embeddable":true,"href":"https:\/\/keluvo.com\/fi\/wp-json\/wp\/v2\/product_brand?post=6370"},{"taxonomy":"product_cat","embeddable":true,"href":"https:\/\/keluvo.com\/fi\/wp-json\/wp\/v2\/product_cat?post=6370"},{"taxonomy":"product_tag","embeddable":true,"href":"https:\/\/keluvo.com\/fi\/wp-json\/wp\/v2\/product_tag?post=6370"}],"curies":[{"name":"wp","href":"https:\/\/api.w.org\/{rel}","templated":true}]}}