{"id":6286,"date":"2025-03-10T11:54:21","date_gmt":"2025-03-10T09:54:21","guid":{"rendered":"https:\/\/keluvo.com\/fi\/?post_type=product&#038;p=6286"},"modified":"2025-03-10T12:16:57","modified_gmt":"2025-03-10T10:16:57","slug":"comfit-original","status":"publish","type":"product","link":"https:\/\/keluvo.com\/fi\/product\/comfit-original\/","title":{"rendered":"Comfit\u2122 Original"},"content":{"rendered":"<h2 style=\"text-align: center;\"><strong>Sano hyv\u00e4stit ep\u00e4varmuudelle!<\/strong><\/h2>\n<p style=\"text-align: center;\">Comfit-rintaliivien avulla sano hyv\u00e4stit ep\u00e4varmuuden tunteelle, joka johtuu roikkuvista rinnoista, leikkaavista rintaliivien hihnoista ja yl\u00e4sel\u00e4n ja olkap\u00e4iden ep\u00e4mukavuudesta! Comfit-rintaliivit tukevat selk\u00e4\u00e4 ja rintoja ja kohottavat rintojasi, jotta ne n\u00e4ytt\u00e4v\u00e4t parhaimmilta. Rintaliiveiss\u00e4 on t\u00e4ydellinen tasapaino mukavuuden ja houkuttelevan olon v\u00e4lill\u00e4.<\/p>\n<h2 style=\"text-align: center;\"><img fetchpriority=\"high\" decoding=\"async\" width=\"400\" height=\"400\" class=\"size-medium wp-image-6292 aligncenter\" src=\"https:\/\/keluvo.com\/fi\/wp-content\/uploads\/sites\/11\/2025\/03\/NGIF1_75985f77-f40b-441c-b84b-f1caef64cc95_480x480.webp\" alt=\"\" srcset=\"https:\/\/keluvo.com\/fi\/wp-content\/uploads\/sites\/11\/2025\/03\/NGIF1_75985f77-f40b-441c-b84b-f1caef64cc95_480x480.webp 400w, https:\/\/keluvo.com\/fi\/wp-content\/uploads\/sites\/11\/2025\/03\/NGIF1_75985f77-f40b-441c-b84b-f1caef64cc95_480x480-300x300.webp 300w, https:\/\/keluvo.com\/fi\/wp-content\/uploads\/sites\/11\/2025\/03\/NGIF1_75985f77-f40b-441c-b84b-f1caef64cc95_480x480-150x150.webp 150w, https:\/\/keluvo.com\/fi\/wp-content\/uploads\/sites\/11\/2025\/03\/NGIF1_75985f77-f40b-441c-b84b-f1caef64cc95_480x480-100x100.webp 100w, https:\/\/keluvo.com\/fi\/wp-content\/uploads\/sites\/11\/2025\/03\/NGIF1_75985f77-f40b-441c-b84b-f1caef64cc95_480x480-50x50.webp 50w\" sizes=\"(max-width: 400px) 100vw, 400px\" \/><br \/>\n<strong>Hy\u00f6dyt:<\/strong><\/h2>\n<p style=\"text-align: center;\">Suojaa &#8211; n\u00e4m\u00e4 rintaliivit suojaavat rintojasi roikkumiselta ja pit\u00e4v\u00e4t ne kunnossa.<\/p>\n<p style=\"text-align: center;\">Nostaa ja vakauttaa &#8211; n\u00e4m\u00e4 rintaliivit nostavat rintojasi kauniimman n\u00e4k\u00f6iseksi syv\u00e4ll\u00e4 dekolteella, stabiloivat ja v\u00e4hent\u00e4v\u00e4t my\u00f6s rintojesi pomppimista.<\/p>\n<p style=\"text-align: center;\">Mukava materiaali &#8211; rintaliivit ovat eritt\u00e4in pehme\u00e4t ja joustavat. Se on my\u00f6s hengitt\u00e4v\u00e4 ja kosteutta siirt\u00e4v\u00e4. N\u00e4iden ominaisuuksien ansiosta rintaliivit sopivat t\u00e4ydellisesti sek\u00e4 arkeen ett\u00e4 urheiluun.<\/p>\n<p style=\"text-align: center;\">Parantaa ryhti\u00e4si &#8211; rintaliivit parantavat ryhti\u00e4si suoristamalla hartioita ja ty\u00f6nt\u00e4m\u00e4ll\u00e4 rintaa eteenp\u00e4in.<\/p>\n<p><img decoding=\"async\" width=\"400\" height=\"400\" class=\"size-medium wp-image-6294 aligncenter\" src=\"https:\/\/keluvo.com\/fi\/wp-content\/uploads\/sites\/11\/2025\/03\/NGIF2_480x480.webp\" alt=\"\" srcset=\"https:\/\/keluvo.com\/fi\/wp-content\/uploads\/sites\/11\/2025\/03\/NGIF2_480x480.webp 400w, https:\/\/keluvo.com\/fi\/wp-content\/uploads\/sites\/11\/2025\/03\/NGIF2_480x480-300x300.webp 300w, https:\/\/keluvo.com\/fi\/wp-content\/uploads\/sites\/11\/2025\/03\/NGIF2_480x480-150x150.webp 150w, https:\/\/keluvo.com\/fi\/wp-content\/uploads\/sites\/11\/2025\/03\/NGIF2_480x480-100x100.webp 100w, https:\/\/keluvo.com\/fi\/wp-content\/uploads\/sites\/11\/2025\/03\/NGIF2_480x480-50x50.webp 50w\" sizes=\"(max-width: 400px) 100vw, 400px\" \/><\/p>\n","protected":false},"excerpt":{"rendered":"<p>Sano hyv\u00e4stit ep\u00e4varmuudelle! Comfit-rintaliivien avulla sano hyv\u00e4stit ep\u00e4varmuuden tunteelle, joka johtuu roikkuvista rinnoista, leikkaavista rintaliivien hihnoista ja yl\u00e4sel\u00e4n ja olkap\u00e4iden [&hellip;]<\/p>\n","protected":false},"featured_media":6287,"comment_status":"open","ping_status":"closed","template":"","meta":{"site-sidebar-layout":"default","site-content-layout":"","ast-site-content-layout":"default","site-content-style":"default","site-sidebar-style":"default","ast-global-header-display":"","ast-banner-title-visibility":"","ast-main-header-display":"","ast-hfb-above-header-display":"","ast-hfb-below-header-display":"","ast-hfb-mobile-header-display":"","site-post-title":"","ast-breadcrumbs-content":"","ast-featured-img":"","footer-sml-layout":"","theme-transparent-header-meta":"default","adv-header-id-meta":"","stick-header-meta":"","header-above-stick-meta":"","header-main-stick-meta":"","header-below-stick-meta":"","astra-migrate-meta-layouts":"set","ast-page-background-enabled":"default","ast-page-background-meta":{"desktop":{"background-color":"var(--ast-global-color-4)","background-image":"","background-repeat":"repeat","background-position":"center center","background-size":"auto","background-attachment":"scroll","background-type":"","background-media":"","overlay-type":"","overlay-color":"","overlay-opacity":"","overlay-gradient":""},"tablet":{"background-color":"","background-image":"","background-repeat":"repeat","background-position":"center center","background-size":"auto","background-attachment":"scroll","background-type":"","background-media":"","overlay-type":"","overlay-color":"","overlay-opacity":"","overlay-gradient":""},"mobile":{"background-color":"","background-image":"","background-repeat":"repeat","background-position":"center center","background-size":"auto","background-attachment":"scroll","background-type":"","background-media":"","overlay-type":"","overlay-color":"","overlay-opacity":"","overlay-gradient":""}},"ast-content-background-meta":{"desktop":{"background-color":"var(--ast-global-color-5)","background-image":"","background-repeat":"repeat","background-position":"center center","background-size":"auto","background-attachment":"scroll","background-type":"","background-media":"","overlay-type":"","overlay-color":"","overlay-opacity":"","overlay-gradient":""},"tablet":{"background-color":"var(--ast-global-color-5)","background-image":"","background-repeat":"repeat","background-position":"center center","background-size":"auto","background-attachment":"scroll","background-type":"","background-media":"","overlay-type":"","overlay-color":"","overlay-opacity":"","overlay-gradient":""},"mobile":{"background-color":"var(--ast-global-color-5)","background-image":"","background-repeat":"repeat","background-position":"center center","background-size":"auto","background-attachment":"scroll","background-type":"","background-media":"","overlay-type":"","overlay-color":"","overlay-opacity":"","overlay-gradient":""}}},"product_brand":[],"product_cat":[994],"product_tag":[],"class_list":{"0":"post-6286","1":"product","2":"type-product","3":"status-publish","4":"has-post-thumbnail","6":"product_cat-clothing-for-women","7":"pa_gqk5cezt-l","8":"pa_gqk5cezt-m","9":"pa_gqk5cezt-s","10":"pa_gqk5cezt-xl","11":"pa_gqk5cezt-xxl","12":"desktop-align-left","13":"tablet-align-left","14":"mobile-align-left","16":"first","17":"instock","18":"shipping-taxable","19":"purchasable","20":"product-type-variable"},"_links":{"self":[{"href":"https:\/\/keluvo.com\/fi\/wp-json\/wp\/v2\/product\/6286","targetHints":{"allow":["GET"]}}],"collection":[{"href":"https:\/\/keluvo.com\/fi\/wp-json\/wp\/v2\/product"}],"about":[{"href":"https:\/\/keluvo.com\/fi\/wp-json\/wp\/v2\/types\/product"}],"replies":[{"embeddable":true,"href":"https:\/\/keluvo.com\/fi\/wp-json\/wp\/v2\/comments?post=6286"}],"wp:featuredmedia":[{"embeddable":true,"href":"https:\/\/keluvo.com\/fi\/wp-json\/wp\/v2\/media\/6287"}],"wp:attachment":[{"href":"https:\/\/keluvo.com\/fi\/wp-json\/wp\/v2\/media?parent=6286"}],"wp:term":[{"taxonomy":"product_brand","embeddable":true,"href":"https:\/\/keluvo.com\/fi\/wp-json\/wp\/v2\/product_brand?post=6286"},{"taxonomy":"product_cat","embeddable":true,"href":"https:\/\/keluvo.com\/fi\/wp-json\/wp\/v2\/product_cat?post=6286"},{"taxonomy":"product_tag","embeddable":true,"href":"https:\/\/keluvo.com\/fi\/wp-json\/wp\/v2\/product_tag?post=6286"}],"curies":[{"name":"wp","href":"https:\/\/api.w.org\/{rel}","templated":true}]}}