{"id":6239,"date":"2025-03-09T19:03:54","date_gmt":"2025-03-09T17:03:54","guid":{"rendered":"https:\/\/keluvo.com\/fi\/product\/pidentava-ripsivari\/"},"modified":"2025-03-09T19:05:08","modified_gmt":"2025-03-09T17:05:08","slug":"pidentava-ripsivari","status":"publish","type":"product","link":"https:\/\/keluvo.com\/fi\/product\/pidentava-ripsivari\/","title":{"rendered":"Pident\u00e4v\u00e4 ripsiv\u00e4ri"},"content":{"rendered":"<h2 style=\"text-align: center\"><strong>Vaivaton Ripsien Pident\u00e4minen<\/strong><\/h2>\n<p style=\"text-align: center\">Pident\u00e4v\u00e4 ripsiv\u00e4ri on suunniteltu erityisesti lis\u00e4\u00e4m\u00e4\u00e4n ripsien pituutta ja eleganssia. Silkkikuituisen koostumuksensa ansiosta se pident\u00e4\u00e4 jokaista ripsialuetta ja luo valloittavan, luonnollisen ilmeen. T\u00e4ydellinen jokap\u00e4iv\u00e4iseen k\u00e4ytt\u00f6\u00f6n tai erityisiin tilaisuuksiin, se korostaa silmi\u00e4si vaivattomasti.<\/p>\n<p><img decoding=\"async\" class=\"alignnone size-medium wp-image-3810 aligncenter\" src=\"https:\/\/keluvo.com\/template\/wp-content\/uploads\/sites\/5\/2024\/11\/630f679d-da48-4a2c-b78c-560ed8c15a47.webp\" alt=\"\" \/><\/p>\n<h2 style=\"text-align: center\"><strong>Tahraamaton Ja Vedenkest\u00e4v\u00e4<\/strong><\/h2>\n<p style=\"text-align: center\">Pident\u00e4v\u00e4 ripsiv\u00e4ri on suunniteltu kest\u00e4m\u00e4\u00e4n kiireist\u00e4 p\u00e4iv\u00e4\u00e4si, ja se on vedenkest\u00e4v\u00e4 ja hikitiivis. Se takaa, ett\u00e4 ripset pysyv\u00e4t virheett\u00f6min\u00e4 ja rajautuneina my\u00f6s kosteissa olosuhteissa ilman, ett\u00e4 ne tahraantuvat tai haalistuvat.<\/p>\n<p><img decoding=\"async\" class=\"alignnone size-medium wp-image-3815 aligncenter\" src=\"https:\/\/keluvo.com\/template\/wp-content\/uploads\/sites\/5\/2024\/11\/8d7987cd-b6dd-440c-82f5-935312966a2e.webp\" alt=\"\" \/><\/p>\n","protected":false},"excerpt":{"rendered":"<p>Vaivaton Ripsien Pident\u00e4minen Pident\u00e4v\u00e4 ripsiv\u00e4ri on suunniteltu erityisesti lis\u00e4\u00e4m\u00e4\u00e4n ripsien pituutta ja eleganssia. Silkkikuituisen koostumuksensa ansiosta se pident\u00e4\u00e4 jokaista ripsialuetta [&hellip;]<\/p>\n","protected":false},"featured_media":6235,"comment_status":"open","ping_status":"closed","template":"","meta":{"site-sidebar-layout":"default","site-content-layout":"","ast-site-content-layout":"default","site-content-style":"default","site-sidebar-style":"default","ast-global-header-display":"","ast-banner-title-visibility":"","ast-main-header-display":"","ast-hfb-above-header-display":"","ast-hfb-below-header-display":"","ast-hfb-mobile-header-display":"","site-post-title":"","ast-breadcrumbs-content":"","ast-featured-img":"","footer-sml-layout":"","theme-transparent-header-meta":"default","adv-header-id-meta":"","stick-header-meta":"","header-above-stick-meta":"","header-main-stick-meta":"","header-below-stick-meta":"","astra-migrate-meta-layouts":"set","ast-page-background-enabled":"default","ast-page-background-meta":{"desktop":{"background-color":"var(--ast-global-color-4)","background-image":"","background-repeat":"repeat","background-position":"center center","background-size":"auto","background-attachment":"scroll","background-type":"","background-media":"","overlay-type":"","overlay-color":"","overlay-opacity":"","overlay-gradient":""},"tablet":{"background-color":"","background-image":"","background-repeat":"repeat","background-position":"center center","background-size":"auto","background-attachment":"scroll","background-type":"","background-media":"","overlay-type":"","overlay-color":"","overlay-opacity":"","overlay-gradient":""},"mobile":{"background-color":"","background-image":"","background-repeat":"repeat","background-position":"center center","background-size":"auto","background-attachment":"scroll","background-type":"","background-media":"","overlay-type":"","overlay-color":"","overlay-opacity":"","overlay-gradient":""}},"ast-content-background-meta":{"desktop":{"background-color":"var(--ast-global-color-5)","background-image":"","background-repeat":"repeat","background-position":"center center","background-size":"auto","background-attachment":"scroll","background-type":"","background-media":"","overlay-type":"","overlay-color":"","overlay-opacity":"","overlay-gradient":""},"tablet":{"background-color":"var(--ast-global-color-5)","background-image":"","background-repeat":"repeat","background-position":"center center","background-size":"auto","background-attachment":"scroll","background-type":"","background-media":"","overlay-type":"","overlay-color":"","overlay-opacity":"","overlay-gradient":""},"mobile":{"background-color":"var(--ast-global-color-5)","background-image":"","background-repeat":"repeat","background-position":"center center","background-size":"auto","background-attachment":"scroll","background-type":"","background-media":"","overlay-type":"","overlay-color":"","overlay-opacity":"","overlay-gradient":""}}},"product_brand":[],"product_cat":[992],"product_tag":[],"class_list":{"0":"post-6239","1":"product","2":"type-product","3":"status-publish","4":"has-post-thumbnail","6":"product_cat-beauty-and-hygiene-products","7":"pa_pg1lcc3w-musta","8":"pa_pg1lcc3w-ruskea","9":"desktop-align-left","10":"tablet-align-left","11":"mobile-align-left","13":"first","14":"instock","15":"shipping-taxable","16":"purchasable","17":"product-type-variable"},"_links":{"self":[{"href":"https:\/\/keluvo.com\/fi\/wp-json\/wp\/v2\/product\/6239","targetHints":{"allow":["GET"]}}],"collection":[{"href":"https:\/\/keluvo.com\/fi\/wp-json\/wp\/v2\/product"}],"about":[{"href":"https:\/\/keluvo.com\/fi\/wp-json\/wp\/v2\/types\/product"}],"replies":[{"embeddable":true,"href":"https:\/\/keluvo.com\/fi\/wp-json\/wp\/v2\/comments?post=6239"}],"wp:featuredmedia":[{"embeddable":true,"href":"https:\/\/keluvo.com\/fi\/wp-json\/wp\/v2\/media\/6235"}],"wp:attachment":[{"href":"https:\/\/keluvo.com\/fi\/wp-json\/wp\/v2\/media?parent=6239"}],"wp:term":[{"taxonomy":"product_brand","embeddable":true,"href":"https:\/\/keluvo.com\/fi\/wp-json\/wp\/v2\/product_brand?post=6239"},{"taxonomy":"product_cat","embeddable":true,"href":"https:\/\/keluvo.com\/fi\/wp-json\/wp\/v2\/product_cat?post=6239"},{"taxonomy":"product_tag","embeddable":true,"href":"https:\/\/keluvo.com\/fi\/wp-json\/wp\/v2\/product_tag?post=6239"}],"curies":[{"name":"wp","href":"https:\/\/api.w.org\/{rel}","templated":true}]}}