{"id":6219,"date":"2025-03-09T18:59:02","date_gmt":"2025-03-09T16:59:02","guid":{"rendered":"https:\/\/keluvo.com\/fi\/product\/kynsilakanpoistoaine\/"},"modified":"2025-03-22T16:39:30","modified_gmt":"2025-03-22T14:39:30","slug":"kynsilakanpoistoaine-1","status":"publish","type":"product","link":"https:\/\/keluvo.com\/fi\/product\/kynsilakanpoistoaine-1\/","title":{"rendered":"Kynsilakanpoistoaine"},"content":{"rendered":"<h2 style=\"text-align: center\" data-start=\"0\" data-end=\"35\"><strong data-start=\"3\" data-end=\"33\">Nopea Ja Tehokas Poisto<\/strong><\/h2>\n<p style=\"text-align: center\" data-start=\"36\" data-end=\"299\">Kynsilakanpoistoaine poistaa nopeasti ja tehokkaasti geelilakat, UV-geelilakat ja puolikiinte\u00e4t lakat. Sen nopeasti vaikuttava koostumus auttaa s\u00e4\u00e4st\u00e4m\u00e4\u00e4n aikaa ja vaivaa, mik\u00e4 tekee kynsien hoidosta helpompaa ja k\u00e4tev\u00e4mp\u00e4\u00e4. Levit\u00e4 vain ja katso, kuinka lakka katoaa hetkess\u00e4.<\/p>\n<p data-start=\"36\" data-end=\"299\"><img decoding=\"async\" class=\"alignnone size-medium wp-image-11968 aligncenter\" src=\"https:\/\/keluvo.com\/template\/wp-content\/uploads\/sites\/5\/2025\/02\/Sda58da7685ec4bdb91254e19eec3aef0A.jpg_960x960q75.jpg_.jpeg\" alt=\"\" \/><\/p>\n<h2 style=\"text-align: center\" data-start=\"301\" data-end=\"325\"><strong data-start=\"304\" data-end=\"323\">Hell\u00e4varainen Kynsille<\/strong><\/h2>\n<p style=\"text-align: center\" data-start=\"326\" data-end=\"535\">Kynsilakanpoistoaine on tehokkaasta koostumuksestaan huolimatta hell\u00e4varainen kynsillesi. Se kumoaa tehokkaasti liiman ja poistaa lakan aiheuttamatta haittaa tai kuivumista. Pid\u00e4 kynnet tervein\u00e4 ja silein\u00e4 jokaisen k\u00e4ytt\u00f6kerran j\u00e4lkeen.<\/p>\n<p style=\"text-align: center\" data-start=\"326\" data-end=\"535\"><img decoding=\"async\" class=\"alignnone size-medium wp-image-11972\" src=\"https:\/\/keluvo.com\/template\/wp-content\/uploads\/sites\/5\/2025\/02\/Sf539ac5277a84c78af5bfee8e1a525dfQ.jpeg\" alt=\"\" \/><\/p>\n","protected":false},"excerpt":{"rendered":"<p>Nopea Ja Tehokas Poisto Kynsilakanpoistoaine poistaa nopeasti ja tehokkaasti geelilakat, UV-geelilakat ja puolikiinte\u00e4t lakat. Sen nopeasti vaikuttava koostumus auttaa s\u00e4\u00e4st\u00e4m\u00e4\u00e4n [&hellip;]<\/p>\n","protected":false},"featured_media":6215,"comment_status":"open","ping_status":"closed","template":"","meta":{"site-sidebar-layout":"default","site-content-layout":"","ast-site-content-layout":"default","site-content-style":"default","site-sidebar-style":"default","ast-global-header-display":"","ast-banner-title-visibility":"","ast-main-header-display":"","ast-hfb-above-header-display":"","ast-hfb-below-header-display":"","ast-hfb-mobile-header-display":"","site-post-title":"","ast-breadcrumbs-content":"","ast-featured-img":"","footer-sml-layout":"","theme-transparent-header-meta":"default","adv-header-id-meta":"","stick-header-meta":"","header-above-stick-meta":"","header-main-stick-meta":"","header-below-stick-meta":"","astra-migrate-meta-layouts":"set","ast-page-background-enabled":"default","ast-page-background-meta":{"desktop":{"background-color":"var(--ast-global-color-4)","background-image":"","background-repeat":"repeat","background-position":"center center","background-size":"auto","background-attachment":"scroll","background-type":"","background-media":"","overlay-type":"","overlay-color":"","overlay-opacity":"","overlay-gradient":""},"tablet":{"background-color":"","background-image":"","background-repeat":"repeat","background-position":"center center","background-size":"auto","background-attachment":"scroll","background-type":"","background-media":"","overlay-type":"","overlay-color":"","overlay-opacity":"","overlay-gradient":""},"mobile":{"background-color":"","background-image":"","background-repeat":"repeat","background-position":"center center","background-size":"auto","background-attachment":"scroll","background-type":"","background-media":"","overlay-type":"","overlay-color":"","overlay-opacity":"","overlay-gradient":""}},"ast-content-background-meta":{"desktop":{"background-color":"var(--ast-global-color-5)","background-image":"","background-repeat":"repeat","background-position":"center center","background-size":"auto","background-attachment":"scroll","background-type":"","background-media":"","overlay-type":"","overlay-color":"","overlay-opacity":"","overlay-gradient":""},"tablet":{"background-color":"var(--ast-global-color-5)","background-image":"","background-repeat":"repeat","background-position":"center center","background-size":"auto","background-attachment":"scroll","background-type":"","background-media":"","overlay-type":"","overlay-color":"","overlay-opacity":"","overlay-gradient":""},"mobile":{"background-color":"var(--ast-global-color-5)","background-image":"","background-repeat":"repeat","background-position":"center center","background-size":"auto","background-attachment":"scroll","background-type":"","background-media":"","overlay-type":"","overlay-color":"","overlay-opacity":"","overlay-gradient":""}}},"product_brand":[],"product_cat":[992],"product_tag":[],"class_list":{"0":"post-6219","1":"product","2":"type-product","3":"status-publish","4":"has-post-thumbnail","6":"product_cat-beauty-and-hygiene-products","7":"desktop-align-left","8":"tablet-align-left","9":"mobile-align-left","11":"first","12":"instock","13":"shipping-taxable","14":"purchasable","15":"product-type-simple"},"_links":{"self":[{"href":"https:\/\/keluvo.com\/fi\/wp-json\/wp\/v2\/product\/6219","targetHints":{"allow":["GET"]}}],"collection":[{"href":"https:\/\/keluvo.com\/fi\/wp-json\/wp\/v2\/product"}],"about":[{"href":"https:\/\/keluvo.com\/fi\/wp-json\/wp\/v2\/types\/product"}],"replies":[{"embeddable":true,"href":"https:\/\/keluvo.com\/fi\/wp-json\/wp\/v2\/comments?post=6219"}],"wp:featuredmedia":[{"embeddable":true,"href":"https:\/\/keluvo.com\/fi\/wp-json\/wp\/v2\/media\/6215"}],"wp:attachment":[{"href":"https:\/\/keluvo.com\/fi\/wp-json\/wp\/v2\/media?parent=6219"}],"wp:term":[{"taxonomy":"product_brand","embeddable":true,"href":"https:\/\/keluvo.com\/fi\/wp-json\/wp\/v2\/product_brand?post=6219"},{"taxonomy":"product_cat","embeddable":true,"href":"https:\/\/keluvo.com\/fi\/wp-json\/wp\/v2\/product_cat?post=6219"},{"taxonomy":"product_tag","embeddable":true,"href":"https:\/\/keluvo.com\/fi\/wp-json\/wp\/v2\/product_tag?post=6219"}],"curies":[{"name":"wp","href":"https:\/\/api.w.org\/{rel}","templated":true}]}}