{"id":6187,"date":"2025-03-04T10:47:56","date_gmt":"2025-03-04T08:47:56","guid":{"rendered":"https:\/\/keluvo.com\/fi\/?post_type=product&#038;p=6187"},"modified":"2025-11-18T16:07:54","modified_gmt":"2025-11-18T14:07:54","slug":"vinelettra","status":"publish","type":"product","link":"https:\/\/keluvo.com\/fi\/product\/vinelettra\/","title":{"rendered":"VinElettra\u2122 viininavaaja lis\u00e4varusteineen"},"content":{"rendered":"<h2 style=\"text-align: center;\">Paras paketti kaikille viinin harrastajille<\/h2>\n<p style=\"text-align: center;\">Olitpa sitten is\u00e4nn\u00f6im\u00e4ss\u00e4 illanistujaisia tai rentoutumassa pitk\u00e4n p\u00e4iv\u00e4n j\u00e4lkeen, t\u00e4m\u00e4 s\u00e4hk\u00f6inen viininavaaja antaa sinulle saumattoman ja tyylikk\u00e4\u00e4n kokemuksen. Et en\u00e4\u00e4 kamppaile korkkien kanssa tai pilaa hetke\u00e4 vuodoilla &#8211; vain vaivaton ja tyylik\u00e4s korkin avaaminen yhdell\u00e4 napin painalluksella. Jokaisen todellisen viininyst\u00e4v\u00e4n pakollinen hankinta!<\/p>\n<p><img decoding=\"async\" class=\"size-medium wp-image-9525 aligncenter\" src=\"https:\/\/keluvo.com\/no\/wp-content\/uploads\/sites\/10\/2025\/03\/wine_opener_gif_1.webp\" alt=\"\" \/><\/p>\n<h2 style=\"text-align: center;\">Kaikki tarvittava yhdess\u00e4 tyylikk\u00e4\u00e4ss\u00e4 setiss\u00e4<\/h2>\n<p style=\"text-align: center;\">T\u00e4m\u00e4 all-in-one-pakkaus on enemm\u00e4n kuin pelkk\u00e4 viininavaaja, sill\u00e4 se sis\u00e4lt\u00e4\u00e4 kaiken, mit\u00e4 tarvitset parantaaksesi viinikokemustasi alusta loppuun:<\/p>\n<p style=\"text-align: center;\">\u2714 S\u00e4hk\u00f6inen viininavaaja &#8211; irrottaa korkit vaivattomasti sekunneissa.<br \/>\n\u2714 Tarkka folioleikkuri &#8211; takaa puhtaan ja helpon avaamisen.<br \/>\n\u2714 Viinin kaadin &#8211; parantaa ilmavuutta tasaisemman maun aikaansaamiseksi.<br \/>\n\u2714 Tyhji\u00f6tulppa &#8211; s\u00e4ilytt\u00e4\u00e4 viinin tuoreuden pidemp\u00e4\u00e4n nautittavaksi<br \/>\n\u2714 Tyylik\u00e4s s\u00e4ilytystelakka &#8211; pit\u00e4\u00e4 kaiken j\u00e4rjestyksess\u00e4 ja k\u00e4den ulottuvilla.<\/p>\n<p style=\"text-align: center;\">T\u00e4m\u00e4 k\u00e4tev\u00e4sti, tyylikk\u00e4\u00e4sti ja toimivasti suunniteltu setti on viinin harrastajien ehdoton hankinta ja t\u00e4ydellinen lahja mihin tahansa tilaisuuteen.<\/p>\n<p style=\"text-align: center;\"><img decoding=\"async\" class=\"size-medium wp-image-9527 aligncenter\" style=\"font-style: inherit; font-weight: inherit;\" src=\"https:\/\/keluvo.com\/no\/wp-content\/uploads\/sites\/10\/2025\/03\/wine_opener_image_2.webp\" alt=\"\" \/><\/p>\n<h2 style=\"text-align: center;\">Helppok\u00e4ytt\u00f6inen &#8211; nauti viinist\u00e4si sekunneissa<\/h2>\n<p style=\"text-align: center;\">Ei monimutkaisia vaiheita, ei vaivaa &#8211; vain vaivaton viinin avaaminen napin painalluksella:<\/p>\n<p style=\"text-align: center;\">1\ufe0f\u20e3 Poista folio mukana tulevalla leikkurilla, jotta aloitat puhtaasti.<br \/>\n2\ufe0f\u20e3 Aseta s\u00e4hk\u00f6inen avaaja korkin p\u00e4\u00e4lle ja paina nappia &#8211; se irrottaa korkin sekunneissa.<br \/>\n3\ufe0f\u20e3 Kaada helposti mukana tulevalla ilmastointikourulla parempaa makua varten.<br \/>\n4\ufe0f\u20e3 S\u00e4ilyt\u00e4 viini\u00e4si tyhji\u00f6korkilla, jotta se pysyy tuoreena my\u00f6hemp\u00e4\u00e4 k\u00e4ytt\u00f6\u00e4 varten.<\/p>\n<p style=\"text-align: center;\">T\u00e4m\u00e4n setin avulla jokainen pullo on hetki, jonka voit nauttia tyylikk\u00e4\u00e4sti.<\/p>\n<p><img decoding=\"async\" class=\"size-medium wp-image-9526 aligncenter\" src=\"https:\/\/keluvo.com\/no\/wp-content\/uploads\/sites\/10\/2025\/03\/wine_opener_gif_3.webp\" alt=\"\" \/><\/p>\n<h2 style=\"text-align: center;\">\ud83d\udccfTuotteen tekniset tiedot<\/h2>\n<ul>\n<li>Materiaali: Ruostumaton ter\u00e4s<\/li>\n<li>Paino: 360 g<\/li>\n<li>Tarvittavat paristot: 4 x AA-paristoa (ei sis\u00e4lly toimitukseen)<\/li>\n<\/ul>\n<h2 style=\"text-align: center;\">\ud83d\udce6Paketti sis\u00e4lt\u00e4\u00e4<\/h2>\n<ul>\n<li>1x pullonavaaja<\/li>\n<li>1x folioveitsi<\/li>\n<li>1x ilmastettu kaataja<\/li>\n<li>1x tyhji\u00f6korkki<\/li>\n<li>1x s\u00e4ilytysteline<\/li>\n<\/ul>\n","protected":false},"excerpt":{"rendered":"<p>Paras paketti kaikille viinin harrastajille Olitpa sitten is\u00e4nn\u00f6im\u00e4ss\u00e4 illanistujaisia tai rentoutumassa pitk\u00e4n p\u00e4iv\u00e4n j\u00e4lkeen, t\u00e4m\u00e4 s\u00e4hk\u00f6inen viininavaaja antaa sinulle saumattoman [&hellip;]<\/p>\n","protected":false},"featured_media":6188,"comment_status":"open","ping_status":"closed","template":"","meta":{"site-sidebar-layout":"default","site-content-layout":"","ast-site-content-layout":"default","site-content-style":"default","site-sidebar-style":"default","ast-global-header-display":"","ast-banner-title-visibility":"","ast-main-header-display":"","ast-hfb-above-header-display":"","ast-hfb-below-header-display":"","ast-hfb-mobile-header-display":"","site-post-title":"","ast-breadcrumbs-content":"","ast-featured-img":"","footer-sml-layout":"","theme-transparent-header-meta":"default","adv-header-id-meta":"","stick-header-meta":"","header-above-stick-meta":"","header-main-stick-meta":"","header-below-stick-meta":"","astra-migrate-meta-layouts":"set","ast-page-background-enabled":"default","ast-page-background-meta":{"desktop":{"background-color":"var(--ast-global-color-4)","background-image":"","background-repeat":"repeat","background-position":"center center","background-size":"auto","background-attachment":"scroll","background-type":"","background-media":"","overlay-type":"","overlay-color":"","overlay-opacity":"","overlay-gradient":""},"tablet":{"background-color":"","background-image":"","background-repeat":"repeat","background-position":"center center","background-size":"auto","background-attachment":"scroll","background-type":"","background-media":"","overlay-type":"","overlay-color":"","overlay-opacity":"","overlay-gradient":""},"mobile":{"background-color":"","background-image":"","background-repeat":"repeat","background-position":"center center","background-size":"auto","background-attachment":"scroll","background-type":"","background-media":"","overlay-type":"","overlay-color":"","overlay-opacity":"","overlay-gradient":""}},"ast-content-background-meta":{"desktop":{"background-color":"var(--ast-global-color-5)","background-image":"","background-repeat":"repeat","background-position":"center center","background-size":"auto","background-attachment":"scroll","background-type":"","background-media":"","overlay-type":"","overlay-color":"","overlay-opacity":"","overlay-gradient":""},"tablet":{"background-color":"var(--ast-global-color-5)","background-image":"","background-repeat":"repeat","background-position":"center center","background-size":"auto","background-attachment":"scroll","background-type":"","background-media":"","overlay-type":"","overlay-color":"","overlay-opacity":"","overlay-gradient":""},"mobile":{"background-color":"var(--ast-global-color-5)","background-image":"","background-repeat":"repeat","background-position":"center center","background-size":"auto","background-attachment":"scroll","background-type":"","background-media":"","overlay-type":"","overlay-color":"","overlay-opacity":"","overlay-gradient":""}}},"product_brand":[],"product_cat":[1718],"product_tag":[],"class_list":{"0":"post-6187","1":"product","2":"type-product","3":"status-publish","4":"has-post-thumbnail","6":"product_cat-verktoy","7":"desktop-align-left","8":"tablet-align-left","9":"mobile-align-left","11":"first","12":"instock","13":"shipping-taxable","14":"purchasable","15":"product-type-simple"},"_links":{"self":[{"href":"https:\/\/keluvo.com\/fi\/wp-json\/wp\/v2\/product\/6187","targetHints":{"allow":["GET"]}}],"collection":[{"href":"https:\/\/keluvo.com\/fi\/wp-json\/wp\/v2\/product"}],"about":[{"href":"https:\/\/keluvo.com\/fi\/wp-json\/wp\/v2\/types\/product"}],"replies":[{"embeddable":true,"href":"https:\/\/keluvo.com\/fi\/wp-json\/wp\/v2\/comments?post=6187"}],"wp:featuredmedia":[{"embeddable":true,"href":"https:\/\/keluvo.com\/fi\/wp-json\/wp\/v2\/media\/6188"}],"wp:attachment":[{"href":"https:\/\/keluvo.com\/fi\/wp-json\/wp\/v2\/media?parent=6187"}],"wp:term":[{"taxonomy":"product_brand","embeddable":true,"href":"https:\/\/keluvo.com\/fi\/wp-json\/wp\/v2\/product_brand?post=6187"},{"taxonomy":"product_cat","embeddable":true,"href":"https:\/\/keluvo.com\/fi\/wp-json\/wp\/v2\/product_cat?post=6187"},{"taxonomy":"product_tag","embeddable":true,"href":"https:\/\/keluvo.com\/fi\/wp-json\/wp\/v2\/product_tag?post=6187"}],"curies":[{"name":"wp","href":"https:\/\/api.w.org\/{rel}","templated":true}]}}