{"id":6127,"date":"2025-02-25T20:45:51","date_gmt":"2025-02-25T18:45:51","guid":{"rendered":"https:\/\/keluvo.com\/fi\/product\/pu-olkalaukku\/"},"modified":"2025-02-25T20:45:51","modified_gmt":"2025-02-25T18:45:51","slug":"pu-olkalaukku","status":"publish","type":"product","link":"https:\/\/keluvo.com\/fi\/product\/pu-olkalaukku\/","title":{"rendered":"PU olkalaukku"},"content":{"rendered":"<h2 style=\"text-align: center\" data-start=\"0\" data-end=\"37\"><strong data-start=\"3\" data-end=\"35\">Tyylik\u00e4s Ja Monipuolinen Muotoilu<\/strong><\/h2>\n<p style=\"text-align: center\" data-start=\"38\" data-end=\"323\">PU-olkalaukussa on moderni ja tyylik\u00e4s v\u00e4riyhdistelm\u00e4, joka t\u00e4ydent\u00e4\u00e4 erilaisia asuja. Sen trendik\u00e4s muotoilu tekee siit\u00e4 t\u00e4ydellisen lis\u00e4varusteen sek\u00e4 rentoihin ett\u00e4 virallisiin tilaisuuksiin. Olitpa sitten menossa t\u00f6ihin tai p\u00e4iv\u00e4retkelle, t\u00e4m\u00e4 laukku lis\u00e4\u00e4 tyylikkyytt\u00e4 mihin tahansa lookkiin.<\/p>\n<p data-start=\"38\" data-end=\"323\"><img decoding=\"async\" class=\"alignnone size-medium wp-image-11933 aligncenter\" src=\"https:\/\/keluvo.com\/template\/wp-content\/uploads\/sites\/5\/2025\/02\/Scdf47ddcab984410b248f49a2487c77f8.jpeg\" alt=\"\" \/><\/p>\n<h2 style=\"text-align: center\" data-start=\"325\" data-end=\"359\"><strong data-start=\"328\" data-end=\"357\">Kest\u00e4v\u00e4 Ja Pehme\u00e4 Materiaali<\/strong><\/h2>\n<p style=\"text-align: center\" data-start=\"360\" data-end=\"630\">T\u00e4m\u00e4 olkalaukku on valmistettu korkealaatuisesta PU-nahasta, ja se on sek\u00e4 kest\u00e4v\u00e4 ett\u00e4 pehme\u00e4n tuntuinen. Materiaali tarjoaa ylellisen tuntuman ja on samalla helppohoitoinen, joten se on k\u00e4yt\u00e4nn\u00f6llinen valinta jokap\u00e4iv\u00e4iseen k\u00e4ytt\u00f6\u00f6n. Voit luottaa sen kest\u00e4vyyteen mukavuudesta tinkim\u00e4tt\u00e4.<\/p>\n<p data-start=\"360\" data-end=\"630\"><img decoding=\"async\" class=\"alignnone size-medium wp-image-11928 aligncenter\" src=\"https:\/\/keluvo.com\/template\/wp-content\/uploads\/sites\/5\/2025\/02\/S8e99c187fb904097808b339752609916A.jpg_960x960q75.jpg_.jpeg\" alt=\"\" \/><\/p>\n","protected":false},"excerpt":{"rendered":"<p>Tyylik\u00e4s Ja Monipuolinen Muotoilu PU-olkalaukussa on moderni ja tyylik\u00e4s v\u00e4riyhdistelm\u00e4, joka t\u00e4ydent\u00e4\u00e4 erilaisia asuja. Sen trendik\u00e4s muotoilu tekee siit\u00e4 t\u00e4ydellisen [&hellip;]<\/p>\n","protected":false},"featured_media":6123,"comment_status":"open","ping_status":"closed","template":"","meta":{"site-sidebar-layout":"default","site-content-layout":"","ast-site-content-layout":"default","site-content-style":"default","site-sidebar-style":"default","ast-global-header-display":"","ast-banner-title-visibility":"","ast-main-header-display":"","ast-hfb-above-header-display":"","ast-hfb-below-header-display":"","ast-hfb-mobile-header-display":"","site-post-title":"","ast-breadcrumbs-content":"","ast-featured-img":"","footer-sml-layout":"","theme-transparent-header-meta":"default","adv-header-id-meta":"","stick-header-meta":"","header-above-stick-meta":"","header-main-stick-meta":"","header-below-stick-meta":"","astra-migrate-meta-layouts":"set","ast-page-background-enabled":"default","ast-page-background-meta":{"desktop":{"background-color":"var(--ast-global-color-4)","background-image":"","background-repeat":"repeat","background-position":"center center","background-size":"auto","background-attachment":"scroll","background-type":"","background-media":"","overlay-type":"","overlay-color":"","overlay-opacity":"","overlay-gradient":""},"tablet":{"background-color":"","background-image":"","background-repeat":"repeat","background-position":"center center","background-size":"auto","background-attachment":"scroll","background-type":"","background-media":"","overlay-type":"","overlay-color":"","overlay-opacity":"","overlay-gradient":""},"mobile":{"background-color":"","background-image":"","background-repeat":"repeat","background-position":"center center","background-size":"auto","background-attachment":"scroll","background-type":"","background-media":"","overlay-type":"","overlay-color":"","overlay-opacity":"","overlay-gradient":""}},"ast-content-background-meta":{"desktop":{"background-color":"var(--ast-global-color-5)","background-image":"","background-repeat":"repeat","background-position":"center center","background-size":"auto","background-attachment":"scroll","background-type":"","background-media":"","overlay-type":"","overlay-color":"","overlay-opacity":"","overlay-gradient":""},"tablet":{"background-color":"var(--ast-global-color-5)","background-image":"","background-repeat":"repeat","background-position":"center center","background-size":"auto","background-attachment":"scroll","background-type":"","background-media":"","overlay-type":"","overlay-color":"","overlay-opacity":"","overlay-gradient":""},"mobile":{"background-color":"var(--ast-global-color-5)","background-image":"","background-repeat":"repeat","background-position":"center center","background-size":"auto","background-attachment":"scroll","background-type":"","background-media":"","overlay-type":"","overlay-color":"","overlay-opacity":"","overlay-gradient":""}}},"product_brand":[],"product_cat":[993],"product_tag":[],"class_list":{"0":"post-6127","1":"product","2":"type-product","3":"status-publish","4":"has-post-thumbnail","6":"product_cat-footwear-accessories","7":"desktop-align-left","8":"tablet-align-left","9":"mobile-align-left","11":"first","12":"instock","13":"shipping-taxable","14":"purchasable","15":"product-type-simple"},"_links":{"self":[{"href":"https:\/\/keluvo.com\/fi\/wp-json\/wp\/v2\/product\/6127","targetHints":{"allow":["GET"]}}],"collection":[{"href":"https:\/\/keluvo.com\/fi\/wp-json\/wp\/v2\/product"}],"about":[{"href":"https:\/\/keluvo.com\/fi\/wp-json\/wp\/v2\/types\/product"}],"replies":[{"embeddable":true,"href":"https:\/\/keluvo.com\/fi\/wp-json\/wp\/v2\/comments?post=6127"}],"wp:featuredmedia":[{"embeddable":true,"href":"https:\/\/keluvo.com\/fi\/wp-json\/wp\/v2\/media\/6123"}],"wp:attachment":[{"href":"https:\/\/keluvo.com\/fi\/wp-json\/wp\/v2\/media?parent=6127"}],"wp:term":[{"taxonomy":"product_brand","embeddable":true,"href":"https:\/\/keluvo.com\/fi\/wp-json\/wp\/v2\/product_brand?post=6127"},{"taxonomy":"product_cat","embeddable":true,"href":"https:\/\/keluvo.com\/fi\/wp-json\/wp\/v2\/product_cat?post=6127"},{"taxonomy":"product_tag","embeddable":true,"href":"https:\/\/keluvo.com\/fi\/wp-json\/wp\/v2\/product_tag?post=6127"}],"curies":[{"name":"wp","href":"https:\/\/api.w.org\/{rel}","templated":true}]}}