{"id":6112,"date":"2025-02-25T20:44:00","date_gmt":"2025-02-25T18:44:00","guid":{"rendered":"https:\/\/keluvo.com\/fi\/product\/asentoa-korjaava-liivi\/"},"modified":"2025-02-25T20:44:29","modified_gmt":"2025-02-25T18:44:29","slug":"asentoa-korjaava-liivi","status":"publish","type":"product","link":"https:\/\/keluvo.com\/fi\/product\/asentoa-korjaava-liivi\/","title":{"rendered":"Asentoa korjaava liivi"},"content":{"rendered":"<h2 style=\"text-align: center\" data-start=\"0\" data-end=\"32\"><strong>Tukee Tervett\u00e4 Ryhti\u00e4<\/strong><\/h2>\n<p style=\"text-align: center\" data-start=\"33\" data-end=\"242\">Asennonkorjausliivi auttaa kohdistamaan sel\u00e4n ja hartiat ja parantamaan ryhti\u00e4. Se tarjoaa lempe\u00e4\u00e4 tukea v\u00e4hent\u00e4m\u00e4\u00e4n notkoilua ja ep\u00e4mukavuutta. K\u00e4yt\u00e4 sit\u00e4 p\u00e4ivitt\u00e4in edist\u00e4\u00e4ksesi ryhdikk\u00e4\u00e4mp\u00e4\u00e4 ja itsevarmempaa asentoa.<\/p>\n<p data-start=\"33\" data-end=\"242\"><img decoding=\"async\" class=\"alignnone size-medium wp-image-11746 aligncenter\" src=\"https:\/\/keluvo.com\/template\/wp-content\/uploads\/sites\/5\/2025\/02\/S51163f7da6114b4fac6ac1096d7954adk.jpg_960x960q75.jpg_.jpeg\" alt=\"\" \/><\/p>\n<h2 style=\"text-align: center\" data-start=\"244\" data-end=\"280\"><strong>S\u00e4\u00e4dett\u00e4v\u00e4 Ja Mukava Istuvuus<\/strong><\/h2>\n<p style=\"text-align: center\" data-start=\"281\" data-end=\"520\">Suunniteltu s\u00e4\u00e4dett\u00e4vill\u00e4 hihnoilla, asentoa korjaava liivi takaa turvallisen ja yksil\u00f6llisen istuvuuden. Kevyt ja hengitt\u00e4v\u00e4 materiaali tekee siit\u00e4 mukavan pitk\u00e4\u00e4nkin k\u00e4ytt\u00e4\u00e4. Sopii sek\u00e4 miehille ett\u00e4 naisille, sit\u00e4 voi k\u00e4ytt\u00e4\u00e4 vaatteiden alla.<\/p>\n<p data-start=\"281\" data-end=\"520\"><img decoding=\"async\" class=\"alignnone size-medium wp-image-11748 aligncenter\" src=\"https:\/\/keluvo.com\/template\/wp-content\/uploads\/sites\/5\/2025\/02\/Se0a880c9d64b42a0838f387a3d0d24a7X.jpg_960x960q75.jpg_.jpeg\" alt=\"\" \/><\/p>\n","protected":false},"excerpt":{"rendered":"<p>Tukee Tervett\u00e4 Ryhti\u00e4 Asennonkorjausliivi auttaa kohdistamaan sel\u00e4n ja hartiat ja parantamaan ryhti\u00e4. Se tarjoaa lempe\u00e4\u00e4 tukea v\u00e4hent\u00e4m\u00e4\u00e4n notkoilua ja ep\u00e4mukavuutta. [&hellip;]<\/p>\n","protected":false},"featured_media":6108,"comment_status":"open","ping_status":"closed","template":"","meta":{"site-sidebar-layout":"default","site-content-layout":"","ast-site-content-layout":"default","site-content-style":"default","site-sidebar-style":"default","ast-global-header-display":"","ast-banner-title-visibility":"","ast-main-header-display":"","ast-hfb-above-header-display":"","ast-hfb-below-header-display":"","ast-hfb-mobile-header-display":"","site-post-title":"","ast-breadcrumbs-content":"","ast-featured-img":"","footer-sml-layout":"","theme-transparent-header-meta":"default","adv-header-id-meta":"","stick-header-meta":"","header-above-stick-meta":"","header-main-stick-meta":"","header-below-stick-meta":"","astra-migrate-meta-layouts":"set","ast-page-background-enabled":"default","ast-page-background-meta":{"desktop":{"background-color":"var(--ast-global-color-4)","background-image":"","background-repeat":"repeat","background-position":"center center","background-size":"auto","background-attachment":"scroll","background-type":"","background-media":"","overlay-type":"","overlay-color":"","overlay-opacity":"","overlay-gradient":""},"tablet":{"background-color":"","background-image":"","background-repeat":"repeat","background-position":"center center","background-size":"auto","background-attachment":"scroll","background-type":"","background-media":"","overlay-type":"","overlay-color":"","overlay-opacity":"","overlay-gradient":""},"mobile":{"background-color":"","background-image":"","background-repeat":"repeat","background-position":"center center","background-size":"auto","background-attachment":"scroll","background-type":"","background-media":"","overlay-type":"","overlay-color":"","overlay-opacity":"","overlay-gradient":""}},"ast-content-background-meta":{"desktop":{"background-color":"var(--ast-global-color-5)","background-image":"","background-repeat":"repeat","background-position":"center center","background-size":"auto","background-attachment":"scroll","background-type":"","background-media":"","overlay-type":"","overlay-color":"","overlay-opacity":"","overlay-gradient":""},"tablet":{"background-color":"var(--ast-global-color-5)","background-image":"","background-repeat":"repeat","background-position":"center center","background-size":"auto","background-attachment":"scroll","background-type":"","background-media":"","overlay-type":"","overlay-color":"","overlay-opacity":"","overlay-gradient":""},"mobile":{"background-color":"var(--ast-global-color-5)","background-image":"","background-repeat":"repeat","background-position":"center center","background-size":"auto","background-attachment":"scroll","background-type":"","background-media":"","overlay-type":"","overlay-color":"","overlay-opacity":"","overlay-gradient":""}}},"product_brand":[],"product_cat":[991],"product_tag":[],"class_list":{"0":"post-6112","1":"product","2":"type-product","3":"status-publish","4":"has-post-thumbnail","6":"product_cat-health-care-supplies","7":"pa_gqk5cezt-l","8":"pa_gqk5cezt-m","9":"pa_gqk5cezt-s","10":"pa_gqk5cezt-xl","11":"pa_gqk5cezt-xxl","12":"desktop-align-left","13":"tablet-align-left","14":"mobile-align-left","16":"first","17":"instock","18":"shipping-taxable","19":"purchasable","20":"product-type-variable"},"_links":{"self":[{"href":"https:\/\/keluvo.com\/fi\/wp-json\/wp\/v2\/product\/6112","targetHints":{"allow":["GET"]}}],"collection":[{"href":"https:\/\/keluvo.com\/fi\/wp-json\/wp\/v2\/product"}],"about":[{"href":"https:\/\/keluvo.com\/fi\/wp-json\/wp\/v2\/types\/product"}],"replies":[{"embeddable":true,"href":"https:\/\/keluvo.com\/fi\/wp-json\/wp\/v2\/comments?post=6112"}],"wp:featuredmedia":[{"embeddable":true,"href":"https:\/\/keluvo.com\/fi\/wp-json\/wp\/v2\/media\/6108"}],"wp:attachment":[{"href":"https:\/\/keluvo.com\/fi\/wp-json\/wp\/v2\/media?parent=6112"}],"wp:term":[{"taxonomy":"product_brand","embeddable":true,"href":"https:\/\/keluvo.com\/fi\/wp-json\/wp\/v2\/product_brand?post=6112"},{"taxonomy":"product_cat","embeddable":true,"href":"https:\/\/keluvo.com\/fi\/wp-json\/wp\/v2\/product_cat?post=6112"},{"taxonomy":"product_tag","embeddable":true,"href":"https:\/\/keluvo.com\/fi\/wp-json\/wp\/v2\/product_tag?post=6112"}],"curies":[{"name":"wp","href":"https:\/\/api.w.org\/{rel}","templated":true}]}}