{"id":5914,"date":"2025-02-18T19:33:45","date_gmt":"2025-02-18T17:33:45","guid":{"rendered":"https:\/\/keluvo.com\/fi\/product\/vedenpitava-kissamatto\/"},"modified":"2025-02-18T19:34:56","modified_gmt":"2025-02-18T17:34:56","slug":"vedenpitava-kissamatto","status":"publish","type":"product","link":"https:\/\/keluvo.com\/fi\/product\/vedenpitava-kissamatto\/","title":{"rendered":"Vedenpit\u00e4v\u00e4 kissamatto"},"content":{"rendered":"<h2 style=\"text-align: center\"><strong>Tehokas Pentueen Pid\u00e4tt\u00e4minen<\/strong><\/h2>\n<p style=\"text-align: center\">Vedenpit\u00e4v\u00e4 kissamatto on suunniteltu pid\u00e4tt\u00e4m\u00e4\u00e4n kissasi laatikosta ulos kulkeutuvat pehkut. Sen hunajakennomainen kaksikerrosrakenne varmistaa, ett\u00e4 pienet pehkuhiukkaset j\u00e4\u00e4v\u00e4t kiinni, mik\u00e4 pit\u00e4\u00e4 kotisi puhtaampana. T\u00e4m\u00e4 matto auttaa est\u00e4m\u00e4\u00e4n pehkun levi\u00e4misen lattialle, mik\u00e4 v\u00e4hent\u00e4\u00e4 siivousaikaa.<\/p>\n<p><img decoding=\"async\" class=\"alignnone size-medium wp-image-4320 aligncenter\" src=\"https:\/\/keluvo.com\/template\/wp-content\/uploads\/sites\/5\/2024\/11\/A636e9e61ea484d2b921d4f8d8119f381N.jpg_640x640.jpg_.png\" alt=\"\" \/><\/p>\n<h2 style=\"text-align: center\"><strong>Helppo Puhdistaa<\/strong><\/h2>\n<p style=\"text-align: center\">Vedenpit\u00e4v\u00e4n kissamaton puhdistaminen on nopeaa ja helppoa. Yl\u00e4puolinen verkkokerros p\u00e4\u00e4st\u00e4\u00e4 pehkun l\u00e4pi, kun taas alapuolella oleva vedenpit\u00e4v\u00e4 kerros tekee sotkujen pyyhkimisest\u00e4 helppoa. Poista vain kuivike, ja matto on valmis k\u00e4ytett\u00e4v\u00e4ksi uudelleen, mik\u00e4 tekee siit\u00e4 vaivattoman ratkaisun kissanomistajille.<\/p>\n<p><img decoding=\"async\" class=\"alignnone size-medium wp-image-4322 aligncenter\" src=\"https:\/\/keluvo.com\/template\/wp-content\/uploads\/sites\/5\/2024\/11\/S47cd561be6814d0ca5ddc4e5eb17c801M.jpg\" alt=\"\" \/><\/p>\n","protected":false},"excerpt":{"rendered":"<p>Tehokas Pentueen Pid\u00e4tt\u00e4minen Vedenpit\u00e4v\u00e4 kissamatto on suunniteltu pid\u00e4tt\u00e4m\u00e4\u00e4n kissasi laatikosta ulos kulkeutuvat pehkut. Sen hunajakennomainen kaksikerrosrakenne varmistaa, ett\u00e4 pienet pehkuhiukkaset [&hellip;]<\/p>\n","protected":false},"featured_media":5910,"comment_status":"open","ping_status":"closed","template":"","meta":{"site-sidebar-layout":"default","site-content-layout":"","ast-site-content-layout":"default","site-content-style":"default","site-sidebar-style":"default","ast-global-header-display":"","ast-banner-title-visibility":"","ast-main-header-display":"","ast-hfb-above-header-display":"","ast-hfb-below-header-display":"","ast-hfb-mobile-header-display":"","site-post-title":"","ast-breadcrumbs-content":"","ast-featured-img":"","footer-sml-layout":"","theme-transparent-header-meta":"default","adv-header-id-meta":"","stick-header-meta":"","header-above-stick-meta":"","header-main-stick-meta":"","header-below-stick-meta":"","astra-migrate-meta-layouts":"set","ast-page-background-enabled":"default","ast-page-background-meta":{"desktop":{"background-color":"var(--ast-global-color-4)","background-image":"","background-repeat":"repeat","background-position":"center center","background-size":"auto","background-attachment":"scroll","background-type":"","background-media":"","overlay-type":"","overlay-color":"","overlay-opacity":"","overlay-gradient":""},"tablet":{"background-color":"","background-image":"","background-repeat":"repeat","background-position":"center center","background-size":"auto","background-attachment":"scroll","background-type":"","background-media":"","overlay-type":"","overlay-color":"","overlay-opacity":"","overlay-gradient":""},"mobile":{"background-color":"","background-image":"","background-repeat":"repeat","background-position":"center center","background-size":"auto","background-attachment":"scroll","background-type":"","background-media":"","overlay-type":"","overlay-color":"","overlay-opacity":"","overlay-gradient":""}},"ast-content-background-meta":{"desktop":{"background-color":"var(--ast-global-color-5)","background-image":"","background-repeat":"repeat","background-position":"center center","background-size":"auto","background-attachment":"scroll","background-type":"","background-media":"","overlay-type":"","overlay-color":"","overlay-opacity":"","overlay-gradient":""},"tablet":{"background-color":"var(--ast-global-color-5)","background-image":"","background-repeat":"repeat","background-position":"center center","background-size":"auto","background-attachment":"scroll","background-type":"","background-media":"","overlay-type":"","overlay-color":"","overlay-opacity":"","overlay-gradient":""},"mobile":{"background-color":"var(--ast-global-color-5)","background-image":"","background-repeat":"repeat","background-position":"center center","background-size":"auto","background-attachment":"scroll","background-type":"","background-media":"","overlay-type":"","overlay-color":"","overlay-opacity":"","overlay-gradient":""}}},"product_brand":[],"product_cat":[997],"product_tag":[],"class_list":{"0":"post-5914","1":"product","2":"type-product","3":"status-publish","4":"has-post-thumbnail","6":"product_cat-pets-products","7":"pa_wk0f7toh-harmaa","8":"pa_wk0f7toh-khaki","9":"pa_wk0f7toh-musta","10":"pa_wk0f7toh-ruskea","11":"pa_wk0f7toh-sininen","12":"pa_wk0f7toh-vaaleanpunainen","13":"pa_xwfe2u71-30x45cm","14":"pa_xwfe2u71-45x60cm","15":"pa_xwfe2u71-60x90cm","16":"desktop-align-left","17":"tablet-align-left","18":"mobile-align-left","20":"first","21":"instock","22":"shipping-taxable","23":"purchasable","24":"product-type-variable"},"_links":{"self":[{"href":"https:\/\/keluvo.com\/fi\/wp-json\/wp\/v2\/product\/5914","targetHints":{"allow":["GET"]}}],"collection":[{"href":"https:\/\/keluvo.com\/fi\/wp-json\/wp\/v2\/product"}],"about":[{"href":"https:\/\/keluvo.com\/fi\/wp-json\/wp\/v2\/types\/product"}],"replies":[{"embeddable":true,"href":"https:\/\/keluvo.com\/fi\/wp-json\/wp\/v2\/comments?post=5914"}],"wp:featuredmedia":[{"embeddable":true,"href":"https:\/\/keluvo.com\/fi\/wp-json\/wp\/v2\/media\/5910"}],"wp:attachment":[{"href":"https:\/\/keluvo.com\/fi\/wp-json\/wp\/v2\/media?parent=5914"}],"wp:term":[{"taxonomy":"product_brand","embeddable":true,"href":"https:\/\/keluvo.com\/fi\/wp-json\/wp\/v2\/product_brand?post=5914"},{"taxonomy":"product_cat","embeddable":true,"href":"https:\/\/keluvo.com\/fi\/wp-json\/wp\/v2\/product_cat?post=5914"},{"taxonomy":"product_tag","embeddable":true,"href":"https:\/\/keluvo.com\/fi\/wp-json\/wp\/v2\/product_tag?post=5914"}],"curies":[{"name":"wp","href":"https:\/\/api.w.org\/{rel}","templated":true}]}}