{"id":5811,"date":"2025-02-17T21:56:45","date_gmt":"2025-02-17T19:56:45","guid":{"rendered":"https:\/\/keluvo.com\/fi\/product\/vedenkestava-luomivari\/"},"modified":"2025-02-17T21:57:04","modified_gmt":"2025-02-17T19:57:04","slug":"vedenkestava-luomivari","status":"publish","type":"product","link":"https:\/\/keluvo.com\/fi\/product\/vedenkestava-luomivari\/","title":{"rendered":"Vedenkest\u00e4v\u00e4 luomiv\u00e4ri"},"content":{"rendered":"<h2 style=\"text-align: center\" data-start=\"0\" data-end=\"33\"><strong>Pitk\u00e4kestoinen Ja Vedenkest\u00e4v\u00e4<\/strong><\/h2>\n<p style=\"text-align: center\" data-start=\"34\" data-end=\"263\">Vedenkest\u00e4v\u00e4 luomiv\u00e4ri on suunniteltu pysym\u00e4\u00e4n paikallaan jopa 12 tuntia. Vedenkest\u00e4v\u00e4 koostumus est\u00e4\u00e4 tahraantumisen ja haalistumisen, joten silm\u00e4meikki pysyy tuoreena koko p\u00e4iv\u00e4n. T\u00e4ydellinen kaikkiin tilaisuuksiin, p\u00e4ivitt\u00e4isest\u00e4 k\u00e4yt\u00f6st\u00e4 erityistapahtumiin.<\/p>\n<p data-start=\"34\" data-end=\"263\"><img decoding=\"async\" class=\"alignnone size-medium wp-image-11809 aligncenter\" src=\"https:\/\/keluvo.com\/template\/wp-content\/uploads\/sites\/5\/2025\/02\/S553079971064441795f0859dc76c239f9.jpeg\" alt=\"\" \/><\/p>\n<h2 style=\"text-align: center\" data-start=\"265\" data-end=\"298\"><strong>Helppo Ja Pehme\u00e4 Levitys<\/strong><\/h2>\n<p style=\"text-align: center\" data-start=\"299\" data-end=\"521\">T\u00e4m\u00e4 vedenkest\u00e4v\u00e4 luomiv\u00e4ri liukuu vaivattomasti silkkisen koostumuksen ansiosta. Se levittyy tasaisesti ilman paakkuuntumista, joten sill\u00e4 on helppo luoda luonnollisia tai rohkeita ilmeit\u00e4. Sis\u00e4\u00e4nrakennettu sivellin auttaa h\u00e4ivytt\u00e4m\u00e4\u00e4n v\u00e4rit virheett\u00f6m\u00e4\u00e4n lopputulokseen.<\/p>\n<p data-start=\"299\" data-end=\"521\"><img decoding=\"async\" class=\"alignnone size-medium wp-image-11805 aligncenter\" src=\"https:\/\/keluvo.com\/template\/wp-content\/uploads\/sites\/5\/2025\/02\/S0540cac48db44803846f7f98b592fbbdA.jpeg\" alt=\"\" \/><\/p>\n","protected":false},"excerpt":{"rendered":"<p>Pitk\u00e4kestoinen Ja Vedenkest\u00e4v\u00e4 Vedenkest\u00e4v\u00e4 luomiv\u00e4ri on suunniteltu pysym\u00e4\u00e4n paikallaan jopa 12 tuntia. Vedenkest\u00e4v\u00e4 koostumus est\u00e4\u00e4 tahraantumisen ja haalistumisen, joten silm\u00e4meikki [&hellip;]<\/p>\n","protected":false},"featured_media":5807,"comment_status":"open","ping_status":"closed","template":"","meta":{"site-sidebar-layout":"default","site-content-layout":"","ast-site-content-layout":"default","site-content-style":"default","site-sidebar-style":"default","ast-global-header-display":"","ast-banner-title-visibility":"","ast-main-header-display":"","ast-hfb-above-header-display":"","ast-hfb-below-header-display":"","ast-hfb-mobile-header-display":"","site-post-title":"","ast-breadcrumbs-content":"","ast-featured-img":"","footer-sml-layout":"","theme-transparent-header-meta":"default","adv-header-id-meta":"","stick-header-meta":"","header-above-stick-meta":"","header-main-stick-meta":"","header-below-stick-meta":"","astra-migrate-meta-layouts":"set","ast-page-background-enabled":"default","ast-page-background-meta":{"desktop":{"background-color":"var(--ast-global-color-4)","background-image":"","background-repeat":"repeat","background-position":"center center","background-size":"auto","background-attachment":"scroll","background-type":"","background-media":"","overlay-type":"","overlay-color":"","overlay-opacity":"","overlay-gradient":""},"tablet":{"background-color":"","background-image":"","background-repeat":"repeat","background-position":"center center","background-size":"auto","background-attachment":"scroll","background-type":"","background-media":"","overlay-type":"","overlay-color":"","overlay-opacity":"","overlay-gradient":""},"mobile":{"background-color":"","background-image":"","background-repeat":"repeat","background-position":"center center","background-size":"auto","background-attachment":"scroll","background-type":"","background-media":"","overlay-type":"","overlay-color":"","overlay-opacity":"","overlay-gradient":""}},"ast-content-background-meta":{"desktop":{"background-color":"var(--ast-global-color-5)","background-image":"","background-repeat":"repeat","background-position":"center center","background-size":"auto","background-attachment":"scroll","background-type":"","background-media":"","overlay-type":"","overlay-color":"","overlay-opacity":"","overlay-gradient":""},"tablet":{"background-color":"var(--ast-global-color-5)","background-image":"","background-repeat":"repeat","background-position":"center center","background-size":"auto","background-attachment":"scroll","background-type":"","background-media":"","overlay-type":"","overlay-color":"","overlay-opacity":"","overlay-gradient":""},"mobile":{"background-color":"var(--ast-global-color-5)","background-image":"","background-repeat":"repeat","background-position":"center center","background-size":"auto","background-attachment":"scroll","background-type":"","background-media":"","overlay-type":"","overlay-color":"","overlay-opacity":"","overlay-gradient":""}}},"product_brand":[],"product_cat":[992],"product_tag":[],"class_list":{"0":"post-5811","1":"product","2":"type-product","3":"status-publish","4":"has-post-thumbnail","6":"product_cat-beauty-and-hygiene-products","7":"pa_k04g2mq1-1635","8":"pa_k04g2mq1-1636","9":"pa_k04g2mq1-1637","10":"pa_k04g2mq1-1638","11":"pa_k04g2mq1-1639","12":"pa_k04g2mq1-1640","13":"pa_k04g2mq1-1641","14":"pa_k04g2mq1-1642","15":"pa_k04g2mq1-1643","16":"pa_k04g2mq1-1644","17":"pa_k04g2mq1-1645","18":"pa_k04g2mq1-1646","19":"desktop-align-left","20":"tablet-align-left","21":"mobile-align-left","23":"first","24":"instock","25":"shipping-taxable","26":"purchasable","27":"product-type-variable"},"_links":{"self":[{"href":"https:\/\/keluvo.com\/fi\/wp-json\/wp\/v2\/product\/5811","targetHints":{"allow":["GET"]}}],"collection":[{"href":"https:\/\/keluvo.com\/fi\/wp-json\/wp\/v2\/product"}],"about":[{"href":"https:\/\/keluvo.com\/fi\/wp-json\/wp\/v2\/types\/product"}],"replies":[{"embeddable":true,"href":"https:\/\/keluvo.com\/fi\/wp-json\/wp\/v2\/comments?post=5811"}],"wp:featuredmedia":[{"embeddable":true,"href":"https:\/\/keluvo.com\/fi\/wp-json\/wp\/v2\/media\/5807"}],"wp:attachment":[{"href":"https:\/\/keluvo.com\/fi\/wp-json\/wp\/v2\/media?parent=5811"}],"wp:term":[{"taxonomy":"product_brand","embeddable":true,"href":"https:\/\/keluvo.com\/fi\/wp-json\/wp\/v2\/product_brand?post=5811"},{"taxonomy":"product_cat","embeddable":true,"href":"https:\/\/keluvo.com\/fi\/wp-json\/wp\/v2\/product_cat?post=5811"},{"taxonomy":"product_tag","embeddable":true,"href":"https:\/\/keluvo.com\/fi\/wp-json\/wp\/v2\/product_tag?post=5811"}],"curies":[{"name":"wp","href":"https:\/\/api.w.org\/{rel}","templated":true}]}}