{"id":5802,"date":"2025-02-17T21:54:38","date_gmt":"2025-02-17T19:54:38","guid":{"rendered":"https:\/\/keluvo.com\/fi\/product\/auton-puhelimen-pidike\/"},"modified":"2025-02-17T21:54:43","modified_gmt":"2025-02-17T19:54:43","slug":"auton-puhelimen-pidike","status":"publish","type":"product","link":"https:\/\/keluvo.com\/fi\/product\/auton-puhelimen-pidike\/","title":{"rendered":"Auton puhelimen pidike"},"content":{"rendered":"<h2 style=\"text-align: center\"><strong>Turvallisempi Navigointi Ajon Aikana<\/strong><\/h2>\n<p style=\"text-align: center\">Puhelimen pidike kiinnitet\u00e4\u00e4n suoraan taustapeiliin, jolloin puhelin pysyy silmien korkeudella. T\u00e4m\u00e4 muotoilu varmistaa, ett\u00e4 voit seurata navigointia katsomatta alasp\u00e4in, mik\u00e4 tarjoaa turvallisemman ja mukavamman ajokokemuksen.<\/p>\n<p><img decoding=\"async\" class=\"alignnone size-medium wp-image-5341 aligncenter\" src=\"https:\/\/keluvo.com\/template\/wp-content\/uploads\/sites\/5\/2024\/12\/S8b93351741ed4496beca7763563e46e89.jpg_960x960q75.jpg_.webp\" \/><\/p>\n<h2 style=\"text-align: center\"><strong>S\u00e4\u00e4dett\u00e4v\u00e4 T\u00e4ydelliseen Katseluun<\/strong><\/h2>\n<p style=\"text-align: center\">Autopuhelimen pidike on 360 astetta k\u00e4\u00e4ntyv\u00e4 ja sis\u00e4\u00e4nvedett\u00e4v\u00e4 varsi, joten voit s\u00e4\u00e4t\u00e4\u00e4 kulmaa ja asentoa parhaan n\u00e4kym\u00e4n saavuttamiseksi. Ajoitpa sitten autoa tai k\u00e4ytit sit\u00e4 matkustajana, se mukautuu tarpeisiisi est\u00e4m\u00e4tt\u00e4 n\u00e4k\u00f6kentt\u00e4\u00e4si.<\/p>\n<p><img decoding=\"async\" class=\"alignnone size-medium wp-image-5337 aligncenter\" src=\"https:\/\/keluvo.com\/template\/wp-content\/uploads\/sites\/5\/2024\/12\/S6cd90e085c7f4a678ab31939d680bef6s.jpg_960x960q75.jpg_.webp\" \/><\/p>\n","protected":false},"excerpt":{"rendered":"<p>Turvallisempi Navigointi Ajon Aikana Puhelimen pidike kiinnitet\u00e4\u00e4n suoraan taustapeiliin, jolloin puhelin pysyy silmien korkeudella. T\u00e4m\u00e4 muotoilu varmistaa, ett\u00e4 voit seurata [&hellip;]<\/p>\n","protected":false},"featured_media":5798,"comment_status":"open","ping_status":"closed","template":"","meta":{"site-sidebar-layout":"default","site-content-layout":"","ast-site-content-layout":"default","site-content-style":"default","site-sidebar-style":"default","ast-global-header-display":"","ast-banner-title-visibility":"","ast-main-header-display":"","ast-hfb-above-header-display":"","ast-hfb-below-header-display":"","ast-hfb-mobile-header-display":"","site-post-title":"","ast-breadcrumbs-content":"","ast-featured-img":"","footer-sml-layout":"","theme-transparent-header-meta":"default","adv-header-id-meta":"","stick-header-meta":"","header-above-stick-meta":"","header-main-stick-meta":"","header-below-stick-meta":"","astra-migrate-meta-layouts":"set","ast-page-background-enabled":"default","ast-page-background-meta":{"desktop":{"background-color":"var(--ast-global-color-4)","background-image":"","background-repeat":"repeat","background-position":"center center","background-size":"auto","background-attachment":"scroll","background-type":"","background-media":"","overlay-type":"","overlay-color":"","overlay-opacity":"","overlay-gradient":""},"tablet":{"background-color":"","background-image":"","background-repeat":"repeat","background-position":"center center","background-size":"auto","background-attachment":"scroll","background-type":"","background-media":"","overlay-type":"","overlay-color":"","overlay-opacity":"","overlay-gradient":""},"mobile":{"background-color":"","background-image":"","background-repeat":"repeat","background-position":"center center","background-size":"auto","background-attachment":"scroll","background-type":"","background-media":"","overlay-type":"","overlay-color":"","overlay-opacity":"","overlay-gradient":""}},"ast-content-background-meta":{"desktop":{"background-color":"var(--ast-global-color-5)","background-image":"","background-repeat":"repeat","background-position":"center center","background-size":"auto","background-attachment":"scroll","background-type":"","background-media":"","overlay-type":"","overlay-color":"","overlay-opacity":"","overlay-gradient":""},"tablet":{"background-color":"var(--ast-global-color-5)","background-image":"","background-repeat":"repeat","background-position":"center center","background-size":"auto","background-attachment":"scroll","background-type":"","background-media":"","overlay-type":"","overlay-color":"","overlay-opacity":"","overlay-gradient":""},"mobile":{"background-color":"var(--ast-global-color-5)","background-image":"","background-repeat":"repeat","background-position":"center center","background-size":"auto","background-attachment":"scroll","background-type":"","background-media":"","overlay-type":"","overlay-color":"","overlay-opacity":"","overlay-gradient":""}}},"product_brand":[],"product_cat":[998],"product_tag":[],"class_list":{"0":"post-5802","1":"product","2":"type-product","3":"status-publish","4":"has-post-thumbnail","6":"product_cat-automotive-products","7":"desktop-align-left","8":"tablet-align-left","9":"mobile-align-left","11":"first","12":"instock","13":"shipping-taxable","14":"purchasable","15":"product-type-simple"},"_links":{"self":[{"href":"https:\/\/keluvo.com\/fi\/wp-json\/wp\/v2\/product\/5802","targetHints":{"allow":["GET"]}}],"collection":[{"href":"https:\/\/keluvo.com\/fi\/wp-json\/wp\/v2\/product"}],"about":[{"href":"https:\/\/keluvo.com\/fi\/wp-json\/wp\/v2\/types\/product"}],"replies":[{"embeddable":true,"href":"https:\/\/keluvo.com\/fi\/wp-json\/wp\/v2\/comments?post=5802"}],"wp:featuredmedia":[{"embeddable":true,"href":"https:\/\/keluvo.com\/fi\/wp-json\/wp\/v2\/media\/5798"}],"wp:attachment":[{"href":"https:\/\/keluvo.com\/fi\/wp-json\/wp\/v2\/media?parent=5802"}],"wp:term":[{"taxonomy":"product_brand","embeddable":true,"href":"https:\/\/keluvo.com\/fi\/wp-json\/wp\/v2\/product_brand?post=5802"},{"taxonomy":"product_cat","embeddable":true,"href":"https:\/\/keluvo.com\/fi\/wp-json\/wp\/v2\/product_cat?post=5802"},{"taxonomy":"product_tag","embeddable":true,"href":"https:\/\/keluvo.com\/fi\/wp-json\/wp\/v2\/product_tag?post=5802"}],"curies":[{"name":"wp","href":"https:\/\/api.w.org\/{rel}","templated":true}]}}