{"id":5630,"date":"2025-02-16T19:37:59","date_gmt":"2025-02-16T17:37:59","guid":{"rendered":"https:\/\/keluvo.com\/fi\/product\/matkakahvimuki\/"},"modified":"2025-02-16T19:38:18","modified_gmt":"2025-02-16T17:38:18","slug":"matkakahvimuki","status":"publish","type":"product","link":"https:\/\/keluvo.com\/fi\/product\/matkakahvimuki\/","title":{"rendered":"Matkakahvimuki"},"content":{"rendered":"<h2 style=\"text-align: center\"><strong>Pit\u00e4\u00e4 Juomat Kuumina Tai Kylmin\u00e4<\/strong><\/h2>\n<p style=\"text-align: center\">Matkakahvimuki on suunniteltu kaksisein\u00e4isell\u00e4 tyhji\u00f6eristyksell\u00e4, joka s\u00e4ilytt\u00e4\u00e4 juomasi l\u00e4mp\u00f6tilan. Pid\u00e4t sitten kahvin kuumana tai j\u00e4\u00e4teen kylm\u00e4n\u00e4, se takaa, ett\u00e4 juomasi pysyy t\u00e4ydellisess\u00e4 l\u00e4mp\u00f6tilassa tuntikausia. Ihanteellinen kiireisiin aamuihin tai pitkille matkoille.<\/p>\n<p><img decoding=\"async\" class=\"alignnone size-medium wp-image-4713 aligncenter\" src=\"https:\/\/keluvo.com\/template\/wp-content\/uploads\/sites\/5\/2024\/12\/Sc52f0b2dfad74145a68c4812ca30b2c77.webp\" alt=\"\" \/><\/p>\n<h2 style=\"text-align: center\"><strong>Kest\u00e4v\u00e4 Ja Kannettava Muotoilu<\/strong><\/h2>\n<p style=\"text-align: center\">Matkakahvimuki on valmistettu korkealaatuisesta ruostumattomasta ter\u00e4ksest\u00e4, ja se on tehty kest\u00e4m\u00e4\u00e4n. Sen tukeva rakenne kest\u00e4\u00e4 ruostetta ja naarmuja, joten se sopii t\u00e4ydellisesti p\u00e4ivitt\u00e4iseen k\u00e4ytt\u00f6\u00f6n tai ulkoseikkailuihin. Kevyen rakenteen ja mukavan kahvan ansiosta sit\u00e4 on helppo kuljettaa minne tahansa.<\/p>\n<p style=\"text-align: center\"><img decoding=\"async\" class=\"alignnone size-medium wp-image-4704\" src=\"https:\/\/keluvo.com\/template\/wp-content\/uploads\/sites\/5\/2024\/12\/Se9f8f0be61064466820cd9102cffa73ca.webp\" alt=\"\" \/><\/p>\n","protected":false},"excerpt":{"rendered":"<p>Pit\u00e4\u00e4 Juomat Kuumina Tai Kylmin\u00e4 Matkakahvimuki on suunniteltu kaksisein\u00e4isell\u00e4 tyhji\u00f6eristyksell\u00e4, joka s\u00e4ilytt\u00e4\u00e4 juomasi l\u00e4mp\u00f6tilan. Pid\u00e4t sitten kahvin kuumana tai j\u00e4\u00e4teen [&hellip;]<\/p>\n","protected":false},"featured_media":5626,"comment_status":"open","ping_status":"closed","template":"","meta":{"site-sidebar-layout":"default","site-content-layout":"","ast-site-content-layout":"default","site-content-style":"default","site-sidebar-style":"default","ast-global-header-display":"","ast-banner-title-visibility":"","ast-main-header-display":"","ast-hfb-above-header-display":"","ast-hfb-below-header-display":"","ast-hfb-mobile-header-display":"","site-post-title":"","ast-breadcrumbs-content":"","ast-featured-img":"","footer-sml-layout":"","theme-transparent-header-meta":"default","adv-header-id-meta":"","stick-header-meta":"","header-above-stick-meta":"","header-main-stick-meta":"","header-below-stick-meta":"","astra-migrate-meta-layouts":"set","ast-page-background-enabled":"default","ast-page-background-meta":{"desktop":{"background-color":"var(--ast-global-color-4)","background-image":"","background-repeat":"repeat","background-position":"center center","background-size":"auto","background-attachment":"scroll","background-type":"","background-media":"","overlay-type":"","overlay-color":"","overlay-opacity":"","overlay-gradient":""},"tablet":{"background-color":"","background-image":"","background-repeat":"repeat","background-position":"center center","background-size":"auto","background-attachment":"scroll","background-type":"","background-media":"","overlay-type":"","overlay-color":"","overlay-opacity":"","overlay-gradient":""},"mobile":{"background-color":"","background-image":"","background-repeat":"repeat","background-position":"center center","background-size":"auto","background-attachment":"scroll","background-type":"","background-media":"","overlay-type":"","overlay-color":"","overlay-opacity":"","overlay-gradient":""}},"ast-content-background-meta":{"desktop":{"background-color":"var(--ast-global-color-5)","background-image":"","background-repeat":"repeat","background-position":"center center","background-size":"auto","background-attachment":"scroll","background-type":"","background-media":"","overlay-type":"","overlay-color":"","overlay-opacity":"","overlay-gradient":""},"tablet":{"background-color":"var(--ast-global-color-5)","background-image":"","background-repeat":"repeat","background-position":"center center","background-size":"auto","background-attachment":"scroll","background-type":"","background-media":"","overlay-type":"","overlay-color":"","overlay-opacity":"","overlay-gradient":""},"mobile":{"background-color":"var(--ast-global-color-5)","background-image":"","background-repeat":"repeat","background-position":"center center","background-size":"auto","background-attachment":"scroll","background-type":"","background-media":"","overlay-type":"","overlay-color":"","overlay-opacity":"","overlay-gradient":""}}},"product_brand":[],"product_cat":[1000],"product_tag":[],"class_list":{"0":"post-5630","1":"product","2":"type-product","3":"status-publish","4":"has-post-thumbnail","6":"product_cat-hiking-camping-and-leisure-goods","7":"pa_yahu164t-harmaa","8":"pa_yahu164t-musta","9":"pa_yahu164t-oranssi","10":"pa_yahu164t-sininen","11":"pa_yahu164t-vaaleanpunainen","12":"pa_yahu164t-valkoinen","13":"pa_yahu164t-vihrea","14":"pa_yahu164t-violetti","15":"desktop-align-left","16":"tablet-align-left","17":"mobile-align-left","19":"first","20":"instock","21":"shipping-taxable","22":"purchasable","23":"product-type-variable"},"_links":{"self":[{"href":"https:\/\/keluvo.com\/fi\/wp-json\/wp\/v2\/product\/5630","targetHints":{"allow":["GET"]}}],"collection":[{"href":"https:\/\/keluvo.com\/fi\/wp-json\/wp\/v2\/product"}],"about":[{"href":"https:\/\/keluvo.com\/fi\/wp-json\/wp\/v2\/types\/product"}],"replies":[{"embeddable":true,"href":"https:\/\/keluvo.com\/fi\/wp-json\/wp\/v2\/comments?post=5630"}],"wp:featuredmedia":[{"embeddable":true,"href":"https:\/\/keluvo.com\/fi\/wp-json\/wp\/v2\/media\/5626"}],"wp:attachment":[{"href":"https:\/\/keluvo.com\/fi\/wp-json\/wp\/v2\/media?parent=5630"}],"wp:term":[{"taxonomy":"product_brand","embeddable":true,"href":"https:\/\/keluvo.com\/fi\/wp-json\/wp\/v2\/product_brand?post=5630"},{"taxonomy":"product_cat","embeddable":true,"href":"https:\/\/keluvo.com\/fi\/wp-json\/wp\/v2\/product_cat?post=5630"},{"taxonomy":"product_tag","embeddable":true,"href":"https:\/\/keluvo.com\/fi\/wp-json\/wp\/v2\/product_tag?post=5630"}],"curies":[{"name":"wp","href":"https:\/\/api.w.org\/{rel}","templated":true}]}}