{"id":5452,"date":"2025-02-14T21:42:18","date_gmt":"2025-02-14T19:42:18","guid":{"rendered":"https:\/\/keluvo.com\/fi\/product\/silikoninen-suihkuharja\/"},"modified":"2025-04-16T14:09:22","modified_gmt":"2025-04-16T12:09:22","slug":"silikoninen-suihkuharja-1","status":"publish","type":"product","link":"https:\/\/keluvo.com\/fi\/product\/silikoninen-suihkuharja-1\/","title":{"rendered":"Silikoninen suihkuharja"},"content":{"rendered":"<h2 style=\"text-align: center;\" data-start=\"0\" data-end=\"30\"><strong>Syv\u00e4 Ja Hell\u00e4varainen Puhdistus<\/strong><\/h2>\n<p style=\"text-align: center;\" data-start=\"31\" data-end=\"263\">Silikonisuihkuharjalla on pehme\u00e4 mutta tehokas rakenne, joka auttaa poistamaan lian ja kuolleen ihon. Sen joustavat harjakset luovat runsaan vaahdon virkist\u00e4v\u00e4\u00e4 suihkukokemusta varten. T\u00e4ydellinen p\u00e4ivitt\u00e4iseen puhdistukseen ihoa \u00e4rsytt\u00e4m\u00e4tt\u00e4.<\/p>\n<p data-start=\"31\" data-end=\"263\"><img decoding=\"async\" class=\"alignnone size-medium wp-image-11781 aligncenter\" src=\"https:\/\/keluvo.com\/template\/wp-content\/uploads\/sites\/5\/2025\/02\/S2f034842e3344a868048b34d5aea4340E.jpeg\" alt=\"\" \/><\/p>\n<h2 style=\"text-align: center;\" data-start=\"265\" data-end=\"292\">Pitk\u00e4 Ja Helppo Pit\u00e4\u00e4 K\u00e4dess\u00e4<\/h2>\n<p style=\"text-align: center;\" data-start=\"293\" data-end=\"513\">Silikonisuihkuharja on 70 cm pitk\u00e4, joten sill\u00e4 on helppo p\u00e4\u00e4st\u00e4 kaikkiin vartalon alueisiin. Mukavat kahvat tarjoavat turvallisen otteen, joten voit puhdistaa selk\u00e4si vaivattomasti. Ihanteellinen kaikenik\u00e4isille.greenblue<\/p>\n<p data-start=\"293\" data-end=\"513\"><img decoding=\"async\" class=\"alignnone size-medium wp-image-11783 aligncenter\" src=\"https:\/\/keluvo.com\/template\/wp-content\/uploads\/sites\/5\/2025\/02\/S65bf769a4690459caae00baf6b0a5aa6L.jpg_960x960q75.jpg_.jpeg\" alt=\"\" \/><\/p>\n","protected":false},"excerpt":{"rendered":"<p>Syv\u00e4 Ja Hell\u00e4varainen Puhdistus Silikonisuihkuharjalla on pehme\u00e4 mutta tehokas rakenne, joka auttaa poistamaan lian ja kuolleen ihon. Sen joustavat harjakset [&hellip;]<\/p>\n","protected":false},"featured_media":5448,"comment_status":"open","ping_status":"closed","template":"","meta":{"site-sidebar-layout":"default","site-content-layout":"","ast-site-content-layout":"default","site-content-style":"default","site-sidebar-style":"default","ast-global-header-display":"","ast-banner-title-visibility":"","ast-main-header-display":"","ast-hfb-above-header-display":"","ast-hfb-below-header-display":"","ast-hfb-mobile-header-display":"","site-post-title":"","ast-breadcrumbs-content":"","ast-featured-img":"","footer-sml-layout":"","theme-transparent-header-meta":"default","adv-header-id-meta":"","stick-header-meta":"","header-above-stick-meta":"","header-main-stick-meta":"","header-below-stick-meta":"","astra-migrate-meta-layouts":"set","ast-page-background-enabled":"default","ast-page-background-meta":{"desktop":{"background-color":"var(--ast-global-color-4)","background-image":"","background-repeat":"repeat","background-position":"center center","background-size":"auto","background-attachment":"scroll","background-type":"","background-media":"","overlay-type":"","overlay-color":"","overlay-opacity":"","overlay-gradient":""},"tablet":{"background-color":"","background-image":"","background-repeat":"repeat","background-position":"center center","background-size":"auto","background-attachment":"scroll","background-type":"","background-media":"","overlay-type":"","overlay-color":"","overlay-opacity":"","overlay-gradient":""},"mobile":{"background-color":"","background-image":"","background-repeat":"repeat","background-position":"center center","background-size":"auto","background-attachment":"scroll","background-type":"","background-media":"","overlay-type":"","overlay-color":"","overlay-opacity":"","overlay-gradient":""}},"ast-content-background-meta":{"desktop":{"background-color":"var(--ast-global-color-5)","background-image":"","background-repeat":"repeat","background-position":"center center","background-size":"auto","background-attachment":"scroll","background-type":"","background-media":"","overlay-type":"","overlay-color":"","overlay-opacity":"","overlay-gradient":""},"tablet":{"background-color":"var(--ast-global-color-5)","background-image":"","background-repeat":"repeat","background-position":"center center","background-size":"auto","background-attachment":"scroll","background-type":"","background-media":"","overlay-type":"","overlay-color":"","overlay-opacity":"","overlay-gradient":""},"mobile":{"background-color":"var(--ast-global-color-5)","background-image":"","background-repeat":"repeat","background-position":"center center","background-size":"auto","background-attachment":"scroll","background-type":"","background-media":"","overlay-type":"","overlay-color":"","overlay-opacity":"","overlay-gradient":""}}},"product_brand":[],"product_cat":[993],"product_tag":[],"class_list":{"0":"post-5452","1":"product","2":"type-product","3":"status-publish","4":"has-post-thumbnail","6":"product_cat-footwear-accessories","7":"pa_728avydv-sininen","8":"pa_728avydv-vaaleanpunainen","9":"pa_728avydv-vihrea","10":"pa_728avydv-violetti","11":"desktop-align-left","12":"tablet-align-left","13":"mobile-align-left","15":"first","16":"instock","17":"shipping-taxable","18":"purchasable","19":"product-type-variable"},"_links":{"self":[{"href":"https:\/\/keluvo.com\/fi\/wp-json\/wp\/v2\/product\/5452","targetHints":{"allow":["GET"]}}],"collection":[{"href":"https:\/\/keluvo.com\/fi\/wp-json\/wp\/v2\/product"}],"about":[{"href":"https:\/\/keluvo.com\/fi\/wp-json\/wp\/v2\/types\/product"}],"replies":[{"embeddable":true,"href":"https:\/\/keluvo.com\/fi\/wp-json\/wp\/v2\/comments?post=5452"}],"wp:featuredmedia":[{"embeddable":true,"href":"https:\/\/keluvo.com\/fi\/wp-json\/wp\/v2\/media\/5448"}],"wp:attachment":[{"href":"https:\/\/keluvo.com\/fi\/wp-json\/wp\/v2\/media?parent=5452"}],"wp:term":[{"taxonomy":"product_brand","embeddable":true,"href":"https:\/\/keluvo.com\/fi\/wp-json\/wp\/v2\/product_brand?post=5452"},{"taxonomy":"product_cat","embeddable":true,"href":"https:\/\/keluvo.com\/fi\/wp-json\/wp\/v2\/product_cat?post=5452"},{"taxonomy":"product_tag","embeddable":true,"href":"https:\/\/keluvo.com\/fi\/wp-json\/wp\/v2\/product_tag?post=5452"}],"curies":[{"name":"wp","href":"https:\/\/api.w.org\/{rel}","templated":true}]}}