{"id":5440,"date":"2025-02-14T21:38:17","date_gmt":"2025-02-14T19:38:17","guid":{"rendered":"https:\/\/keluvo.com\/fi\/product\/lemmikkielainten-turvaistuimen-suojus\/"},"modified":"2025-02-14T21:39:44","modified_gmt":"2025-02-14T19:39:44","slug":"lemmikkielainten-turvaistuimen-suojus","status":"publish","type":"product","link":"https:\/\/keluvo.com\/fi\/product\/lemmikkielainten-turvaistuimen-suojus\/","title":{"rendered":"Lemmikkiel\u00e4inten turvaistuimen suojus"},"content":{"rendered":"<h2 style=\"text-align: center\"><strong>Kest\u00e4v\u00e4 Ja Mukava Muotoilu<\/strong><\/h2>\n<p style=\"text-align: center\">Lemmikkiel\u00e4inten turvaistuimen suojus on valmistettu korkealaatuisesta 600D Oxford-kankaasta, PP-puuvillasta ja vahvistetusta vuorauksesta lopullisen kest\u00e4vyyden takaamiseksi. Sen kovapohjainen muotoilu takaa, ett\u00e4 lemmikkisi saa vakaan ja mukavan lepoalueen matkan aikana. Tilava 133 * 160 cm:n koko sopii useimpiin ajoneuvoihin ja tarjoaa koirallesi runsaasti tilaa.<\/p>\n<p><img decoding=\"async\" class=\"alignnone size-medium wp-image-4219 aligncenter\" src=\"https:\/\/keluvo.com\/template\/wp-content\/uploads\/sites\/5\/2024\/11\/S87557a62934b450685d77e083c17dd9ap.jpg_640x640.jpg_.png\" alt=\"\" \/><\/p>\n<h2 style=\"text-align: center\"><strong>Vedenpit\u00e4v\u00e4 Ja Naarmunkest\u00e4v\u00e4<\/strong><\/h2>\n<p style=\"text-align: center\">T\u00e4m\u00e4 lemmikkiel\u00e4inten autonistuimen suojus tarjoaa erinomaisen suojan naarmuja, roiskeita ja likaa vastaan. Vedenpit\u00e4v\u00e4n rakenteensa ansiosta se sopii t\u00e4ydellisesti pit\u00e4m\u00e4\u00e4n autosi puhtaana ja kuivana my\u00f6s sadep\u00e4ivin\u00e4 tai mutaisilla seikkailuilla. Korkea kulutuskest\u00e4vyys takaa pitk\u00e4aikaisen k\u00e4yt\u00f6n, joten se on ihanteellinen s\u00e4\u00e4nn\u00f6llisille matkoille lemmikkisi kanssa.<\/p>\n<p><img decoding=\"async\" class=\"alignnone size-medium wp-image-4224 aligncenter\" src=\"https:\/\/keluvo.com\/template\/wp-content\/uploads\/sites\/5\/2024\/11\/DC-PET-Dog-Car-Seat-Cover-Waterproof-Pet-Travel-Dog-Carrier-Hammock-Car-Rear-Back-Seat.jpg_.png\" alt=\"\" \/><\/p>\n<h2 style=\"text-align: center\"><strong>Turvallista Ja Turvallista Lemmikkiel\u00e4imille<\/strong><\/h2>\n<p style=\"text-align: center\">Lemmikkiel\u00e4inten autonistuimen suojassa on vahvistetut sivut ja pohja, jotta koirasi pysyy turvassa matkan aikana. S\u00e4\u00e4dett\u00e4vien hihnojen ansiosta se sopii helposti mihin tahansa autoon tai kuorma-autoon, ja kokoontaitettava muotoilu mahdollistaa k\u00e4tev\u00e4n s\u00e4ilytyksen, kun sit\u00e4 ei k\u00e4ytet\u00e4. Painokapasiteetin ollessa jopa 170 kg (375 paunaa) se varmistaa, ett\u00e4 koirasi matkustaa mukavasti ja turvallisesti.<\/p>\n<p><img decoding=\"async\" class=\"alignnone size-medium wp-image-4220 aligncenter\" src=\"https:\/\/keluvo.com\/template\/wp-content\/uploads\/sites\/5\/2024\/11\/Sc455f263e53a40819f1bdeabe227f97bf.jpg\" alt=\"\" \/><\/p>\n","protected":false},"excerpt":{"rendered":"<p>Kest\u00e4v\u00e4 Ja Mukava Muotoilu Lemmikkiel\u00e4inten turvaistuimen suojus on valmistettu korkealaatuisesta 600D Oxford-kankaasta, PP-puuvillasta ja vahvistetusta vuorauksesta lopullisen kest\u00e4vyyden takaamiseksi. Sen [&hellip;]<\/p>\n","protected":false},"featured_media":5436,"comment_status":"open","ping_status":"closed","template":"","meta":{"site-sidebar-layout":"default","site-content-layout":"","ast-site-content-layout":"default","site-content-style":"default","site-sidebar-style":"default","ast-global-header-display":"","ast-banner-title-visibility":"","ast-main-header-display":"","ast-hfb-above-header-display":"","ast-hfb-below-header-display":"","ast-hfb-mobile-header-display":"","site-post-title":"","ast-breadcrumbs-content":"","ast-featured-img":"","footer-sml-layout":"","theme-transparent-header-meta":"default","adv-header-id-meta":"","stick-header-meta":"","header-above-stick-meta":"","header-main-stick-meta":"","header-below-stick-meta":"","astra-migrate-meta-layouts":"set","ast-page-background-enabled":"default","ast-page-background-meta":{"desktop":{"background-color":"var(--ast-global-color-4)","background-image":"","background-repeat":"repeat","background-position":"center center","background-size":"auto","background-attachment":"scroll","background-type":"","background-media":"","overlay-type":"","overlay-color":"","overlay-opacity":"","overlay-gradient":""},"tablet":{"background-color":"","background-image":"","background-repeat":"repeat","background-position":"center center","background-size":"auto","background-attachment":"scroll","background-type":"","background-media":"","overlay-type":"","overlay-color":"","overlay-opacity":"","overlay-gradient":""},"mobile":{"background-color":"","background-image":"","background-repeat":"repeat","background-position":"center center","background-size":"auto","background-attachment":"scroll","background-type":"","background-media":"","overlay-type":"","overlay-color":"","overlay-opacity":"","overlay-gradient":""}},"ast-content-background-meta":{"desktop":{"background-color":"var(--ast-global-color-5)","background-image":"","background-repeat":"repeat","background-position":"center center","background-size":"auto","background-attachment":"scroll","background-type":"","background-media":"","overlay-type":"","overlay-color":"","overlay-opacity":"","overlay-gradient":""},"tablet":{"background-color":"var(--ast-global-color-5)","background-image":"","background-repeat":"repeat","background-position":"center center","background-size":"auto","background-attachment":"scroll","background-type":"","background-media":"","overlay-type":"","overlay-color":"","overlay-opacity":"","overlay-gradient":""},"mobile":{"background-color":"var(--ast-global-color-5)","background-image":"","background-repeat":"repeat","background-position":"center center","background-size":"auto","background-attachment":"scroll","background-type":"","background-media":"","overlay-type":"","overlay-color":"","overlay-opacity":"","overlay-gradient":""}}},"product_brand":[],"product_cat":[997],"product_tag":[],"class_list":{"0":"post-5440","1":"product","2":"type-product","3":"status-publish","4":"has-post-thumbnail","6":"product_cat-pets-products","7":"pa_0enexk45-hopea","8":"pa_0enexk45-musta","9":"desktop-align-left","10":"tablet-align-left","11":"mobile-align-left","13":"first","14":"instock","15":"shipping-taxable","16":"purchasable","17":"product-type-variable"},"_links":{"self":[{"href":"https:\/\/keluvo.com\/fi\/wp-json\/wp\/v2\/product\/5440","targetHints":{"allow":["GET"]}}],"collection":[{"href":"https:\/\/keluvo.com\/fi\/wp-json\/wp\/v2\/product"}],"about":[{"href":"https:\/\/keluvo.com\/fi\/wp-json\/wp\/v2\/types\/product"}],"replies":[{"embeddable":true,"href":"https:\/\/keluvo.com\/fi\/wp-json\/wp\/v2\/comments?post=5440"}],"wp:featuredmedia":[{"embeddable":true,"href":"https:\/\/keluvo.com\/fi\/wp-json\/wp\/v2\/media\/5436"}],"wp:attachment":[{"href":"https:\/\/keluvo.com\/fi\/wp-json\/wp\/v2\/media?parent=5440"}],"wp:term":[{"taxonomy":"product_brand","embeddable":true,"href":"https:\/\/keluvo.com\/fi\/wp-json\/wp\/v2\/product_brand?post=5440"},{"taxonomy":"product_cat","embeddable":true,"href":"https:\/\/keluvo.com\/fi\/wp-json\/wp\/v2\/product_cat?post=5440"},{"taxonomy":"product_tag","embeddable":true,"href":"https:\/\/keluvo.com\/fi\/wp-json\/wp\/v2\/product_tag?post=5440"}],"curies":[{"name":"wp","href":"https:\/\/api.w.org\/{rel}","templated":true}]}}