{"id":5375,"date":"2025-02-14T18:37:28","date_gmt":"2025-02-14T16:37:28","guid":{"rendered":"https:\/\/keluvo.com\/fi\/product\/haukkumista-estava-laite\/"},"modified":"2025-03-15T14:30:06","modified_gmt":"2025-03-15T12:30:06","slug":"haukkumista-estava-laite","status":"publish","type":"product","link":"https:\/\/keluvo.com\/fi\/product\/haukkumista-estava-laite\/","title":{"rendered":"Haukkumista est\u00e4v\u00e4 laite"},"content":{"rendered":"<h2 style=\"text-align: center;\"><strong>Ultra\u00e4\u00e4ni V\u00e4hent\u00e4\u00e4 Haukkumista<\/strong><\/h2>\n<p style=\"text-align: center;\">Haukkumisenestolaite k\u00e4ytt\u00e4\u00e4 turvallisia ultra\u00e4\u00e4niaaltoja liiallisen haukkumisen est\u00e4miseksi. Kun koira haukkuu tietyll\u00e4 desibelitasolla, laite l\u00e4hett\u00e4\u00e4 \u00e4\u00e4nen, joka rohkaisee sit\u00e4 lempe\u00e4sti hiljentym\u00e4\u00e4n. Ajan my\u00f6t\u00e4 koirasi oppii yhdist\u00e4m\u00e4\u00e4n \u00e4\u00e4nen haukkumiseen ja v\u00e4hent\u00e4\u00e4 ei-toivottua \u00e4\u00e4nt\u00e4.<\/p>\n<p><img decoding=\"async\" class=\"alignnone size-medium wp-image-3509 aligncenter\" src=\"https:\/\/keluvo.com\/template\/wp-content\/uploads\/sites\/5\/2024\/11\/New-Ultrasonic-Barking-Stop-Device-Dog-Driving-Device-Noise-Prevention-Training-Device-Automatic-Dog-Barking-Stop.jpg_.png\" alt=\"\" \/><\/p>\n<h2 style=\"text-align: center;\"><strong>Kevyt Ja Helppok\u00e4ytt\u00f6inen<\/strong><\/h2>\n<p style=\"text-align: center;\">Kompakti ja kevyt haukkumisenestolaite on helppo asentaa ja k\u00e4ytt\u00e4\u00e4. Aseta se vain alueelle, jossa koirallasi on taipumus haukkua eniten. Laitteen yksinkertainen muotoilu tekee siit\u00e4 k\u00e4yt\u00e4nn\u00f6llisen ratkaisun hiljaisempaan ymp\u00e4rist\u00f6\u00f6n kotona.<\/p>\n<p><img decoding=\"async\" class=\"alignnone size-medium wp-image-3510 aligncenter\" src=\"https:\/\/keluvo.com\/template\/wp-content\/uploads\/sites\/5\/2024\/11\/Se1ffc9892bba4c0b86b20f5f5e569ea92.jpg\" alt=\"\" \/><\/p>\n","protected":false},"excerpt":{"rendered":"<p>Ultra\u00e4\u00e4ni V\u00e4hent\u00e4\u00e4 Haukkumista Haukkumisenestolaite k\u00e4ytt\u00e4\u00e4 turvallisia ultra\u00e4\u00e4niaaltoja liiallisen haukkumisen est\u00e4miseksi. Kun koira haukkuu tietyll\u00e4 desibelitasolla, laite l\u00e4hett\u00e4\u00e4 \u00e4\u00e4nen, joka rohkaisee [&hellip;]<\/p>\n","protected":false},"featured_media":5371,"comment_status":"open","ping_status":"closed","template":"","meta":{"site-sidebar-layout":"default","site-content-layout":"","ast-site-content-layout":"default","site-content-style":"default","site-sidebar-style":"default","ast-global-header-display":"","ast-banner-title-visibility":"","ast-main-header-display":"","ast-hfb-above-header-display":"","ast-hfb-below-header-display":"","ast-hfb-mobile-header-display":"","site-post-title":"","ast-breadcrumbs-content":"","ast-featured-img":"","footer-sml-layout":"","theme-transparent-header-meta":"default","adv-header-id-meta":"","stick-header-meta":"","header-above-stick-meta":"","header-main-stick-meta":"","header-below-stick-meta":"","astra-migrate-meta-layouts":"set","ast-page-background-enabled":"default","ast-page-background-meta":{"desktop":{"background-color":"var(--ast-global-color-4)","background-image":"","background-repeat":"repeat","background-position":"center center","background-size":"auto","background-attachment":"scroll","background-type":"","background-media":"","overlay-type":"","overlay-color":"","overlay-opacity":"","overlay-gradient":""},"tablet":{"background-color":"","background-image":"","background-repeat":"repeat","background-position":"center center","background-size":"auto","background-attachment":"scroll","background-type":"","background-media":"","overlay-type":"","overlay-color":"","overlay-opacity":"","overlay-gradient":""},"mobile":{"background-color":"","background-image":"","background-repeat":"repeat","background-position":"center center","background-size":"auto","background-attachment":"scroll","background-type":"","background-media":"","overlay-type":"","overlay-color":"","overlay-opacity":"","overlay-gradient":""}},"ast-content-background-meta":{"desktop":{"background-color":"var(--ast-global-color-5)","background-image":"","background-repeat":"repeat","background-position":"center center","background-size":"auto","background-attachment":"scroll","background-type":"","background-media":"","overlay-type":"","overlay-color":"","overlay-opacity":"","overlay-gradient":""},"tablet":{"background-color":"var(--ast-global-color-5)","background-image":"","background-repeat":"repeat","background-position":"center center","background-size":"auto","background-attachment":"scroll","background-type":"","background-media":"","overlay-type":"","overlay-color":"","overlay-opacity":"","overlay-gradient":""},"mobile":{"background-color":"var(--ast-global-color-5)","background-image":"","background-repeat":"repeat","background-position":"center center","background-size":"auto","background-attachment":"scroll","background-type":"","background-media":"","overlay-type":"","overlay-color":"","overlay-opacity":"","overlay-gradient":""}}},"product_brand":[],"product_cat":[997],"product_tag":[],"class_list":{"0":"post-5375","1":"product","2":"type-product","3":"status-publish","4":"has-post-thumbnail","6":"product_cat-pets-products","7":"desktop-align-left","8":"tablet-align-left","9":"mobile-align-left","11":"first","12":"instock","13":"shipping-taxable","14":"purchasable","15":"product-type-simple"},"_links":{"self":[{"href":"https:\/\/keluvo.com\/fi\/wp-json\/wp\/v2\/product\/5375","targetHints":{"allow":["GET"]}}],"collection":[{"href":"https:\/\/keluvo.com\/fi\/wp-json\/wp\/v2\/product"}],"about":[{"href":"https:\/\/keluvo.com\/fi\/wp-json\/wp\/v2\/types\/product"}],"replies":[{"embeddable":true,"href":"https:\/\/keluvo.com\/fi\/wp-json\/wp\/v2\/comments?post=5375"}],"wp:featuredmedia":[{"embeddable":true,"href":"https:\/\/keluvo.com\/fi\/wp-json\/wp\/v2\/media\/5371"}],"wp:attachment":[{"href":"https:\/\/keluvo.com\/fi\/wp-json\/wp\/v2\/media?parent=5375"}],"wp:term":[{"taxonomy":"product_brand","embeddable":true,"href":"https:\/\/keluvo.com\/fi\/wp-json\/wp\/v2\/product_brand?post=5375"},{"taxonomy":"product_cat","embeddable":true,"href":"https:\/\/keluvo.com\/fi\/wp-json\/wp\/v2\/product_cat?post=5375"},{"taxonomy":"product_tag","embeddable":true,"href":"https:\/\/keluvo.com\/fi\/wp-json\/wp\/v2\/product_tag?post=5375"}],"curies":[{"name":"wp","href":"https:\/\/api.w.org\/{rel}","templated":true}]}}