{"id":5252,"date":"2025-02-13T22:59:31","date_gmt":"2025-02-13T20:59:31","guid":{"rendered":"https:\/\/keluvo.com\/fi\/product\/aurinkoenergiapankki\/"},"modified":"2025-02-13T23:00:02","modified_gmt":"2025-02-13T21:00:02","slug":"aurinkoenergiapankki","status":"publish","type":"product","link":"https:\/\/keluvo.com\/fi\/product\/aurinkoenergiapankki\/","title":{"rendered":"Aurinkoenergiapankki"},"content":{"rendered":"<h2 style=\"text-align: center\"><strong>\u00c4lyk\u00e4s Ja Turvallinen Lataus<\/strong><\/h2>\n<p style=\"text-align: center\">T\u00e4m\u00e4 aurinkoenergiapankki sis\u00e4lt\u00e4\u00e4 kehittyneit\u00e4 turvatoimintoja, jotka suojaavat ylilataukselta, ylivirralta ja oikosululta. Se on yhteensopiva monenlaisten laitteiden kanssa ja tarjoaa tehokkaan latauksen 90 %:n muuntokertoimella. Nauti mielenrauhasta tiet\u00e4en, ett\u00e4 laitteesi latautuvat turvallisesti ja tehokkaasti.<\/p>\n<p><img decoding=\"async\" class=\"alignnone size-medium wp-image-3958 aligncenter\" src=\"https:\/\/keluvo.com\/template\/wp-content\/uploads\/sites\/5\/2024\/11\/8f0a819e-a802-48ab-8b69-305c3d927805.webp\" alt=\"\" \/><\/p>\n<h2 style=\"text-align: center\"><strong>Kest\u00e4v\u00e4 Ja Ulkok\u00e4ytt\u00f6\u00f6n Soveltuva<\/strong><\/h2>\n<p style=\"text-align: center\">Aurinkovirtapankki on rakennettu kest\u00e4m\u00e4\u00e4n ulkoseikkailuja, ja se on vedenpit\u00e4v\u00e4 ja suunniteltu kest\u00e4v\u00e4\u00e4n k\u00e4ytt\u00f6\u00f6n. Siin\u00e4 on sis\u00e4\u00e4nrakennettu taskulamppu ja kompassi, jotka ovat v\u00e4ltt\u00e4m\u00e4tt\u00f6mi\u00e4 telttailu-, vaellus- tai kalastusretkill\u00e4. Sen kest\u00e4v\u00e4 rakenne takaa luotettavan toiminnan my\u00f6s haastavissa ymp\u00e4rist\u00f6iss\u00e4.<\/p>\n<p><img decoding=\"async\" class=\"alignnone size-medium wp-image-3961 aligncenter\" src=\"https:\/\/keluvo.com\/template\/wp-content\/uploads\/sites\/5\/2024\/11\/6749eaa1-831f-42fe-bc3c-5fbbaa6a7a30.webp\" alt=\"\" \/><\/p>\n","protected":false},"excerpt":{"rendered":"<p>\u00c4lyk\u00e4s Ja Turvallinen Lataus T\u00e4m\u00e4 aurinkoenergiapankki sis\u00e4lt\u00e4\u00e4 kehittyneit\u00e4 turvatoimintoja, jotka suojaavat ylilataukselta, ylivirralta ja oikosululta. Se on yhteensopiva monenlaisten laitteiden [&hellip;]<\/p>\n","protected":false},"featured_media":5248,"comment_status":"open","ping_status":"closed","template":"","meta":{"site-sidebar-layout":"default","site-content-layout":"","ast-site-content-layout":"default","site-content-style":"default","site-sidebar-style":"default","ast-global-header-display":"","ast-banner-title-visibility":"","ast-main-header-display":"","ast-hfb-above-header-display":"","ast-hfb-below-header-display":"","ast-hfb-mobile-header-display":"","site-post-title":"","ast-breadcrumbs-content":"","ast-featured-img":"","footer-sml-layout":"","theme-transparent-header-meta":"default","adv-header-id-meta":"","stick-header-meta":"","header-above-stick-meta":"","header-main-stick-meta":"","header-below-stick-meta":"","astra-migrate-meta-layouts":"set","ast-page-background-enabled":"default","ast-page-background-meta":{"desktop":{"background-color":"var(--ast-global-color-4)","background-image":"","background-repeat":"repeat","background-position":"center center","background-size":"auto","background-attachment":"scroll","background-type":"","background-media":"","overlay-type":"","overlay-color":"","overlay-opacity":"","overlay-gradient":""},"tablet":{"background-color":"","background-image":"","background-repeat":"repeat","background-position":"center center","background-size":"auto","background-attachment":"scroll","background-type":"","background-media":"","overlay-type":"","overlay-color":"","overlay-opacity":"","overlay-gradient":""},"mobile":{"background-color":"","background-image":"","background-repeat":"repeat","background-position":"center center","background-size":"auto","background-attachment":"scroll","background-type":"","background-media":"","overlay-type":"","overlay-color":"","overlay-opacity":"","overlay-gradient":""}},"ast-content-background-meta":{"desktop":{"background-color":"var(--ast-global-color-5)","background-image":"","background-repeat":"repeat","background-position":"center center","background-size":"auto","background-attachment":"scroll","background-type":"","background-media":"","overlay-type":"","overlay-color":"","overlay-opacity":"","overlay-gradient":""},"tablet":{"background-color":"var(--ast-global-color-5)","background-image":"","background-repeat":"repeat","background-position":"center center","background-size":"auto","background-attachment":"scroll","background-type":"","background-media":"","overlay-type":"","overlay-color":"","overlay-opacity":"","overlay-gradient":""},"mobile":{"background-color":"var(--ast-global-color-5)","background-image":"","background-repeat":"repeat","background-position":"center center","background-size":"auto","background-attachment":"scroll","background-type":"","background-media":"","overlay-type":"","overlay-color":"","overlay-opacity":"","overlay-gradient":""}}},"product_brand":[],"product_cat":[1000],"product_tag":[],"class_list":{"0":"post-5252","1":"product","2":"type-product","3":"status-publish","4":"has-post-thumbnail","6":"product_cat-hiking-camping-and-leisure-goods","7":"pa_7ks1ffyg-musta","8":"pa_7ks1ffyg-oranssi","9":"pa_7ks1ffyg-sininen","10":"pa_7ks1ffyg-vihrea","11":"desktop-align-left","12":"tablet-align-left","13":"mobile-align-left","15":"first","16":"instock","17":"shipping-taxable","18":"purchasable","19":"product-type-variable"},"_links":{"self":[{"href":"https:\/\/keluvo.com\/fi\/wp-json\/wp\/v2\/product\/5252","targetHints":{"allow":["GET"]}}],"collection":[{"href":"https:\/\/keluvo.com\/fi\/wp-json\/wp\/v2\/product"}],"about":[{"href":"https:\/\/keluvo.com\/fi\/wp-json\/wp\/v2\/types\/product"}],"replies":[{"embeddable":true,"href":"https:\/\/keluvo.com\/fi\/wp-json\/wp\/v2\/comments?post=5252"}],"wp:featuredmedia":[{"embeddable":true,"href":"https:\/\/keluvo.com\/fi\/wp-json\/wp\/v2\/media\/5248"}],"wp:attachment":[{"href":"https:\/\/keluvo.com\/fi\/wp-json\/wp\/v2\/media?parent=5252"}],"wp:term":[{"taxonomy":"product_brand","embeddable":true,"href":"https:\/\/keluvo.com\/fi\/wp-json\/wp\/v2\/product_brand?post=5252"},{"taxonomy":"product_cat","embeddable":true,"href":"https:\/\/keluvo.com\/fi\/wp-json\/wp\/v2\/product_cat?post=5252"},{"taxonomy":"product_tag","embeddable":true,"href":"https:\/\/keluvo.com\/fi\/wp-json\/wp\/v2\/product_tag?post=5252"}],"curies":[{"name":"wp","href":"https:\/\/api.w.org\/{rel}","templated":true}]}}