{"id":5237,"date":"2025-02-13T22:57:40","date_gmt":"2025-02-13T20:57:40","guid":{"rendered":"https:\/\/keluvo.com\/fi\/product\/nahka-lompakko\/"},"modified":"2025-02-13T22:58:06","modified_gmt":"2025-02-13T20:58:06","slug":"nahka-lompakko","status":"publish","type":"product","link":"https:\/\/keluvo.com\/fi\/product\/nahka-lompakko\/","title":{"rendered":"Nahka lompakko"},"content":{"rendered":"<h2 style=\"text-align: center\"><strong>Useita Lokeroita<\/strong><\/h2>\n<p style=\"text-align: center\">Nahkalompakossa on hyvin j\u00e4rjestettyj\u00e4 lokeroita, kuten korttipaikkoja, muistiinpanolokero ja valokuvapidike. Sen kompakti muotoilu tekee siit\u00e4 helposti kannettavan ja pit\u00e4\u00e4 samalla kaikki olennaiset asiat siististi j\u00e4rjestyksess\u00e4.<\/p>\n<p><img decoding=\"async\" class=\"alignnone size-medium wp-image-3473 aligncenter\" src=\"https:\/\/keluvo.com\/template\/wp-content\/uploads\/sites\/5\/2024\/11\/5315c4af-9ce8-4842-8ee7-29e3c633439d.webp\" alt=\"\" \/><\/p>\n<h2 style=\"text-align: center\"><strong>Vedenpit\u00e4v\u00e4 Lis\u00e4suojaa<\/strong><\/h2>\n<p style=\"text-align: center\">T\u00e4m\u00e4 nahkalompakko on suunniteltu vedenkest\u00e4v\u00e4ll\u00e4 ulkopinnalla, jotta olennaiset asiat pysyv\u00e4t turvassa odottamattomilta roiskeilta ja kevyelt\u00e4 sateelta. Sen vedenpit\u00e4v\u00e4 ominaisuus auttaa suojaamaan nahan laatua ja varmistaa, ett\u00e4 korttisi ja k\u00e4teisesi pysyv\u00e4t kuivina, mik\u00e4 lis\u00e4\u00e4 kest\u00e4vyytt\u00e4 jokap\u00e4iv\u00e4iseen k\u00e4ytt\u00f6\u00f6n.<\/p>\n<p><img decoding=\"async\" class=\"alignnone size-medium wp-image-3472 aligncenter\" src=\"https:\/\/keluvo.com\/template\/wp-content\/uploads\/sites\/5\/2024\/11\/121bcb2f-a38c-4e90-a0de-2d2556fe8faa.webp\" alt=\"\" \/><\/p>\n","protected":false},"excerpt":{"rendered":"<p>Useita Lokeroita Nahkalompakossa on hyvin j\u00e4rjestettyj\u00e4 lokeroita, kuten korttipaikkoja, muistiinpanolokero ja valokuvapidike. Sen kompakti muotoilu tekee siit\u00e4 helposti kannettavan ja [&hellip;]<\/p>\n","protected":false},"featured_media":5233,"comment_status":"open","ping_status":"closed","template":"","meta":{"site-sidebar-layout":"default","site-content-layout":"","ast-site-content-layout":"default","site-content-style":"default","site-sidebar-style":"default","ast-global-header-display":"","ast-banner-title-visibility":"","ast-main-header-display":"","ast-hfb-above-header-display":"","ast-hfb-below-header-display":"","ast-hfb-mobile-header-display":"","site-post-title":"","ast-breadcrumbs-content":"","ast-featured-img":"","footer-sml-layout":"","theme-transparent-header-meta":"default","adv-header-id-meta":"","stick-header-meta":"","header-above-stick-meta":"","header-main-stick-meta":"","header-below-stick-meta":"","astra-migrate-meta-layouts":"set","ast-page-background-enabled":"default","ast-page-background-meta":{"desktop":{"background-color":"var(--ast-global-color-4)","background-image":"","background-repeat":"repeat","background-position":"center center","background-size":"auto","background-attachment":"scroll","background-type":"","background-media":"","overlay-type":"","overlay-color":"","overlay-opacity":"","overlay-gradient":""},"tablet":{"background-color":"","background-image":"","background-repeat":"repeat","background-position":"center center","background-size":"auto","background-attachment":"scroll","background-type":"","background-media":"","overlay-type":"","overlay-color":"","overlay-opacity":"","overlay-gradient":""},"mobile":{"background-color":"","background-image":"","background-repeat":"repeat","background-position":"center center","background-size":"auto","background-attachment":"scroll","background-type":"","background-media":"","overlay-type":"","overlay-color":"","overlay-opacity":"","overlay-gradient":""}},"ast-content-background-meta":{"desktop":{"background-color":"var(--ast-global-color-5)","background-image":"","background-repeat":"repeat","background-position":"center center","background-size":"auto","background-attachment":"scroll","background-type":"","background-media":"","overlay-type":"","overlay-color":"","overlay-opacity":"","overlay-gradient":""},"tablet":{"background-color":"var(--ast-global-color-5)","background-image":"","background-repeat":"repeat","background-position":"center center","background-size":"auto","background-attachment":"scroll","background-type":"","background-media":"","overlay-type":"","overlay-color":"","overlay-opacity":"","overlay-gradient":""},"mobile":{"background-color":"var(--ast-global-color-5)","background-image":"","background-repeat":"repeat","background-position":"center center","background-size":"auto","background-attachment":"scroll","background-type":"","background-media":"","overlay-type":"","overlay-color":"","overlay-opacity":"","overlay-gradient":""}}},"product_brand":[],"product_cat":[993],"product_tag":[],"class_list":{"0":"post-5237","1":"product","2":"type-product","3":"status-publish","4":"has-post-thumbnail","6":"product_cat-footwear-accessories","7":"pa_x69ynbuk-kahvi","8":"pa_x69ynbuk-khaki","9":"pa_x69ynbuk-musta","10":"desktop-align-left","11":"tablet-align-left","12":"mobile-align-left","14":"first","15":"instock","16":"shipping-taxable","17":"purchasable","18":"product-type-variable"},"_links":{"self":[{"href":"https:\/\/keluvo.com\/fi\/wp-json\/wp\/v2\/product\/5237","targetHints":{"allow":["GET"]}}],"collection":[{"href":"https:\/\/keluvo.com\/fi\/wp-json\/wp\/v2\/product"}],"about":[{"href":"https:\/\/keluvo.com\/fi\/wp-json\/wp\/v2\/types\/product"}],"replies":[{"embeddable":true,"href":"https:\/\/keluvo.com\/fi\/wp-json\/wp\/v2\/comments?post=5237"}],"wp:featuredmedia":[{"embeddable":true,"href":"https:\/\/keluvo.com\/fi\/wp-json\/wp\/v2\/media\/5233"}],"wp:attachment":[{"href":"https:\/\/keluvo.com\/fi\/wp-json\/wp\/v2\/media?parent=5237"}],"wp:term":[{"taxonomy":"product_brand","embeddable":true,"href":"https:\/\/keluvo.com\/fi\/wp-json\/wp\/v2\/product_brand?post=5237"},{"taxonomy":"product_cat","embeddable":true,"href":"https:\/\/keluvo.com\/fi\/wp-json\/wp\/v2\/product_cat?post=5237"},{"taxonomy":"product_tag","embeddable":true,"href":"https:\/\/keluvo.com\/fi\/wp-json\/wp\/v2\/product_tag?post=5237"}],"curies":[{"name":"wp","href":"https:\/\/api.w.org\/{rel}","templated":true}]}}