{"id":5217,"date":"2025-02-13T22:56:06","date_gmt":"2025-02-13T20:56:06","guid":{"rendered":"https:\/\/keluvo.com\/fi\/product\/alykas-kello\/"},"modified":"2025-02-13T22:56:32","modified_gmt":"2025-02-13T20:56:32","slug":"alykas-kello","status":"publish","type":"product","link":"https:\/\/keluvo.com\/fi\/product\/alykas-kello\/","title":{"rendered":"\u00c4lyk\u00e4s kello"},"content":{"rendered":"<h2 style=\"text-align: center\"><strong>24-Tunnin Sykkeen Seuranta<\/strong><\/h2>\n<p style=\"text-align: center\">Reaaliaikainen sykkeen seuranta 24 tunnin kuluttua asennuksesta, sinulle ilmoitetaan, jos sykkeesi on ep\u00e4normaali, liian nopea tai liian hidas tai jos syd\u00e4menly\u00f6ntisi on ep\u00e4s\u00e4\u00e4nn\u00f6llinen<\/p>\n<h2 style=\"text-align: center\"><img decoding=\"async\" class=\"size-medium wp-image-2746 aligncenter\" src=\"https:\/\/keluvo.com\/template\/wp-content\/uploads\/sites\/5\/2024\/10\/5edab878-396e-4267-9e15-8ffaf4bef2b4.jpg\" alt=\"\" \/><\/h2>\n<h2><\/h2>\n<h2 style=\"text-align: center\"><strong>Toiminnot<\/strong><\/h2>\n<p style=\"text-align: center\">Bluetooth-puhelut + puhelimen haku + viestih\u00e4lytys + aikan\u00e4ytt\u00f6 + sekuntikello + l\u00e4ht\u00f6laskenta + h\u00e4lytysasetus ja niin edelleen.<\/p>\n<h2 style=\"text-align: center\"><img decoding=\"async\" class=\"size-medium wp-image-2747 aligncenter\" src=\"https:\/\/keluvo.com\/template\/wp-content\/uploads\/sites\/5\/2024\/10\/e42467e03b573b822440a208b990e32a.jpeg\" alt=\"\" \/><br \/>\n<strong>Vedenkest\u00e4v\u00e4<\/strong><\/h2>\n<p style=\"text-align: center\">Kello on IP67-vedenkest\u00e4v\u00e4, joten sinun ei tarvitse huolehtia joutumisesta veteen p\u00e4ivitt\u00e4isen k\u00e4yt\u00f6n aikana. Voit nauttia harjoittelusta ilman huolta hikoilusta tai vesivahingoista.<\/p>\n<h2 style=\"text-align: center\"><img decoding=\"async\" class=\"size-medium wp-image-2748 aligncenter\" src=\"https:\/\/keluvo.com\/template\/wp-content\/uploads\/sites\/5\/2024\/10\/2_d67219d5-dbf2-4806-955b-b4dcf047ae81_480x480.webp\" alt=\"\" \/><br \/>\n<strong>Bluetooth-Puhelut<\/strong><\/h2>\n<p style=\"text-align: center\">Saat vastata puheluihin ja soittaa niihin suoraan \u00e4lykellolla Bluetooth-yhteyden kautta. Et siis en\u00e4\u00e4 koskaan menet\u00e4 t\u00e4rke\u00e4\u00e4 puhelua tai viesti\u00e4 kokouksen tai treenin aikana.<\/p>\n<h2 style=\"text-align: center\"><img decoding=\"async\" class=\"size-medium wp-image-2750 aligncenter\" src=\"https:\/\/keluvo.com\/template\/wp-content\/uploads\/sites\/5\/2024\/10\/30-3_349d26e4-a0a4-484a-b51a-620bb14eaa20_480x480.webp\" alt=\"\" \/><br \/>\n<strong>Musiikki Liikkeell\u00e4!<\/strong><\/h2>\n<p style=\"text-align: center\">Valtavan muistin ja yli 100 kappaleen tallennuskapasiteetin ansiosta voit nauttia musiikista miss\u00e4 tahansa, jopa ilman matkapuhelinta! Tai yhdist\u00e4 puhelimeesi Bluetoothilla rajoittamatonta musiikin kuuntelua varten!<\/p>\n<h2 style=\"text-align: center\"><img decoding=\"async\" class=\"size-medium wp-image-2749 aligncenter\" src=\"https:\/\/keluvo.com\/template\/wp-content\/uploads\/sites\/5\/2024\/10\/30-1_b999ad9d-210d-475f-af63-61d27346586c_480x480.webp\" alt=\"\" \/><br \/>\n<strong>Live-Sykemittaus<\/strong><\/h2>\n<p style=\"text-align: center\">Seuraa helposti terveytt\u00e4si ja kuntoasi suorassa l\u00e4hetyksess\u00e4. Tai saat ilmoituksen, jos havaitset jotain ep\u00e4normaalia.<\/p>\n<p><img decoding=\"async\" class=\"size-medium wp-image-2751 aligncenter\" src=\"https:\/\/keluvo.com\/template\/wp-content\/uploads\/sites\/5\/2024\/10\/18_7b91549d-5a86-44ac-a0e8-d4a21f59374a_480x480.webp\" alt=\"\" \/><\/p>\n<h2><\/h2>\n<h2 style=\"text-align: center\"><strong>Korkean Ruumiinl\u00e4mm\u00f6n Varoitus<\/strong><\/h2>\n<p style=\"text-align: center\">Kun ruumiinl\u00e4mp\u00f6 ylitt\u00e4\u00e4 37,2 C (36 \u2103 ~ 37 \u2103 on normaali alue), kello v\u00e4risee ja muistuttaa sinua viilentym\u00e4\u00e4n, juomaan vett\u00e4 ja huolehtimaan terveydest\u00e4si.<\/p>\n<p><img decoding=\"async\" class=\"size-medium wp-image-2752 aligncenter\" src=\"https:\/\/keluvo.com\/template\/wp-content\/uploads\/sites\/5\/2024\/10\/8_f68f9149-bb91-4402-a87e-ededda9b6b70_480x480.webp\" alt=\"\" \/><\/p>\n","protected":false},"excerpt":{"rendered":"<p>24-Tunnin Sykkeen Seuranta Reaaliaikainen sykkeen seuranta 24 tunnin kuluttua asennuksesta, sinulle ilmoitetaan, jos sykkeesi on ep\u00e4normaali, liian nopea tai liian [&hellip;]<\/p>\n","protected":false},"featured_media":5213,"comment_status":"open","ping_status":"closed","template":"","meta":{"site-sidebar-layout":"default","site-content-layout":"","ast-site-content-layout":"default","site-content-style":"default","site-sidebar-style":"default","ast-global-header-display":"","ast-banner-title-visibility":"","ast-main-header-display":"","ast-hfb-above-header-display":"","ast-hfb-below-header-display":"","ast-hfb-mobile-header-display":"","site-post-title":"","ast-breadcrumbs-content":"","ast-featured-img":"","footer-sml-layout":"","theme-transparent-header-meta":"default","adv-header-id-meta":"","stick-header-meta":"","header-above-stick-meta":"","header-main-stick-meta":"","header-below-stick-meta":"","astra-migrate-meta-layouts":"set","ast-page-background-enabled":"default","ast-page-background-meta":{"desktop":{"background-color":"var(--ast-global-color-4)","background-image":"","background-repeat":"repeat","background-position":"center center","background-size":"auto","background-attachment":"scroll","background-type":"","background-media":"","overlay-type":"","overlay-color":"","overlay-opacity":"","overlay-gradient":""},"tablet":{"background-color":"","background-image":"","background-repeat":"repeat","background-position":"center center","background-size":"auto","background-attachment":"scroll","background-type":"","background-media":"","overlay-type":"","overlay-color":"","overlay-opacity":"","overlay-gradient":""},"mobile":{"background-color":"","background-image":"","background-repeat":"repeat","background-position":"center center","background-size":"auto","background-attachment":"scroll","background-type":"","background-media":"","overlay-type":"","overlay-color":"","overlay-opacity":"","overlay-gradient":""}},"ast-content-background-meta":{"desktop":{"background-color":"var(--ast-global-color-5)","background-image":"","background-repeat":"repeat","background-position":"center center","background-size":"auto","background-attachment":"scroll","background-type":"","background-media":"","overlay-type":"","overlay-color":"","overlay-opacity":"","overlay-gradient":""},"tablet":{"background-color":"var(--ast-global-color-5)","background-image":"","background-repeat":"repeat","background-position":"center center","background-size":"auto","background-attachment":"scroll","background-type":"","background-media":"","overlay-type":"","overlay-color":"","overlay-opacity":"","overlay-gradient":""},"mobile":{"background-color":"var(--ast-global-color-5)","background-image":"","background-repeat":"repeat","background-position":"center center","background-size":"auto","background-attachment":"scroll","background-type":"","background-media":"","overlay-type":"","overlay-color":"","overlay-opacity":"","overlay-gradient":""}}},"product_brand":[],"product_cat":[993,995,994],"product_tag":[],"class_list":{"0":"post-5217","1":"product","2":"type-product","3":"status-publish","4":"has-post-thumbnail","6":"product_cat-footwear-accessories","7":"product_cat-clothing-for-men","8":"product_cat-clothing-for-women","9":"pa_hnklsps3-hopea-teras","10":"pa_hnklsps3-musta","11":"pa_hnklsps3-musta-teras","12":"pa_hnklsps3-musta-vyo","13":"pa_hnklsps3-ruskea-vyo","14":"pa_hnklsps3-valkoinen","15":"desktop-align-left","16":"tablet-align-left","17":"mobile-align-left","19":"first","20":"instock","21":"shipping-taxable","22":"purchasable","23":"product-type-variable"},"_links":{"self":[{"href":"https:\/\/keluvo.com\/fi\/wp-json\/wp\/v2\/product\/5217","targetHints":{"allow":["GET"]}}],"collection":[{"href":"https:\/\/keluvo.com\/fi\/wp-json\/wp\/v2\/product"}],"about":[{"href":"https:\/\/keluvo.com\/fi\/wp-json\/wp\/v2\/types\/product"}],"replies":[{"embeddable":true,"href":"https:\/\/keluvo.com\/fi\/wp-json\/wp\/v2\/comments?post=5217"}],"wp:featuredmedia":[{"embeddable":true,"href":"https:\/\/keluvo.com\/fi\/wp-json\/wp\/v2\/media\/5213"}],"wp:attachment":[{"href":"https:\/\/keluvo.com\/fi\/wp-json\/wp\/v2\/media?parent=5217"}],"wp:term":[{"taxonomy":"product_brand","embeddable":true,"href":"https:\/\/keluvo.com\/fi\/wp-json\/wp\/v2\/product_brand?post=5217"},{"taxonomy":"product_cat","embeddable":true,"href":"https:\/\/keluvo.com\/fi\/wp-json\/wp\/v2\/product_cat?post=5217"},{"taxonomy":"product_tag","embeddable":true,"href":"https:\/\/keluvo.com\/fi\/wp-json\/wp\/v2\/product_tag?post=5217"}],"curies":[{"name":"wp","href":"https:\/\/api.w.org\/{rel}","templated":true}]}}