{"id":5206,"date":"2025-02-13T13:38:43","date_gmt":"2025-02-13T11:38:43","guid":{"rendered":"https:\/\/keluvo.com\/fi\/product\/auton-takaistuimen-jarjestaja\/"},"modified":"2025-02-13T13:38:54","modified_gmt":"2025-02-13T11:38:54","slug":"auton-takaistuimen-jarjestaja","status":"publish","type":"product","link":"https:\/\/keluvo.com\/fi\/product\/auton-takaistuimen-jarjestaja\/","title":{"rendered":"Auton takaistuimen j\u00e4rjest\u00e4j\u00e4"},"content":{"rendered":"<h2 style=\"text-align: center\"><strong>L\u00e4pin\u00e4kyv\u00e4 Tablettiteline<\/strong><\/h2>\n<p style=\"text-align: center\">Auton takaistuimen j\u00e4rjest\u00e4j\u00e4 sis\u00e4lt\u00e4\u00e4 l\u00e4pin\u00e4kyv\u00e4n, kosketusn\u00e4yt\u00f6llisen tablettitaskun, johon mahtuu jopa 10 tuuman tabletit. L\u00e4pin\u00e4kyv\u00e4n kannen ansiosta laitetta on helppo hallita, joten lapset voivat nauttia videoista ja peleist\u00e4 matkan aikana irrottamatta tablettia pidikkeest\u00e4.<\/p>\n<p><img decoding=\"async\" class=\"alignnone size-medium wp-image-3542 aligncenter\" src=\"https:\/\/keluvo.com\/template\/wp-content\/uploads\/sites\/5\/2024\/11\/S8e9c56c9ad6f4532af91fdc557a6cebeL.jpg\" alt=\"\" \/><\/p>\n<h2 style=\"text-align: center\"><strong>Useita S\u00e4ilytystaskuja<\/strong><\/h2>\n<p style=\"text-align: center\">Pit\u00e4k\u00e4\u00e4 autonne siistin\u00e4 ja j\u00e4rjestyksess\u00e4 t\u00e4ll\u00e4 auton takaistuimen j\u00e4rjestelij\u00e4ll\u00e4, jossa on kuusi taskua, joissa voi s\u00e4ilytt\u00e4\u00e4 esimerkiksi pulloja, v\u00e4lipaloja, leluja ja lehti\u00e4. Autossa on jopa oma tasku nen\u00e4liinoja varten, joten olennaiset tavarat ovat k\u00e4tev\u00e4sti kaikkien autossa olevien ulottuvilla.<\/p>\n<p><img decoding=\"async\" class=\"alignnone size-medium wp-image-3543 aligncenter\" src=\"https:\/\/keluvo.com\/template\/wp-content\/uploads\/sites\/5\/2024\/11\/Sb7e53c837c9049be90b5bf79ff2dc220b.jpg\" alt=\"\" \/><\/p>\n","protected":false},"excerpt":{"rendered":"<p>L\u00e4pin\u00e4kyv\u00e4 Tablettiteline Auton takaistuimen j\u00e4rjest\u00e4j\u00e4 sis\u00e4lt\u00e4\u00e4 l\u00e4pin\u00e4kyv\u00e4n, kosketusn\u00e4yt\u00f6llisen tablettitaskun, johon mahtuu jopa 10 tuuman tabletit. L\u00e4pin\u00e4kyv\u00e4n kannen ansiosta laitetta on [&hellip;]<\/p>\n","protected":false},"featured_media":5202,"comment_status":"open","ping_status":"closed","template":"","meta":{"site-sidebar-layout":"default","site-content-layout":"","ast-site-content-layout":"default","site-content-style":"default","site-sidebar-style":"default","ast-global-header-display":"","ast-banner-title-visibility":"","ast-main-header-display":"","ast-hfb-above-header-display":"","ast-hfb-below-header-display":"","ast-hfb-mobile-header-display":"","site-post-title":"","ast-breadcrumbs-content":"","ast-featured-img":"","footer-sml-layout":"","theme-transparent-header-meta":"default","adv-header-id-meta":"","stick-header-meta":"","header-above-stick-meta":"","header-main-stick-meta":"","header-below-stick-meta":"","astra-migrate-meta-layouts":"set","ast-page-background-enabled":"default","ast-page-background-meta":{"desktop":{"background-color":"var(--ast-global-color-4)","background-image":"","background-repeat":"repeat","background-position":"center center","background-size":"auto","background-attachment":"scroll","background-type":"","background-media":"","overlay-type":"","overlay-color":"","overlay-opacity":"","overlay-gradient":""},"tablet":{"background-color":"","background-image":"","background-repeat":"repeat","background-position":"center center","background-size":"auto","background-attachment":"scroll","background-type":"","background-media":"","overlay-type":"","overlay-color":"","overlay-opacity":"","overlay-gradient":""},"mobile":{"background-color":"","background-image":"","background-repeat":"repeat","background-position":"center center","background-size":"auto","background-attachment":"scroll","background-type":"","background-media":"","overlay-type":"","overlay-color":"","overlay-opacity":"","overlay-gradient":""}},"ast-content-background-meta":{"desktop":{"background-color":"var(--ast-global-color-5)","background-image":"","background-repeat":"repeat","background-position":"center center","background-size":"auto","background-attachment":"scroll","background-type":"","background-media":"","overlay-type":"","overlay-color":"","overlay-opacity":"","overlay-gradient":""},"tablet":{"background-color":"var(--ast-global-color-5)","background-image":"","background-repeat":"repeat","background-position":"center center","background-size":"auto","background-attachment":"scroll","background-type":"","background-media":"","overlay-type":"","overlay-color":"","overlay-opacity":"","overlay-gradient":""},"mobile":{"background-color":"var(--ast-global-color-5)","background-image":"","background-repeat":"repeat","background-position":"center center","background-size":"auto","background-attachment":"scroll","background-type":"","background-media":"","overlay-type":"","overlay-color":"","overlay-opacity":"","overlay-gradient":""}}},"product_brand":[],"product_cat":[998],"product_tag":[],"class_list":{"0":"post-5206","1":"product","2":"type-product","3":"status-publish","4":"has-post-thumbnail","6":"product_cat-automotive-products","7":"desktop-align-left","8":"tablet-align-left","9":"mobile-align-left","11":"first","12":"instock","13":"shipping-taxable","14":"purchasable","15":"product-type-simple"},"_links":{"self":[{"href":"https:\/\/keluvo.com\/fi\/wp-json\/wp\/v2\/product\/5206","targetHints":{"allow":["GET"]}}],"collection":[{"href":"https:\/\/keluvo.com\/fi\/wp-json\/wp\/v2\/product"}],"about":[{"href":"https:\/\/keluvo.com\/fi\/wp-json\/wp\/v2\/types\/product"}],"replies":[{"embeddable":true,"href":"https:\/\/keluvo.com\/fi\/wp-json\/wp\/v2\/comments?post=5206"}],"wp:featuredmedia":[{"embeddable":true,"href":"https:\/\/keluvo.com\/fi\/wp-json\/wp\/v2\/media\/5202"}],"wp:attachment":[{"href":"https:\/\/keluvo.com\/fi\/wp-json\/wp\/v2\/media?parent=5206"}],"wp:term":[{"taxonomy":"product_brand","embeddable":true,"href":"https:\/\/keluvo.com\/fi\/wp-json\/wp\/v2\/product_brand?post=5206"},{"taxonomy":"product_cat","embeddable":true,"href":"https:\/\/keluvo.com\/fi\/wp-json\/wp\/v2\/product_cat?post=5206"},{"taxonomy":"product_tag","embeddable":true,"href":"https:\/\/keluvo.com\/fi\/wp-json\/wp\/v2\/product_tag?post=5206"}],"curies":[{"name":"wp","href":"https:\/\/api.w.org\/{rel}","templated":true}]}}