{"id":4949,"date":"2025-01-22T12:35:53","date_gmt":"2025-01-22T10:35:53","guid":{"rendered":"https:\/\/keluvo.com\/fi\/product\/butaanikaasusoihtu\/"},"modified":"2025-01-22T12:35:55","modified_gmt":"2025-01-22T10:35:55","slug":"butaanikaasusoihtu","status":"publish","type":"product","link":"https:\/\/keluvo.com\/fi\/product\/butaanikaasusoihtu\/","title":{"rendered":"Butaanikaasusoihtu"},"content":{"rendered":"<h2 style=\"text-align: center\"><strong>S\u00e4\u00e4dett\u00e4v\u00e4 Korkean L\u00e4mp\u00f6tilan Liekki<\/strong><\/h2>\n<p style=\"text-align: center\">Butaanikaasupolttimessa on s\u00e4\u00e4dett\u00e4v\u00e4 liekki, joka voi saavuttaa jopa 1300 \u00b0C:n l\u00e4mp\u00f6tilan, joten se sopii erinomaisesti ruoanlaittoon, hitsaukseen tai l\u00e4mmitykseen. L\u00e4mp\u00f6tilan s\u00e4\u00e4t\u00f6 mahdollistaa tarkan k\u00e4yt\u00f6n, karamellisoitpa sitten ruokaa tai ty\u00f6st\u00e4t metallit\u00f6it\u00e4. Se on luotettava ty\u00f6kalu sek\u00e4 koti- ett\u00e4 ulkot\u00f6ihin.<\/p>\n<p style=\"text-align: center\"><img decoding=\"async\" class=\"alignnone size-medium wp-image-4968\" src=\"https:\/\/keluvo.com\/template\/wp-content\/uploads\/sites\/5\/2024\/12\/S669b54a9f26f4cfdb6be4b5629a88321q.jpg_960x960q75.jpg_.jpeg\" alt=\"\" \/><\/p>\n<h2 style=\"text-align: center\"><strong>Kompakti Ja Helppok\u00e4ytt\u00f6inen<\/strong><\/h2>\n<p style=\"text-align: center\">Kevyell\u00e4 ja kompaktilla rungolla suunniteltu butaanikaasupoltin on helppo kuljettaa ja k\u00e4ytt\u00e4\u00e4. Sen yksinkertainen asennus mahdollistaa nopean kiinnityksen butaanikaasus\u00e4ili\u00f6\u00f6n, joten se on k\u00e4tev\u00e4 retkeilyyn, piknikille ja muihin ulkoilma-aktiviteetteihin. Se on ihanteellinen ty\u00f6kalu kaikille liikkeell\u00e4 oleville.<\/p>\n<p><img decoding=\"async\" class=\"alignnone size-medium wp-image-4966 aligncenter\" src=\"https:\/\/keluvo.com\/template\/wp-content\/uploads\/sites\/5\/2024\/12\/S1ffedd3650954cafba9b985b4bbd29187.jpg_960x960q75.jpg_.jpeg\" alt=\"\" \/><\/p>\n<p>&nbsp;<\/p>\n","protected":false},"excerpt":{"rendered":"<p>S\u00e4\u00e4dett\u00e4v\u00e4 Korkean L\u00e4mp\u00f6tilan Liekki Butaanikaasupolttimessa on s\u00e4\u00e4dett\u00e4v\u00e4 liekki, joka voi saavuttaa jopa 1300 \u00b0C:n l\u00e4mp\u00f6tilan, joten se sopii erinomaisesti ruoanlaittoon, [&hellip;]<\/p>\n","protected":false},"featured_media":4945,"comment_status":"open","ping_status":"closed","template":"","meta":{"site-sidebar-layout":"default","site-content-layout":"","ast-site-content-layout":"default","site-content-style":"default","site-sidebar-style":"default","ast-global-header-display":"","ast-banner-title-visibility":"","ast-main-header-display":"","ast-hfb-above-header-display":"","ast-hfb-below-header-display":"","ast-hfb-mobile-header-display":"","site-post-title":"","ast-breadcrumbs-content":"","ast-featured-img":"","footer-sml-layout":"","theme-transparent-header-meta":"default","adv-header-id-meta":"","stick-header-meta":"","header-above-stick-meta":"","header-main-stick-meta":"","header-below-stick-meta":"","astra-migrate-meta-layouts":"set","ast-page-background-enabled":"default","ast-page-background-meta":{"desktop":{"background-color":"var(--ast-global-color-4)","background-image":"","background-repeat":"repeat","background-position":"center center","background-size":"auto","background-attachment":"scroll","background-type":"","background-media":"","overlay-type":"","overlay-color":"","overlay-opacity":"","overlay-gradient":""},"tablet":{"background-color":"","background-image":"","background-repeat":"repeat","background-position":"center center","background-size":"auto","background-attachment":"scroll","background-type":"","background-media":"","overlay-type":"","overlay-color":"","overlay-opacity":"","overlay-gradient":""},"mobile":{"background-color":"","background-image":"","background-repeat":"repeat","background-position":"center center","background-size":"auto","background-attachment":"scroll","background-type":"","background-media":"","overlay-type":"","overlay-color":"","overlay-opacity":"","overlay-gradient":""}},"ast-content-background-meta":{"desktop":{"background-color":"var(--ast-global-color-5)","background-image":"","background-repeat":"repeat","background-position":"center center","background-size":"auto","background-attachment":"scroll","background-type":"","background-media":"","overlay-type":"","overlay-color":"","overlay-opacity":"","overlay-gradient":""},"tablet":{"background-color":"var(--ast-global-color-5)","background-image":"","background-repeat":"repeat","background-position":"center center","background-size":"auto","background-attachment":"scroll","background-type":"","background-media":"","overlay-type":"","overlay-color":"","overlay-opacity":"","overlay-gradient":""},"mobile":{"background-color":"var(--ast-global-color-5)","background-image":"","background-repeat":"repeat","background-position":"center center","background-size":"auto","background-attachment":"scroll","background-type":"","background-media":"","overlay-type":"","overlay-color":"","overlay-opacity":"","overlay-gradient":""}}},"product_brand":[],"product_cat":[1000],"product_tag":[],"class_list":{"0":"post-4949","1":"product","2":"type-product","3":"status-publish","4":"has-post-thumbnail","6":"product_cat-hiking-camping-and-leisure-goods","7":"desktop-align-left","8":"tablet-align-left","9":"mobile-align-left","11":"first","12":"instock","13":"shipping-taxable","14":"purchasable","15":"product-type-simple"},"_links":{"self":[{"href":"https:\/\/keluvo.com\/fi\/wp-json\/wp\/v2\/product\/4949","targetHints":{"allow":["GET"]}}],"collection":[{"href":"https:\/\/keluvo.com\/fi\/wp-json\/wp\/v2\/product"}],"about":[{"href":"https:\/\/keluvo.com\/fi\/wp-json\/wp\/v2\/types\/product"}],"replies":[{"embeddable":true,"href":"https:\/\/keluvo.com\/fi\/wp-json\/wp\/v2\/comments?post=4949"}],"wp:featuredmedia":[{"embeddable":true,"href":"https:\/\/keluvo.com\/fi\/wp-json\/wp\/v2\/media\/4945"}],"wp:attachment":[{"href":"https:\/\/keluvo.com\/fi\/wp-json\/wp\/v2\/media?parent=4949"}],"wp:term":[{"taxonomy":"product_brand","embeddable":true,"href":"https:\/\/keluvo.com\/fi\/wp-json\/wp\/v2\/product_brand?post=4949"},{"taxonomy":"product_cat","embeddable":true,"href":"https:\/\/keluvo.com\/fi\/wp-json\/wp\/v2\/product_cat?post=4949"},{"taxonomy":"product_tag","embeddable":true,"href":"https:\/\/keluvo.com\/fi\/wp-json\/wp\/v2\/product_tag?post=4949"}],"curies":[{"name":"wp","href":"https:\/\/api.w.org\/{rel}","templated":true}]}}