{"id":4897,"date":"2025-01-22T12:23:25","date_gmt":"2025-01-22T10:23:25","guid":{"rendered":"https:\/\/keluvo.com\/fi\/product\/bubble-pop-peli\/"},"modified":"2025-06-20T10:03:33","modified_gmt":"2025-06-20T08:03:33","slug":"bubble-pop-peli","status":"publish","type":"product","link":"https:\/\/keluvo.com\/fi\/product\/bubble-pop-peli\/","title":{"rendered":"Bubble pop peli"},"content":{"rendered":"<h2 style=\"text-align: center\"><strong>Hauska Ja Mukaansatempaava Pelattavuus<\/strong><\/h2>\n<p style=\"text-align: center\">Bubble pop -peliss\u00e4 on nelj\u00e4 j\u00e4nnitt\u00e4v\u00e4\u00e4 pelitilaa, jotka pit\u00e4v\u00e4t lapset viihdytt\u00e4vin\u00e4 ja sitoutuneina. Jokainen tila auttaa kehitt\u00e4m\u00e4\u00e4n reaktiokyky\u00e4, silm\u00e4-k\u00e4si-koordinaatiota ja tarkkaavaisuutta. Sen dynaaminen musiikki ja kuplien popsiminen luovat hauskan aistikokemuksen, joka mahdollistaa tuntikausia kest\u00e4v\u00e4n leikin.<\/p>\n<p><img decoding=\"async\" class=\"alignnone size-medium wp-image-4299 aligncenter\" src=\"https:\/\/keluvo.com\/template\/wp-content\/uploads\/sites\/5\/2024\/11\/2152bfb8-cb69-46ef-a850-dd099ced3c2c.webp\" alt=\"\" \/><\/p>\n<h2 style=\"text-align: center\"><strong>Kompakti Ja Kannettava Muotoilu<\/strong><\/h2>\n<p style=\"text-align: center\">Kupla pop -peli on suunniteltu k\u00e4tev\u00e4ksi, ja se on kompakti ja kevyt, joten se on helppo kuljettaa mukana minne tahansa. Olipa kyseess\u00e4 sitten koti, auto tai jonotus, t\u00e4m\u00e4 peli tarjoaa stressinpoistoa ja viihdett\u00e4 tien p\u00e4\u00e4ll\u00e4. Sen kest\u00e4v\u00e4t silikoni- ja muovimateriaalit takaavat pitk\u00e4aikaisen k\u00e4yt\u00f6n.<\/p>\n<p><img decoding=\"async\" class=\"alignnone size-medium wp-image-4297 aligncenter\" src=\"https:\/\/keluvo.com\/template\/wp-content\/uploads\/sites\/5\/2024\/11\/8c14588f-d36a-41d8-8f28-43ce706058d3.webp\" alt=\"\" \/><\/p>\n","protected":false},"excerpt":{"rendered":"<p>Hauska Ja Mukaansatempaava Pelattavuus Bubble pop -peliss\u00e4 on nelj\u00e4 j\u00e4nnitt\u00e4v\u00e4\u00e4 pelitilaa, jotka pit\u00e4v\u00e4t lapset viihdytt\u00e4vin\u00e4 ja sitoutuneina. Jokainen tila auttaa [&hellip;]<\/p>\n","protected":false},"featured_media":4893,"comment_status":"open","ping_status":"closed","template":"","meta":{"site-sidebar-layout":"default","site-content-layout":"","ast-site-content-layout":"default","site-content-style":"default","site-sidebar-style":"default","ast-global-header-display":"","ast-banner-title-visibility":"","ast-main-header-display":"","ast-hfb-above-header-display":"","ast-hfb-below-header-display":"","ast-hfb-mobile-header-display":"","site-post-title":"","ast-breadcrumbs-content":"","ast-featured-img":"","footer-sml-layout":"","theme-transparent-header-meta":"default","adv-header-id-meta":"","stick-header-meta":"","header-above-stick-meta":"","header-main-stick-meta":"","header-below-stick-meta":"","astra-migrate-meta-layouts":"set","ast-page-background-enabled":"default","ast-page-background-meta":{"desktop":{"background-color":"var(--ast-global-color-4)","background-image":"","background-repeat":"repeat","background-position":"center center","background-size":"auto","background-attachment":"scroll","background-type":"","background-media":"","overlay-type":"","overlay-color":"","overlay-opacity":"","overlay-gradient":""},"tablet":{"background-color":"","background-image":"","background-repeat":"repeat","background-position":"center center","background-size":"auto","background-attachment":"scroll","background-type":"","background-media":"","overlay-type":"","overlay-color":"","overlay-opacity":"","overlay-gradient":""},"mobile":{"background-color":"","background-image":"","background-repeat":"repeat","background-position":"center center","background-size":"auto","background-attachment":"scroll","background-type":"","background-media":"","overlay-type":"","overlay-color":"","overlay-opacity":"","overlay-gradient":""}},"ast-content-background-meta":{"desktop":{"background-color":"var(--ast-global-color-5)","background-image":"","background-repeat":"repeat","background-position":"center center","background-size":"auto","background-attachment":"scroll","background-type":"","background-media":"","overlay-type":"","overlay-color":"","overlay-opacity":"","overlay-gradient":""},"tablet":{"background-color":"var(--ast-global-color-5)","background-image":"","background-repeat":"repeat","background-position":"center center","background-size":"auto","background-attachment":"scroll","background-type":"","background-media":"","overlay-type":"","overlay-color":"","overlay-opacity":"","overlay-gradient":""},"mobile":{"background-color":"var(--ast-global-color-5)","background-image":"","background-repeat":"repeat","background-position":"center center","background-size":"auto","background-attachment":"scroll","background-type":"","background-media":"","overlay-type":"","overlay-color":"","overlay-opacity":"","overlay-gradient":""}}},"product_brand":[],"product_cat":[990],"product_tag":[],"class_list":{"0":"post-4897","1":"product","2":"type-product","3":"status-publish","4":"has-post-thumbnail","6":"product_cat-toys-childrens-and-baby-products","7":"pa_58t6d8ee-ruskea","8":"pa_58t6d8ee-sininen","9":"desktop-align-left","10":"tablet-align-left","11":"mobile-align-left","13":"first","14":"instock","15":"shipping-taxable","16":"purchasable","17":"product-type-variable"},"_links":{"self":[{"href":"https:\/\/keluvo.com\/fi\/wp-json\/wp\/v2\/product\/4897","targetHints":{"allow":["GET"]}}],"collection":[{"href":"https:\/\/keluvo.com\/fi\/wp-json\/wp\/v2\/product"}],"about":[{"href":"https:\/\/keluvo.com\/fi\/wp-json\/wp\/v2\/types\/product"}],"replies":[{"embeddable":true,"href":"https:\/\/keluvo.com\/fi\/wp-json\/wp\/v2\/comments?post=4897"}],"wp:featuredmedia":[{"embeddable":true,"href":"https:\/\/keluvo.com\/fi\/wp-json\/wp\/v2\/media\/4893"}],"wp:attachment":[{"href":"https:\/\/keluvo.com\/fi\/wp-json\/wp\/v2\/media?parent=4897"}],"wp:term":[{"taxonomy":"product_brand","embeddable":true,"href":"https:\/\/keluvo.com\/fi\/wp-json\/wp\/v2\/product_brand?post=4897"},{"taxonomy":"product_cat","embeddable":true,"href":"https:\/\/keluvo.com\/fi\/wp-json\/wp\/v2\/product_cat?post=4897"},{"taxonomy":"product_tag","embeddable":true,"href":"https:\/\/keluvo.com\/fi\/wp-json\/wp\/v2\/product_tag?post=4897"}],"curies":[{"name":"wp","href":"https:\/\/api.w.org\/{rel}","templated":true}]}}