{"id":4836,"date":"2025-01-22T12:05:57","date_gmt":"2025-01-22T10:05:57","guid":{"rendered":"https:\/\/keluvo.com\/fi\/product\/kaapeleiden-jarjestamisklipsit-20-kpl\/"},"modified":"2025-06-19T10:52:48","modified_gmt":"2025-06-19T08:52:48","slug":"kaapeleiden-jarjestamisklipsit-20-kpl","status":"publish","type":"product","link":"https:\/\/keluvo.com\/fi\/product\/kaapeleiden-jarjestamisklipsit-20-kpl\/","title":{"rendered":"Kaapeleiden j\u00e4rjest\u00e4misklipsit (20 kpl)"},"content":{"rendered":"<h2 style=\"text-align: center\"><strong>Helppo Asennus<\/strong><\/h2>\n<p style=\"text-align: center\">Kaapelinj\u00e4rjest\u00e4j\u00e4n klipsit on suunniteltu itseliimautuvalla selk\u00e4puolella, joten asennus on nopeaa ja vaivatonta. Kuori vain taustalevy irti ja kiinnit\u00e4 ne haluamallesi pinnalle huolehtimatta seinien tai huonekalujen vahingoittumisesta.<\/p>\n<p><img decoding=\"async\" class=\"alignnone size-medium wp-image-4198 aligncenter\" src=\"https:\/\/keluvo.com\/template\/wp-content\/uploads\/sites\/5\/2024\/11\/S683884cedd784408b54997c429260747I.jpg\" alt=\"\" \/><\/p>\n<h2 style=\"text-align: center\"><strong>J\u00e4rjest\u00e4 Kaapelit<\/strong><\/h2>\n<p style=\"text-align: center\">N\u00e4m\u00e4 klipsit sopivat t\u00e4ydellisesti kodin tai toimiston siistimiseen pit\u00e4m\u00e4ll\u00e4 erilaiset datakaapelit, verkkokaapelit ja johdot j\u00e4rjestyksess\u00e4. Ne est\u00e4v\u00e4t sotkeutumista ja sotkua, jolloin johdot ovat helpommin saatavilla ja hallittavissa.<\/p>\n<p><img decoding=\"async\" class=\"alignnone size-medium wp-image-4196 aligncenter\" src=\"https:\/\/keluvo.com\/template\/wp-content\/uploads\/sites\/5\/2024\/11\/S9cde89fbdae540a2b9ed2bffe8ca3e2ds.jpg\" alt=\"\" \/><\/p>\n","protected":false},"excerpt":{"rendered":"<p>Helppo Asennus Kaapelinj\u00e4rjest\u00e4j\u00e4n klipsit on suunniteltu itseliimautuvalla selk\u00e4puolella, joten asennus on nopeaa ja vaivatonta. Kuori vain taustalevy irti ja kiinnit\u00e4 [&hellip;]<\/p>\n","protected":false},"featured_media":4832,"comment_status":"open","ping_status":"closed","template":"","meta":{"site-sidebar-layout":"default","site-content-layout":"","ast-site-content-layout":"default","site-content-style":"default","site-sidebar-style":"default","ast-global-header-display":"","ast-banner-title-visibility":"","ast-main-header-display":"","ast-hfb-above-header-display":"","ast-hfb-below-header-display":"","ast-hfb-mobile-header-display":"","site-post-title":"","ast-breadcrumbs-content":"","ast-featured-img":"","footer-sml-layout":"","theme-transparent-header-meta":"default","adv-header-id-meta":"","stick-header-meta":"","header-above-stick-meta":"","header-main-stick-meta":"","header-below-stick-meta":"","astra-migrate-meta-layouts":"set","ast-page-background-enabled":"default","ast-page-background-meta":{"desktop":{"background-color":"var(--ast-global-color-4)","background-image":"","background-repeat":"repeat","background-position":"center center","background-size":"auto","background-attachment":"scroll","background-type":"","background-media":"","overlay-type":"","overlay-color":"","overlay-opacity":"","overlay-gradient":""},"tablet":{"background-color":"","background-image":"","background-repeat":"repeat","background-position":"center center","background-size":"auto","background-attachment":"scroll","background-type":"","background-media":"","overlay-type":"","overlay-color":"","overlay-opacity":"","overlay-gradient":""},"mobile":{"background-color":"","background-image":"","background-repeat":"repeat","background-position":"center center","background-size":"auto","background-attachment":"scroll","background-type":"","background-media":"","overlay-type":"","overlay-color":"","overlay-opacity":"","overlay-gradient":""}},"ast-content-background-meta":{"desktop":{"background-color":"var(--ast-global-color-5)","background-image":"","background-repeat":"repeat","background-position":"center center","background-size":"auto","background-attachment":"scroll","background-type":"","background-media":"","overlay-type":"","overlay-color":"","overlay-opacity":"","overlay-gradient":""},"tablet":{"background-color":"var(--ast-global-color-5)","background-image":"","background-repeat":"repeat","background-position":"center center","background-size":"auto","background-attachment":"scroll","background-type":"","background-media":"","overlay-type":"","overlay-color":"","overlay-opacity":"","overlay-gradient":""},"mobile":{"background-color":"var(--ast-global-color-5)","background-image":"","background-repeat":"repeat","background-position":"center center","background-size":"auto","background-attachment":"scroll","background-type":"","background-media":"","overlay-type":"","overlay-color":"","overlay-opacity":"","overlay-gradient":""}}},"product_brand":[],"product_cat":[1001],"product_tag":[],"class_list":{"0":"post-4836","1":"product","2":"type-product","3":"status-publish","4":"has-post-thumbnail","6":"product_cat-household-goods","7":"pa_l6v4nclc-kirkas","8":"pa_l6v4nclc-musta","9":"pa_l6v4nclc-valkoinen","10":"desktop-align-left","11":"tablet-align-left","12":"mobile-align-left","14":"first","15":"instock","16":"shipping-taxable","17":"purchasable","18":"product-type-variable"},"_links":{"self":[{"href":"https:\/\/keluvo.com\/fi\/wp-json\/wp\/v2\/product\/4836","targetHints":{"allow":["GET"]}}],"collection":[{"href":"https:\/\/keluvo.com\/fi\/wp-json\/wp\/v2\/product"}],"about":[{"href":"https:\/\/keluvo.com\/fi\/wp-json\/wp\/v2\/types\/product"}],"replies":[{"embeddable":true,"href":"https:\/\/keluvo.com\/fi\/wp-json\/wp\/v2\/comments?post=4836"}],"wp:featuredmedia":[{"embeddable":true,"href":"https:\/\/keluvo.com\/fi\/wp-json\/wp\/v2\/media\/4832"}],"wp:attachment":[{"href":"https:\/\/keluvo.com\/fi\/wp-json\/wp\/v2\/media?parent=4836"}],"wp:term":[{"taxonomy":"product_brand","embeddable":true,"href":"https:\/\/keluvo.com\/fi\/wp-json\/wp\/v2\/product_brand?post=4836"},{"taxonomy":"product_cat","embeddable":true,"href":"https:\/\/keluvo.com\/fi\/wp-json\/wp\/v2\/product_cat?post=4836"},{"taxonomy":"product_tag","embeddable":true,"href":"https:\/\/keluvo.com\/fi\/wp-json\/wp\/v2\/product_tag?post=4836"}],"curies":[{"name":"wp","href":"https:\/\/api.w.org\/{rel}","templated":true}]}}