{"id":4624,"date":"2025-01-13T14:50:35","date_gmt":"2025-01-13T12:50:35","guid":{"rendered":"https:\/\/keluvo.com\/fi\/product\/hartsikoristeet-figuuri\/"},"modified":"2025-01-13T14:50:35","modified_gmt":"2025-01-13T12:50:35","slug":"hartsikoristeet-figuuri","status":"publish","type":"product","link":"https:\/\/keluvo.com\/fi\/product\/hartsikoristeet-figuuri\/","title":{"rendered":"Hartsikoristeet figuuri"},"content":{"rendered":"<h2 style=\"text-align: center\"><strong>Juhlistaa L\u00e4heisi\u00e4 Suhteita<\/strong><\/h2>\n<p style=\"text-align: center\">Hartsikoristeiden figuuri edustaa kauniisti sisarusten, yst\u00e4vien tai perheen v\u00e4list\u00e4 rakastavaa sidett\u00e4. Se on syd\u00e4mellinen muistutus ihmisist\u00e4, jotka tuovat el\u00e4m\u00e4\u00e4mme voimaa ja iloa. Jaa t\u00e4t\u00e4 figuuria yhteyden, naurun ja tuen symbolina.<\/p>\n<p><img decoding=\"async\" class=\"alignnone size-medium wp-image-7595 aligncenter\" src=\"https:\/\/keluvo.com\/template\/wp-content\/uploads\/sites\/5\/2025\/01\/a76acdb2-fa6d-4988-8751-dee44c279d9d.webp\" alt=\"\" \/><\/p>\n<h2 style=\"text-align: center\"><strong>Kest\u00e4v\u00e4 Ja Pitk\u00e4ik\u00e4inen<\/strong><\/h2>\n<p style=\"text-align: center\">Koristeellinen, korkealaatuisesta hartsista valmistettu hartsikoristeinen figuuri on tehty kest\u00e4m\u00e4\u00e4n. Sen kest\u00e4v\u00e4 materiaali kest\u00e4\u00e4 haalistumista, mik\u00e4 takaa, ett\u00e4 veistos pysyy elinvoimaisena ja raikkaana ajan my\u00f6t\u00e4. T\u00e4m\u00e4 ajaton esine voi pit\u00e4\u00e4 rakkaat muistosi elossa vuosia.<\/p>\n<p><img decoding=\"async\" class=\"alignnone size-medium wp-image-7593 aligncenter\" src=\"https:\/\/keluvo.com\/template\/wp-content\/uploads\/sites\/5\/2025\/01\/9f1fc693-e050-4b68-93a6-3013ef1c09d4.webp\" alt=\"\" \/><\/p>\n","protected":false},"excerpt":{"rendered":"<p>Juhlistaa L\u00e4heisi\u00e4 Suhteita Hartsikoristeiden figuuri edustaa kauniisti sisarusten, yst\u00e4vien tai perheen v\u00e4list\u00e4 rakastavaa sidett\u00e4. Se on syd\u00e4mellinen muistutus ihmisist\u00e4, jotka [&hellip;]<\/p>\n","protected":false},"featured_media":4620,"comment_status":"open","ping_status":"closed","template":"","meta":{"site-sidebar-layout":"default","site-content-layout":"","ast-site-content-layout":"default","site-content-style":"default","site-sidebar-style":"default","ast-global-header-display":"","ast-banner-title-visibility":"","ast-main-header-display":"","ast-hfb-above-header-display":"","ast-hfb-below-header-display":"","ast-hfb-mobile-header-display":"","site-post-title":"","ast-breadcrumbs-content":"","ast-featured-img":"","footer-sml-layout":"","theme-transparent-header-meta":"default","adv-header-id-meta":"","stick-header-meta":"","header-above-stick-meta":"","header-main-stick-meta":"","header-below-stick-meta":"","astra-migrate-meta-layouts":"set","ast-page-background-enabled":"default","ast-page-background-meta":{"desktop":{"background-color":"var(--ast-global-color-4)","background-image":"","background-repeat":"repeat","background-position":"center center","background-size":"auto","background-attachment":"scroll","background-type":"","background-media":"","overlay-type":"","overlay-color":"","overlay-opacity":"","overlay-gradient":""},"tablet":{"background-color":"","background-image":"","background-repeat":"repeat","background-position":"center center","background-size":"auto","background-attachment":"scroll","background-type":"","background-media":"","overlay-type":"","overlay-color":"","overlay-opacity":"","overlay-gradient":""},"mobile":{"background-color":"","background-image":"","background-repeat":"repeat","background-position":"center center","background-size":"auto","background-attachment":"scroll","background-type":"","background-media":"","overlay-type":"","overlay-color":"","overlay-opacity":"","overlay-gradient":""}},"ast-content-background-meta":{"desktop":{"background-color":"var(--ast-global-color-5)","background-image":"","background-repeat":"repeat","background-position":"center center","background-size":"auto","background-attachment":"scroll","background-type":"","background-media":"","overlay-type":"","overlay-color":"","overlay-opacity":"","overlay-gradient":""},"tablet":{"background-color":"var(--ast-global-color-5)","background-image":"","background-repeat":"repeat","background-position":"center center","background-size":"auto","background-attachment":"scroll","background-type":"","background-media":"","overlay-type":"","overlay-color":"","overlay-opacity":"","overlay-gradient":""},"mobile":{"background-color":"var(--ast-global-color-5)","background-image":"","background-repeat":"repeat","background-position":"center center","background-size":"auto","background-attachment":"scroll","background-type":"","background-media":"","overlay-type":"","overlay-color":"","overlay-opacity":"","overlay-gradient":""}}},"product_brand":[],"product_cat":[15],"product_tag":[],"class_list":{"0":"post-4624","1":"product","2":"type-product","3":"status-publish","4":"has-post-thumbnail","6":"product_cat-uncategorized","7":"desktop-align-left","8":"tablet-align-left","9":"mobile-align-left","11":"first","12":"instock","13":"shipping-taxable","14":"purchasable","15":"product-type-simple"},"_links":{"self":[{"href":"https:\/\/keluvo.com\/fi\/wp-json\/wp\/v2\/product\/4624","targetHints":{"allow":["GET"]}}],"collection":[{"href":"https:\/\/keluvo.com\/fi\/wp-json\/wp\/v2\/product"}],"about":[{"href":"https:\/\/keluvo.com\/fi\/wp-json\/wp\/v2\/types\/product"}],"replies":[{"embeddable":true,"href":"https:\/\/keluvo.com\/fi\/wp-json\/wp\/v2\/comments?post=4624"}],"wp:featuredmedia":[{"embeddable":true,"href":"https:\/\/keluvo.com\/fi\/wp-json\/wp\/v2\/media\/4620"}],"wp:attachment":[{"href":"https:\/\/keluvo.com\/fi\/wp-json\/wp\/v2\/media?parent=4624"}],"wp:term":[{"taxonomy":"product_brand","embeddable":true,"href":"https:\/\/keluvo.com\/fi\/wp-json\/wp\/v2\/product_brand?post=4624"},{"taxonomy":"product_cat","embeddable":true,"href":"https:\/\/keluvo.com\/fi\/wp-json\/wp\/v2\/product_cat?post=4624"},{"taxonomy":"product_tag","embeddable":true,"href":"https:\/\/keluvo.com\/fi\/wp-json\/wp\/v2\/product_tag?post=4624"}],"curies":[{"name":"wp","href":"https:\/\/api.w.org\/{rel}","templated":true}]}}