{"id":4619,"date":"2025-01-13T14:39:17","date_gmt":"2025-01-13T12:39:17","guid":{"rendered":"https:\/\/keluvo.com\/fi\/product\/hiustenhoitosuihke\/"},"modified":"2025-01-13T14:39:17","modified_gmt":"2025-01-13T12:39:17","slug":"hiustenhoitosuihke","status":"publish","type":"product","link":"https:\/\/keluvo.com\/fi\/product\/hiustenhoitosuihke\/","title":{"rendered":"Hiustenhoitosuihke"},"content":{"rendered":"<h2 style=\"text-align: center\"><strong>Lis\u00e4\u00e4 Volyymia Ja Terhakkuutta<\/strong><\/h2>\n<p style=\"text-align: center\">Hiustenhoitosuihke on suunniteltu antamaan hiuksillesi t\u00e4ytel\u00e4isemm\u00e4n ja eloisamman ilmeen. Se kohottaa hiuksiasi ja lis\u00e4\u00e4 kimmoisuutta mihin tahansa tyyliin, mik\u00e4 auttaa sinua saavuttamaan salonkikelpoisen ulkon\u00e4\u00f6n kotona. Sano hyv\u00e4stit latteille, elottomille hiuksille t\u00e4m\u00e4n helppok\u00e4ytt\u00f6isen suihkeen avulla.<\/p>\n<p><img decoding=\"async\" class=\"alignnone size-medium wp-image-7588 aligncenter\" src=\"https:\/\/keluvo.com\/template\/wp-content\/uploads\/sites\/5\/2025\/01\/S11952db3fd0a476aae84e0a5ac6a9c6eA.jpg_960x960q75.jpg_.webp\" \/><\/p>\n<h2 style=\"text-align: center\"><strong>Ravitsee Koko P\u00e4iv\u00e4n<\/strong><\/h2>\n<p style=\"text-align: center\">T\u00e4m\u00e4 hiuksiin j\u00e4tett\u00e4v\u00e4 suihke pit\u00e4\u00e4 hiuksesi pehmein\u00e4, silein\u00e4 ja hallittavina koko p\u00e4iv\u00e4n. Sen tahmea koostumus kosteuttaa ja irrottaa hiuksia ja varmistaa, ett\u00e4 hiukset pysyv\u00e4t tervein\u00e4 ja helposti muotoiltavissa. Nauti kevyest\u00e4 ravinnosta jokaisella k\u00e4ytt\u00f6kerralla.<\/p>\n<p><img decoding=\"async\" class=\"alignnone size-medium wp-image-7587 aligncenter\" src=\"https:\/\/keluvo.com\/template\/wp-content\/uploads\/sites\/5\/2025\/01\/Scfcebb0ebee34513ae3d6df3ef9dd609M.jpg_960x960q75.jpg_.webp\" alt=\"\" \/><\/p>\n","protected":false},"excerpt":{"rendered":"<p>Lis\u00e4\u00e4 Volyymia Ja Terhakkuutta Hiustenhoitosuihke on suunniteltu antamaan hiuksillesi t\u00e4ytel\u00e4isemm\u00e4n ja eloisamman ilmeen. Se kohottaa hiuksiasi ja lis\u00e4\u00e4 kimmoisuutta mihin [&hellip;]<\/p>\n","protected":false},"featured_media":4615,"comment_status":"open","ping_status":"closed","template":"","meta":{"site-sidebar-layout":"default","site-content-layout":"","ast-site-content-layout":"default","site-content-style":"default","site-sidebar-style":"default","ast-global-header-display":"","ast-banner-title-visibility":"","ast-main-header-display":"","ast-hfb-above-header-display":"","ast-hfb-below-header-display":"","ast-hfb-mobile-header-display":"","site-post-title":"","ast-breadcrumbs-content":"","ast-featured-img":"","footer-sml-layout":"","theme-transparent-header-meta":"default","adv-header-id-meta":"","stick-header-meta":"","header-above-stick-meta":"","header-main-stick-meta":"","header-below-stick-meta":"","astra-migrate-meta-layouts":"set","ast-page-background-enabled":"default","ast-page-background-meta":{"desktop":{"background-color":"var(--ast-global-color-4)","background-image":"","background-repeat":"repeat","background-position":"center center","background-size":"auto","background-attachment":"scroll","background-type":"","background-media":"","overlay-type":"","overlay-color":"","overlay-opacity":"","overlay-gradient":""},"tablet":{"background-color":"","background-image":"","background-repeat":"repeat","background-position":"center center","background-size":"auto","background-attachment":"scroll","background-type":"","background-media":"","overlay-type":"","overlay-color":"","overlay-opacity":"","overlay-gradient":""},"mobile":{"background-color":"","background-image":"","background-repeat":"repeat","background-position":"center center","background-size":"auto","background-attachment":"scroll","background-type":"","background-media":"","overlay-type":"","overlay-color":"","overlay-opacity":"","overlay-gradient":""}},"ast-content-background-meta":{"desktop":{"background-color":"var(--ast-global-color-5)","background-image":"","background-repeat":"repeat","background-position":"center center","background-size":"auto","background-attachment":"scroll","background-type":"","background-media":"","overlay-type":"","overlay-color":"","overlay-opacity":"","overlay-gradient":""},"tablet":{"background-color":"var(--ast-global-color-5)","background-image":"","background-repeat":"repeat","background-position":"center center","background-size":"auto","background-attachment":"scroll","background-type":"","background-media":"","overlay-type":"","overlay-color":"","overlay-opacity":"","overlay-gradient":""},"mobile":{"background-color":"var(--ast-global-color-5)","background-image":"","background-repeat":"repeat","background-position":"center center","background-size":"auto","background-attachment":"scroll","background-type":"","background-media":"","overlay-type":"","overlay-color":"","overlay-opacity":"","overlay-gradient":""}}},"product_brand":[],"product_cat":[992],"product_tag":[],"class_list":{"0":"post-4619","1":"product","2":"type-product","3":"status-publish","4":"has-post-thumbnail","6":"product_cat-beauty-and-hygiene-products","7":"desktop-align-left","8":"tablet-align-left","9":"mobile-align-left","11":"first","12":"instock","13":"shipping-taxable","14":"purchasable","15":"product-type-simple"},"_links":{"self":[{"href":"https:\/\/keluvo.com\/fi\/wp-json\/wp\/v2\/product\/4619","targetHints":{"allow":["GET"]}}],"collection":[{"href":"https:\/\/keluvo.com\/fi\/wp-json\/wp\/v2\/product"}],"about":[{"href":"https:\/\/keluvo.com\/fi\/wp-json\/wp\/v2\/types\/product"}],"replies":[{"embeddable":true,"href":"https:\/\/keluvo.com\/fi\/wp-json\/wp\/v2\/comments?post=4619"}],"wp:featuredmedia":[{"embeddable":true,"href":"https:\/\/keluvo.com\/fi\/wp-json\/wp\/v2\/media\/4615"}],"wp:attachment":[{"href":"https:\/\/keluvo.com\/fi\/wp-json\/wp\/v2\/media?parent=4619"}],"wp:term":[{"taxonomy":"product_brand","embeddable":true,"href":"https:\/\/keluvo.com\/fi\/wp-json\/wp\/v2\/product_brand?post=4619"},{"taxonomy":"product_cat","embeddable":true,"href":"https:\/\/keluvo.com\/fi\/wp-json\/wp\/v2\/product_cat?post=4619"},{"taxonomy":"product_tag","embeddable":true,"href":"https:\/\/keluvo.com\/fi\/wp-json\/wp\/v2\/product_tag?post=4619"}],"curies":[{"name":"wp","href":"https:\/\/api.w.org\/{rel}","templated":true}]}}