{"id":4604,"date":"2025-01-13T14:36:14","date_gmt":"2025-01-13T12:36:14","guid":{"rendered":"https:\/\/keluvo.com\/fi\/product\/imukahva\/"},"modified":"2025-06-20T11:22:32","modified_gmt":"2025-06-20T09:22:32","slug":"imukahva-1","status":"publish","type":"product","link":"https:\/\/keluvo.com\/fi\/product\/imukahva-1\/","title":{"rendered":"Imukahva"},"content":{"rendered":"<h2 style=\"text-align: center;\"><strong>Turvallinen Ja Liukumaton Muotoilu<\/strong><\/h2>\n<p style=\"text-align: center;\">Imeinen tartuntakahva tarjoaa lis\u00e4tukea ja turvallisuutta kylpyhuoneessa. Sen vahvat imukupit pit\u00e4v\u00e4t sen tukevasti paikallaan ja tarjoavat vakaan otteen i\u00e4kk\u00e4ille, loukkaantuneille tai vammaisille henkil\u00f6ille. Sen liukumattoman pinnan ansiosta voit luottaa siihen, kun astut kylpyammeeseen tai suihkuun tai poistut sielt\u00e4.<\/p>\n<p><img decoding=\"async\" class=\"alignnone size-medium wp-image-5160 aligncenter\" src=\"https:\/\/keluvo.com\/template\/wp-content\/uploads\/sites\/5\/2024\/12\/S55c974e5004c444ab111484f7d7671d5J.jpg_960x960q75.jpg_.webp\" \/><\/p>\n<h2 style=\"text-align: center;\"><strong>Helppo Asentaa Ja Irrottaa<\/strong><\/h2>\n<p style=\"text-align: center;\">Imeytett\u00e4v\u00e4 tartuntatuki on nopea ja yksinkertainen asentaa ilman ty\u00f6kaluja tai porausta. Paina imukupit vain puhtaalle, sile\u00e4lle pinnalle ja lukitse ne paikalleen kielekkeill\u00e4. Se on helppo irrottaa ja sijoittaa uudelleen, joten se sopii erinomaisesti matkustamiseen tai tilap\u00e4iseen k\u00e4ytt\u00f6\u00f6n.<\/p>\n<p><img decoding=\"async\" class=\"alignnone size-medium wp-image-5161 aligncenter\" src=\"https:\/\/keluvo.com\/template\/wp-content\/uploads\/sites\/5\/2024\/12\/S3afe80ba7e1240cd9c3d46c8ad976b1bp.jpg_960x960q75.jpg_.webp\" alt=\"\" \/><\/p>\n","protected":false},"excerpt":{"rendered":"<p>Turvallinen Ja Liukumaton Muotoilu Imeinen tartuntakahva tarjoaa lis\u00e4tukea ja turvallisuutta kylpyhuoneessa. Sen vahvat imukupit pit\u00e4v\u00e4t sen tukevasti paikallaan ja tarjoavat [&hellip;]<\/p>\n","protected":false},"featured_media":4600,"comment_status":"open","ping_status":"closed","template":"","meta":{"site-sidebar-layout":"default","site-content-layout":"","ast-site-content-layout":"default","site-content-style":"default","site-sidebar-style":"default","ast-global-header-display":"","ast-banner-title-visibility":"","ast-main-header-display":"","ast-hfb-above-header-display":"","ast-hfb-below-header-display":"","ast-hfb-mobile-header-display":"","site-post-title":"","ast-breadcrumbs-content":"","ast-featured-img":"","footer-sml-layout":"","theme-transparent-header-meta":"default","adv-header-id-meta":"","stick-header-meta":"","header-above-stick-meta":"","header-main-stick-meta":"","header-below-stick-meta":"","astra-migrate-meta-layouts":"set","ast-page-background-enabled":"default","ast-page-background-meta":{"desktop":{"background-color":"var(--ast-global-color-4)","background-image":"","background-repeat":"repeat","background-position":"center center","background-size":"auto","background-attachment":"scroll","background-type":"","background-media":"","overlay-type":"","overlay-color":"","overlay-opacity":"","overlay-gradient":""},"tablet":{"background-color":"","background-image":"","background-repeat":"repeat","background-position":"center center","background-size":"auto","background-attachment":"scroll","background-type":"","background-media":"","overlay-type":"","overlay-color":"","overlay-opacity":"","overlay-gradient":""},"mobile":{"background-color":"","background-image":"","background-repeat":"repeat","background-position":"center center","background-size":"auto","background-attachment":"scroll","background-type":"","background-media":"","overlay-type":"","overlay-color":"","overlay-opacity":"","overlay-gradient":""}},"ast-content-background-meta":{"desktop":{"background-color":"var(--ast-global-color-5)","background-image":"","background-repeat":"repeat","background-position":"center center","background-size":"auto","background-attachment":"scroll","background-type":"","background-media":"","overlay-type":"","overlay-color":"","overlay-opacity":"","overlay-gradient":""},"tablet":{"background-color":"var(--ast-global-color-5)","background-image":"","background-repeat":"repeat","background-position":"center center","background-size":"auto","background-attachment":"scroll","background-type":"","background-media":"","overlay-type":"","overlay-color":"","overlay-opacity":"","overlay-gradient":""},"mobile":{"background-color":"var(--ast-global-color-5)","background-image":"","background-repeat":"repeat","background-position":"center center","background-size":"auto","background-attachment":"scroll","background-type":"","background-media":"","overlay-type":"","overlay-color":"","overlay-opacity":"","overlay-gradient":""}}},"product_brand":[],"product_cat":[1001],"product_tag":[],"class_list":{"0":"post-4604","1":"product","2":"type-product","3":"status-publish","4":"has-post-thumbnail","6":"product_cat-household-goods","7":"pa_c71tefec-harmaa","8":"pa_c71tefec-musta","9":"pa_c71tefec-vihrea","10":"desktop-align-left","11":"tablet-align-left","12":"mobile-align-left","14":"first","15":"instock","16":"shipping-taxable","17":"purchasable","18":"product-type-variable"},"_links":{"self":[{"href":"https:\/\/keluvo.com\/fi\/wp-json\/wp\/v2\/product\/4604","targetHints":{"allow":["GET"]}}],"collection":[{"href":"https:\/\/keluvo.com\/fi\/wp-json\/wp\/v2\/product"}],"about":[{"href":"https:\/\/keluvo.com\/fi\/wp-json\/wp\/v2\/types\/product"}],"replies":[{"embeddable":true,"href":"https:\/\/keluvo.com\/fi\/wp-json\/wp\/v2\/comments?post=4604"}],"wp:featuredmedia":[{"embeddable":true,"href":"https:\/\/keluvo.com\/fi\/wp-json\/wp\/v2\/media\/4600"}],"wp:attachment":[{"href":"https:\/\/keluvo.com\/fi\/wp-json\/wp\/v2\/media?parent=4604"}],"wp:term":[{"taxonomy":"product_brand","embeddable":true,"href":"https:\/\/keluvo.com\/fi\/wp-json\/wp\/v2\/product_brand?post=4604"},{"taxonomy":"product_cat","embeddable":true,"href":"https:\/\/keluvo.com\/fi\/wp-json\/wp\/v2\/product_cat?post=4604"},{"taxonomy":"product_tag","embeddable":true,"href":"https:\/\/keluvo.com\/fi\/wp-json\/wp\/v2\/product_tag?post=4604"}],"curies":[{"name":"wp","href":"https:\/\/api.w.org\/{rel}","templated":true}]}}