{"id":4456,"date":"2025-01-10T13:09:38","date_gmt":"2025-01-10T11:09:38","guid":{"rendered":"https:\/\/keluvo.com\/fi\/product\/hopea-kissa-kaulakoru\/"},"modified":"2025-12-04T16:02:45","modified_gmt":"2025-12-04T14:02:45","slug":"hopea-kissa-kaulakoru","status":"publish","type":"product","link":"https:\/\/keluvo.com\/fi\/product\/hopea-kissa-kaulakoru\/","title":{"rendered":"Hopea kissa kaulakoru"},"content":{"rendered":"<h2 style=\"text-align: center;\">Tyylik\u00e4s kissasta inspiraationsa saanut muotoilu<\/h2>\n<p style=\"text-align: center;\">Hopeinen kissakaulakoru esitt\u00e4\u00e4 herk\u00e4n kissan istumassa puolikuun p\u00e4\u00e4ll\u00e4, mik\u00e4 symboloi sulavuutta ja kauneutta. T\u00e4m\u00e4 ajaton malli lis\u00e4\u00e4 vieh\u00e4tt\u00e4v\u00e4\u00e4 charmia asuusi ja sopii t\u00e4ydellisesti sek\u00e4 rentoihin ett\u00e4 muodollisiin tilaisuuksiin.<\/p>\n<p><img decoding=\"async\" class=\"alignnone size-medium wp-image-5737 aligncenter\" src=\"https:\/\/keluvo.com\/template\/wp-content\/uploads\/sites\/5\/2024\/12\/HTB1CIG_aiMnBKNjSZFoq6zOSFXaN.jpg_960x960q75.jpg_.jpeg\" alt=\"\" \/><\/p>\n<h2 style=\"text-align: center;\">Ensiluokkainen sterlinghopea<\/h2>\n<p style=\"text-align: center;\">925-hopeasta valmistettu hopeinen kissakaulakoru takaa kest\u00e4vyyden ja pitk\u00e4kestoisen kiillon. Sen hypoallergeeninen materiaali on hell\u00e4varainen herk\u00e4lle iholle, joten voit k\u00e4ytt\u00e4\u00e4 sit\u00e4 mukavasti koko p\u00e4iv\u00e4n.<\/p>\n<p><img decoding=\"async\" class=\"alignnone size-medium wp-image-5735 aligncenter\" src=\"https:\/\/keluvo.com\/template\/wp-content\/uploads\/sites\/5\/2024\/12\/db6ca708-7f62-421c-93a3-ff69e8268eee.webp\" \/><\/p>\n","protected":false},"excerpt":{"rendered":"<p>Tyylik\u00e4s kissasta inspiraationsa saanut muotoilu Hopeinen kissakaulakoru esitt\u00e4\u00e4 herk\u00e4n kissan istumassa puolikuun p\u00e4\u00e4ll\u00e4, mik\u00e4 symboloi sulavuutta ja kauneutta. T\u00e4m\u00e4 ajaton [&hellip;]<\/p>\n","protected":false},"featured_media":4452,"comment_status":"open","ping_status":"closed","template":"","meta":{"site-sidebar-layout":"default","site-content-layout":"","ast-site-content-layout":"default","site-content-style":"default","site-sidebar-style":"default","ast-global-header-display":"","ast-banner-title-visibility":"","ast-main-header-display":"","ast-hfb-above-header-display":"","ast-hfb-below-header-display":"","ast-hfb-mobile-header-display":"","site-post-title":"","ast-breadcrumbs-content":"","ast-featured-img":"","footer-sml-layout":"","theme-transparent-header-meta":"default","adv-header-id-meta":"","stick-header-meta":"","header-above-stick-meta":"","header-main-stick-meta":"","header-below-stick-meta":"","astra-migrate-meta-layouts":"set","ast-page-background-enabled":"default","ast-page-background-meta":{"desktop":{"background-color":"var(--ast-global-color-4)","background-image":"","background-repeat":"repeat","background-position":"center center","background-size":"auto","background-attachment":"scroll","background-type":"","background-media":"","overlay-type":"","overlay-color":"","overlay-opacity":"","overlay-gradient":""},"tablet":{"background-color":"","background-image":"","background-repeat":"repeat","background-position":"center center","background-size":"auto","background-attachment":"scroll","background-type":"","background-media":"","overlay-type":"","overlay-color":"","overlay-opacity":"","overlay-gradient":""},"mobile":{"background-color":"","background-image":"","background-repeat":"repeat","background-position":"center center","background-size":"auto","background-attachment":"scroll","background-type":"","background-media":"","overlay-type":"","overlay-color":"","overlay-opacity":"","overlay-gradient":""}},"ast-content-background-meta":{"desktop":{"background-color":"var(--ast-global-color-5)","background-image":"","background-repeat":"repeat","background-position":"center center","background-size":"auto","background-attachment":"scroll","background-type":"","background-media":"","overlay-type":"","overlay-color":"","overlay-opacity":"","overlay-gradient":""},"tablet":{"background-color":"var(--ast-global-color-5)","background-image":"","background-repeat":"repeat","background-position":"center center","background-size":"auto","background-attachment":"scroll","background-type":"","background-media":"","overlay-type":"","overlay-color":"","overlay-opacity":"","overlay-gradient":""},"mobile":{"background-color":"var(--ast-global-color-5)","background-image":"","background-repeat":"repeat","background-position":"center center","background-size":"auto","background-attachment":"scroll","background-type":"","background-media":"","overlay-type":"","overlay-color":"","overlay-opacity":"","overlay-gradient":""}}},"product_brand":[],"product_cat":[993],"product_tag":[],"class_list":{"0":"post-4456","1":"product","2":"type-product","3":"status-publish","4":"has-post-thumbnail","6":"product_cat-footwear-accessories","7":"pa_bp9sn37d-golden","8":"pa_bp9sn37d-hopea","9":"desktop-align-left","10":"tablet-align-left","11":"mobile-align-left","13":"first","14":"instock","15":"shipping-taxable","16":"purchasable","17":"product-type-variable"},"_links":{"self":[{"href":"https:\/\/keluvo.com\/fi\/wp-json\/wp\/v2\/product\/4456","targetHints":{"allow":["GET"]}}],"collection":[{"href":"https:\/\/keluvo.com\/fi\/wp-json\/wp\/v2\/product"}],"about":[{"href":"https:\/\/keluvo.com\/fi\/wp-json\/wp\/v2\/types\/product"}],"replies":[{"embeddable":true,"href":"https:\/\/keluvo.com\/fi\/wp-json\/wp\/v2\/comments?post=4456"}],"wp:featuredmedia":[{"embeddable":true,"href":"https:\/\/keluvo.com\/fi\/wp-json\/wp\/v2\/media\/4452"}],"wp:attachment":[{"href":"https:\/\/keluvo.com\/fi\/wp-json\/wp\/v2\/media?parent=4456"}],"wp:term":[{"taxonomy":"product_brand","embeddable":true,"href":"https:\/\/keluvo.com\/fi\/wp-json\/wp\/v2\/product_brand?post=4456"},{"taxonomy":"product_cat","embeddable":true,"href":"https:\/\/keluvo.com\/fi\/wp-json\/wp\/v2\/product_cat?post=4456"},{"taxonomy":"product_tag","embeddable":true,"href":"https:\/\/keluvo.com\/fi\/wp-json\/wp\/v2\/product_tag?post=4456"}],"curies":[{"name":"wp","href":"https:\/\/api.w.org\/{rel}","templated":true}]}}