{"id":4443,"date":"2025-01-10T13:07:11","date_gmt":"2025-01-10T11:07:11","guid":{"rendered":"https:\/\/keluvo.com\/fi\/product\/langattomat-anc-kuulokkeet\/"},"modified":"2025-01-10T13:07:33","modified_gmt":"2025-01-10T11:07:33","slug":"langattomat-anc-kuulokkeet","status":"publish","type":"product","link":"https:\/\/keluvo.com\/fi\/product\/langattomat-anc-kuulokkeet\/","title":{"rendered":"Langattomat ANC-kuulokkeet"},"content":{"rendered":"<h2 style=\"text-align: center\"><strong>ANC-Teknologia<\/strong><\/h2>\n<p style=\"text-align: center\">Langattomissa ANC-kuulokkeissa on aktiivinen melunvaimennus (ANC), joka est\u00e4\u00e4 tausta\u00e4\u00e4net. Olitpa sitten kiireisess\u00e4 junassa tai meluisassa kuntosalissa, ANC-tila auttaa sinua keskittym\u00e4\u00e4n musiikkiin. Vaihda l\u00e4pin\u00e4kyvyystilaan pysy\u00e4ksesi tietoisena ymp\u00e4rist\u00f6st\u00e4si irrottamatta korvanappeja.<\/p>\n<p><img decoding=\"async\" class=\"alignnone size-medium wp-image-5219 aligncenter\" src=\"https:\/\/keluvo.com\/template\/wp-content\/uploads\/sites\/5\/2024\/12\/S6ecaf55309be4f8fab33fb6d83c238c2K.jpg_960x960q75.jpg_-copy.webp\" alt=\"\" \/><\/p>\n<h2 style=\"text-align: center\"><strong>\u00c4lyk\u00e4s Kosketusn\u00e4yt\u00f6n Ohjaus<\/strong><\/h2>\n<p style=\"text-align: center\">V\u00e4rikk\u00e4\u00e4n kosketusn\u00e4yt\u00f6n ansiosta langattomat ANC-korvanapit tarjoavat helpon ohjauksen sormenp\u00e4ill\u00e4si. S\u00e4\u00e4d\u00e4 \u00e4\u00e4nenvoimakkuutta, vaihda kappaleita ja aseta EQ-tila nopeasti ja sujuvasti. \u00c4lykk\u00e4\u00e4n n\u00e4yt\u00f6n muotoilun ansiosta saat enemm\u00e4n hallintaa ilman, ett\u00e4 sinun tarvitsee k\u00e4ytt\u00e4\u00e4 puhelintasi.<\/p>\n<p><img decoding=\"async\" class=\"alignnone size-medium wp-image-5221 aligncenter\" src=\"https:\/\/keluvo.com\/template\/wp-content\/uploads\/sites\/5\/2024\/12\/S10426b8bf97a43899305b4a001786d90A.jpg_960x960q75.jpg_-copy.webp\" alt=\"\" \/><\/p>\n","protected":false},"excerpt":{"rendered":"<p>ANC-Teknologia Langattomissa ANC-kuulokkeissa on aktiivinen melunvaimennus (ANC), joka est\u00e4\u00e4 tausta\u00e4\u00e4net. Olitpa sitten kiireisess\u00e4 junassa tai meluisassa kuntosalissa, ANC-tila auttaa sinua [&hellip;]<\/p>\n","protected":false},"featured_media":4439,"comment_status":"open","ping_status":"closed","template":"","meta":{"site-sidebar-layout":"default","site-content-layout":"","ast-site-content-layout":"default","site-content-style":"default","site-sidebar-style":"default","ast-global-header-display":"","ast-banner-title-visibility":"","ast-main-header-display":"","ast-hfb-above-header-display":"","ast-hfb-below-header-display":"","ast-hfb-mobile-header-display":"","site-post-title":"","ast-breadcrumbs-content":"","ast-featured-img":"","footer-sml-layout":"","theme-transparent-header-meta":"default","adv-header-id-meta":"","stick-header-meta":"","header-above-stick-meta":"","header-main-stick-meta":"","header-below-stick-meta":"","astra-migrate-meta-layouts":"set","ast-page-background-enabled":"default","ast-page-background-meta":{"desktop":{"background-color":"var(--ast-global-color-4)","background-image":"","background-repeat":"repeat","background-position":"center center","background-size":"auto","background-attachment":"scroll","background-type":"","background-media":"","overlay-type":"","overlay-color":"","overlay-opacity":"","overlay-gradient":""},"tablet":{"background-color":"","background-image":"","background-repeat":"repeat","background-position":"center center","background-size":"auto","background-attachment":"scroll","background-type":"","background-media":"","overlay-type":"","overlay-color":"","overlay-opacity":"","overlay-gradient":""},"mobile":{"background-color":"","background-image":"","background-repeat":"repeat","background-position":"center center","background-size":"auto","background-attachment":"scroll","background-type":"","background-media":"","overlay-type":"","overlay-color":"","overlay-opacity":"","overlay-gradient":""}},"ast-content-background-meta":{"desktop":{"background-color":"var(--ast-global-color-5)","background-image":"","background-repeat":"repeat","background-position":"center center","background-size":"auto","background-attachment":"scroll","background-type":"","background-media":"","overlay-type":"","overlay-color":"","overlay-opacity":"","overlay-gradient":""},"tablet":{"background-color":"var(--ast-global-color-5)","background-image":"","background-repeat":"repeat","background-position":"center center","background-size":"auto","background-attachment":"scroll","background-type":"","background-media":"","overlay-type":"","overlay-color":"","overlay-opacity":"","overlay-gradient":""},"mobile":{"background-color":"var(--ast-global-color-5)","background-image":"","background-repeat":"repeat","background-position":"center center","background-size":"auto","background-attachment":"scroll","background-type":"","background-media":"","overlay-type":"","overlay-color":"","overlay-opacity":"","overlay-gradient":""}}},"product_brand":[],"product_cat":[15],"product_tag":[],"class_list":{"0":"post-4443","1":"product","2":"type-product","3":"status-publish","4":"has-post-thumbnail","6":"product_cat-uncategorized","7":"pa_mx6v5d43-musta","8":"pa_mx6v5d43-valkoinen","9":"desktop-align-left","10":"tablet-align-left","11":"mobile-align-left","13":"first","14":"instock","15":"shipping-taxable","16":"purchasable","17":"product-type-variable"},"_links":{"self":[{"href":"https:\/\/keluvo.com\/fi\/wp-json\/wp\/v2\/product\/4443","targetHints":{"allow":["GET"]}}],"collection":[{"href":"https:\/\/keluvo.com\/fi\/wp-json\/wp\/v2\/product"}],"about":[{"href":"https:\/\/keluvo.com\/fi\/wp-json\/wp\/v2\/types\/product"}],"replies":[{"embeddable":true,"href":"https:\/\/keluvo.com\/fi\/wp-json\/wp\/v2\/comments?post=4443"}],"wp:featuredmedia":[{"embeddable":true,"href":"https:\/\/keluvo.com\/fi\/wp-json\/wp\/v2\/media\/4439"}],"wp:attachment":[{"href":"https:\/\/keluvo.com\/fi\/wp-json\/wp\/v2\/media?parent=4443"}],"wp:term":[{"taxonomy":"product_brand","embeddable":true,"href":"https:\/\/keluvo.com\/fi\/wp-json\/wp\/v2\/product_brand?post=4443"},{"taxonomy":"product_cat","embeddable":true,"href":"https:\/\/keluvo.com\/fi\/wp-json\/wp\/v2\/product_cat?post=4443"},{"taxonomy":"product_tag","embeddable":true,"href":"https:\/\/keluvo.com\/fi\/wp-json\/wp\/v2\/product_tag?post=4443"}],"curies":[{"name":"wp","href":"https:\/\/api.w.org\/{rel}","templated":true}]}}