{"id":4423,"date":"2025-01-10T12:54:34","date_gmt":"2025-01-10T10:54:34","guid":{"rendered":"https:\/\/keluvo.com\/fi\/product\/muovin-kunnostusaine-kiillotusaine\/"},"modified":"2025-04-16T10:58:36","modified_gmt":"2025-04-16T08:58:36","slug":"muovin-kunnostusaine-kiillotusaine-1","status":"publish","type":"product","link":"https:\/\/keluvo.com\/fi\/product\/muovin-kunnostusaine-kiillotusaine-1\/","title":{"rendered":"Muovin kunnostusaine kiillotusaine"},"content":{"rendered":"<h2 style=\"text-align: center;\"><strong>Palauttaa Muovin Uudenveroiseksi<\/strong><\/h2>\n<p style=\"text-align: center;\">Muovin kunnostava kiillotusaine on suunniteltu tuomaan haalistuneet auton muovit takaisin eloon. Se palauttaa alkuper\u00e4isen syv\u00e4n mustan kiillon ja saa pinnat n\u00e4ytt\u00e4m\u00e4\u00e4n j\u00e4lleen raikkailta ja puhtailta. T\u00e4ydellinen puskureille, verhoiluille ja muille ulko-osille.<\/p>\n<p><img decoding=\"async\" class=\"alignnone size-medium wp-image-5126 aligncenter\" src=\"https:\/\/keluvo.com\/template\/wp-content\/uploads\/sites\/5\/2024\/12\/S6176fa66d9384067b7158678f0ce44beu.jpeg\" alt=\"\" \/><\/p>\n<h2 style=\"text-align: center;\"><strong>Pitk\u00e4aikainen Suoja<\/strong><\/h2>\n<p style=\"text-align: center;\">T\u00e4m\u00e4 tuote ei ainoastaan kiillota vaan my\u00f6s suojaa. Se luo kest\u00e4v\u00e4n pinnoitteen, joka suojaa muovipintoja haalistumiselta, halkeilulta ja UV-vaurioilta. Pid\u00e4 autosi upean n\u00e4k\u00f6isen\u00e4 pidemp\u00e4\u00e4n.<\/p>\n<p><img decoding=\"async\" class=\"size-medium wp-image-5131 aligncenter\" src=\"https:\/\/keluvo.com\/template\/wp-content\/uploads\/sites\/5\/2024\/12\/Sb437c8c7408441d78340be2f3b3a8084U.jpeg\" alt=\"\" \/><\/p>\n","protected":false},"excerpt":{"rendered":"<p>Palauttaa Muovin Uudenveroiseksi Muovin kunnostava kiillotusaine on suunniteltu tuomaan haalistuneet auton muovit takaisin eloon. Se palauttaa alkuper\u00e4isen syv\u00e4n mustan kiillon [&hellip;]<\/p>\n","protected":false},"featured_media":4419,"comment_status":"open","ping_status":"closed","template":"","meta":{"site-sidebar-layout":"default","site-content-layout":"","ast-site-content-layout":"default","site-content-style":"default","site-sidebar-style":"default","ast-global-header-display":"","ast-banner-title-visibility":"","ast-main-header-display":"","ast-hfb-above-header-display":"","ast-hfb-below-header-display":"","ast-hfb-mobile-header-display":"","site-post-title":"","ast-breadcrumbs-content":"","ast-featured-img":"","footer-sml-layout":"","theme-transparent-header-meta":"default","adv-header-id-meta":"","stick-header-meta":"","header-above-stick-meta":"","header-main-stick-meta":"","header-below-stick-meta":"","astra-migrate-meta-layouts":"set","ast-page-background-enabled":"default","ast-page-background-meta":{"desktop":{"background-color":"var(--ast-global-color-4)","background-image":"","background-repeat":"repeat","background-position":"center center","background-size":"auto","background-attachment":"scroll","background-type":"","background-media":"","overlay-type":"","overlay-color":"","overlay-opacity":"","overlay-gradient":""},"tablet":{"background-color":"","background-image":"","background-repeat":"repeat","background-position":"center center","background-size":"auto","background-attachment":"scroll","background-type":"","background-media":"","overlay-type":"","overlay-color":"","overlay-opacity":"","overlay-gradient":""},"mobile":{"background-color":"","background-image":"","background-repeat":"repeat","background-position":"center center","background-size":"auto","background-attachment":"scroll","background-type":"","background-media":"","overlay-type":"","overlay-color":"","overlay-opacity":"","overlay-gradient":""}},"ast-content-background-meta":{"desktop":{"background-color":"var(--ast-global-color-5)","background-image":"","background-repeat":"repeat","background-position":"center center","background-size":"auto","background-attachment":"scroll","background-type":"","background-media":"","overlay-type":"","overlay-color":"","overlay-opacity":"","overlay-gradient":""},"tablet":{"background-color":"var(--ast-global-color-5)","background-image":"","background-repeat":"repeat","background-position":"center center","background-size":"auto","background-attachment":"scroll","background-type":"","background-media":"","overlay-type":"","overlay-color":"","overlay-opacity":"","overlay-gradient":""},"mobile":{"background-color":"var(--ast-global-color-5)","background-image":"","background-repeat":"repeat","background-position":"center center","background-size":"auto","background-attachment":"scroll","background-type":"","background-media":"","overlay-type":"","overlay-color":"","overlay-opacity":"","overlay-gradient":""}}},"product_brand":[],"product_cat":[998],"product_tag":[],"class_list":{"0":"post-4423","1":"product","2":"type-product","3":"status-publish","4":"has-post-thumbnail","6":"product_cat-automotive-products","7":"desktop-align-left","8":"tablet-align-left","9":"mobile-align-left","11":"first","12":"instock","13":"shipping-taxable","14":"purchasable","15":"product-type-simple"},"_links":{"self":[{"href":"https:\/\/keluvo.com\/fi\/wp-json\/wp\/v2\/product\/4423","targetHints":{"allow":["GET"]}}],"collection":[{"href":"https:\/\/keluvo.com\/fi\/wp-json\/wp\/v2\/product"}],"about":[{"href":"https:\/\/keluvo.com\/fi\/wp-json\/wp\/v2\/types\/product"}],"replies":[{"embeddable":true,"href":"https:\/\/keluvo.com\/fi\/wp-json\/wp\/v2\/comments?post=4423"}],"wp:featuredmedia":[{"embeddable":true,"href":"https:\/\/keluvo.com\/fi\/wp-json\/wp\/v2\/media\/4419"}],"wp:attachment":[{"href":"https:\/\/keluvo.com\/fi\/wp-json\/wp\/v2\/media?parent=4423"}],"wp:term":[{"taxonomy":"product_brand","embeddable":true,"href":"https:\/\/keluvo.com\/fi\/wp-json\/wp\/v2\/product_brand?post=4423"},{"taxonomy":"product_cat","embeddable":true,"href":"https:\/\/keluvo.com\/fi\/wp-json\/wp\/v2\/product_cat?post=4423"},{"taxonomy":"product_tag","embeddable":true,"href":"https:\/\/keluvo.com\/fi\/wp-json\/wp\/v2\/product_tag?post=4423"}],"curies":[{"name":"wp","href":"https:\/\/api.w.org\/{rel}","templated":true}]}}