{"id":4416,"date":"2025-01-10T12:52:58","date_gmt":"2025-01-10T10:52:58","guid":{"rendered":"https:\/\/keluvo.com\/fi\/product\/terapia-polvisuojat\/"},"modified":"2025-03-13T10:31:55","modified_gmt":"2025-03-13T08:31:55","slug":"terapia-polvisuojat","status":"publish","type":"product","link":"https:\/\/keluvo.com\/fi\/product\/terapia-polvisuojat\/","title":{"rendered":"Terapia polvisuojat"},"content":{"rendered":"<h2 style=\"text-align: center\"><strong>Mukava Ja Joustava Istuvuus<\/strong><\/h2>\n<p style=\"text-align: center\">Magneettiterapiapolvisuojat on valmistettu korkealaatuisista elastisista materiaaleista, jotka takaavat istuvuuden ja joustavuuden. Ne liikkuvat vartalosi mukana ja tarjoavat mukavuutta koko p\u00e4iv\u00e4n liukumatta tai rajoittamatta liikkumista. Ihanteelliset sek\u00e4 aktiiviseen urheiluun ett\u00e4 jokap\u00e4iv\u00e4iseen k\u00e4ytt\u00f6\u00f6n.<\/p>\n<p><img decoding=\"async\" class=\"alignnone size-medium wp-image-5495 aligncenter\" src=\"https:\/\/keluvo.com\/template\/wp-content\/uploads\/sites\/5\/2024\/12\/S2d32aee35e904549aec19ea0755f0abbK.jpg_960x960q75.jpg_.jpeg\" alt=\"\" \/><\/p>\n<h2 style=\"text-align: center\"><strong>Magneettiterapia Kivunlievitykseen<\/strong><\/h2>\n<p style=\"text-align: center\">Suunniteltu integroidulla magneettiterapialla, n\u00e4m\u00e4 polvisuojat auttavat parantamaan verenkiertoa ja lievitt\u00e4m\u00e4\u00e4n ep\u00e4mukavuutta. Ne sopivat erinomaisesti nivelkipujen, j\u00e4ykkyyden tai turvotuksen hallintaan, jotka johtuvat fyysisest\u00e4 aktiivisuudesta tai pitk\u00e4st\u00e4 seisomisesta.<\/p>\n<p><img decoding=\"async\" class=\"alignnone size-medium wp-image-5496 aligncenter\" src=\"https:\/\/keluvo.com\/template\/wp-content\/uploads\/sites\/5\/2024\/12\/S7941621723f3438990577aaf0ce8a116p.jpg_960x960q75.jpg_.jpeg\" alt=\"\" \/><\/p>\n","protected":false},"excerpt":{"rendered":"<p>Mukava Ja Joustava Istuvuus Magneettiterapiapolvisuojat on valmistettu korkealaatuisista elastisista materiaaleista, jotka takaavat istuvuuden ja joustavuuden. Ne liikkuvat vartalosi mukana ja [&hellip;]<\/p>\n","protected":false},"featured_media":4412,"comment_status":"open","ping_status":"closed","template":"","meta":{"site-sidebar-layout":"default","site-content-layout":"","ast-site-content-layout":"default","site-content-style":"default","site-sidebar-style":"default","ast-global-header-display":"","ast-banner-title-visibility":"","ast-main-header-display":"","ast-hfb-above-header-display":"","ast-hfb-below-header-display":"","ast-hfb-mobile-header-display":"","site-post-title":"","ast-breadcrumbs-content":"","ast-featured-img":"","footer-sml-layout":"","theme-transparent-header-meta":"default","adv-header-id-meta":"","stick-header-meta":"","header-above-stick-meta":"","header-main-stick-meta":"","header-below-stick-meta":"","astra-migrate-meta-layouts":"set","ast-page-background-enabled":"default","ast-page-background-meta":{"desktop":{"background-color":"var(--ast-global-color-4)","background-image":"","background-repeat":"repeat","background-position":"center center","background-size":"auto","background-attachment":"scroll","background-type":"","background-media":"","overlay-type":"","overlay-color":"","overlay-opacity":"","overlay-gradient":""},"tablet":{"background-color":"","background-image":"","background-repeat":"repeat","background-position":"center center","background-size":"auto","background-attachment":"scroll","background-type":"","background-media":"","overlay-type":"","overlay-color":"","overlay-opacity":"","overlay-gradient":""},"mobile":{"background-color":"","background-image":"","background-repeat":"repeat","background-position":"center center","background-size":"auto","background-attachment":"scroll","background-type":"","background-media":"","overlay-type":"","overlay-color":"","overlay-opacity":"","overlay-gradient":""}},"ast-content-background-meta":{"desktop":{"background-color":"var(--ast-global-color-5)","background-image":"","background-repeat":"repeat","background-position":"center center","background-size":"auto","background-attachment":"scroll","background-type":"","background-media":"","overlay-type":"","overlay-color":"","overlay-opacity":"","overlay-gradient":""},"tablet":{"background-color":"var(--ast-global-color-5)","background-image":"","background-repeat":"repeat","background-position":"center center","background-size":"auto","background-attachment":"scroll","background-type":"","background-media":"","overlay-type":"","overlay-color":"","overlay-opacity":"","overlay-gradient":""},"mobile":{"background-color":"var(--ast-global-color-5)","background-image":"","background-repeat":"repeat","background-position":"center center","background-size":"auto","background-attachment":"scroll","background-type":"","background-media":"","overlay-type":"","overlay-color":"","overlay-opacity":"","overlay-gradient":""}}},"product_brand":[],"product_cat":[991],"product_tag":[],"class_list":{"0":"post-4416","1":"product","2":"type-product","3":"status-publish","4":"has-post-thumbnail","6":"product_cat-health-care-supplies","7":"desktop-align-left","8":"tablet-align-left","9":"mobile-align-left","11":"first","12":"instock","13":"shipping-taxable","14":"purchasable","15":"product-type-simple"},"_links":{"self":[{"href":"https:\/\/keluvo.com\/fi\/wp-json\/wp\/v2\/product\/4416","targetHints":{"allow":["GET"]}}],"collection":[{"href":"https:\/\/keluvo.com\/fi\/wp-json\/wp\/v2\/product"}],"about":[{"href":"https:\/\/keluvo.com\/fi\/wp-json\/wp\/v2\/types\/product"}],"replies":[{"embeddable":true,"href":"https:\/\/keluvo.com\/fi\/wp-json\/wp\/v2\/comments?post=4416"}],"wp:featuredmedia":[{"embeddable":true,"href":"https:\/\/keluvo.com\/fi\/wp-json\/wp\/v2\/media\/4412"}],"wp:attachment":[{"href":"https:\/\/keluvo.com\/fi\/wp-json\/wp\/v2\/media?parent=4416"}],"wp:term":[{"taxonomy":"product_brand","embeddable":true,"href":"https:\/\/keluvo.com\/fi\/wp-json\/wp\/v2\/product_brand?post=4416"},{"taxonomy":"product_cat","embeddable":true,"href":"https:\/\/keluvo.com\/fi\/wp-json\/wp\/v2\/product_cat?post=4416"},{"taxonomy":"product_tag","embeddable":true,"href":"https:\/\/keluvo.com\/fi\/wp-json\/wp\/v2\/product_tag?post=4416"}],"curies":[{"name":"wp","href":"https:\/\/api.w.org\/{rel}","templated":true}]}}