{"id":4407,"date":"2025-01-10T12:46:52","date_gmt":"2025-01-10T10:46:52","guid":{"rendered":"https:\/\/keluvo.com\/fi\/product\/kertakayttoiset-suihkusuodattimet\/"},"modified":"2025-06-20T11:19:50","modified_gmt":"2025-06-20T09:19:50","slug":"kertakayttoiset-suihkusuodattimet-1","status":"publish","type":"product","link":"https:\/\/keluvo.com\/fi\/product\/kertakayttoiset-suihkusuodattimet-1\/","title":{"rendered":"Kertak\u00e4ytt\u00f6iset suihkusuodattimet (10 kpl)"},"content":{"rendered":"<h2 style=\"text-align: center;\"><strong>Helppok\u00e4ytt\u00f6inen<\/strong><\/h2>\n<p style=\"text-align: center;\">Kertak\u00e4ytt\u00f6iset suihkuseulat on suunniteltu vaivattomaan k\u00e4ytt\u00f6\u00f6n. Kuori vain taustalevy irti, kiinnit\u00e4 siivil\u00e4 viem\u00e4riin ja se on valmis toimimaan. Muutaman p\u00e4iv\u00e4n kuluttua voit helposti poistaa ja vaihtaa sen. Puhdistusta tai huoltoa ei tarvita. Yksi pakkaus sis\u00e4lt\u00e4\u00e4 10 kpl.<\/p>\n<p><img decoding=\"async\" class=\"alignnone size-medium wp-image-4827 aligncenter\" src=\"https:\/\/keluvo.com\/template\/wp-content\/uploads\/sites\/5\/2024\/12\/S1aa23e67a1904aa1b2d5113891464671O.jpg_960x960q75.jpg_.avif\" alt=\"\" \/><\/p>\n<h2 style=\"text-align: center;\"><strong>Tarttuu Tehokkaasti Hiuksiin<\/strong><\/h2>\n<p style=\"text-align: center;\">Hienoverkkoisen rakenteensa ansiosta kertak\u00e4ytt\u00f6iset suihkusuodattimien siivil\u00e4t tarttuvat tehokkaasti hiuksiin ja roskiin. T\u00e4m\u00e4 auttaa ehk\u00e4isem\u00e4\u00e4n tukoksia suihkuviem\u00e4riss\u00e4si ja pit\u00e4\u00e4 kylpyhuoneesi puhtaana. S\u00e4\u00e4st\u00e4 aikaa ja vaivaa viem\u00e4rin puhdistuksessa.<\/p>\n<p><img decoding=\"async\" class=\"alignnone size-medium wp-image-4824 aligncenter\" src=\"https:\/\/keluvo.com\/template\/wp-content\/uploads\/sites\/5\/2024\/12\/S476b2a8cb68e4f259f38e01c7e1c15786.jpg_960x960q75.jpg_.avif\" alt=\"\" \/><\/p>\n","protected":false},"excerpt":{"rendered":"<p>Helppok\u00e4ytt\u00f6inen Kertak\u00e4ytt\u00f6iset suihkuseulat on suunniteltu vaivattomaan k\u00e4ytt\u00f6\u00f6n. Kuori vain taustalevy irti, kiinnit\u00e4 siivil\u00e4 viem\u00e4riin ja se on valmis toimimaan. Muutaman [&hellip;]<\/p>\n","protected":false},"featured_media":4403,"comment_status":"open","ping_status":"closed","template":"","meta":{"site-sidebar-layout":"default","site-content-layout":"","ast-site-content-layout":"default","site-content-style":"default","site-sidebar-style":"default","ast-global-header-display":"","ast-banner-title-visibility":"","ast-main-header-display":"","ast-hfb-above-header-display":"","ast-hfb-below-header-display":"","ast-hfb-mobile-header-display":"","site-post-title":"","ast-breadcrumbs-content":"","ast-featured-img":"","footer-sml-layout":"","theme-transparent-header-meta":"default","adv-header-id-meta":"","stick-header-meta":"","header-above-stick-meta":"","header-main-stick-meta":"","header-below-stick-meta":"","astra-migrate-meta-layouts":"set","ast-page-background-enabled":"default","ast-page-background-meta":{"desktop":{"background-color":"var(--ast-global-color-4)","background-image":"","background-repeat":"repeat","background-position":"center center","background-size":"auto","background-attachment":"scroll","background-type":"","background-media":"","overlay-type":"","overlay-color":"","overlay-opacity":"","overlay-gradient":""},"tablet":{"background-color":"","background-image":"","background-repeat":"repeat","background-position":"center center","background-size":"auto","background-attachment":"scroll","background-type":"","background-media":"","overlay-type":"","overlay-color":"","overlay-opacity":"","overlay-gradient":""},"mobile":{"background-color":"","background-image":"","background-repeat":"repeat","background-position":"center center","background-size":"auto","background-attachment":"scroll","background-type":"","background-media":"","overlay-type":"","overlay-color":"","overlay-opacity":"","overlay-gradient":""}},"ast-content-background-meta":{"desktop":{"background-color":"var(--ast-global-color-5)","background-image":"","background-repeat":"repeat","background-position":"center center","background-size":"auto","background-attachment":"scroll","background-type":"","background-media":"","overlay-type":"","overlay-color":"","overlay-opacity":"","overlay-gradient":""},"tablet":{"background-color":"var(--ast-global-color-5)","background-image":"","background-repeat":"repeat","background-position":"center center","background-size":"auto","background-attachment":"scroll","background-type":"","background-media":"","overlay-type":"","overlay-color":"","overlay-opacity":"","overlay-gradient":""},"mobile":{"background-color":"var(--ast-global-color-5)","background-image":"","background-repeat":"repeat","background-position":"center center","background-size":"auto","background-attachment":"scroll","background-type":"","background-media":"","overlay-type":"","overlay-color":"","overlay-opacity":"","overlay-gradient":""}}},"product_brand":[],"product_cat":[1001],"product_tag":[],"class_list":{"0":"post-4407","1":"product","2":"type-product","3":"status-publish","4":"has-post-thumbnail","6":"product_cat-household-goods","7":"desktop-align-left","8":"tablet-align-left","9":"mobile-align-left","11":"first","12":"instock","13":"shipping-taxable","14":"purchasable","15":"product-type-simple"},"_links":{"self":[{"href":"https:\/\/keluvo.com\/fi\/wp-json\/wp\/v2\/product\/4407","targetHints":{"allow":["GET"]}}],"collection":[{"href":"https:\/\/keluvo.com\/fi\/wp-json\/wp\/v2\/product"}],"about":[{"href":"https:\/\/keluvo.com\/fi\/wp-json\/wp\/v2\/types\/product"}],"replies":[{"embeddable":true,"href":"https:\/\/keluvo.com\/fi\/wp-json\/wp\/v2\/comments?post=4407"}],"wp:featuredmedia":[{"embeddable":true,"href":"https:\/\/keluvo.com\/fi\/wp-json\/wp\/v2\/media\/4403"}],"wp:attachment":[{"href":"https:\/\/keluvo.com\/fi\/wp-json\/wp\/v2\/media?parent=4407"}],"wp:term":[{"taxonomy":"product_brand","embeddable":true,"href":"https:\/\/keluvo.com\/fi\/wp-json\/wp\/v2\/product_brand?post=4407"},{"taxonomy":"product_cat","embeddable":true,"href":"https:\/\/keluvo.com\/fi\/wp-json\/wp\/v2\/product_cat?post=4407"},{"taxonomy":"product_tag","embeddable":true,"href":"https:\/\/keluvo.com\/fi\/wp-json\/wp\/v2\/product_tag?post=4407"}],"curies":[{"name":"wp","href":"https:\/\/api.w.org\/{rel}","templated":true}]}}