{"id":4394,"date":"2025-01-10T12:44:43","date_gmt":"2025-01-10T10:44:43","guid":{"rendered":"https:\/\/keluvo.com\/fi\/product\/magneettinen-langaton-laturi\/"},"modified":"2025-01-10T12:44:52","modified_gmt":"2025-01-10T10:44:52","slug":"magneettinen-langaton-laturi","status":"publish","type":"product","link":"https:\/\/keluvo.com\/fi\/product\/magneettinen-langaton-laturi\/","title":{"rendered":"Magneettinen langaton laturi"},"content":{"rendered":"<h2 style=\"text-align: center\"><strong>Tehokas Pikalataus<\/strong><\/h2>\n<p style=\"text-align: center\">Magneettinen langaton laturi takaa nopean ja tehokkaan latauksen automaattisella virran s\u00e4\u00e4d\u00f6ll\u00e4. Se tukee useita l\u00e4ht\u00f6tehotasoja (15W, 10W, 7,5W ja 5W), jolloin laitteesi latautuvat nopeasti ja turvallisesti. Sis\u00e4\u00e4nrakennettu tuuletin auttaa viilent\u00e4m\u00e4\u00e4n puhelintasi ja yll\u00e4pit\u00e4\u00e4 optimaalista latausnopeutta ja -tehokkuutta.<\/p>\n<p><img decoding=\"async\" class=\"alignnone size-medium wp-image-5505 aligncenter\" src=\"https:\/\/keluvo.com\/template\/wp-content\/uploads\/sites\/5\/2024\/12\/Sa4afa85bd65c420994d137709118b96a0.jpg_960x960q75.jpg_.jpeg\" alt=\"\" \/><\/p>\n<p><img decoding=\"async\" class=\"alignnone size-medium wp-image-5505 aligncenter\" src=\"https:\/\/keluvo.com\/template\/wp-content\/uploads\/sites\/5\/2024\/12\/Sa4afa85bd65c420994d137709118b96a0.jpg_960x960q75.jpg_\" alt=\"\" \/><\/p>\n<h2 style=\"text-align: center\"><strong>Monipuolinen Ja Tyylik\u00e4s Jalusta<\/strong><\/h2>\n<p style=\"text-align: center\">T\u00e4m\u00e4 laturi toimii my\u00f6s puhelimen jalustana ja tarjoaa k\u00e4tev\u00e4n handsfree-k\u00e4yt\u00f6n latauksen aikana. Sen ainutlaatuinen minituolimuoto tuo tyylikk\u00e4\u00e4n lis\u00e4n ty\u00f6p\u00f6yd\u00e4llesi tai kodin sisustukseen ja yhdist\u00e4\u00e4 toiminnallisuuden ja esteettisyyden. Se on t\u00e4ydellinen lis\u00e4 mihin tahansa ty\u00f6tilaan tai olohuoneeseen.<\/p>\n<p style=\"text-align: center\"><img decoding=\"async\" class=\"alignnone size-medium wp-image-5508\" src=\"https:\/\/keluvo.com\/template\/wp-content\/uploads\/sites\/5\/2024\/12\/S7d98a0aadd7c4cf28f766bb642e15fdam.jpg_960x960q75.jpg_.jpeg\" alt=\"\" \/><\/p>\n<p>&nbsp;<\/p>\n","protected":false},"excerpt":{"rendered":"<p>Tehokas Pikalataus Magneettinen langaton laturi takaa nopean ja tehokkaan latauksen automaattisella virran s\u00e4\u00e4d\u00f6ll\u00e4. Se tukee useita l\u00e4ht\u00f6tehotasoja (15W, 10W, 7,5W [&hellip;]<\/p>\n","protected":false},"featured_media":4390,"comment_status":"open","ping_status":"closed","template":"","meta":{"site-sidebar-layout":"default","site-content-layout":"","ast-site-content-layout":"default","site-content-style":"default","site-sidebar-style":"default","ast-global-header-display":"","ast-banner-title-visibility":"","ast-main-header-display":"","ast-hfb-above-header-display":"","ast-hfb-below-header-display":"","ast-hfb-mobile-header-display":"","site-post-title":"","ast-breadcrumbs-content":"","ast-featured-img":"","footer-sml-layout":"","theme-transparent-header-meta":"default","adv-header-id-meta":"","stick-header-meta":"","header-above-stick-meta":"","header-main-stick-meta":"","header-below-stick-meta":"","astra-migrate-meta-layouts":"set","ast-page-background-enabled":"default","ast-page-background-meta":{"desktop":{"background-color":"var(--ast-global-color-4)","background-image":"","background-repeat":"repeat","background-position":"center center","background-size":"auto","background-attachment":"scroll","background-type":"","background-media":"","overlay-type":"","overlay-color":"","overlay-opacity":"","overlay-gradient":""},"tablet":{"background-color":"","background-image":"","background-repeat":"repeat","background-position":"center center","background-size":"auto","background-attachment":"scroll","background-type":"","background-media":"","overlay-type":"","overlay-color":"","overlay-opacity":"","overlay-gradient":""},"mobile":{"background-color":"","background-image":"","background-repeat":"repeat","background-position":"center center","background-size":"auto","background-attachment":"scroll","background-type":"","background-media":"","overlay-type":"","overlay-color":"","overlay-opacity":"","overlay-gradient":""}},"ast-content-background-meta":{"desktop":{"background-color":"var(--ast-global-color-5)","background-image":"","background-repeat":"repeat","background-position":"center center","background-size":"auto","background-attachment":"scroll","background-type":"","background-media":"","overlay-type":"","overlay-color":"","overlay-opacity":"","overlay-gradient":""},"tablet":{"background-color":"var(--ast-global-color-5)","background-image":"","background-repeat":"repeat","background-position":"center center","background-size":"auto","background-attachment":"scroll","background-type":"","background-media":"","overlay-type":"","overlay-color":"","overlay-opacity":"","overlay-gradient":""},"mobile":{"background-color":"var(--ast-global-color-5)","background-image":"","background-repeat":"repeat","background-position":"center center","background-size":"auto","background-attachment":"scroll","background-type":"","background-media":"","overlay-type":"","overlay-color":"","overlay-opacity":"","overlay-gradient":""}}},"product_brand":[],"product_cat":[15],"product_tag":[],"class_list":{"0":"post-4394","1":"product","2":"type-product","3":"status-publish","4":"has-post-thumbnail","6":"product_cat-uncategorized","7":"pa_hqrqkogq-vaaleanpunainen","8":"pa_hqrqkogq-valkoinen","9":"pa_hqrqkogq-vihrea","10":"desktop-align-left","11":"tablet-align-left","12":"mobile-align-left","14":"first","15":"instock","16":"shipping-taxable","17":"purchasable","18":"product-type-variable"},"_links":{"self":[{"href":"https:\/\/keluvo.com\/fi\/wp-json\/wp\/v2\/product\/4394","targetHints":{"allow":["GET"]}}],"collection":[{"href":"https:\/\/keluvo.com\/fi\/wp-json\/wp\/v2\/product"}],"about":[{"href":"https:\/\/keluvo.com\/fi\/wp-json\/wp\/v2\/types\/product"}],"replies":[{"embeddable":true,"href":"https:\/\/keluvo.com\/fi\/wp-json\/wp\/v2\/comments?post=4394"}],"wp:featuredmedia":[{"embeddable":true,"href":"https:\/\/keluvo.com\/fi\/wp-json\/wp\/v2\/media\/4390"}],"wp:attachment":[{"href":"https:\/\/keluvo.com\/fi\/wp-json\/wp\/v2\/media?parent=4394"}],"wp:term":[{"taxonomy":"product_brand","embeddable":true,"href":"https:\/\/keluvo.com\/fi\/wp-json\/wp\/v2\/product_brand?post=4394"},{"taxonomy":"product_cat","embeddable":true,"href":"https:\/\/keluvo.com\/fi\/wp-json\/wp\/v2\/product_cat?post=4394"},{"taxonomy":"product_tag","embeddable":true,"href":"https:\/\/keluvo.com\/fi\/wp-json\/wp\/v2\/product_tag?post=4394"}],"curies":[{"name":"wp","href":"https:\/\/api.w.org\/{rel}","templated":true}]}}