{"id":4377,"date":"2025-01-10T12:40:09","date_gmt":"2025-01-10T10:40:09","guid":{"rendered":"https:\/\/keluvo.com\/fi\/product\/puinen-risti-kaulakoru\/"},"modified":"2025-01-10T12:40:17","modified_gmt":"2025-01-10T10:40:17","slug":"puinen-risti-kaulakoru","status":"publish","type":"product","link":"https:\/\/keluvo.com\/fi\/product\/puinen-risti-kaulakoru\/","title":{"rendered":"Puinen risti kaulakoru"},"content":{"rendered":"<h2 style=\"text-align: center\"><strong>Kest\u00e4v\u00e4 Ja Miellytt\u00e4v\u00e4 Muotoilu<\/strong><\/h2>\n<p style=\"text-align: center\">Puinen ristikaulakoru on valmistettu korkealaatuisesta santelipuusta, joka on tunnettu lujuudestaan ja sile\u00e4st\u00e4 rakenteestaan. Siin\u00e4 on s\u00e4\u00e4dett\u00e4v\u00e4 puuvillainen johto, joka takaa miellytt\u00e4v\u00e4n istuvuuden jokaiselle k\u00e4ytt\u00e4j\u00e4lle. Risti on k\u00e4sin veistetty ja hierottu \u00f6ljyll\u00e4 sen sileyden lis\u00e4\u00e4miseksi, mik\u00e4 tarjoaa sek\u00e4 kest\u00e4vyytt\u00e4 ett\u00e4 mukavuutta.<\/p>\n<p><img decoding=\"async\" class=\"alignnone size-medium wp-image-5535 aligncenter\" src=\"https:\/\/keluvo.com\/template\/wp-content\/uploads\/sites\/5\/2024\/12\/S50932a6b9c29437f8dc71c8b61d1dbc6v.jpg_960x960q75.jpg_.jpeg\" alt=\"\" \/><\/p>\n<h2 style=\"text-align: center\"><strong>K\u00e4sintehty Huippuosaaminen<\/strong><\/h2>\n<p style=\"text-align: center\">T\u00e4m\u00e4 ristiriipus on todellinen osoitus erinomaisesta k\u00e4sity\u00f6taidosta. K\u00e4sity\u00f6n\u00e4 tarkasti valmistettu, jokainen yksityiskohta on huolellisesti suunniteltu vangitsemaan perinteisen taiteellisuuden ydin. Puinen ristikoru erottuu omistautumisen symbolina, mik\u00e4 tekee siit\u00e4 merkityksellisen ja kauniin korun.<\/p>\n<p><img decoding=\"async\" class=\"alignnone size-medium wp-image-5533 aligncenter\" src=\"https:\/\/keluvo.com\/template\/wp-content\/uploads\/sites\/5\/2024\/12\/Sc84edb73a7774b928661375f766a9018C.jpg_960x960q75.jpg_.jpeg\" alt=\"\" \/><\/p>\n","protected":false},"excerpt":{"rendered":"<p>Kest\u00e4v\u00e4 Ja Miellytt\u00e4v\u00e4 Muotoilu Puinen ristikaulakoru on valmistettu korkealaatuisesta santelipuusta, joka on tunnettu lujuudestaan ja sile\u00e4st\u00e4 rakenteestaan. Siin\u00e4 on s\u00e4\u00e4dett\u00e4v\u00e4 [&hellip;]<\/p>\n","protected":false},"featured_media":4373,"comment_status":"open","ping_status":"closed","template":"","meta":{"site-sidebar-layout":"default","site-content-layout":"","ast-site-content-layout":"default","site-content-style":"default","site-sidebar-style":"default","ast-global-header-display":"","ast-banner-title-visibility":"","ast-main-header-display":"","ast-hfb-above-header-display":"","ast-hfb-below-header-display":"","ast-hfb-mobile-header-display":"","site-post-title":"","ast-breadcrumbs-content":"","ast-featured-img":"","footer-sml-layout":"","theme-transparent-header-meta":"default","adv-header-id-meta":"","stick-header-meta":"","header-above-stick-meta":"","header-main-stick-meta":"","header-below-stick-meta":"","astra-migrate-meta-layouts":"set","ast-page-background-enabled":"default","ast-page-background-meta":{"desktop":{"background-color":"var(--ast-global-color-4)","background-image":"","background-repeat":"repeat","background-position":"center center","background-size":"auto","background-attachment":"scroll","background-type":"","background-media":"","overlay-type":"","overlay-color":"","overlay-opacity":"","overlay-gradient":""},"tablet":{"background-color":"","background-image":"","background-repeat":"repeat","background-position":"center center","background-size":"auto","background-attachment":"scroll","background-type":"","background-media":"","overlay-type":"","overlay-color":"","overlay-opacity":"","overlay-gradient":""},"mobile":{"background-color":"","background-image":"","background-repeat":"repeat","background-position":"center center","background-size":"auto","background-attachment":"scroll","background-type":"","background-media":"","overlay-type":"","overlay-color":"","overlay-opacity":"","overlay-gradient":""}},"ast-content-background-meta":{"desktop":{"background-color":"var(--ast-global-color-5)","background-image":"","background-repeat":"repeat","background-position":"center center","background-size":"auto","background-attachment":"scroll","background-type":"","background-media":"","overlay-type":"","overlay-color":"","overlay-opacity":"","overlay-gradient":""},"tablet":{"background-color":"var(--ast-global-color-5)","background-image":"","background-repeat":"repeat","background-position":"center center","background-size":"auto","background-attachment":"scroll","background-type":"","background-media":"","overlay-type":"","overlay-color":"","overlay-opacity":"","overlay-gradient":""},"mobile":{"background-color":"var(--ast-global-color-5)","background-image":"","background-repeat":"repeat","background-position":"center center","background-size":"auto","background-attachment":"scroll","background-type":"","background-media":"","overlay-type":"","overlay-color":"","overlay-opacity":"","overlay-gradient":""}}},"product_brand":[],"product_cat":[993],"product_tag":[],"class_list":{"0":"post-4377","1":"product","2":"type-product","3":"status-publish","4":"has-post-thumbnail","6":"product_cat-footwear-accessories","7":"pa_1yreejfa-musta","8":"pa_1yreejfa-ruskea","9":"desktop-align-left","10":"tablet-align-left","11":"mobile-align-left","13":"first","14":"instock","15":"shipping-taxable","16":"purchasable","17":"product-type-variable"},"_links":{"self":[{"href":"https:\/\/keluvo.com\/fi\/wp-json\/wp\/v2\/product\/4377","targetHints":{"allow":["GET"]}}],"collection":[{"href":"https:\/\/keluvo.com\/fi\/wp-json\/wp\/v2\/product"}],"about":[{"href":"https:\/\/keluvo.com\/fi\/wp-json\/wp\/v2\/types\/product"}],"replies":[{"embeddable":true,"href":"https:\/\/keluvo.com\/fi\/wp-json\/wp\/v2\/comments?post=4377"}],"wp:featuredmedia":[{"embeddable":true,"href":"https:\/\/keluvo.com\/fi\/wp-json\/wp\/v2\/media\/4373"}],"wp:attachment":[{"href":"https:\/\/keluvo.com\/fi\/wp-json\/wp\/v2\/media?parent=4377"}],"wp:term":[{"taxonomy":"product_brand","embeddable":true,"href":"https:\/\/keluvo.com\/fi\/wp-json\/wp\/v2\/product_brand?post=4377"},{"taxonomy":"product_cat","embeddable":true,"href":"https:\/\/keluvo.com\/fi\/wp-json\/wp\/v2\/product_cat?post=4377"},{"taxonomy":"product_tag","embeddable":true,"href":"https:\/\/keluvo.com\/fi\/wp-json\/wp\/v2\/product_tag?post=4377"}],"curies":[{"name":"wp","href":"https:\/\/api.w.org\/{rel}","templated":true}]}}