{"id":4270,"date":"2025-01-08T12:56:07","date_gmt":"2025-01-08T10:56:07","guid":{"rendered":"https:\/\/keluvo.com\/fi\/product\/led-kaksoissivun-tyovalo\/"},"modified":"2025-03-14T13:35:14","modified_gmt":"2025-03-14T11:35:14","slug":"led-kaksoissivun-tyovalo","status":"publish","type":"product","link":"https:\/\/keluvo.com\/fi\/product\/led-kaksoissivun-tyovalo\/","title":{"rendered":"LED-kaksoissivun ty\u00f6valo"},"content":{"rendered":"<h2 style=\"text-align: center;\"><strong>Tehokas kaksoispuolen valaistus<\/strong><\/h2>\n<p style=\"text-align: center;\">Kaksoispuolen LED-ty\u00f6valo tarjoaa vahvan valkoisen ja keltaisen valaistuksen maksimaalista n\u00e4kyvyytt\u00e4 varten. 9000 lumenin kirkkaudella ja laajalla 121 asteen s\u00e4dekulmalla se tarjoaa erinomaisen kattavuuden mihin tahansa teht\u00e4v\u00e4\u00e4n tai ajoneuvoon.<\/p>\n<p><img decoding=\"async\" class=\"alignnone size-medium wp-image-5022 aligncenter\" src=\"https:\/\/keluvo.com\/template\/wp-content\/uploads\/sites\/5\/2024\/12\/S4732c55e9cc44d8b87555c4526a02441c.jpg_960x960q75.jpg_.jpeg\" alt=\"\" \/><\/p>\n<h2 style=\"text-align: center;\"><strong>Kest\u00e4v\u00e4 ja vedenpit\u00e4v\u00e4 muotoilu<\/strong><\/h2>\n<p style=\"text-align: center;\">Kahden puolen LED-ty\u00f6valo on valmistettu vahvasta alumiiniseoskuoresta, ja se on rakennettu kest\u00e4m\u00e4\u00e4n. Sen IP67-vesitiiviysluokitus ja ruostumattomasta ter\u00e4ksest\u00e4 valmistettu kiinnike takaavat luotettavan toiminnan kaikissa s\u00e4\u00e4olosuhteissa sateesta \u00e4\u00e4rimm\u00e4isiin l\u00e4mp\u00f6tiloihin.<\/p>\n<p><img decoding=\"async\" class=\"alignnone size-medium wp-image-5020 aligncenter\" src=\"https:\/\/keluvo.com\/template\/wp-content\/uploads\/sites\/5\/2024\/12\/S7bba8c7f8b8e4385b907b4faa020bb3am.jpg_960x960q75.jpg_.jpeg\" \/><\/p>\n","protected":false},"excerpt":{"rendered":"<p>Tehokas kaksoispuolen valaistus Kaksoispuolen LED-ty\u00f6valo tarjoaa vahvan valkoisen ja keltaisen valaistuksen maksimaalista n\u00e4kyvyytt\u00e4 varten. 9000 lumenin kirkkaudella ja laajalla 121 [&hellip;]<\/p>\n","protected":false},"featured_media":4266,"comment_status":"open","ping_status":"closed","template":"","meta":{"site-sidebar-layout":"default","site-content-layout":"","ast-site-content-layout":"default","site-content-style":"default","site-sidebar-style":"default","ast-global-header-display":"","ast-banner-title-visibility":"","ast-main-header-display":"","ast-hfb-above-header-display":"","ast-hfb-below-header-display":"","ast-hfb-mobile-header-display":"","site-post-title":"","ast-breadcrumbs-content":"","ast-featured-img":"","footer-sml-layout":"","theme-transparent-header-meta":"default","adv-header-id-meta":"","stick-header-meta":"","header-above-stick-meta":"","header-main-stick-meta":"","header-below-stick-meta":"","astra-migrate-meta-layouts":"set","ast-page-background-enabled":"default","ast-page-background-meta":{"desktop":{"background-color":"var(--ast-global-color-4)","background-image":"","background-repeat":"repeat","background-position":"center center","background-size":"auto","background-attachment":"scroll","background-type":"","background-media":"","overlay-type":"","overlay-color":"","overlay-opacity":"","overlay-gradient":""},"tablet":{"background-color":"","background-image":"","background-repeat":"repeat","background-position":"center center","background-size":"auto","background-attachment":"scroll","background-type":"","background-media":"","overlay-type":"","overlay-color":"","overlay-opacity":"","overlay-gradient":""},"mobile":{"background-color":"","background-image":"","background-repeat":"repeat","background-position":"center center","background-size":"auto","background-attachment":"scroll","background-type":"","background-media":"","overlay-type":"","overlay-color":"","overlay-opacity":"","overlay-gradient":""}},"ast-content-background-meta":{"desktop":{"background-color":"var(--ast-global-color-5)","background-image":"","background-repeat":"repeat","background-position":"center center","background-size":"auto","background-attachment":"scroll","background-type":"","background-media":"","overlay-type":"","overlay-color":"","overlay-opacity":"","overlay-gradient":""},"tablet":{"background-color":"var(--ast-global-color-5)","background-image":"","background-repeat":"repeat","background-position":"center center","background-size":"auto","background-attachment":"scroll","background-type":"","background-media":"","overlay-type":"","overlay-color":"","overlay-opacity":"","overlay-gradient":""},"mobile":{"background-color":"var(--ast-global-color-5)","background-image":"","background-repeat":"repeat","background-position":"center center","background-size":"auto","background-attachment":"scroll","background-type":"","background-media":"","overlay-type":"","overlay-color":"","overlay-opacity":"","overlay-gradient":""}}},"product_brand":[],"product_cat":[1001],"product_tag":[],"class_list":{"0":"post-4270","1":"product","2":"type-product","3":"status-publish","4":"has-post-thumbnail","6":"product_cat-household-goods","7":"pa_5ogcydwc-valkoinen-ja-keltainen","8":"pa_5ogcydwc-valkoinen-ja-sininen","9":"pa_5ogcydwc-valkoinen-sininen-punainen","10":"desktop-align-left","11":"tablet-align-left","12":"mobile-align-left","14":"first","15":"instock","16":"shipping-taxable","17":"purchasable","18":"product-type-variable","19":"has-default-attributes"},"_links":{"self":[{"href":"https:\/\/keluvo.com\/fi\/wp-json\/wp\/v2\/product\/4270","targetHints":{"allow":["GET"]}}],"collection":[{"href":"https:\/\/keluvo.com\/fi\/wp-json\/wp\/v2\/product"}],"about":[{"href":"https:\/\/keluvo.com\/fi\/wp-json\/wp\/v2\/types\/product"}],"replies":[{"embeddable":true,"href":"https:\/\/keluvo.com\/fi\/wp-json\/wp\/v2\/comments?post=4270"}],"wp:featuredmedia":[{"embeddable":true,"href":"https:\/\/keluvo.com\/fi\/wp-json\/wp\/v2\/media\/4266"}],"wp:attachment":[{"href":"https:\/\/keluvo.com\/fi\/wp-json\/wp\/v2\/media?parent=4270"}],"wp:term":[{"taxonomy":"product_brand","embeddable":true,"href":"https:\/\/keluvo.com\/fi\/wp-json\/wp\/v2\/product_brand?post=4270"},{"taxonomy":"product_cat","embeddable":true,"href":"https:\/\/keluvo.com\/fi\/wp-json\/wp\/v2\/product_cat?post=4270"},{"taxonomy":"product_tag","embeddable":true,"href":"https:\/\/keluvo.com\/fi\/wp-json\/wp\/v2\/product_tag?post=4270"}],"curies":[{"name":"wp","href":"https:\/\/api.w.org\/{rel}","templated":true}]}}