{"id":4254,"date":"2025-01-08T12:51:19","date_gmt":"2025-01-08T10:51:19","guid":{"rendered":"https:\/\/keluvo.com\/fi\/product\/pinotut-kirjat-lamppu\/"},"modified":"2025-08-27T17:48:29","modified_gmt":"2025-08-27T14:48:29","slug":"pinotut-kirjat-lamppu","status":"publish","type":"product","link":"https:\/\/keluvo.com\/fi\/product\/pinotut-kirjat-lamppu\/","title":{"rendered":"Pinotut kirjat lamppu"},"content":{"rendered":"<h2 style=\"text-align: center\"><strong>Ainutlaatuinen pinottujen kirjojen muotoilu<\/strong><\/h2>\n<p style=\"text-align: center\">Pinotut kirjat -valaisin on muotoiltu kirjapinon muotoiseksi, jolloin tyyli ja toiminta yhdistyv\u00e4t saumattomasti. Sen luova muotoilu tekee siit\u00e4 t\u00e4ydellisen koriste-esineen kirjojen yst\u00e4ville ja lis\u00e4\u00e4 vieh\u00e4tyst\u00e4 mihin tahansa huoneeseen.<\/p>\n<p><img decoding=\"async\" class=\"alignnone size-medium wp-image-4392 aligncenter\" src=\"https:\/\/keluvo.com\/template\/wp-content\/uploads\/sites\/5\/2024\/11\/S111a61dd46b04522a6051fac831299f0s.webp\" alt=\"\" \/><\/p>\n<h2 style=\"text-align: center\"><strong>L\u00e4mmin ja kodikas valaistus<\/strong><\/h2>\n<p style=\"text-align: center\">T\u00e4m\u00e4 lamppu antaa pehme\u00e4n, l\u00e4mpim\u00e4n hehkun, joka luo rauhallisen ja kutsuvan ilmapiirin. Se sopii erinomaisesti lukunurkkauksiin tai y\u00f6p\u00f6ydille ja luo tunnelmaa rentouttaviin koti-iltoihin.<\/p>\n<p><img decoding=\"async\" class=\"alignnone size-medium wp-image-4393 aligncenter\" src=\"https:\/\/keluvo.com\/template\/wp-content\/uploads\/sites\/5\/2024\/11\/Se780d1be532e45c6a55a5da2d7141497X.webp\" alt=\"\" \/><\/p>\n","protected":false},"excerpt":{"rendered":"<p>Ainutlaatuinen pinottujen kirjojen muotoilu Pinotut kirjat -valaisin on muotoiltu kirjapinon muotoiseksi, jolloin tyyli ja toiminta yhdistyv\u00e4t saumattomasti. Sen luova muotoilu [&hellip;]<\/p>\n","protected":false},"featured_media":4250,"comment_status":"open","ping_status":"closed","template":"","meta":{"site-sidebar-layout":"default","site-content-layout":"","ast-site-content-layout":"default","site-content-style":"default","site-sidebar-style":"default","ast-global-header-display":"","ast-banner-title-visibility":"","ast-main-header-display":"","ast-hfb-above-header-display":"","ast-hfb-below-header-display":"","ast-hfb-mobile-header-display":"","site-post-title":"","ast-breadcrumbs-content":"","ast-featured-img":"","footer-sml-layout":"","theme-transparent-header-meta":"default","adv-header-id-meta":"","stick-header-meta":"","header-above-stick-meta":"","header-main-stick-meta":"","header-below-stick-meta":"","astra-migrate-meta-layouts":"set","ast-page-background-enabled":"default","ast-page-background-meta":{"desktop":{"background-color":"var(--ast-global-color-4)","background-image":"","background-repeat":"repeat","background-position":"center center","background-size":"auto","background-attachment":"scroll","background-type":"","background-media":"","overlay-type":"","overlay-color":"","overlay-opacity":"","overlay-gradient":""},"tablet":{"background-color":"","background-image":"","background-repeat":"repeat","background-position":"center center","background-size":"auto","background-attachment":"scroll","background-type":"","background-media":"","overlay-type":"","overlay-color":"","overlay-opacity":"","overlay-gradient":""},"mobile":{"background-color":"","background-image":"","background-repeat":"repeat","background-position":"center center","background-size":"auto","background-attachment":"scroll","background-type":"","background-media":"","overlay-type":"","overlay-color":"","overlay-opacity":"","overlay-gradient":""}},"ast-content-background-meta":{"desktop":{"background-color":"var(--ast-global-color-5)","background-image":"","background-repeat":"repeat","background-position":"center center","background-size":"auto","background-attachment":"scroll","background-type":"","background-media":"","overlay-type":"","overlay-color":"","overlay-opacity":"","overlay-gradient":""},"tablet":{"background-color":"var(--ast-global-color-5)","background-image":"","background-repeat":"repeat","background-position":"center center","background-size":"auto","background-attachment":"scroll","background-type":"","background-media":"","overlay-type":"","overlay-color":"","overlay-opacity":"","overlay-gradient":""},"mobile":{"background-color":"var(--ast-global-color-5)","background-image":"","background-repeat":"repeat","background-position":"center center","background-size":"auto","background-attachment":"scroll","background-type":"","background-media":"","overlay-type":"","overlay-color":"","overlay-opacity":"","overlay-gradient":""}}},"product_brand":[],"product_cat":[1001],"product_tag":[],"class_list":{"0":"post-4254","1":"product","2":"type-product","3":"status-publish","4":"has-post-thumbnail","6":"product_cat-household-goods","7":"desktop-align-left","8":"tablet-align-left","9":"mobile-align-left","11":"first","12":"instock","13":"shipping-taxable","14":"purchasable","15":"product-type-simple"},"_links":{"self":[{"href":"https:\/\/keluvo.com\/fi\/wp-json\/wp\/v2\/product\/4254","targetHints":{"allow":["GET"]}}],"collection":[{"href":"https:\/\/keluvo.com\/fi\/wp-json\/wp\/v2\/product"}],"about":[{"href":"https:\/\/keluvo.com\/fi\/wp-json\/wp\/v2\/types\/product"}],"replies":[{"embeddable":true,"href":"https:\/\/keluvo.com\/fi\/wp-json\/wp\/v2\/comments?post=4254"}],"wp:featuredmedia":[{"embeddable":true,"href":"https:\/\/keluvo.com\/fi\/wp-json\/wp\/v2\/media\/4250"}],"wp:attachment":[{"href":"https:\/\/keluvo.com\/fi\/wp-json\/wp\/v2\/media?parent=4254"}],"wp:term":[{"taxonomy":"product_brand","embeddable":true,"href":"https:\/\/keluvo.com\/fi\/wp-json\/wp\/v2\/product_brand?post=4254"},{"taxonomy":"product_cat","embeddable":true,"href":"https:\/\/keluvo.com\/fi\/wp-json\/wp\/v2\/product_cat?post=4254"},{"taxonomy":"product_tag","embeddable":true,"href":"https:\/\/keluvo.com\/fi\/wp-json\/wp\/v2\/product_tag?post=4254"}],"curies":[{"name":"wp","href":"https:\/\/api.w.org\/{rel}","templated":true}]}}