{"id":4236,"date":"2025-01-08T12:45:56","date_gmt":"2025-01-08T10:45:56","guid":{"rendered":"https:\/\/keluvo.com\/fi\/product\/langalliset-tiskiratit-5-kpl\/"},"modified":"2025-08-27T17:48:00","modified_gmt":"2025-08-27T14:48:00","slug":"langalliset-tiskiratit-5-kpl","status":"publish","type":"product","link":"https:\/\/keluvo.com\/fi\/product\/langalliset-tiskiratit-5-kpl\/","title":{"rendered":"Langalliset tiskir\u00e4tit (5 kpl)"},"content":{"rendered":"<h2 style=\"text-align: center\"><strong>Tehokas ja turvallinen puhdistus<\/strong><\/h2>\n<p style=\"text-align: center\">Lankamaiset astianpesulaput on valmistettu kest\u00e4v\u00e4st\u00e4 metallilankamateriaalista, joka poistaa tehokkaasti ruosteen, \u00f6ljytahrat ja muun lian. N\u00e4m\u00e4 r\u00e4tit puhdistavat perusteellisesti vahingoittamatta keittoastioita tai satuttamatta k\u00e4si\u00e4si, joten ne ovat luotettava apuri keitti\u00f6ss\u00e4si jokap\u00e4iv\u00e4isiss\u00e4 siivousteht\u00e4viss\u00e4.<\/p>\n<p><img decoding=\"async\" class=\"alignnone size-medium wp-image-3912 aligncenter\" src=\"https:\/\/keluvo.com\/template\/wp-content\/uploads\/sites\/5\/2024\/11\/Sb7f4d256a2d24d05a67b9bc6206adb0fC.jpg\" alt=\"\" \/><\/p>\n<h2 style=\"text-align: center\"><strong>Monipuolinen m\u00e4rk\u00e4- ja kuivak\u00e4ytt\u00f6\u00f6n<\/strong><\/h2>\n<p style=\"text-align: center\">N\u00e4m\u00e4 r\u00e4tit soveltuvat sek\u00e4 m\u00e4rk\u00e4- ett\u00e4 kuivapuhdistusteht\u00e4viin, joten ne sopivat erinomaisesti erilaisille pinnoille. Ne tarjoavat erinomaisia tuloksia kattiloiden, pannujen ja grillien puhdistamisesta lieden ja ty\u00f6tasojen hankaamiseen. Ne voivat jopa auttaa vihannesten kuorimisessa tai hedelmien hankaamisessa, mik\u00e4 lis\u00e4\u00e4 monipuolisuutta keitti\u00f6rutiineihisi.<\/p>\n<p><img decoding=\"async\" class=\"alignnone size-medium wp-image-3910 aligncenter\" src=\"https:\/\/keluvo.com\/template\/wp-content\/uploads\/sites\/5\/2024\/11\/S32634edda70e448e90be2385f0edfe3bO.jpg\" alt=\"\" \/><\/p>\n","protected":false},"excerpt":{"rendered":"<p>Tehokas ja turvallinen puhdistus Lankamaiset astianpesulaput on valmistettu kest\u00e4v\u00e4st\u00e4 metallilankamateriaalista, joka poistaa tehokkaasti ruosteen, \u00f6ljytahrat ja muun lian. N\u00e4m\u00e4 r\u00e4tit [&hellip;]<\/p>\n","protected":false},"featured_media":4232,"comment_status":"open","ping_status":"closed","template":"","meta":{"site-sidebar-layout":"default","site-content-layout":"","ast-site-content-layout":"default","site-content-style":"default","site-sidebar-style":"default","ast-global-header-display":"","ast-banner-title-visibility":"","ast-main-header-display":"","ast-hfb-above-header-display":"","ast-hfb-below-header-display":"","ast-hfb-mobile-header-display":"","site-post-title":"","ast-breadcrumbs-content":"","ast-featured-img":"","footer-sml-layout":"","theme-transparent-header-meta":"default","adv-header-id-meta":"","stick-header-meta":"","header-above-stick-meta":"","header-main-stick-meta":"","header-below-stick-meta":"","astra-migrate-meta-layouts":"set","ast-page-background-enabled":"default","ast-page-background-meta":{"desktop":{"background-color":"var(--ast-global-color-4)","background-image":"","background-repeat":"repeat","background-position":"center center","background-size":"auto","background-attachment":"scroll","background-type":"","background-media":"","overlay-type":"","overlay-color":"","overlay-opacity":"","overlay-gradient":""},"tablet":{"background-color":"","background-image":"","background-repeat":"repeat","background-position":"center center","background-size":"auto","background-attachment":"scroll","background-type":"","background-media":"","overlay-type":"","overlay-color":"","overlay-opacity":"","overlay-gradient":""},"mobile":{"background-color":"","background-image":"","background-repeat":"repeat","background-position":"center center","background-size":"auto","background-attachment":"scroll","background-type":"","background-media":"","overlay-type":"","overlay-color":"","overlay-opacity":"","overlay-gradient":""}},"ast-content-background-meta":{"desktop":{"background-color":"var(--ast-global-color-5)","background-image":"","background-repeat":"repeat","background-position":"center center","background-size":"auto","background-attachment":"scroll","background-type":"","background-media":"","overlay-type":"","overlay-color":"","overlay-opacity":"","overlay-gradient":""},"tablet":{"background-color":"var(--ast-global-color-5)","background-image":"","background-repeat":"repeat","background-position":"center center","background-size":"auto","background-attachment":"scroll","background-type":"","background-media":"","overlay-type":"","overlay-color":"","overlay-opacity":"","overlay-gradient":""},"mobile":{"background-color":"var(--ast-global-color-5)","background-image":"","background-repeat":"repeat","background-position":"center center","background-size":"auto","background-attachment":"scroll","background-type":"","background-media":"","overlay-type":"","overlay-color":"","overlay-opacity":"","overlay-gradient":""}}},"product_brand":[],"product_cat":[1001],"product_tag":[],"class_list":{"0":"post-4236","1":"product","2":"type-product","3":"status-publish","4":"has-post-thumbnail","6":"product_cat-household-goods","7":"desktop-align-left","8":"tablet-align-left","9":"mobile-align-left","11":"first","12":"instock","13":"shipping-taxable","14":"purchasable","15":"product-type-simple"},"_links":{"self":[{"href":"https:\/\/keluvo.com\/fi\/wp-json\/wp\/v2\/product\/4236","targetHints":{"allow":["GET"]}}],"collection":[{"href":"https:\/\/keluvo.com\/fi\/wp-json\/wp\/v2\/product"}],"about":[{"href":"https:\/\/keluvo.com\/fi\/wp-json\/wp\/v2\/types\/product"}],"replies":[{"embeddable":true,"href":"https:\/\/keluvo.com\/fi\/wp-json\/wp\/v2\/comments?post=4236"}],"wp:featuredmedia":[{"embeddable":true,"href":"https:\/\/keluvo.com\/fi\/wp-json\/wp\/v2\/media\/4232"}],"wp:attachment":[{"href":"https:\/\/keluvo.com\/fi\/wp-json\/wp\/v2\/media?parent=4236"}],"wp:term":[{"taxonomy":"product_brand","embeddable":true,"href":"https:\/\/keluvo.com\/fi\/wp-json\/wp\/v2\/product_brand?post=4236"},{"taxonomy":"product_cat","embeddable":true,"href":"https:\/\/keluvo.com\/fi\/wp-json\/wp\/v2\/product_cat?post=4236"},{"taxonomy":"product_tag","embeddable":true,"href":"https:\/\/keluvo.com\/fi\/wp-json\/wp\/v2\/product_tag?post=4236"}],"curies":[{"name":"wp","href":"https:\/\/api.w.org\/{rel}","templated":true}]}}