{"id":4193,"date":"2024-12-02T16:58:29","date_gmt":"2024-12-02T14:58:29","guid":{"rendered":"https:\/\/keluvo.com\/fi\/product\/hain-eva-auton-antenni\/"},"modified":"2025-11-11T11:26:46","modified_gmt":"2025-11-11T09:26:46","slug":"hain-eva-auton-antenni","status":"publish","type":"product","link":"https:\/\/keluvo.com\/fi\/product\/hain-eva-auton-antenni\/","title":{"rendered":"Hain ev\u00e4 auton antenni"},"content":{"rendered":"<h2 style=\"text-align: center\"><strong>Paranna autosi signaalia<\/strong><\/h2>\n<p style=\"text-align: center\">Auton hain ev\u00e4antenni on suunniteltu parantamaan ajoneuvosi signaalin vastaanottoa ja tarjoamaan luotettavamman yhteyden radiollesi. T\u00e4m\u00e4 antenni ei ainoastaan paranna suorituskyky\u00e4, vaan my\u00f6s lis\u00e4\u00e4 tyylikk\u00e4\u00e4n, modernin ulkon\u00e4\u00f6n autosi ulkoasuun.<\/p>\n<p><img decoding=\"async\" class=\"alignnone size-medium wp-image-3084 aligncenter\" src=\"https:\/\/keluvo.com\/template\/wp-content\/uploads\/sites\/5\/2024\/11\/FOR-Citroen-C4-C5-C2-C3-C6-DS3-DS4-DS5-Radio-shark-fin-Car-antenna-3M.jpg_-1.png\" alt=\"\" \/><\/p>\n<h2 style=\"text-align: center\"><strong>Helppo asennus<\/strong><\/h2>\n<p style=\"text-align: center\">Hain ev\u00e4antennin asentaminen on yksinkertaista eik\u00e4 vaadi poraamista. Puhdista ja kuivaa pinta, levit\u00e4 kaksipuolinen liima ja kiinnit\u00e4 antenni. Lis\u00e4varmuuden saamiseksi voit k\u00e4ytt\u00e4\u00e4 hiustenkuivaajaa teipin tarttuvuuden parantamiseksi.<\/p>\n<p><img decoding=\"async\" class=\"alignnone size-medium wp-image-3074 aligncenter\" src=\"https:\/\/keluvo.com\/template\/wp-content\/uploads\/sites\/5\/2024\/11\/d6654de6-43a0-41d8-b113-be7751a21714.webp\" alt=\"\" \/><\/p>\n","protected":false},"excerpt":{"rendered":"<p>Paranna autosi signaalia Auton hain ev\u00e4antenni on suunniteltu parantamaan ajoneuvosi signaalin vastaanottoa ja tarjoamaan luotettavamman yhteyden radiollesi. T\u00e4m\u00e4 antenni ei [&hellip;]<\/p>\n","protected":false},"featured_media":4189,"comment_status":"open","ping_status":"closed","template":"","meta":{"site-sidebar-layout":"default","site-content-layout":"","ast-site-content-layout":"default","site-content-style":"default","site-sidebar-style":"default","ast-global-header-display":"","ast-banner-title-visibility":"","ast-main-header-display":"","ast-hfb-above-header-display":"","ast-hfb-below-header-display":"","ast-hfb-mobile-header-display":"","site-post-title":"","ast-breadcrumbs-content":"","ast-featured-img":"","footer-sml-layout":"","theme-transparent-header-meta":"default","adv-header-id-meta":"","stick-header-meta":"","header-above-stick-meta":"","header-main-stick-meta":"","header-below-stick-meta":"","astra-migrate-meta-layouts":"set","ast-page-background-enabled":"default","ast-page-background-meta":{"desktop":{"background-color":"var(--ast-global-color-4)","background-image":"","background-repeat":"repeat","background-position":"center center","background-size":"auto","background-attachment":"scroll","background-type":"","background-media":"","overlay-type":"","overlay-color":"","overlay-opacity":"","overlay-gradient":""},"tablet":{"background-color":"","background-image":"","background-repeat":"repeat","background-position":"center center","background-size":"auto","background-attachment":"scroll","background-type":"","background-media":"","overlay-type":"","overlay-color":"","overlay-opacity":"","overlay-gradient":""},"mobile":{"background-color":"","background-image":"","background-repeat":"repeat","background-position":"center center","background-size":"auto","background-attachment":"scroll","background-type":"","background-media":"","overlay-type":"","overlay-color":"","overlay-opacity":"","overlay-gradient":""}},"ast-content-background-meta":{"desktop":{"background-color":"var(--ast-global-color-5)","background-image":"","background-repeat":"repeat","background-position":"center center","background-size":"auto","background-attachment":"scroll","background-type":"","background-media":"","overlay-type":"","overlay-color":"","overlay-opacity":"","overlay-gradient":""},"tablet":{"background-color":"var(--ast-global-color-5)","background-image":"","background-repeat":"repeat","background-position":"center center","background-size":"auto","background-attachment":"scroll","background-type":"","background-media":"","overlay-type":"","overlay-color":"","overlay-opacity":"","overlay-gradient":""},"mobile":{"background-color":"var(--ast-global-color-5)","background-image":"","background-repeat":"repeat","background-position":"center center","background-size":"auto","background-attachment":"scroll","background-type":"","background-media":"","overlay-type":"","overlay-color":"","overlay-opacity":"","overlay-gradient":""}}},"product_brand":[],"product_cat":[998],"product_tag":[],"class_list":{"0":"post-4193","1":"product","2":"type-product","3":"status-publish","4":"has-post-thumbnail","6":"product_cat-automotive-products","7":"pa_0vv99s43-harmaa","8":"pa_0vv99s43-hopea","9":"pa_0vv99s43-musta","10":"pa_0vv99s43-punainen","11":"pa_0vv99s43-valkoinen","12":"desktop-align-left","13":"tablet-align-left","14":"mobile-align-left","16":"first","17":"instock","18":"shipping-taxable","19":"purchasable","20":"product-type-variable"},"_links":{"self":[{"href":"https:\/\/keluvo.com\/fi\/wp-json\/wp\/v2\/product\/4193","targetHints":{"allow":["GET"]}}],"collection":[{"href":"https:\/\/keluvo.com\/fi\/wp-json\/wp\/v2\/product"}],"about":[{"href":"https:\/\/keluvo.com\/fi\/wp-json\/wp\/v2\/types\/product"}],"replies":[{"embeddable":true,"href":"https:\/\/keluvo.com\/fi\/wp-json\/wp\/v2\/comments?post=4193"}],"wp:featuredmedia":[{"embeddable":true,"href":"https:\/\/keluvo.com\/fi\/wp-json\/wp\/v2\/media\/4189"}],"wp:attachment":[{"href":"https:\/\/keluvo.com\/fi\/wp-json\/wp\/v2\/media?parent=4193"}],"wp:term":[{"taxonomy":"product_brand","embeddable":true,"href":"https:\/\/keluvo.com\/fi\/wp-json\/wp\/v2\/product_brand?post=4193"},{"taxonomy":"product_cat","embeddable":true,"href":"https:\/\/keluvo.com\/fi\/wp-json\/wp\/v2\/product_cat?post=4193"},{"taxonomy":"product_tag","embeddable":true,"href":"https:\/\/keluvo.com\/fi\/wp-json\/wp\/v2\/product_tag?post=4193"}],"curies":[{"name":"wp","href":"https:\/\/api.w.org\/{rel}","templated":true}]}}