{"id":4102,"date":"2024-12-02T16:41:01","date_gmt":"2024-12-02T14:41:01","guid":{"rendered":"https:\/\/keluvo.com\/fi\/product\/omenan-kuorimaveitsi\/"},"modified":"2024-12-02T16:41:13","modified_gmt":"2024-12-02T14:41:13","slug":"omenan-kuorimaveitsi","status":"publish","type":"product","link":"https:\/\/keluvo.com\/fi\/product\/omenan-kuorimaveitsi\/","title":{"rendered":"Omenan kuorimaveitsi"},"content":{"rendered":"<h2 style=\"text-align: center\"><strong>Tehokas kuoriminen ja kuorinta<\/strong><\/h2>\n<p style=\"text-align: center\">Omenankuorimakone on suunniteltu tekem\u00e4\u00e4n omenoiden kuorimisesta ja kuorimisesta helppoa ja nopeaa. Sen ruostumattomasta ter\u00e4ksest\u00e4 valmistetut ter\u00e4t toimivat sulavasti ja poistavat kuoret ja kuoret sekunneissa, mik\u00e4 s\u00e4\u00e4st\u00e4\u00e4 aikaa ja vaivaa keitti\u00f6ss\u00e4. T\u00e4ydellinen omenoiden valmistamiseen piirakoita, v\u00e4lipaloja tai salaatteja varten.<\/p>\n<p><img decoding=\"async\" class=\"alignnone size-medium wp-image-3182 aligncenter\" src=\"https:\/\/keluvo.com\/template\/wp-content\/uploads\/sites\/5\/2024\/11\/9d67dfe5-841a-4e04-9563-b502fd8e2bdd.webp\" alt=\"\" \/><\/p>\n<h2 style=\"text-align: center\"><strong>Monipuolinen ja helppo puhdistaa<\/strong><\/h2>\n<p style=\"text-align: center\">T\u00e4m\u00e4 kuorimakone on tehty muuhunkin kuin omenoihin, sill\u00e4 se on riitt\u00e4v\u00e4n monipuolinen my\u00f6s muille hedelmille, kuten p\u00e4\u00e4ryn\u00f6ille. Ruostumattomasta ter\u00e4ksest\u00e4 valmistetut ter\u00e4t on helppo puhdistaa ja huoltaa, mik\u00e4 takaa korkean hygieniatason jokaisessa k\u00e4yt\u00f6ss\u00e4 ja pitk\u00e4ik\u00e4isen keitti\u00f6ty\u00f6kalun.<\/p>\n<p><img decoding=\"async\" class=\"alignnone size-medium wp-image-3185 aligncenter\" src=\"https:\/\/keluvo.com\/template\/wp-content\/uploads\/sites\/5\/2024\/11\/488e9bc3-079b-4b32-9aa5-36a4abbd47c5.webp\" alt=\"\" \/><\/p>\n","protected":false},"excerpt":{"rendered":"<p>Tehokas kuoriminen ja kuorinta Omenankuorimakone on suunniteltu tekem\u00e4\u00e4n omenoiden kuorimisesta ja kuorimisesta helppoa ja nopeaa. Sen ruostumattomasta ter\u00e4ksest\u00e4 valmistetut ter\u00e4t [&hellip;]<\/p>\n","protected":false},"featured_media":4098,"comment_status":"open","ping_status":"closed","template":"","meta":{"site-sidebar-layout":"default","site-content-layout":"","ast-site-content-layout":"default","site-content-style":"default","site-sidebar-style":"default","ast-global-header-display":"","ast-banner-title-visibility":"","ast-main-header-display":"","ast-hfb-above-header-display":"","ast-hfb-below-header-display":"","ast-hfb-mobile-header-display":"","site-post-title":"","ast-breadcrumbs-content":"","ast-featured-img":"","footer-sml-layout":"","theme-transparent-header-meta":"default","adv-header-id-meta":"","stick-header-meta":"","header-above-stick-meta":"","header-main-stick-meta":"","header-below-stick-meta":"","astra-migrate-meta-layouts":"set","ast-page-background-enabled":"default","ast-page-background-meta":{"desktop":{"background-color":"var(--ast-global-color-4)","background-image":"","background-repeat":"repeat","background-position":"center center","background-size":"auto","background-attachment":"scroll","background-type":"","background-media":"","overlay-type":"","overlay-color":"","overlay-opacity":"","overlay-gradient":""},"tablet":{"background-color":"","background-image":"","background-repeat":"repeat","background-position":"center center","background-size":"auto","background-attachment":"scroll","background-type":"","background-media":"","overlay-type":"","overlay-color":"","overlay-opacity":"","overlay-gradient":""},"mobile":{"background-color":"","background-image":"","background-repeat":"repeat","background-position":"center center","background-size":"auto","background-attachment":"scroll","background-type":"","background-media":"","overlay-type":"","overlay-color":"","overlay-opacity":"","overlay-gradient":""}},"ast-content-background-meta":{"desktop":{"background-color":"var(--ast-global-color-5)","background-image":"","background-repeat":"repeat","background-position":"center center","background-size":"auto","background-attachment":"scroll","background-type":"","background-media":"","overlay-type":"","overlay-color":"","overlay-opacity":"","overlay-gradient":""},"tablet":{"background-color":"var(--ast-global-color-5)","background-image":"","background-repeat":"repeat","background-position":"center center","background-size":"auto","background-attachment":"scroll","background-type":"","background-media":"","overlay-type":"","overlay-color":"","overlay-opacity":"","overlay-gradient":""},"mobile":{"background-color":"var(--ast-global-color-5)","background-image":"","background-repeat":"repeat","background-position":"center center","background-size":"auto","background-attachment":"scroll","background-type":"","background-media":"","overlay-type":"","overlay-color":"","overlay-opacity":"","overlay-gradient":""}}},"product_brand":[],"product_cat":[1001],"product_tag":[],"class_list":{"0":"post-4102","1":"product","2":"type-product","3":"status-publish","4":"has-post-thumbnail","6":"product_cat-household-goods","7":"pa_2z9hsfgm-tummanvihrea","8":"pa_2z9hsfgm-vaaleanvihrea","9":"desktop-align-left","10":"tablet-align-left","11":"mobile-align-left","13":"first","14":"instock","15":"shipping-taxable","16":"purchasable","17":"product-type-variable"},"_links":{"self":[{"href":"https:\/\/keluvo.com\/fi\/wp-json\/wp\/v2\/product\/4102","targetHints":{"allow":["GET"]}}],"collection":[{"href":"https:\/\/keluvo.com\/fi\/wp-json\/wp\/v2\/product"}],"about":[{"href":"https:\/\/keluvo.com\/fi\/wp-json\/wp\/v2\/types\/product"}],"replies":[{"embeddable":true,"href":"https:\/\/keluvo.com\/fi\/wp-json\/wp\/v2\/comments?post=4102"}],"wp:featuredmedia":[{"embeddable":true,"href":"https:\/\/keluvo.com\/fi\/wp-json\/wp\/v2\/media\/4098"}],"wp:attachment":[{"href":"https:\/\/keluvo.com\/fi\/wp-json\/wp\/v2\/media?parent=4102"}],"wp:term":[{"taxonomy":"product_brand","embeddable":true,"href":"https:\/\/keluvo.com\/fi\/wp-json\/wp\/v2\/product_brand?post=4102"},{"taxonomy":"product_cat","embeddable":true,"href":"https:\/\/keluvo.com\/fi\/wp-json\/wp\/v2\/product_cat?post=4102"},{"taxonomy":"product_tag","embeddable":true,"href":"https:\/\/keluvo.com\/fi\/wp-json\/wp\/v2\/product_tag?post=4102"}],"curies":[{"name":"wp","href":"https:\/\/api.w.org\/{rel}","templated":true}]}}