{"id":4068,"date":"2024-12-02T16:33:52","date_gmt":"2024-12-02T14:33:52","guid":{"rendered":"https:\/\/keluvo.com\/fi\/product\/carplay-naytto\/"},"modified":"2024-12-02T16:33:53","modified_gmt":"2024-12-02T14:33:53","slug":"carplay-naytto","status":"publish","type":"product","link":"https:\/\/keluvo.com\/fi\/product\/carplay-naytto\/","title":{"rendered":"CarPlay-n\u00e4ytt\u00f6"},"content":{"rendered":"<h2 style=\"text-align: center\"><strong>Korkean resoluution n\u00e4ytt\u00f6<\/strong><\/h2>\n<p style=\"text-align: center\">Nauti ter\u00e4v\u00e4st\u00e4 ja selke\u00e4st\u00e4 n\u00e4kym\u00e4st\u00e4 10,26 tuuman CarPlay-n\u00e4yt\u00f6ll\u00e4, jossa on UHD 4K -resoluutio etun\u00e4yt\u00f6ss\u00e4 ja 1080P AHD takakameran\u00e4kym\u00e4ss\u00e4. T\u00e4m\u00e4 korkean resoluution n\u00e4ytt\u00f6 varmistaa, ett\u00e4 navigointi, videot ja peruutusavustimet n\u00e4kyv\u00e4t ter\u00e4vin\u00e4 ja eloisina, mik\u00e4 parantaa ajokokemustasi.<\/p>\n<p><img decoding=\"async\" class=\"alignnone size-medium wp-image-3246 aligncenter\" src=\"https:\/\/keluvo.com\/template\/wp-content\/uploads\/sites\/5\/2024\/11\/S945540f91f54442baf2c3c2ca4271342Y.jpg\" alt=\"\" \/><\/p>\n<h2><\/h2>\n<h2 style=\"text-align: center\"><strong>Sis\u00e4\u00e4nrakennetut GPS- ja WiFi-toiminnot<\/strong><\/h2>\n<p style=\"text-align: center\">T\u00e4m\u00e4 CarPlay-n\u00e4ytt\u00f6 sis\u00e4lt\u00e4\u00e4 my\u00f6s GPS-paikannuksen ja WiFi-yhteyden kaikkia \u00e4lykk\u00e4it\u00e4 toimintoja varten. K\u00e4yt\u00e4 GPS:\u00e4\u00e4 ajoreittien tallentamiseen ja niiden toistamiseen tietokoneella ja muodosta yhteys WiFi-yhteyden kautta, jotta voit helposti k\u00e4ytt\u00e4\u00e4 sovelluksia ja p\u00e4ivityksi\u00e4. Viel\u00e4 enemm\u00e4n hallintaa saat k\u00e4ytt\u00e4m\u00e4ll\u00e4 Viidure-sovellusta, jolla voit hallita toimintoja suoraan puhelimestasi.<\/p>\n<p><img decoding=\"async\" class=\"alignnone size-medium wp-image-3240 aligncenter\" src=\"https:\/\/keluvo.com\/template\/wp-content\/uploads\/sites\/5\/2024\/11\/8c7a18ee-97d1-4300-b82e-6436a3fbb6ca.webp\" alt=\"\" \/><\/p>\n<h2><\/h2>\n<h2 style=\"text-align: center\"><strong>Varkauksien ja onnettomuuksien seuranta<\/strong><\/h2>\n<p style=\"text-align: center\">CarPlay-n\u00e4ytt\u00f6 tarjoaa 24\/7-valvonnan autosi ymp\u00e4rist\u00f6st\u00e4 ja suojaa varkailta tai tallentaa kaikki vaaratilanteet.<\/p>\n<p><img decoding=\"async\" class=\"size-medium wp-image-3791 aligncenter\" src=\"https:\/\/keluvo.com\/template\/wp-content\/uploads\/sites\/5\/2024\/11\/1088312893-358223761.png\" alt=\"\" \/><\/p>\n<h2><\/h2>\n<h2 style=\"text-align: center\"><strong>Peruutuskamera<\/strong><\/h2>\n<p style=\"text-align: center\">CarPlay-n\u00e4yt\u00f6ss\u00e4 on peruutuskamera, joka tekee taaksep\u00e4in ajamisesta ja pys\u00e4k\u00f6innist\u00e4 helpompaa.<\/p>\n<p><img decoding=\"async\" class=\"size-medium wp-image-3808 aligncenter\" src=\"https:\/\/keluvo.com\/template\/wp-content\/uploads\/sites\/5\/2024\/11\/1089757743-1859531250.jpg\" alt=\"\" \/><\/p>\n","protected":false},"excerpt":{"rendered":"<p>Korkean resoluution n\u00e4ytt\u00f6 Nauti ter\u00e4v\u00e4st\u00e4 ja selke\u00e4st\u00e4 n\u00e4kym\u00e4st\u00e4 10,26 tuuman CarPlay-n\u00e4yt\u00f6ll\u00e4, jossa on UHD 4K -resoluutio etun\u00e4yt\u00f6ss\u00e4 ja 1080P AHD [&hellip;]<\/p>\n","protected":false},"featured_media":4064,"comment_status":"open","ping_status":"closed","template":"","meta":{"site-sidebar-layout":"default","site-content-layout":"","ast-site-content-layout":"default","site-content-style":"default","site-sidebar-style":"default","ast-global-header-display":"","ast-banner-title-visibility":"","ast-main-header-display":"","ast-hfb-above-header-display":"","ast-hfb-below-header-display":"","ast-hfb-mobile-header-display":"","site-post-title":"","ast-breadcrumbs-content":"","ast-featured-img":"","footer-sml-layout":"","theme-transparent-header-meta":"default","adv-header-id-meta":"","stick-header-meta":"","header-above-stick-meta":"","header-main-stick-meta":"","header-below-stick-meta":"","astra-migrate-meta-layouts":"set","ast-page-background-enabled":"default","ast-page-background-meta":{"desktop":{"background-color":"var(--ast-global-color-4)","background-image":"","background-repeat":"repeat","background-position":"center center","background-size":"auto","background-attachment":"scroll","background-type":"","background-media":"","overlay-type":"","overlay-color":"","overlay-opacity":"","overlay-gradient":""},"tablet":{"background-color":"","background-image":"","background-repeat":"repeat","background-position":"center center","background-size":"auto","background-attachment":"scroll","background-type":"","background-media":"","overlay-type":"","overlay-color":"","overlay-opacity":"","overlay-gradient":""},"mobile":{"background-color":"","background-image":"","background-repeat":"repeat","background-position":"center center","background-size":"auto","background-attachment":"scroll","background-type":"","background-media":"","overlay-type":"","overlay-color":"","overlay-opacity":"","overlay-gradient":""}},"ast-content-background-meta":{"desktop":{"background-color":"var(--ast-global-color-5)","background-image":"","background-repeat":"repeat","background-position":"center center","background-size":"auto","background-attachment":"scroll","background-type":"","background-media":"","overlay-type":"","overlay-color":"","overlay-opacity":"","overlay-gradient":""},"tablet":{"background-color":"var(--ast-global-color-5)","background-image":"","background-repeat":"repeat","background-position":"center center","background-size":"auto","background-attachment":"scroll","background-type":"","background-media":"","overlay-type":"","overlay-color":"","overlay-opacity":"","overlay-gradient":""},"mobile":{"background-color":"var(--ast-global-color-5)","background-image":"","background-repeat":"repeat","background-position":"center center","background-size":"auto","background-attachment":"scroll","background-type":"","background-media":"","overlay-type":"","overlay-color":"","overlay-opacity":"","overlay-gradient":""}}},"product_brand":[],"product_cat":[998],"product_tag":[],"class_list":{"0":"post-4068","1":"product","2":"type-product","3":"status-publish","4":"has-post-thumbnail","6":"product_cat-automotive-products","7":"desktop-align-left","8":"tablet-align-left","9":"mobile-align-left","11":"first","12":"instock","13":"shipping-taxable","14":"purchasable","15":"product-type-simple"},"_links":{"self":[{"href":"https:\/\/keluvo.com\/fi\/wp-json\/wp\/v2\/product\/4068","targetHints":{"allow":["GET"]}}],"collection":[{"href":"https:\/\/keluvo.com\/fi\/wp-json\/wp\/v2\/product"}],"about":[{"href":"https:\/\/keluvo.com\/fi\/wp-json\/wp\/v2\/types\/product"}],"replies":[{"embeddable":true,"href":"https:\/\/keluvo.com\/fi\/wp-json\/wp\/v2\/comments?post=4068"}],"wp:featuredmedia":[{"embeddable":true,"href":"https:\/\/keluvo.com\/fi\/wp-json\/wp\/v2\/media\/4064"}],"wp:attachment":[{"href":"https:\/\/keluvo.com\/fi\/wp-json\/wp\/v2\/media?parent=4068"}],"wp:term":[{"taxonomy":"product_brand","embeddable":true,"href":"https:\/\/keluvo.com\/fi\/wp-json\/wp\/v2\/product_brand?post=4068"},{"taxonomy":"product_cat","embeddable":true,"href":"https:\/\/keluvo.com\/fi\/wp-json\/wp\/v2\/product_cat?post=4068"},{"taxonomy":"product_tag","embeddable":true,"href":"https:\/\/keluvo.com\/fi\/wp-json\/wp\/v2\/product_tag?post=4068"}],"curies":[{"name":"wp","href":"https:\/\/api.w.org\/{rel}","templated":true}]}}