{"id":4053,"date":"2024-12-02T16:27:10","date_gmt":"2024-12-02T14:27:10","guid":{"rendered":"https:\/\/keluvo.com\/fi\/product\/e99-pro-drone\/"},"modified":"2024-12-02T16:27:25","modified_gmt":"2024-12-02T14:27:25","slug":"e99-pro-drone","status":"publish","type":"product","link":"https:\/\/keluvo.com\/fi\/product\/e99-pro-drone\/","title":{"rendered":"E99 pro drone"},"content":{"rendered":"<h2 style=\"text-align: center\"><strong>Kahden kameran monipuolisuus<\/strong><\/h2>\n<p style=\"text-align: center\">E99 pro -lennokissa on kaksi kameraa, joiden avulla voit vaihtaa n\u00e4kymi\u00e4 dynaamisemman lentokokemuksen saamiseksi. Ota upeita ilmakuvia ja -videoita eri n\u00e4k\u00f6kulmista, jotka sopivat ihanteellisesti maisemakuviin ja luovaan valokuvaukseen. Elevalokuva- ja videotilojen ansiosta selfieiden ottaminen k\u00e4det vapaina on helpompaa kuin koskaan.<\/p>\n<p><img decoding=\"async\" class=\"alignnone size-medium wp-image-3343 aligncenter\" src=\"https:\/\/keluvo.com\/template\/wp-content\/uploads\/sites\/5\/2024\/11\/KBDFA-K3-E99-Pro-Drone-Professional-Quadcopter-Obstacle-Avoidance-Drones-RC-Helicopters-4K-Dual-Camera-Dron.jpg_.jpg\" alt=\"\" \/><\/p>\n<h2 style=\"text-align: center\"><strong>K\u00e4ytt\u00e4j\u00e4yst\u00e4v\u00e4lliset lennonohjaimet<\/strong><\/h2>\n<p style=\"text-align: center\">T\u00e4m\u00e4 E99 pro -dronessa on yhden n\u00e4pp\u00e4imen lentoonl\u00e4ht\u00f6 ja laskeutuminen, joten aloittelijoiden on helppo lent\u00e4\u00e4 luottavaisesti. Nauti erilaisista lentotiloista, kuten p\u00e4\u00e4t\u00f6n tila, painovoimatunnistin ja lentoratalento, joiden avulla voit mukauttaa lentokokemustasi. Korkeuskiinnitystoiminto pit\u00e4\u00e4 drone vakaana, joten voit keskitty\u00e4 sujuvan kuvamateriaalin kuvaamiseen.<\/p>\n<p><img decoding=\"async\" class=\"alignnone size-medium wp-image-3344 aligncenter\" src=\"https:\/\/keluvo.com\/template\/wp-content\/uploads\/sites\/5\/2024\/11\/E99-Pro-Drone-Quadcopter-Remote-Control-Handle-Four-Axis-Aircraft-HD-6K-Photography-UAV-Altitude-Fixation.jpg_.png\" alt=\"\" \/><\/p>\n<h2><\/h2>\n<h2 style=\"text-align: center\"><strong>Pitk\u00e4n matkan yhteys<br \/>\n<\/strong><\/h2>\n<p style=\"text-align: center\">E99 Pro Drone voi yll\u00e4pit\u00e4\u00e4 yhteytt\u00e4 jopa 100 metrin p\u00e4\u00e4h\u00e4n ja silti tarjota suoraa kuvamateriaalia laitteeseen<\/p>\n<p><img decoding=\"async\" class=\"size-medium wp-image-3757 aligncenter\" src=\"https:\/\/keluvo.com\/template\/wp-content\/uploads\/sites\/5\/2024\/11\/1089659410-1336431141.jpg\" alt=\"\" \/><\/p>\n<h2><\/h2>\n<h2 style=\"text-align: center\"><strong>Helppo matkustaa<\/strong><\/h2>\n<p style=\"text-align: center\">Dronen voi helposti taittaa kokoon, joten voit ottaa sen mukaan kaikkialle ja ottaa kauniita videoita ja kuvia.<\/p>\n<p><img decoding=\"async\" class=\"size-medium wp-image-3766 aligncenter\" src=\"https:\/\/keluvo.com\/template\/wp-content\/uploads\/sites\/5\/2024\/11\/1089863142129616787.jpg\" alt=\"\" \/><\/p>\n","protected":false},"excerpt":{"rendered":"<p>Kahden kameran monipuolisuus E99 pro -lennokissa on kaksi kameraa, joiden avulla voit vaihtaa n\u00e4kymi\u00e4 dynaamisemman lentokokemuksen saamiseksi. Ota upeita ilmakuvia [&hellip;]<\/p>\n","protected":false},"featured_media":4049,"comment_status":"open","ping_status":"closed","template":"","meta":{"site-sidebar-layout":"default","site-content-layout":"","ast-site-content-layout":"default","site-content-style":"default","site-sidebar-style":"default","ast-global-header-display":"","ast-banner-title-visibility":"","ast-main-header-display":"","ast-hfb-above-header-display":"","ast-hfb-below-header-display":"","ast-hfb-mobile-header-display":"","site-post-title":"","ast-breadcrumbs-content":"","ast-featured-img":"","footer-sml-layout":"","theme-transparent-header-meta":"default","adv-header-id-meta":"","stick-header-meta":"","header-above-stick-meta":"","header-main-stick-meta":"","header-below-stick-meta":"","astra-migrate-meta-layouts":"set","ast-page-background-enabled":"default","ast-page-background-meta":{"desktop":{"background-color":"var(--ast-global-color-4)","background-image":"","background-repeat":"repeat","background-position":"center center","background-size":"auto","background-attachment":"scroll","background-type":"","background-media":"","overlay-type":"","overlay-color":"","overlay-opacity":"","overlay-gradient":""},"tablet":{"background-color":"","background-image":"","background-repeat":"repeat","background-position":"center center","background-size":"auto","background-attachment":"scroll","background-type":"","background-media":"","overlay-type":"","overlay-color":"","overlay-opacity":"","overlay-gradient":""},"mobile":{"background-color":"","background-image":"","background-repeat":"repeat","background-position":"center center","background-size":"auto","background-attachment":"scroll","background-type":"","background-media":"","overlay-type":"","overlay-color":"","overlay-opacity":"","overlay-gradient":""}},"ast-content-background-meta":{"desktop":{"background-color":"var(--ast-global-color-5)","background-image":"","background-repeat":"repeat","background-position":"center center","background-size":"auto","background-attachment":"scroll","background-type":"","background-media":"","overlay-type":"","overlay-color":"","overlay-opacity":"","overlay-gradient":""},"tablet":{"background-color":"var(--ast-global-color-5)","background-image":"","background-repeat":"repeat","background-position":"center center","background-size":"auto","background-attachment":"scroll","background-type":"","background-media":"","overlay-type":"","overlay-color":"","overlay-opacity":"","overlay-gradient":""},"mobile":{"background-color":"var(--ast-global-color-5)","background-image":"","background-repeat":"repeat","background-position":"center center","background-size":"auto","background-attachment":"scroll","background-type":"","background-media":"","overlay-type":"","overlay-color":"","overlay-opacity":"","overlay-gradient":""}}},"product_brand":[],"product_cat":[1000],"product_tag":[],"class_list":{"0":"post-4053","1":"product","2":"type-product","3":"status-publish","4":"has-post-thumbnail","6":"product_cat-hiking-camping-and-leisure-goods","7":"pa_moplvsot-harmaa","8":"pa_moplvsot-musta","9":"pa_moplvsot-oranssi","10":"desktop-align-left","11":"tablet-align-left","12":"mobile-align-left","14":"first","15":"instock","16":"shipping-taxable","17":"purchasable","18":"product-type-variable"},"_links":{"self":[{"href":"https:\/\/keluvo.com\/fi\/wp-json\/wp\/v2\/product\/4053","targetHints":{"allow":["GET"]}}],"collection":[{"href":"https:\/\/keluvo.com\/fi\/wp-json\/wp\/v2\/product"}],"about":[{"href":"https:\/\/keluvo.com\/fi\/wp-json\/wp\/v2\/types\/product"}],"replies":[{"embeddable":true,"href":"https:\/\/keluvo.com\/fi\/wp-json\/wp\/v2\/comments?post=4053"}],"wp:featuredmedia":[{"embeddable":true,"href":"https:\/\/keluvo.com\/fi\/wp-json\/wp\/v2\/media\/4049"}],"wp:attachment":[{"href":"https:\/\/keluvo.com\/fi\/wp-json\/wp\/v2\/media?parent=4053"}],"wp:term":[{"taxonomy":"product_brand","embeddable":true,"href":"https:\/\/keluvo.com\/fi\/wp-json\/wp\/v2\/product_brand?post=4053"},{"taxonomy":"product_cat","embeddable":true,"href":"https:\/\/keluvo.com\/fi\/wp-json\/wp\/v2\/product_cat?post=4053"},{"taxonomy":"product_tag","embeddable":true,"href":"https:\/\/keluvo.com\/fi\/wp-json\/wp\/v2\/product_tag?post=4053"}],"curies":[{"name":"wp","href":"https:\/\/api.w.org\/{rel}","templated":true}]}}