{"id":4013,"date":"2024-12-02T16:20:54","date_gmt":"2024-12-02T14:20:54","guid":{"rendered":"https:\/\/keluvo.com\/fi\/product\/korvakoru\/"},"modified":"2025-06-19T09:46:01","modified_gmt":"2025-06-19T07:46:01","slug":"korvakoru","status":"publish","type":"product","link":"https:\/\/keluvo.com\/fi\/product\/korvakoru\/","title":{"rendered":"Korvakoru"},"content":{"rendered":"<h2 style=\"text-align: center\"><strong>Loistava kristalli Design<\/strong><\/h2>\n<p style=\"text-align: center\">T\u00e4m\u00e4ss\u00e4 korvakorussa on upea AAA-luokan kuutiokivi, joka lis\u00e4\u00e4 ripauksen loistoa ja kimallusta. Laadukas kristalli vangitsee valon kauniisti, mik\u00e4 tekee siit\u00e4 huomiota her\u00e4tt\u00e4v\u00e4n lis\u00e4varusteen. T\u00e4ydellinen lis\u00e4\u00e4m\u00e4\u00e4n ripauksen eleganssia sek\u00e4 rentoon ett\u00e4 muodolliseen pukeutumiseen.<\/p>\n<p><img decoding=\"async\" class=\"alignnone size-medium wp-image-3290 aligncenter\" src=\"https:\/\/keluvo.com\/template\/wp-content\/uploads\/sites\/5\/2024\/11\/2939862b-e121-4041-8298-3cb57e1027b3.webp\" alt=\"\" \/><\/p>\n<h2 style=\"text-align: center\"><strong>Mukava ja kevyt<\/strong><\/h2>\n<p style=\"text-align: center\">T\u00e4m\u00e4 korvakoru on valmistettu kevyest\u00e4 messingist\u00e4, ja se on suunniteltu mukavaksi koko p\u00e4iv\u00e4n. Se painaa vain 4,2 g, joten se tuntuu kevyelt\u00e4 korvissa ja on samalla kest\u00e4v\u00e4 ja tyylik\u00e4s valinta. Nauti tyylikkyydest\u00e4 ilman ep\u00e4mukavuutta, olitpa sitten t\u00f6iss\u00e4 tai illanvietossa.<\/p>\n<p><img decoding=\"async\" class=\"alignnone size-medium wp-image-3287 aligncenter\" src=\"https:\/\/keluvo.com\/template\/wp-content\/uploads\/sites\/5\/2024\/11\/81fbe956-17d1-4c30-9687-d4f9dab5ceee.webp\" alt=\"\" \/><\/p>\n","protected":false},"excerpt":{"rendered":"<p>Loistava kristalli Design T\u00e4m\u00e4ss\u00e4 korvakorussa on upea AAA-luokan kuutiokivi, joka lis\u00e4\u00e4 ripauksen loistoa ja kimallusta. Laadukas kristalli vangitsee valon kauniisti, [&hellip;]<\/p>\n","protected":false},"featured_media":4009,"comment_status":"open","ping_status":"closed","template":"","meta":{"site-sidebar-layout":"default","site-content-layout":"","ast-site-content-layout":"default","site-content-style":"default","site-sidebar-style":"default","ast-global-header-display":"","ast-banner-title-visibility":"","ast-main-header-display":"","ast-hfb-above-header-display":"","ast-hfb-below-header-display":"","ast-hfb-mobile-header-display":"","site-post-title":"","ast-breadcrumbs-content":"","ast-featured-img":"","footer-sml-layout":"","theme-transparent-header-meta":"default","adv-header-id-meta":"","stick-header-meta":"","header-above-stick-meta":"","header-main-stick-meta":"","header-below-stick-meta":"","astra-migrate-meta-layouts":"set","ast-page-background-enabled":"default","ast-page-background-meta":{"desktop":{"background-color":"var(--ast-global-color-4)","background-image":"","background-repeat":"repeat","background-position":"center center","background-size":"auto","background-attachment":"scroll","background-type":"","background-media":"","overlay-type":"","overlay-color":"","overlay-opacity":"","overlay-gradient":""},"tablet":{"background-color":"","background-image":"","background-repeat":"repeat","background-position":"center center","background-size":"auto","background-attachment":"scroll","background-type":"","background-media":"","overlay-type":"","overlay-color":"","overlay-opacity":"","overlay-gradient":""},"mobile":{"background-color":"","background-image":"","background-repeat":"repeat","background-position":"center center","background-size":"auto","background-attachment":"scroll","background-type":"","background-media":"","overlay-type":"","overlay-color":"","overlay-opacity":"","overlay-gradient":""}},"ast-content-background-meta":{"desktop":{"background-color":"var(--ast-global-color-5)","background-image":"","background-repeat":"repeat","background-position":"center center","background-size":"auto","background-attachment":"scroll","background-type":"","background-media":"","overlay-type":"","overlay-color":"","overlay-opacity":"","overlay-gradient":""},"tablet":{"background-color":"var(--ast-global-color-5)","background-image":"","background-repeat":"repeat","background-position":"center center","background-size":"auto","background-attachment":"scroll","background-type":"","background-media":"","overlay-type":"","overlay-color":"","overlay-opacity":"","overlay-gradient":""},"mobile":{"background-color":"var(--ast-global-color-5)","background-image":"","background-repeat":"repeat","background-position":"center center","background-size":"auto","background-attachment":"scroll","background-type":"","background-media":"","overlay-type":"","overlay-color":"","overlay-opacity":"","overlay-gradient":""}}},"product_brand":[],"product_cat":[993],"product_tag":[],"class_list":{"0":"post-4013","1":"product","2":"type-product","3":"status-publish","4":"has-post-thumbnail","6":"product_cat-footwear-accessories","7":"pa_eikgonc6-hopea","8":"pa_eikgonc6-kulta","9":"desktop-align-left","10":"tablet-align-left","11":"mobile-align-left","13":"first","14":"instock","15":"shipping-taxable","16":"purchasable","17":"product-type-variable"},"_links":{"self":[{"href":"https:\/\/keluvo.com\/fi\/wp-json\/wp\/v2\/product\/4013","targetHints":{"allow":["GET"]}}],"collection":[{"href":"https:\/\/keluvo.com\/fi\/wp-json\/wp\/v2\/product"}],"about":[{"href":"https:\/\/keluvo.com\/fi\/wp-json\/wp\/v2\/types\/product"}],"replies":[{"embeddable":true,"href":"https:\/\/keluvo.com\/fi\/wp-json\/wp\/v2\/comments?post=4013"}],"wp:featuredmedia":[{"embeddable":true,"href":"https:\/\/keluvo.com\/fi\/wp-json\/wp\/v2\/media\/4009"}],"wp:attachment":[{"href":"https:\/\/keluvo.com\/fi\/wp-json\/wp\/v2\/media?parent=4013"}],"wp:term":[{"taxonomy":"product_brand","embeddable":true,"href":"https:\/\/keluvo.com\/fi\/wp-json\/wp\/v2\/product_brand?post=4013"},{"taxonomy":"product_cat","embeddable":true,"href":"https:\/\/keluvo.com\/fi\/wp-json\/wp\/v2\/product_cat?post=4013"},{"taxonomy":"product_tag","embeddable":true,"href":"https:\/\/keluvo.com\/fi\/wp-json\/wp\/v2\/product_tag?post=4013"}],"curies":[{"name":"wp","href":"https:\/\/api.w.org\/{rel}","templated":true}]}}