{"id":3935,"date":"2024-12-02T16:05:31","date_gmt":"2024-12-02T14:05:31","guid":{"rendered":"https:\/\/keluvo.com\/fi\/product\/pehmea-pyorea-lemmikkisanky\/"},"modified":"2024-12-02T16:06:28","modified_gmt":"2024-12-02T14:06:28","slug":"pehmea-pyorea-lemmikkisanky","status":"publish","type":"product","link":"https:\/\/keluvo.com\/fi\/product\/pehmea-pyorea-lemmikkisanky\/","title":{"rendered":"Pehme\u00e4 py\u00f6re\u00e4 lemmikkis\u00e4nky"},"content":{"rendered":"<h2 style=\"text-align: center\"><strong>Eritt\u00e4in pehme\u00e4 pehme\u00e4 mukavuus<\/strong><\/h2>\n<p style=\"text-align: center\">T\u00e4m\u00e4 pehme\u00e4 py\u00f6re\u00e4 lemmikkiel\u00e4inten s\u00e4nky on valmistettu paksusta, pehme\u00e4st\u00e4 materiaalista, joka tarjoaa lemmikillesi kodikkaan ja l\u00e4mpim\u00e4n paikan lev\u00e4t\u00e4. Pehmoinen pinta on suunniteltu maksimaalista mukavuutta varten, joten se on ihanteellinen turvapaikka, jossa karvainen yst\u00e4v\u00e4si voi rentoutua ja tuntea olonsa turvalliseksi.<\/p>\n<p><img decoding=\"async\" class=\"alignnone size-medium wp-image-3408 aligncenter\" src=\"https:\/\/keluvo.com\/template\/wp-content\/uploads\/sites\/5\/2024\/11\/Winter-Long-Plush-Pet-Cat-Bed-Round-Cat-Cushion-House-Warm-Cat-Basket-Cat-Sleep-Bag.jpg_.png\" alt=\"\" \/><\/p>\n<h2 style=\"text-align: center\"><strong>Rauhoittava ja itsel\u00e4mpenev\u00e4<\/strong><\/h2>\n<p style=\"text-align: center\">Sen itsel\u00e4mpenev\u00e4n eristeen ansiosta t\u00e4m\u00e4 lemmikkis\u00e4nky s\u00e4teilee l\u00e4mp\u00f6\u00e4 takaisin lemmikkisi luo tarjoten rauhoittavan ja rauhoittavan kokemuksen. T\u00e4m\u00e4 s\u00e4nky sopii erinomaisesti ahdistuksen v\u00e4hent\u00e4miseen, ja se on suunniteltu auttamaan lemmikkej\u00e4 tuntemaan olonsa turvalliseksi, mik\u00e4 edist\u00e4\u00e4 syvemp\u00e4\u00e4 ja levollisempaa unta.<\/p>\n<p><img decoding=\"async\" class=\"alignnone size-medium wp-image-3404 aligncenter\" src=\"https:\/\/keluvo.com\/template\/wp-content\/uploads\/sites\/5\/2024\/11\/See9958fcbcb6448cb04724dcc9404b13i.jpg\" alt=\"\" \/><\/p>\n","protected":false},"excerpt":{"rendered":"<p>Eritt\u00e4in pehme\u00e4 pehme\u00e4 mukavuus T\u00e4m\u00e4 pehme\u00e4 py\u00f6re\u00e4 lemmikkiel\u00e4inten s\u00e4nky on valmistettu paksusta, pehme\u00e4st\u00e4 materiaalista, joka tarjoaa lemmikillesi kodikkaan ja l\u00e4mpim\u00e4n [&hellip;]<\/p>\n","protected":false},"featured_media":3931,"comment_status":"open","ping_status":"closed","template":"","meta":{"site-sidebar-layout":"default","site-content-layout":"","ast-site-content-layout":"default","site-content-style":"default","site-sidebar-style":"default","ast-global-header-display":"","ast-banner-title-visibility":"","ast-main-header-display":"","ast-hfb-above-header-display":"","ast-hfb-below-header-display":"","ast-hfb-mobile-header-display":"","site-post-title":"","ast-breadcrumbs-content":"","ast-featured-img":"","footer-sml-layout":"","theme-transparent-header-meta":"default","adv-header-id-meta":"","stick-header-meta":"","header-above-stick-meta":"","header-main-stick-meta":"","header-below-stick-meta":"","astra-migrate-meta-layouts":"set","ast-page-background-enabled":"default","ast-page-background-meta":{"desktop":{"background-color":"var(--ast-global-color-4)","background-image":"","background-repeat":"repeat","background-position":"center center","background-size":"auto","background-attachment":"scroll","background-type":"","background-media":"","overlay-type":"","overlay-color":"","overlay-opacity":"","overlay-gradient":""},"tablet":{"background-color":"","background-image":"","background-repeat":"repeat","background-position":"center center","background-size":"auto","background-attachment":"scroll","background-type":"","background-media":"","overlay-type":"","overlay-color":"","overlay-opacity":"","overlay-gradient":""},"mobile":{"background-color":"","background-image":"","background-repeat":"repeat","background-position":"center center","background-size":"auto","background-attachment":"scroll","background-type":"","background-media":"","overlay-type":"","overlay-color":"","overlay-opacity":"","overlay-gradient":""}},"ast-content-background-meta":{"desktop":{"background-color":"var(--ast-global-color-5)","background-image":"","background-repeat":"repeat","background-position":"center center","background-size":"auto","background-attachment":"scroll","background-type":"","background-media":"","overlay-type":"","overlay-color":"","overlay-opacity":"","overlay-gradient":""},"tablet":{"background-color":"var(--ast-global-color-5)","background-image":"","background-repeat":"repeat","background-position":"center center","background-size":"auto","background-attachment":"scroll","background-type":"","background-media":"","overlay-type":"","overlay-color":"","overlay-opacity":"","overlay-gradient":""},"mobile":{"background-color":"var(--ast-global-color-5)","background-image":"","background-repeat":"repeat","background-position":"center center","background-size":"auto","background-attachment":"scroll","background-type":"","background-media":"","overlay-type":"","overlay-color":"","overlay-opacity":"","overlay-gradient":""}}},"product_brand":[],"product_cat":[997],"product_tag":[],"class_list":{"0":"post-3935","1":"product","2":"type-product","3":"status-publish","4":"has-post-thumbnail","6":"product_cat-pets-products","7":"pa_eksjgsx5-harmaa","8":"pa_eksjgsx5-ruskea","9":"pa_eksjgsx5-vaaleanpunainen","10":"pa_eksjgsx5-vihrea","11":"pa_qg25n930-40x40cm","12":"pa_qg25n930-50x50cm","13":"pa_qg25n930-60x60cm","14":"desktop-align-left","15":"tablet-align-left","16":"mobile-align-left","18":"first","19":"instock","20":"shipping-taxable","21":"purchasable","22":"product-type-variable"},"_links":{"self":[{"href":"https:\/\/keluvo.com\/fi\/wp-json\/wp\/v2\/product\/3935","targetHints":{"allow":["GET"]}}],"collection":[{"href":"https:\/\/keluvo.com\/fi\/wp-json\/wp\/v2\/product"}],"about":[{"href":"https:\/\/keluvo.com\/fi\/wp-json\/wp\/v2\/types\/product"}],"replies":[{"embeddable":true,"href":"https:\/\/keluvo.com\/fi\/wp-json\/wp\/v2\/comments?post=3935"}],"wp:featuredmedia":[{"embeddable":true,"href":"https:\/\/keluvo.com\/fi\/wp-json\/wp\/v2\/media\/3931"}],"wp:attachment":[{"href":"https:\/\/keluvo.com\/fi\/wp-json\/wp\/v2\/media?parent=3935"}],"wp:term":[{"taxonomy":"product_brand","embeddable":true,"href":"https:\/\/keluvo.com\/fi\/wp-json\/wp\/v2\/product_brand?post=3935"},{"taxonomy":"product_cat","embeddable":true,"href":"https:\/\/keluvo.com\/fi\/wp-json\/wp\/v2\/product_cat?post=3935"},{"taxonomy":"product_tag","embeddable":true,"href":"https:\/\/keluvo.com\/fi\/wp-json\/wp\/v2\/product_tag?post=3935"}],"curies":[{"name":"wp","href":"https:\/\/api.w.org\/{rel}","templated":true}]}}